{"id":38,"date":"2021-09-11T13:10:12","date_gmt":"2021-09-11T16:10:12","guid":{"rendered":"http:\/\/x-enapol.org\/ix\/?page_id=38"},"modified":"2021-09-11T15:26:49","modified_gmt":"2021-09-11T18:26:49","slug":"trabalhos","status":"publish","type":"page","link":"https:\/\/enapol.com\/ix\/pt\/trabalhos\/","title":{"rendered":"TRABALHOS"},"content":{"rendered":"<div class=\"fusion-fullwidth fullwidth-box fusion-builder-row-1 fusion-flex-container nonhundred-percent-fullwidth non-hundred-percent-height-scrolling\" style=\"--awb-border-radius-top-left:0px;--awb-border-radius-top-right:0px;--awb-border-radius-bottom-right:0px;--awb-border-radius-bottom-left:0px;--awb-flex-wrap:wrap;\" ><div class=\"fusion-builder-row fusion-row fusion-flex-align-items-flex-start fusion-flex-content-wrap\" style=\"max-width:1352px;margin-left: calc(-4% \/ 2 );margin-right: calc(-4% \/ 2 );\"><div class=\"fusion-layout-column fusion_builder_column fusion-builder-column-0 fusion_builder_column_1_2 1_2 fusion-flex-column\" style=\"--awb-bg-size:cover;--awb-width-large:50%;--awb-margin-top-large:0px;--awb-spacing-right-large:3.84%;--awb-margin-bottom-large:20px;--awb-spacing-left-large:3.84%;--awb-width-medium:100%;--awb-order-medium:0;--awb-spacing-right-medium:1.92%;--awb-spacing-left-medium:1.92%;--awb-width-small:100%;--awb-order-small:0;--awb-spacing-right-small:1.92%;--awb-spacing-left-small:1.92%;\"><div class=\"fusion-column-wrapper fusion-column-has-shadow fusion-flex-justify-content-flex-start fusion-content-layout-column\"><div class=\"fusion-image-element \" style=\"--awb-bottom-shadow-color:rgba(0,0,0,0.4);--awb-caption-title-font-family:var(--h2_typography-font-family);--awb-caption-title-font-weight:var(--h2_typography-font-weight);--awb-caption-title-font-style:var(--h2_typography-font-style);--awb-caption-title-size:var(--h2_typography-font-size);--awb-caption-title-transform:var(--h2_typography-text-transform);--awb-caption-title-line-height:var(--h2_typography-line-height);--awb-caption-title-letter-spacing:var(--h2_typography-letter-spacing);\"><div class=\"awb-image-frame awb-image-frame-1 awb-bottomshadow\"><span class=\" fusion-imageframe imageframe-bottomshadow imageframe-1 hover-type-none\"><img decoding=\"async\" width=\"1772\" height=\"1860\" title=\"fe2401b7-0daf-45c7-8b1d-22177cf5baeb\" src=\"http:\/\/enapol.com\/ix\/wp-content\/uploads\/sites\/5\/2021\/09\/fe2401b7-0daf-45c7-8b1d-22177cf5baeb.png\" alt class=\"img-responsive wp-image-141\" srcset=\"https:\/\/enapol.com\/ix\/wp-content\/uploads\/sites\/5\/2021\/09\/fe2401b7-0daf-45c7-8b1d-22177cf5baeb-200x210.png 200w, https:\/\/enapol.com\/ix\/wp-content\/uploads\/sites\/5\/2021\/09\/fe2401b7-0daf-45c7-8b1d-22177cf5baeb-400x420.png 400w, https:\/\/enapol.com\/ix\/wp-content\/uploads\/sites\/5\/2021\/09\/fe2401b7-0daf-45c7-8b1d-22177cf5baeb-600x630.png 600w, https:\/\/enapol.com\/ix\/wp-content\/uploads\/sites\/5\/2021\/09\/fe2401b7-0daf-45c7-8b1d-22177cf5baeb-800x840.png 800w, https:\/\/enapol.com\/ix\/wp-content\/uploads\/sites\/5\/2021\/09\/fe2401b7-0daf-45c7-8b1d-22177cf5baeb-1200x1260.png 1200w, https:\/\/enapol.com\/ix\/wp-content\/uploads\/sites\/5\/2021\/09\/fe2401b7-0daf-45c7-8b1d-22177cf5baeb.png 1772w\" sizes=\"(max-width: 1024px) 100vw, (max-width: 640px) 100vw, 800px\" \/><\/span><svg xmlns=\"http:\/\/www.w3.org\/2000\/svg\" version=\"1.1\" width=\"100%\" viewBox=\"0 0 600 28\" preserveAspectRatio=\"none\"><g clip-path=\"url(#a)\"><mask id=\"b\" style=\"mask-type:luminance\" maskUnits=\"userSpaceOnUse\" x=\"0\" y=\"0\" width=\"600\" height=\"28\"><path d=\"M0 0h600v28H0V0Z\" fill=\"#fff\"\/><\/mask><g filter=\"url(#c)\" mask=\"url(#b)\"><path d=\"M16.439-18.667h567.123v30.8S438.961-8.4 300-8.4C161.04-8.4 16.438 12.133 16.438 12.133v-30.8Z\" fill=\"#000\"\/><\/g><\/g><defs><clipPath id=\"a\"><path fill=\"#fff\" d=\"M0 0h600v28H0z\"\/><\/clipPath><filter id=\"c\" x=\"5.438\" y=\"-29.667\" width=\"589.123\" height=\"52.8\" filterUnits=\"userSpaceOnUse\" color-interpolation-filters=\"sRGB\"><feFlood flood-opacity=\"0\" result=\"BackgroundImageFix\"\/><feBlend in=\"SourceGraphic\" in2=\"BackgroundImageFix\" result=\"shape\"\/><feGaussianBlur stdDeviation=\"5.5\" result=\"effect1_foregroundBlur_3983_183\"\/><\/filter><\/defs><\/svg><\/div><\/div><\/div><\/div><div class=\"fusion-layout-column fusion_builder_column fusion-builder-column-1 fusion_builder_column_1_2 1_2 fusion-flex-column\" style=\"--awb-bg-size:cover;--awb-width-large:50%;--awb-margin-top-large:0px;--awb-spacing-right-large:3.84%;--awb-margin-bottom-large:20px;--awb-spacing-left-large:3.84%;--awb-width-medium:100%;--awb-order-medium:0;--awb-spacing-right-medium:1.92%;--awb-spacing-left-medium:1.92%;--awb-width-small:100%;--awb-order-small:0;--awb-spacing-right-small:1.92%;--awb-spacing-left-small:1.92%;\"><div class=\"fusion-column-wrapper fusion-column-has-shadow fusion-flex-justify-content-flex-start fusion-content-layout-column\"><div class=\"fusion-text fusion-text-1\"><p class=\"r\" style=\"text-align: justify;\">Chamado a contribui\u00e7\u00f5es \u2013 envie seu texto para as simult\u00e2neas cl\u00ednicas do ENAPOL<\/p>\n<p class=\"r\" style=\"text-align: justify;\">O IX ENAPOL convida quem pratica a psican\u00e1lise ou se orienta de sua \u00e9tica no trabalho cl\u00ednico privado em consult\u00f3rio ou em servi\u00e7os de sa\u00fade, hospitais, cl\u00ednicas ou outras institui\u00e7\u00f5es baseadas na pr\u00e1tica da palavra para participar e apresentar seu trabalho cl\u00ednico e os efeitos que dele decorrem.<\/p>\n<p class=\"r\" style=\"text-align: justify;\">Data limite para o envio dos textos:\u00a0<span class=\"bold\">10 de julho de 2019<\/span>.<\/p>\n<p class=\"r\">O participante pode, desde j\u00e1, at\u00e9 o dia 10 de julho de 2019, endere\u00e7ar seu texto completo para analydia.enapol19@gmail.com ou kaufmanner.enapol19@gmail.com, em portugu\u00eas ou espanhol.<\/p>\n<p class=\"r\" style=\"text-align: justify;\">Para ser considerado na sele\u00e7\u00e3o, solicitamos aten\u00e7\u00e3o \u00e0s seguintes especifica\u00e7\u00f5es:<\/p>\n<\/div><ul style=\"--awb-line-height:28.9px;--awb-icon-width:28.9px;--awb-icon-height:28.9px;--awb-icon-margin:11.9px;--awb-content-margin:40.8px;--awb-circlecolor:#de0f79;--awb-circle-yes-font-size:14.96px;\" class=\"fusion-checklist fusion-checklist-1 fusion-checklist-default type-icons\"><li class=\"fusion-li-item\" style=\"\"><span class=\"icon-wrapper circle-yes\"><i class=\"fusion-li-icon fa-angle-right fas\" aria-hidden=\"true\"><\/i><\/span><div class=\"fusion-li-item-content\">\n<p>At\u00e9 6000 caracteres com espa\u00e7o, no formato Word: fonte Arial, tamanho 12, justificado, com espa\u00e7amento 1,5 entre linhas.<\/p>\n<\/div><\/li><li class=\"fusion-li-item\" style=\"\"><span class=\"icon-wrapper circle-yes\"><i class=\"fusion-li-icon fa-angle-right fas\" aria-hidden=\"true\"><\/i><\/span><div class=\"fusion-li-item-content\">\n<p>Nome do arquivo: SOBRENOME-LINGUA (ex.: SOARES-PORTUGU\u00caS)<\/p>\n<\/div><\/li><li class=\"fusion-li-item\" style=\"\"><span class=\"icon-wrapper circle-yes\"><i class=\"fusion-li-icon fa-angle-right fas\" aria-hidden=\"true\"><\/i><\/span><div class=\"fusion-li-item-content\">\n<p>No alto da primeira p\u00e1gina deve vir o t\u00edtulo do texto centralizado e, abaixo, o nome completo do autor e a regi\u00e3o de atua\u00e7\u00e3o.<\/p>\n<\/div><\/li><li class=\"fusion-li-item\" style=\"\"><span class=\"icon-wrapper circle-yes\"><i class=\"fusion-li-icon fa-angle-right fas\" aria-hidden=\"true\"><\/i><\/span><div class=\"fusion-li-item-content\">\n<p>Indicar em que eixo se situa seu trabalho.<\/p>\n<\/div><\/li><li class=\"fusion-li-item\" style=\"\"><span class=\"icon-wrapper circle-yes\"><i class=\"fusion-li-icon fa-angle-right fas\" aria-hidden=\"true\"><\/i><\/span><div class=\"fusion-li-item-content\">\n<p>Somente ser\u00e3o acolhidos os trabalhos dos autores j\u00e1 inscritos no IX ENAPOL.<\/p>\n<\/div><\/li><\/ul><\/div><\/div><\/div><\/div>\n","protected":false},"excerpt":{"rendered":"","protected":false},"author":1,"featured_media":0,"parent":0,"menu_order":7,"comment_status":"closed","ping_status":"closed","template":"","meta":{"_monsterinsights_skip_tracking":false,"_monsterinsights_sitenote_active":false,"_monsterinsights_sitenote_note":"","_monsterinsights_sitenote_category":0,"footnotes":""},"_links":{"self":[{"href":"https:\/\/enapol.com\/ix\/wp-json\/wp\/v2\/pages\/38"}],"collection":[{"href":"https:\/\/enapol.com\/ix\/wp-json\/wp\/v2\/pages"}],"about":[{"href":"https:\/\/enapol.com\/ix\/wp-json\/wp\/v2\/types\/page"}],"author":[{"embeddable":true,"href":"https:\/\/enapol.com\/ix\/wp-json\/wp\/v2\/users\/1"}],"replies":[{"embeddable":true,"href":"https:\/\/enapol.com\/ix\/wp-json\/wp\/v2\/comments?post=38"}],"version-history":[{"count":3,"href":"https:\/\/enapol.com\/ix\/wp-json\/wp\/v2\/pages\/38\/revisions"}],"predecessor-version":[{"id":143,"href":"https:\/\/enapol.com\/ix\/wp-json\/wp\/v2\/pages\/38\/revisions\/143"}],"wp:attachment":[{"href":"https:\/\/enapol.com\/ix\/wp-json\/wp\/v2\/media?parent=38"}],"curies":[{"name":"wp","href":"https:\/\/api.w.org\/{rel}","templated":true}]}}