{"id":42,"date":"2021-09-11T13:10:44","date_gmt":"2021-09-11T16:10:44","guid":{"rendered":"http:\/\/x-enapol.org\/ix\/?page_id=42"},"modified":"2021-09-12T18:19:15","modified_gmt":"2021-09-12T21:19:15","slug":"boletins","status":"publish","type":"page","link":"https:\/\/enapol.com\/ix\/pt\/boletins\/","title":{"rendered":"BOLETINS"},"content":{"rendered":"<div class=\"fusion-fullwidth fullwidth-box fusion-builder-row-1 fusion-flex-container nonhundred-percent-fullwidth non-hundred-percent-height-scrolling\" style=\"--awb-border-radius-top-left:0px;--awb-border-radius-top-right:0px;--awb-border-radius-bottom-right:0px;--awb-border-radius-bottom-left:0px;--awb-flex-wrap:wrap;\" ><div class=\"fusion-builder-row fusion-row fusion-flex-align-items-flex-start fusion-flex-content-wrap\" style=\"max-width:1352px;margin-left: calc(-4% \/ 2 );margin-right: calc(-4% \/ 2 );\"><div class=\"fusion-layout-column fusion_builder_column fusion-builder-column-0 fusion_builder_column_1_1 1_1 fusion-flex-column\" style=\"--awb-bg-size:cover;--awb-width-large:100%;--awb-margin-top-large:0px;--awb-spacing-right-large:1.92%;--awb-margin-bottom-large:20px;--awb-spacing-left-large:1.92%;--awb-width-medium:100%;--awb-order-medium:0;--awb-spacing-right-medium:1.92%;--awb-spacing-left-medium:1.92%;--awb-width-small:100%;--awb-order-small:0;--awb-spacing-right-small:1.92%;--awb-spacing-left-small:1.92%;\"><div class=\"fusion-column-wrapper fusion-column-has-shadow fusion-flex-justify-content-flex-start fusion-content-layout-column\"><style type=\"text\/css\">.fusion-portfolio-wrapper#fusion-portfolio-1 .fusion-portfolio-content{ padding: 25px 25px 25px 25px; text-align: center; }<\/style><div class=\"fusion-recent-works fusion-portfolio-element fusion-portfolio fusion-portfolio-1 fusion-portfolio-grid fusion-portfolio-paging-pagination fusion-portfolio-four fusion-portfolio-boxed fusion-portfolio-text fusion-portfolio-equal-heights fusion-portfolio-rollover\" data-id=\"-rw-1\" data-columns=\"four\"><style type=\"text\/css\">.fusion-portfolio-1 .fusion-portfolio-wrapper .fusion-col-spacing{padding:16.5px;}<\/style><div class=\"fusion-portfolio-wrapper\" id=\"fusion-portfolio-1\" data-picturesize=\"fixed\" data-pages=\"0\" style=\"margin:-16.5px;\"><article id=\"portfolio-1-post-541\" class=\"fusion-portfolio-post boletins fusion-col-spacing post-541\"><div class=\"fusion-portfolio-content-wrapper\" style=\"border:none;background-color:rgba(255,255,255,1);\"><span class=\"vcard rich-snippet-hidden\"><span class=\"fn\"><a href=\"https:\/\/enapol.com\/ix\/author\/gonzalozabala\/\" title=\"Entradas de gonzalozabala\" rel=\"author\">gonzalozabala<\/a><\/span><\/span><span class=\"updated rich-snippet-hidden\">2021-09-12T18:15:12-03:00<\/span><div  class=\"fusion-image-wrapper fusion-image-size-fixed\" aria-haspopup=\"true\">\n\t\t\t\t<img decoding=\"async\" width=\"300\" height=\"214\" src=\"https:\/\/enapol.com\/ix\/wp-content\/uploads\/sites\/5\/2021\/09\/Boletin-10-300x214.jpg\" class=\"attachment-portfolio-three size-portfolio-three wp-post-image\" alt=\"\" \/><div class=\"fusion-rollover\">\n\t<div class=\"fusion-rollover-content\">\n\n\t\t\t\t\t\t\t\t\t\t\t\t\t\t<a class=\"fusion-rollover-link\" href=\"https:\/\/enapol.com\/ix\/pt\/portfolio-items\/boletim-oci-10-textos\/?portfolioCats=68\">Boletim OCI \u2013 10 \u2013 Textos<\/a>\n\t\t\t\n\t\t\t\t\t\t\t\t\n\t\t\n\t\t\t\t\t\t\t\t\n\t\t\t\t\t\t\t\t\n\t\t\n\t\t\t\t\t\t<a class=\"fusion-link-wrapper\" href=\"https:\/\/enapol.com\/ix\/pt\/portfolio-items\/boletim-oci-10-textos\/?portfolioCats=68\" aria-label=\"Boletim OCI \u2013 10 \u2013 Textos\"><\/a>\n\t<\/div>\n<\/div>\n<\/div>\n<div class=\"fusion-portfolio-content\" style=\"background-color:rgba(255,255,255,1);\"><h2 class=\"entry-title fusion-post-title\"><a href=\"https:\/\/enapol.com\/ix\/pt\/portfolio-items\/boletim-oci-10-textos\/?portfolioCats=68\">Boletim OCI \u2013 10 \u2013 Textos<\/a><\/h2><div class=\"fusion-post-content\"><\/div><\/div><\/div><\/article><article id=\"portfolio-1-post-535\" class=\"fusion-portfolio-post boletins fusion-col-spacing post-535\"><div class=\"fusion-portfolio-content-wrapper\" style=\"border:none;background-color:rgba(255,255,255,1);\"><span class=\"vcard rich-snippet-hidden\"><span class=\"fn\"><a href=\"https:\/\/enapol.com\/ix\/author\/gonzalozabala\/\" title=\"Entradas de gonzalozabala\" rel=\"author\">gonzalozabala<\/a><\/span><\/span><span class=\"updated rich-snippet-hidden\">2021-09-12T18:14:17-03:00<\/span><div  class=\"fusion-image-wrapper fusion-image-size-fixed\" aria-haspopup=\"true\">\n\t\t\t\t<img decoding=\"async\" width=\"300\" height=\"214\" src=\"https:\/\/enapol.com\/ix\/wp-content\/uploads\/sites\/5\/2021\/09\/Boletin-09-300x214.jpg\" class=\"attachment-portfolio-three size-portfolio-three wp-post-image\" alt=\"\" \/><div class=\"fusion-rollover\">\n\t<div class=\"fusion-rollover-content\">\n\n\t\t\t\t\t\t\t\t\t\t\t\t\t\t<a class=\"fusion-rollover-link\" href=\"https:\/\/enapol.com\/ix\/pt\/portfolio-items\/boletim-oci-9-textos\/?portfolioCats=68\">Boletim OCI \u2013 9 \u2013 Textos<\/a>\n\t\t\t\n\t\t\t\t\t\t\t\t\n\t\t\n\t\t\t\t\t\t\t\t\n\t\t\t\t\t\t\t\t\n\t\t\n\t\t\t\t\t\t<a class=\"fusion-link-wrapper\" href=\"https:\/\/enapol.com\/ix\/pt\/portfolio-items\/boletim-oci-9-textos\/?portfolioCats=68\" aria-label=\"Boletim OCI \u2013 9 \u2013 Textos\"><\/a>\n\t<\/div>\n<\/div>\n<\/div>\n<div class=\"fusion-portfolio-content\" style=\"background-color:rgba(255,255,255,1);\"><h2 class=\"entry-title fusion-post-title\"><a href=\"https:\/\/enapol.com\/ix\/pt\/portfolio-items\/boletim-oci-9-textos\/?portfolioCats=68\">Boletim OCI \u2013 9 \u2013 Textos<\/a><\/h2><div class=\"fusion-post-content\"><\/div><\/div><\/div><\/article><article id=\"portfolio-1-post-531\" class=\"fusion-portfolio-post boletins fusion-col-spacing post-531\"><div class=\"fusion-portfolio-content-wrapper\" style=\"border:none;background-color:rgba(255,255,255,1);\"><span class=\"vcard rich-snippet-hidden\"><span class=\"fn\"><a href=\"https:\/\/enapol.com\/ix\/author\/gonzalozabala\/\" title=\"Entradas de gonzalozabala\" rel=\"author\">gonzalozabala<\/a><\/span><\/span><span class=\"updated rich-snippet-hidden\">2021-09-12T18:13:16-03:00<\/span><div  class=\"fusion-image-wrapper fusion-image-size-fixed\" aria-haspopup=\"true\">\n\t\t\t\t<img decoding=\"async\" width=\"300\" height=\"214\" src=\"https:\/\/enapol.com\/ix\/wp-content\/uploads\/sites\/5\/2021\/09\/Boletin-08-300x214.jpg\" class=\"attachment-portfolio-three size-portfolio-three wp-post-image\" alt=\"\" \/><div class=\"fusion-rollover\">\n\t<div class=\"fusion-rollover-content\">\n\n\t\t\t\t\t\t\t\t\t\t\t\t\t\t<a class=\"fusion-rollover-link\" href=\"https:\/\/enapol.com\/ix\/pt\/portfolio-items\/boletim-oci-8-textos\/?portfolioCats=68\">Boletim OCI \u2013 8 \u2013 Textos<\/a>\n\t\t\t\n\t\t\t\t\t\t\t\t\n\t\t\n\t\t\t\t\t\t\t\t\n\t\t\t\t\t\t\t\t\n\t\t\n\t\t\t\t\t\t<a class=\"fusion-link-wrapper\" href=\"https:\/\/enapol.com\/ix\/pt\/portfolio-items\/boletim-oci-8-textos\/?portfolioCats=68\" aria-label=\"Boletim OCI \u2013 8 \u2013 Textos\"><\/a>\n\t<\/div>\n<\/div>\n<\/div>\n<div class=\"fusion-portfolio-content\" style=\"background-color:rgba(255,255,255,1);\"><h2 class=\"entry-title fusion-post-title\"><a href=\"https:\/\/enapol.com\/ix\/pt\/portfolio-items\/boletim-oci-8-textos\/?portfolioCats=68\">Boletim OCI \u2013 8 \u2013 Textos<\/a><\/h2><div class=\"fusion-post-content\"><\/div><\/div><\/div><\/article><article id=\"portfolio-1-post-527\" class=\"fusion-portfolio-post boletins fusion-col-spacing post-527\"><div class=\"fusion-portfolio-content-wrapper\" style=\"border:none;background-color:rgba(255,255,255,1);\"><span class=\"vcard rich-snippet-hidden\"><span class=\"fn\"><a href=\"https:\/\/enapol.com\/ix\/author\/gonzalozabala\/\" title=\"Entradas de gonzalozabala\" rel=\"author\">gonzalozabala<\/a><\/span><\/span><span class=\"updated rich-snippet-hidden\">2021-09-12T18:12:23-03:00<\/span><div  class=\"fusion-image-wrapper fusion-image-size-fixed\" aria-haspopup=\"true\">\n\t\t\t\t<img decoding=\"async\" width=\"300\" height=\"214\" src=\"https:\/\/enapol.com\/ix\/wp-content\/uploads\/sites\/5\/2021\/09\/Boletin-07-300x214.jpg\" class=\"attachment-portfolio-three size-portfolio-three wp-post-image\" alt=\"\" \/><div class=\"fusion-rollover\">\n\t<div class=\"fusion-rollover-content\">\n\n\t\t\t\t\t\t\t\t\t\t\t\t\t\t<a class=\"fusion-rollover-link\" href=\"https:\/\/enapol.com\/ix\/pt\/portfolio-items\/boletim-oci-7-textos-e-entrevista-e-laurent-partes-5-e-6\/?portfolioCats=68\">Boletim OCI \u2013 7 \u2013 Textos e Entrevista \u00c9. Laurent (Partes 5 e 6)<\/a>\n\t\t\t\n\t\t\t\t\t\t\t\t\n\t\t\n\t\t\t\t\t\t\t\t\n\t\t\t\t\t\t\t\t\n\t\t\n\t\t\t\t\t\t<a class=\"fusion-link-wrapper\" href=\"https:\/\/enapol.com\/ix\/pt\/portfolio-items\/boletim-oci-7-textos-e-entrevista-e-laurent-partes-5-e-6\/?portfolioCats=68\" aria-label=\"Boletim OCI \u2013 7 \u2013 Textos e Entrevista \u00c9. Laurent (Partes 5 e 6)\"><\/a>\n\t<\/div>\n<\/div>\n<\/div>\n<div class=\"fusion-portfolio-content\" style=\"background-color:rgba(255,255,255,1);\"><h2 class=\"entry-title fusion-post-title\"><a href=\"https:\/\/enapol.com\/ix\/pt\/portfolio-items\/boletim-oci-7-textos-e-entrevista-e-laurent-partes-5-e-6\/?portfolioCats=68\">Boletim OCI \u2013 7 \u2013 Textos e Entrevista \u00c9. Laurent (Partes 5 e 6)<\/a><\/h2><div class=\"fusion-post-content\"><\/div><\/div><\/div><\/article><article id=\"portfolio-1-post-523\" class=\"fusion-portfolio-post boletins fusion-col-spacing post-523\"><div class=\"fusion-portfolio-content-wrapper\" style=\"border:none;background-color:rgba(255,255,255,1);\"><span class=\"vcard rich-snippet-hidden\"><span class=\"fn\"><a href=\"https:\/\/enapol.com\/ix\/author\/gonzalozabala\/\" title=\"Entradas de gonzalozabala\" rel=\"author\">gonzalozabala<\/a><\/span><\/span><span class=\"updated rich-snippet-hidden\">2021-09-14T19:49:58-03:00<\/span><div  class=\"fusion-image-wrapper fusion-image-size-fixed\" aria-haspopup=\"true\">\n\t\t\t\t<img decoding=\"async\" width=\"300\" height=\"214\" src=\"https:\/\/enapol.com\/ix\/wp-content\/uploads\/sites\/5\/2021\/09\/Boletin-06-300x214.jpg\" class=\"attachment-portfolio-three size-portfolio-three wp-post-image\" alt=\"\" \/><div class=\"fusion-rollover\">\n\t<div class=\"fusion-rollover-content\">\n\n\t\t\t\t\t\t\t\t\t\t\t\t\t\t<a class=\"fusion-rollover-link\" href=\"https:\/\/enapol.com\/ix\/pt\/portfolio-items\/boletim-oci-6-textos-e-entrevista-e-laurent-partes-3-e-4\/?portfolioCats=68\">Boletim OCI \u2013 6 \u2013 Textos e Entrevista \u00c9. Laurent (Partes 3 e 4)<\/a>\n\t\t\t\n\t\t\t\t\t\t\t\t\n\t\t\n\t\t\t\t\t\t\t\t\n\t\t\t\t\t\t\t\t\n\t\t\n\t\t\t\t\t\t<a class=\"fusion-link-wrapper\" href=\"https:\/\/enapol.com\/ix\/pt\/portfolio-items\/boletim-oci-6-textos-e-entrevista-e-laurent-partes-3-e-4\/?portfolioCats=68\" aria-label=\"Boletim OCI \u2013 6 \u2013 Textos e Entrevista \u00c9. Laurent (Partes 3 e 4)\"><\/a>\n\t<\/div>\n<\/div>\n<\/div>\n<div class=\"fusion-portfolio-content\" style=\"background-color:rgba(255,255,255,1);\"><h2 class=\"entry-title fusion-post-title\"><a href=\"https:\/\/enapol.com\/ix\/pt\/portfolio-items\/boletim-oci-6-textos-e-entrevista-e-laurent-partes-3-e-4\/?portfolioCats=68\">Boletim OCI \u2013 6 \u2013 Textos e Entrevista \u00c9. Laurent (Partes 3 e 4)<\/a><\/h2><div class=\"fusion-post-content\"><\/div><\/div><\/div><\/article><article id=\"portfolio-1-post-519\" class=\"fusion-portfolio-post boletins fusion-col-spacing post-519\"><div class=\"fusion-portfolio-content-wrapper\" style=\"border:none;background-color:rgba(255,255,255,1);\"><span class=\"vcard rich-snippet-hidden\"><span class=\"fn\"><a href=\"https:\/\/enapol.com\/ix\/author\/gonzalozabala\/\" title=\"Entradas de gonzalozabala\" rel=\"author\">gonzalozabala<\/a><\/span><\/span><span class=\"updated rich-snippet-hidden\">2021-09-14T19:39:35-03:00<\/span><div  class=\"fusion-image-wrapper fusion-image-size-fixed\" aria-haspopup=\"true\">\n\t\t\t\t<img decoding=\"async\" width=\"300\" height=\"214\" src=\"https:\/\/enapol.com\/ix\/wp-content\/uploads\/sites\/5\/2021\/09\/Boletin-05-300x214.jpg\" class=\"attachment-portfolio-three size-portfolio-three wp-post-image\" alt=\"\" \/><div class=\"fusion-rollover\">\n\t<div class=\"fusion-rollover-content\">\n\n\t\t\t\t\t\t\t\t\t\t\t\t\t\t<a class=\"fusion-rollover-link\" href=\"https:\/\/enapol.com\/ix\/pt\/portfolio-items\/boletim-oci-5-comissao-cientifica-e-entrevista-e-laurent-parte-2\/?portfolioCats=68\">Boletim OCI \u2013 5 \u2013 Comiss\u00e3o Cient\u00edfica e Entrevista \u00c9. Laurent (Parte 2)<\/a>\n\t\t\t\n\t\t\t\t\t\t\t\t\n\t\t\n\t\t\t\t\t\t\t\t\n\t\t\t\t\t\t\t\t\n\t\t\n\t\t\t\t\t\t<a class=\"fusion-link-wrapper\" href=\"https:\/\/enapol.com\/ix\/pt\/portfolio-items\/boletim-oci-5-comissao-cientifica-e-entrevista-e-laurent-parte-2\/?portfolioCats=68\" aria-label=\"Boletim OCI \u2013 5 \u2013 Comiss\u00e3o Cient\u00edfica e Entrevista \u00c9. Laurent (Parte 2)\"><\/a>\n\t<\/div>\n<\/div>\n<\/div>\n<div class=\"fusion-portfolio-content\" style=\"background-color:rgba(255,255,255,1);\"><h2 class=\"entry-title fusion-post-title\"><a href=\"https:\/\/enapol.com\/ix\/pt\/portfolio-items\/boletim-oci-5-comissao-cientifica-e-entrevista-e-laurent-parte-2\/?portfolioCats=68\">Boletim OCI \u2013 5 \u2013 Comiss\u00e3o Cient\u00edfica e Entrevista \u00c9. Laurent (Parte 2)<\/a><\/h2><div class=\"fusion-post-content\"><\/div><\/div><\/div><\/article><article id=\"portfolio-1-post-514\" class=\"fusion-portfolio-post boletins fusion-col-spacing post-514\"><div class=\"fusion-portfolio-content-wrapper\" style=\"border:none;background-color:rgba(255,255,255,1);\"><span class=\"vcard rich-snippet-hidden\"><span class=\"fn\"><a href=\"https:\/\/enapol.com\/ix\/author\/gonzalozabala\/\" title=\"Entradas de gonzalozabala\" rel=\"author\">gonzalozabala<\/a><\/span><\/span><span class=\"updated rich-snippet-hidden\">2021-09-14T19:04:36-03:00<\/span><div  class=\"fusion-image-wrapper fusion-image-size-fixed\" aria-haspopup=\"true\">\n\t\t\t\t<img decoding=\"async\" width=\"300\" height=\"214\" src=\"https:\/\/enapol.com\/ix\/wp-content\/uploads\/sites\/5\/2021\/09\/Boletin-04-300x214.jpg\" class=\"attachment-portfolio-three size-portfolio-three wp-post-image\" alt=\"\" \/><div class=\"fusion-rollover\">\n\t<div class=\"fusion-rollover-content\">\n\n\t\t\t\t\t\t\t\t\t\t\t\t\t\t<a class=\"fusion-rollover-link\" href=\"https:\/\/enapol.com\/ix\/pt\/portfolio-items\/boletim-oci-4-textos\/?portfolioCats=68\">Boletim OCI \u2013 4 \u2013 Textos<\/a>\n\t\t\t\n\t\t\t\t\t\t\t\t\n\t\t\n\t\t\t\t\t\t\t\t\n\t\t\t\t\t\t\t\t\n\t\t\n\t\t\t\t\t\t<a class=\"fusion-link-wrapper\" href=\"https:\/\/enapol.com\/ix\/pt\/portfolio-items\/boletim-oci-4-textos\/?portfolioCats=68\" aria-label=\"Boletim OCI \u2013 4 \u2013 Textos\"><\/a>\n\t<\/div>\n<\/div>\n<\/div>\n<div class=\"fusion-portfolio-content\" style=\"background-color:rgba(255,255,255,1);\"><h2 class=\"entry-title fusion-post-title\"><a href=\"https:\/\/enapol.com\/ix\/pt\/portfolio-items\/boletim-oci-4-textos\/?portfolioCats=68\">Boletim OCI \u2013 4 \u2013 Textos<\/a><\/h2><div class=\"fusion-post-content\"><\/div><\/div><\/div><\/article><article id=\"portfolio-1-post-510\" class=\"fusion-portfolio-post boletins fusion-col-spacing post-510\"><div class=\"fusion-portfolio-content-wrapper\" style=\"border:none;background-color:rgba(255,255,255,1);\"><span class=\"vcard rich-snippet-hidden\"><span class=\"fn\"><a href=\"https:\/\/enapol.com\/ix\/author\/gonzalozabala\/\" title=\"Entradas de gonzalozabala\" rel=\"author\">gonzalozabala<\/a><\/span><\/span><span class=\"updated rich-snippet-hidden\">2021-09-14T18:42:28-03:00<\/span><div  class=\"fusion-image-wrapper fusion-image-size-fixed\" aria-haspopup=\"true\">\n\t\t\t\t<img decoding=\"async\" width=\"300\" height=\"214\" src=\"https:\/\/enapol.com\/ix\/wp-content\/uploads\/sites\/5\/2021\/09\/Boletin-03-300x214.jpg\" class=\"attachment-portfolio-three size-portfolio-three wp-post-image\" alt=\"\" \/><div class=\"fusion-rollover\">\n\t<div class=\"fusion-rollover-content\">\n\n\t\t\t\t\t\t\t\t\t\t\t\t\t\t<a class=\"fusion-rollover-link\" href=\"https:\/\/enapol.com\/ix\/pt\/portfolio-items\/boletim-oci-3-entrevista-e-laurent-parte-1\/?portfolioCats=68\">Boletim OCI \u2013 3 \u2013 Entrevista \u00c9. Laurent (Parte 1)<\/a>\n\t\t\t\n\t\t\t\t\t\t\t\t\n\t\t\n\t\t\t\t\t\t\t\t\n\t\t\t\t\t\t\t\t\n\t\t\n\t\t\t\t\t\t<a class=\"fusion-link-wrapper\" href=\"https:\/\/enapol.com\/ix\/pt\/portfolio-items\/boletim-oci-3-entrevista-e-laurent-parte-1\/?portfolioCats=68\" aria-label=\"Boletim OCI \u2013 3 \u2013 Entrevista \u00c9. Laurent (Parte 1)\"><\/a>\n\t<\/div>\n<\/div>\n<\/div>\n<div class=\"fusion-portfolio-content\" style=\"background-color:rgba(255,255,255,1);\"><h2 class=\"entry-title fusion-post-title\"><a href=\"https:\/\/enapol.com\/ix\/pt\/portfolio-items\/boletim-oci-3-entrevista-e-laurent-parte-1\/?portfolioCats=68\">Boletim OCI \u2013 3 \u2013 Entrevista \u00c9. Laurent (Parte 1)<\/a><\/h2><div class=\"fusion-post-content\"><\/div><\/div><\/div><\/article><article id=\"portfolio-1-post-506\" class=\"fusion-portfolio-post boletins fusion-col-spacing post-506\"><div class=\"fusion-portfolio-content-wrapper\" style=\"border:none;background-color:rgba(255,255,255,1);\"><span class=\"vcard rich-snippet-hidden\"><span class=\"fn\"><a href=\"https:\/\/enapol.com\/ix\/author\/gonzalozabala\/\" title=\"Entradas de gonzalozabala\" rel=\"author\">gonzalozabala<\/a><\/span><\/span><span class=\"updated rich-snippet-hidden\">2021-09-14T17:12:24-03:00<\/span><div  class=\"fusion-image-wrapper fusion-image-size-fixed\" aria-haspopup=\"true\">\n\t\t\t\t<img decoding=\"async\" width=\"300\" height=\"214\" src=\"https:\/\/enapol.com\/ix\/wp-content\/uploads\/sites\/5\/2021\/09\/Boletin-02-300x214.jpg\" class=\"attachment-portfolio-three size-portfolio-three wp-post-image\" alt=\"\" \/><div class=\"fusion-rollover\">\n\t<div class=\"fusion-rollover-content\">\n\n\t\t\t\t\t\t\t\t\t\t\t\t\t\t<a class=\"fusion-rollover-link\" href=\"https:\/\/enapol.com\/ix\/pt\/portfolio-items\/boletin-oci-2-textos-2\/?portfolioCats=68\">Bolet\u00edn OCI \u2013 2 \u2013 Textos<\/a>\n\t\t\t\n\t\t\t\t\t\t\t\t\n\t\t\n\t\t\t\t\t\t\t\t\n\t\t\t\t\t\t\t\t\n\t\t\n\t\t\t\t\t\t<a class=\"fusion-link-wrapper\" href=\"https:\/\/enapol.com\/ix\/pt\/portfolio-items\/boletin-oci-2-textos-2\/?portfolioCats=68\" aria-label=\"Bolet\u00edn OCI \u2013 2 \u2013 Textos\"><\/a>\n\t<\/div>\n<\/div>\n<\/div>\n<div class=\"fusion-portfolio-content\" style=\"background-color:rgba(255,255,255,1);\"><h2 class=\"entry-title fusion-post-title\"><a href=\"https:\/\/enapol.com\/ix\/pt\/portfolio-items\/boletin-oci-2-textos-2\/?portfolioCats=68\">Bolet\u00edn OCI \u2013 2 \u2013 Textos<\/a><\/h2><div class=\"fusion-post-content\"><\/div><\/div><\/div><\/article><article id=\"portfolio-1-post-502\" class=\"fusion-portfolio-post boletins fusion-col-spacing post-502\"><div class=\"fusion-portfolio-content-wrapper\" style=\"border:none;background-color:rgba(255,255,255,1);\"><span class=\"vcard rich-snippet-hidden\"><span class=\"fn\"><a href=\"https:\/\/enapol.com\/ix\/author\/gonzalozabala\/\" title=\"Entradas de gonzalozabala\" rel=\"author\">gonzalozabala<\/a><\/span><\/span><span class=\"updated rich-snippet-hidden\">2021-09-12T18:54:39-03:00<\/span><div  class=\"fusion-image-wrapper fusion-image-size-fixed\" aria-haspopup=\"true\">\n\t\t\t\t<img decoding=\"async\" width=\"300\" height=\"214\" src=\"https:\/\/enapol.com\/ix\/wp-content\/uploads\/sites\/5\/2021\/09\/Boletin-01-300x214.jpg\" class=\"attachment-portfolio-three size-portfolio-three wp-post-image\" alt=\"\" \/><div class=\"fusion-rollover\">\n\t<div class=\"fusion-rollover-content\">\n\n\t\t\t\t\t\t\t\t\t\t\t\t\t\t<a class=\"fusion-rollover-link\" href=\"https:\/\/enapol.com\/ix\/pt\/portfolio-items\/boletim-oci-1-textos-2\/?portfolioCats=68\">Boletim OCI \u2013 1 \u2013 Textos<\/a>\n\t\t\t\n\t\t\t\t\t\t\t\t\n\t\t\n\t\t\t\t\t\t\t\t\n\t\t\t\t\t\t\t\t\n\t\t\n\t\t\t\t\t\t<a class=\"fusion-link-wrapper\" href=\"https:\/\/enapol.com\/ix\/pt\/portfolio-items\/boletim-oci-1-textos-2\/?portfolioCats=68\" aria-label=\"Boletim OCI \u2013 1 \u2013 Textos\"><\/a>\n\t<\/div>\n<\/div>\n<\/div>\n<div class=\"fusion-portfolio-content\" style=\"background-color:rgba(255,255,255,1);\"><h2 class=\"entry-title fusion-post-title\"><a href=\"https:\/\/enapol.com\/ix\/pt\/portfolio-items\/boletim-oci-1-textos-2\/?portfolioCats=68\">Boletim OCI \u2013 1 \u2013 Textos<\/a><\/h2><div class=\"fusion-post-content\"><\/div><\/div><\/div><\/article><article id=\"portfolio-1-post-498\" class=\"fusion-portfolio-post boletins fusion-col-spacing post-498\"><div class=\"fusion-portfolio-content-wrapper\" style=\"border:none;background-color:rgba(255,255,255,1);\"><span class=\"vcard rich-snippet-hidden\"><span class=\"fn\"><a href=\"https:\/\/enapol.com\/ix\/author\/gonzalozabala\/\" title=\"Entradas de gonzalozabala\" rel=\"author\">gonzalozabala<\/a><\/span><\/span><span class=\"updated rich-snippet-hidden\">2021-09-12T18:42:32-03:00<\/span><div  class=\"fusion-image-wrapper fusion-image-size-fixed\" aria-haspopup=\"true\">\n\t\t\t\t<img decoding=\"async\" width=\"300\" height=\"214\" src=\"https:\/\/enapol.com\/ix\/wp-content\/uploads\/sites\/5\/2021\/09\/Boletin-00-300x214.jpg\" class=\"attachment-portfolio-three size-portfolio-three wp-post-image\" alt=\"\" \/><div class=\"fusion-rollover\">\n\t<div class=\"fusion-rollover-content\">\n\n\t\t\t\t\t\t\t\t\t\t\t\t\t\t<a class=\"fusion-rollover-link\" href=\"https:\/\/enapol.com\/ix\/pt\/portfolio-items\/boletim-oci-0-apresentacao\/?portfolioCats=68\">Boletim OCI \u2013 0 \u2013 Apresenta\u00e7\u00e3o<\/a>\n\t\t\t\n\t\t\t\t\t\t\t\t\n\t\t\n\t\t\t\t\t\t\t\t\n\t\t\t\t\t\t\t\t\n\t\t\n\t\t\t\t\t\t<a class=\"fusion-link-wrapper\" href=\"https:\/\/enapol.com\/ix\/pt\/portfolio-items\/boletim-oci-0-apresentacao\/?portfolioCats=68\" aria-label=\"Boletim OCI \u2013 0 \u2013 Apresenta\u00e7\u00e3o\"><\/a>\n\t<\/div>\n<\/div>\n<\/div>\n<div class=\"fusion-portfolio-content\" style=\"background-color:rgba(255,255,255,1);\"><h2 class=\"entry-title fusion-post-title\"><a href=\"https:\/\/enapol.com\/ix\/pt\/portfolio-items\/boletim-oci-0-apresentacao\/?portfolioCats=68\">Boletim OCI \u2013 0 \u2013 Apresenta\u00e7\u00e3o<\/a><\/h2><div class=\"fusion-post-content\"><\/div><\/div><\/div><\/article><\/div><\/div><\/div><\/div><\/div><\/div>\n","protected":false},"excerpt":{"rendered":"","protected":false},"author":1,"featured_media":0,"parent":0,"menu_order":8,"comment_status":"closed","ping_status":"closed","template":"","meta":{"_monsterinsights_skip_tracking":false,"_monsterinsights_sitenote_active":false,"_monsterinsights_sitenote_note":"","_monsterinsights_sitenote_category":0,"footnotes":""},"_links":{"self":[{"href":"https:\/\/enapol.com\/ix\/wp-json\/wp\/v2\/pages\/42"}],"collection":[{"href":"https:\/\/enapol.com\/ix\/wp-json\/wp\/v2\/pages"}],"about":[{"href":"https:\/\/enapol.com\/ix\/wp-json\/wp\/v2\/types\/page"}],"author":[{"embeddable":true,"href":"https:\/\/enapol.com\/ix\/wp-json\/wp\/v2\/users\/1"}],"replies":[{"embeddable":true,"href":"https:\/\/enapol.com\/ix\/wp-json\/wp\/v2\/comments?post=42"}],"version-history":[{"count":2,"href":"https:\/\/enapol.com\/ix\/wp-json\/wp\/v2\/pages\/42\/revisions"}],"predecessor-version":[{"id":544,"href":"https:\/\/enapol.com\/ix\/wp-json\/wp\/v2\/pages\/42\/revisions\/544"}],"wp:attachment":[{"href":"https:\/\/enapol.com\/ix\/wp-json\/wp\/v2\/media?parent=42"}],"curies":[{"name":"wp","href":"https:\/\/api.w.org\/{rel}","templated":true}]}}