{"id":81,"date":"2021-09-11T13:28:49","date_gmt":"2021-09-11T16:28:49","guid":{"rendered":"http:\/\/x-enapol.org\/ix\/?page_id=81"},"modified":"2021-09-11T17:56:35","modified_gmt":"2021-09-11T20:56:35","slug":"textos-preparatorios","status":"publish","type":"page","link":"https:\/\/enapol.com\/ix\/pt\/encontro\/textos-preparatorios\/","title":{"rendered":"Textos preparat\u00f3rios"},"content":{"rendered":"<div class=\"fusion-fullwidth fullwidth-box fusion-builder-row-1 fusion-flex-container nonhundred-percent-fullwidth non-hundred-percent-height-scrolling\" style=\"--awb-border-radius-top-left:0px;--awb-border-radius-top-right:0px;--awb-border-radius-bottom-right:0px;--awb-border-radius-bottom-left:0px;--awb-flex-wrap:wrap;\" ><div class=\"fusion-builder-row fusion-row fusion-flex-align-items-flex-start fusion-flex-content-wrap\" style=\"max-width:1352px;margin-left: calc(-4% \/ 2 );margin-right: calc(-4% \/ 2 );\"><div class=\"fusion-layout-column fusion_builder_column fusion-builder-column-0 fusion_builder_column_1_1 1_1 fusion-flex-column\" style=\"--awb-bg-size:cover;--awb-width-large:100%;--awb-margin-top-large:0px;--awb-spacing-right-large:1.92%;--awb-margin-bottom-large:20px;--awb-spacing-left-large:1.92%;--awb-width-medium:100%;--awb-order-medium:0;--awb-spacing-right-medium:1.92%;--awb-spacing-left-medium:1.92%;--awb-width-small:100%;--awb-order-small:0;--awb-spacing-right-small:1.92%;--awb-spacing-left-small:1.92%;\"><div class=\"fusion-column-wrapper fusion-column-has-shadow fusion-flex-justify-content-flex-start fusion-content-layout-column\"><div class=\"fusion-recent-posts fusion-recent-posts-1 avada-container layout-date-on-side layout-columns-1\"><section class=\"fusion-columns columns fusion-columns-1 columns-1\"><article class=\"post fusion-column column col col-lg-12 col-md-12 col-sm-12\"><div class=\"fusion-date-and-formats\"><div class=\"fusion-date-box updated\"><span class=\"fusion-date\">11<\/span><span class=\"fusion-month-year\">09, 2021<\/span><\/div><div class=\"fusion-format-box\"><i class=\"awb-icon-pen\" aria-hidden=\"true\"><\/i><\/div><\/div><div class=\"recent-posts-content\"><span class=\"vcard\" style=\"display: none;\"><span class=\"fn\"><a href=\"https:\/\/enapol.com\/ix\/author\/gonzalozabala\/\" title=\"Entradas de gonzalozabala\" rel=\"author\">gonzalozabala<\/a><\/span><\/span><span class=\"updated\" style=\"display:none;\">2021-09-11T20:34:26-03:00<\/span><h4 class=\"entry-title\"><a href=\"https:\/\/enapol.com\/ix\/tropiezos-flory-kruger-eol\/\">Tropiezos &#8211; Flory Kruger (EOL)<\/a><\/h4><p class=\"meta\"><span class=\"vcard\" style=\"display: none;\"><span class=\"fn\"><a href=\"https:\/\/enapol.com\/ix\/author\/gonzalozabala\/\" title=\"Entradas de gonzalozabala\" rel=\"author\">gonzalozabala<\/a><\/span><\/span><span class=\"updated\" style=\"display:none;\">2021-09-11T20:34:26-03:00<\/span><\/p><\/div><\/article><article class=\"post fusion-column column col col-lg-12 col-md-12 col-sm-12\"><div class=\"fusion-date-and-formats\"><div class=\"fusion-date-box updated\"><span class=\"fusion-date\">11<\/span><span class=\"fusion-month-year\">09, 2021<\/span><\/div><div class=\"fusion-format-box\"><i class=\"awb-icon-pen\" aria-hidden=\"true\"><\/i><\/div><\/div><div class=\"recent-posts-content\"><span class=\"vcard\" style=\"display: none;\"><span class=\"fn\"><a href=\"https:\/\/enapol.com\/ix\/author\/gonzalozabala\/\" title=\"Entradas de gonzalozabala\" rel=\"author\">gonzalozabala<\/a><\/span><\/span><span class=\"updated\" style=\"display:none;\">2021-09-11T20:33:06-03:00<\/span><h4 class=\"entry-title\"><a href=\"https:\/\/enapol.com\/ix\/indignai-vos-porem-henri-kaufmanner-ebp\/\">Indignai-vos, por\u00e9m\u2026 &#8211; Henri Kaufmanner (EBP)<\/a><\/h4><p class=\"meta\"><span class=\"vcard\" style=\"display: none;\"><span class=\"fn\"><a href=\"https:\/\/enapol.com\/ix\/author\/gonzalozabala\/\" title=\"Entradas de gonzalozabala\" rel=\"author\">gonzalozabala<\/a><\/span><\/span><span class=\"updated\" style=\"display:none;\">2021-09-11T20:33:06-03:00<\/span><\/p><\/div><\/article><article class=\"post fusion-column column col col-lg-12 col-md-12 col-sm-12\"><div class=\"fusion-date-and-formats\"><div class=\"fusion-date-box updated\"><span class=\"fusion-date\">11<\/span><span class=\"fusion-month-year\">09, 2021<\/span><\/div><div class=\"fusion-format-box\"><i class=\"awb-icon-pen\" aria-hidden=\"true\"><\/i><\/div><\/div><div class=\"recent-posts-content\"><span class=\"vcard\" style=\"display: none;\"><span class=\"fn\"><a href=\"https:\/\/enapol.com\/ix\/author\/gonzalozabala\/\" title=\"Entradas de gonzalozabala\" rel=\"author\">gonzalozabala<\/a><\/span><\/span><span class=\"updated\" style=\"display:none;\">2021-09-11T20:31:44-03:00<\/span><h4 class=\"entry-title\"><a href=\"https:\/\/enapol.com\/ix\/anatomia-del-odioamoramiento-gerardo-arenas-eol\/\">Anatom\u00eda del odioamoramiento &#8211; Gerardo Arenas (EOL)<\/a><\/h4><p class=\"meta\"><span class=\"vcard\" style=\"display: none;\"><span class=\"fn\"><a href=\"https:\/\/enapol.com\/ix\/author\/gonzalozabala\/\" title=\"Entradas de gonzalozabala\" rel=\"author\">gonzalozabala<\/a><\/span><\/span><span class=\"updated\" style=\"display:none;\">2021-09-11T20:31:44-03:00<\/span><\/p><\/div><\/article><article class=\"post fusion-column column col col-lg-12 col-md-12 col-sm-12\"><div class=\"fusion-date-and-formats\"><div class=\"fusion-date-box updated\"><span class=\"fusion-date\">11<\/span><span class=\"fusion-month-year\">09, 2021<\/span><\/div><div class=\"fusion-format-box\"><i class=\"awb-icon-pen\" aria-hidden=\"true\"><\/i><\/div><\/div><div class=\"recent-posts-content\"><span class=\"vcard\" style=\"display: none;\"><span class=\"fn\"><a href=\"https:\/\/enapol.com\/ix\/author\/gonzalozabala\/\" title=\"Entradas de gonzalozabala\" rel=\"author\">gonzalozabala<\/a><\/span><\/span><span class=\"updated\" style=\"display:none;\">2021-09-11T20:30:26-03:00<\/span><h4 class=\"entry-title\"><a href=\"https:\/\/enapol.com\/ix\/o-que-a-psicose-nos-ensina-sobre-a-indignacao-suzana-faleiro-barroso-ebp\/\">O que a psicose nos ensina sobre a indigna\u00e7\u00e3o &#8211; Suzana Faleiro Barroso (EBP)<\/a><\/h4><p class=\"meta\"><span class=\"vcard\" style=\"display: none;\"><span class=\"fn\"><a href=\"https:\/\/enapol.com\/ix\/author\/gonzalozabala\/\" title=\"Entradas de gonzalozabala\" rel=\"author\">gonzalozabala<\/a><\/span><\/span><span class=\"updated\" style=\"display:none;\">2021-09-11T20:30:26-03:00<\/span><\/p><\/div><\/article><article class=\"post fusion-column column col col-lg-12 col-md-12 col-sm-12\"><div class=\"fusion-date-and-formats\"><div class=\"fusion-date-box updated\"><span class=\"fusion-date\">11<\/span><span class=\"fusion-month-year\">09, 2021<\/span><\/div><div class=\"fusion-format-box\"><i class=\"awb-icon-pen\" aria-hidden=\"true\"><\/i><\/div><\/div><div class=\"recent-posts-content\"><span class=\"vcard\" style=\"display: none;\"><span class=\"fn\"><a href=\"https:\/\/enapol.com\/ix\/author\/gonzalozabala\/\" title=\"Entradas de gonzalozabala\" rel=\"author\">gonzalozabala<\/a><\/span><\/span><span class=\"updated\" style=\"display:none;\">2021-09-11T20:28:44-03:00<\/span><h4 class=\"entry-title\"><a href=\"https:\/\/enapol.com\/ix\/conseguir-la-victoria-en-la-derrota-viviana-berger-nel-cdmx\/\">Conseguir la victoria en la derrota &#8211; Viviana Berger (NEL-CdMx)<\/a><\/h4><p class=\"meta\"><span class=\"vcard\" style=\"display: none;\"><span class=\"fn\"><a href=\"https:\/\/enapol.com\/ix\/author\/gonzalozabala\/\" title=\"Entradas de gonzalozabala\" rel=\"author\">gonzalozabala<\/a><\/span><\/span><span class=\"updated\" style=\"display:none;\">2021-09-11T20:28:44-03:00<\/span><\/p><\/div><\/article><article class=\"post fusion-column column col col-lg-12 col-md-12 col-sm-12\"><div class=\"fusion-date-and-formats\"><div class=\"fusion-date-box updated\"><span class=\"fusion-date\">11<\/span><span class=\"fusion-month-year\">09, 2021<\/span><\/div><div class=\"fusion-format-box\"><i class=\"awb-icon-pen\" aria-hidden=\"true\"><\/i><\/div><\/div><div class=\"recent-posts-content\"><span class=\"vcard\" style=\"display: none;\"><span class=\"fn\"><a href=\"https:\/\/enapol.com\/ix\/author\/gonzalozabala\/\" title=\"Entradas de gonzalozabala\" rel=\"author\">gonzalozabala<\/a><\/span><\/span><span class=\"updated\" style=\"display:none;\">2021-09-11T20:27:08-03:00<\/span><h4 class=\"entry-title\"><a href=\"https:\/\/enapol.com\/ix\/en-torno-a-la-colera-i-gustavo-zapata\/\">En torno a la c\u00f3lera I &#8211; Gustavo Zapata<\/a><\/h4><p class=\"meta\"><span class=\"vcard\" style=\"display: none;\"><span class=\"fn\"><a href=\"https:\/\/enapol.com\/ix\/author\/gonzalozabala\/\" title=\"Entradas de gonzalozabala\" rel=\"author\">gonzalozabala<\/a><\/span><\/span><span class=\"updated\" style=\"display:none;\">2021-09-11T20:27:08-03:00<\/span><\/p><\/div><\/article><article class=\"post fusion-column column col col-lg-12 col-md-12 col-sm-12\"><div class=\"fusion-date-and-formats\"><div class=\"fusion-date-box updated\"><span class=\"fusion-date\">11<\/span><span class=\"fusion-month-year\">09, 2021<\/span><\/div><div class=\"fusion-format-box\"><i class=\"awb-icon-pen\" aria-hidden=\"true\"><\/i><\/div><\/div><div class=\"recent-posts-content\"><span class=\"vcard\" style=\"display: none;\"><span class=\"fn\"><a href=\"https:\/\/enapol.com\/ix\/author\/gonzalozabala\/\" title=\"Entradas de gonzalozabala\" rel=\"author\">gonzalozabala<\/a><\/span><\/span><span class=\"updated\" style=\"display:none;\">2021-09-11T20:25:36-03:00<\/span><h4 class=\"entry-title\"><a href=\"https:\/\/enapol.com\/ix\/indignacion-bajo-transferencia-mariana-isasi\/\">Indignaci\u00f3n bajo transferencia &#8211; Mariana Isasi<\/a><\/h4><p class=\"meta\"><span class=\"vcard\" style=\"display: none;\"><span class=\"fn\"><a href=\"https:\/\/enapol.com\/ix\/author\/gonzalozabala\/\" title=\"Entradas de gonzalozabala\" rel=\"author\">gonzalozabala<\/a><\/span><\/span><span class=\"updated\" style=\"display:none;\">2021-09-11T20:25:36-03:00<\/span><\/p><\/div><\/article><article class=\"post fusion-column column col col-lg-12 col-md-12 col-sm-12\"><div class=\"fusion-date-and-formats\"><div class=\"fusion-date-box updated\"><span class=\"fusion-date\">11<\/span><span class=\"fusion-month-year\">09, 2021<\/span><\/div><div class=\"fusion-format-box\"><i class=\"awb-icon-pen\" aria-hidden=\"true\"><\/i><\/div><\/div><div class=\"recent-posts-content\"><span class=\"vcard\" style=\"display: none;\"><span class=\"fn\"><a href=\"https:\/\/enapol.com\/ix\/author\/gonzalozabala\/\" title=\"Entradas de gonzalozabala\" rel=\"author\">gonzalozabala<\/a><\/span><\/span><span class=\"updated\" style=\"display:none;\">2021-09-11T20:24:14-03:00<\/span><h4 class=\"entry-title\"><a href=\"https:\/\/enapol.com\/ix\/el-arca-de-no-el-belen-zubillaga\/\">El arca de no \u00e9l &#8211; Bel\u00e9n Zubillaga<\/a><\/h4><p class=\"meta\"><span class=\"vcard\" style=\"display: none;\"><span class=\"fn\"><a href=\"https:\/\/enapol.com\/ix\/author\/gonzalozabala\/\" title=\"Entradas de gonzalozabala\" rel=\"author\">gonzalozabala<\/a><\/span><\/span><span class=\"updated\" style=\"display:none;\">2021-09-11T20:24:14-03:00<\/span><\/p><\/div><\/article><article class=\"post fusion-column column col col-lg-12 col-md-12 col-sm-12\"><div class=\"fusion-date-and-formats\"><div class=\"fusion-date-box updated\"><span class=\"fusion-date\">11<\/span><span class=\"fusion-month-year\">09, 2021<\/span><\/div><div class=\"fusion-format-box\"><i class=\"awb-icon-pen\" aria-hidden=\"true\"><\/i><\/div><\/div><div class=\"recent-posts-content\"><span class=\"vcard\" style=\"display: none;\"><span class=\"fn\"><a href=\"https:\/\/enapol.com\/ix\/author\/gonzalozabala\/\" title=\"Entradas de gonzalozabala\" rel=\"author\">gonzalozabala<\/a><\/span><\/span><span class=\"updated\" style=\"display:none;\">2021-09-11T20:18:27-03:00<\/span><h4 class=\"entry-title\"><a href=\"https:\/\/enapol.com\/ix\/el-padre-y-el-odio-peter-molineaux\/\">El padre y el odio &#8211; Peter Molineaux<\/a><\/h4><p class=\"meta\"><span class=\"vcard\" style=\"display: none;\"><span class=\"fn\"><a href=\"https:\/\/enapol.com\/ix\/author\/gonzalozabala\/\" title=\"Entradas de gonzalozabala\" rel=\"author\">gonzalozabala<\/a><\/span><\/span><span class=\"updated\" style=\"display:none;\">2021-09-11T20:18:27-03:00<\/span><\/p><\/div><\/article><article class=\"post fusion-column column col col-lg-12 col-md-12 col-sm-12\"><div class=\"fusion-date-and-formats\"><div class=\"fusion-date-box updated\"><span class=\"fusion-date\">11<\/span><span class=\"fusion-month-year\">09, 2021<\/span><\/div><div class=\"fusion-format-box\"><i class=\"awb-icon-pen\" aria-hidden=\"true\"><\/i><\/div><\/div><div class=\"recent-posts-content\"><span class=\"vcard\" style=\"display: none;\"><span class=\"fn\"><a href=\"https:\/\/enapol.com\/ix\/author\/gonzalozabala\/\" title=\"Entradas de gonzalozabala\" rel=\"author\">gonzalozabala<\/a><\/span><\/span><span class=\"updated\" style=\"display:none;\">2021-09-11T17:59:35-03:00<\/span><h4 class=\"entry-title\"><a href=\"https:\/\/enapol.com\/ix\/praga-do-pai-indignacao-do-filho-sergio-laia\/\">Praga do pai, indigna\u00e7\u00e3o do filho &#8211; S\u00e9rgio Laia<\/a><\/h4><p class=\"meta\"><span class=\"vcard\" style=\"display: none;\"><span class=\"fn\"><a href=\"https:\/\/enapol.com\/ix\/author\/gonzalozabala\/\" title=\"Entradas de gonzalozabala\" rel=\"author\">gonzalozabala<\/a><\/span><\/span><span class=\"updated\" style=\"display:none;\">2021-09-11T17:59:35-03:00<\/span><\/p><\/div><\/article><\/section><\/div><\/div><\/div><\/div><\/div>\n","protected":false},"excerpt":{"rendered":"","protected":false},"author":1,"featured_media":0,"parent":19,"menu_order":3,"comment_status":"closed","ping_status":"closed","template":"","meta":{"_monsterinsights_skip_tracking":false,"_monsterinsights_sitenote_active":false,"_monsterinsights_sitenote_note":"","_monsterinsights_sitenote_category":0,"footnotes":""},"_links":{"self":[{"href":"https:\/\/enapol.com\/ix\/wp-json\/wp\/v2\/pages\/81"}],"collection":[{"href":"https:\/\/enapol.com\/ix\/wp-json\/wp\/v2\/pages"}],"about":[{"href":"https:\/\/enapol.com\/ix\/wp-json\/wp\/v2\/types\/page"}],"author":[{"embeddable":true,"href":"https:\/\/enapol.com\/ix\/wp-json\/wp\/v2\/users\/1"}],"replies":[{"embeddable":true,"href":"https:\/\/enapol.com\/ix\/wp-json\/wp\/v2\/comments?post=81"}],"version-history":[{"count":3,"href":"https:\/\/enapol.com\/ix\/wp-json\/wp\/v2\/pages\/81\/revisions"}],"predecessor-version":[{"id":255,"href":"https:\/\/enapol.com\/ix\/wp-json\/wp\/v2\/pages\/81\/revisions\/255"}],"up":[{"embeddable":true,"href":"https:\/\/enapol.com\/ix\/wp-json\/wp\/v2\/pages\/19"}],"wp:attachment":[{"href":"https:\/\/enapol.com\/ix\/wp-json\/wp\/v2\/media?parent=81"}],"curies":[{"name":"wp","href":"https:\/\/api.w.org\/{rel}","templated":true}]}}