{"id":85,"date":"2021-09-11T13:30:12","date_gmt":"2021-09-11T16:30:12","guid":{"rendered":"http:\/\/x-enapol.org\/ix\/?page_id=85"},"modified":"2021-09-11T16:45:50","modified_gmt":"2021-09-11T19:45:50","slug":"eventos-rcf","status":"publish","type":"page","link":"https:\/\/enapol.com\/ix\/pt\/encontro\/eventos-rcf\/","title":{"rendered":"Eventos RCF"},"content":{"rendered":"<p><div class=\"fusion-fullwidth fullwidth-box fusion-builder-row-1 fusion-flex-container nonhundred-percent-fullwidth non-hundred-percent-height-scrolling\" style=\"--awb-border-radius-top-left:0px;--awb-border-radius-top-right:0px;--awb-border-radius-bottom-right:0px;--awb-border-radius-bottom-left:0px;--awb-flex-wrap:wrap;\" ><div class=\"fusion-builder-row fusion-row fusion-flex-align-items-flex-start fusion-flex-content-wrap\" style=\"max-width:1352px;margin-left: calc(-4% \/ 2 );margin-right: calc(-4% \/ 2 );\"><div class=\"fusion-layout-column fusion_builder_column fusion-builder-column-0 fusion_builder_column_1_1 1_1 fusion-flex-column\" style=\"--awb-bg-size:cover;--awb-width-large:100%;--awb-margin-top-large:0px;--awb-spacing-right-large:1.92%;--awb-margin-bottom-large:20px;--awb-spacing-left-large:1.92%;--awb-width-medium:100%;--awb-order-medium:0;--awb-spacing-right-medium:1.92%;--awb-spacing-left-medium:1.92%;--awb-width-small:100%;--awb-order-small:0;--awb-spacing-right-small:1.92%;--awb-spacing-left-small:1.92%;\"><div class=\"fusion-column-wrapper fusion-column-has-shadow fusion-flex-justify-content-flex-start fusion-content-layout-column\"><div class=\"fusion-image-element \" style=\"--awb-bottom-shadow-color:rgba(0,0,0,0.4);--awb-caption-title-font-family:var(--h2_typography-font-family);--awb-caption-title-font-weight:var(--h2_typography-font-weight);--awb-caption-title-font-style:var(--h2_typography-font-style);--awb-caption-title-size:var(--h2_typography-font-size);--awb-caption-title-transform:var(--h2_typography-text-transform);--awb-caption-title-line-height:var(--h2_typography-line-height);--awb-caption-title-letter-spacing:var(--h2_typography-letter-spacing);\"><div class=\"awb-image-frame awb-image-frame-1 awb-bottomshadow\"><span class=\" fusion-imageframe imageframe-bottomshadow imageframe-1 hover-type-none\"><img decoding=\"async\" width=\"1201\" height=\"378\" title=\"d5634455-e08b-495d-957b-29d734769ae5\" src=\"http:\/\/enapol.com\/ix\/wp-content\/uploads\/sites\/5\/2021\/09\/d5634455-e08b-495d-957b-29d734769ae5.jpg\" alt class=\"img-responsive wp-image-175\" srcset=\"https:\/\/enapol.com\/ix\/wp-content\/uploads\/sites\/5\/2021\/09\/d5634455-e08b-495d-957b-29d734769ae5-200x63.jpg 200w, https:\/\/enapol.com\/ix\/wp-content\/uploads\/sites\/5\/2021\/09\/d5634455-e08b-495d-957b-29d734769ae5-400x126.jpg 400w, https:\/\/enapol.com\/ix\/wp-content\/uploads\/sites\/5\/2021\/09\/d5634455-e08b-495d-957b-29d734769ae5-600x189.jpg 600w, https:\/\/enapol.com\/ix\/wp-content\/uploads\/sites\/5\/2021\/09\/d5634455-e08b-495d-957b-29d734769ae5-800x252.jpg 800w, https:\/\/enapol.com\/ix\/wp-content\/uploads\/sites\/5\/2021\/09\/d5634455-e08b-495d-957b-29d734769ae5.jpg 1201w\" sizes=\"(max-width: 1024px) 100vw, (max-width: 640px) 100vw, 1201px\" \/><\/span><svg xmlns=\"http:\/\/www.w3.org\/2000\/svg\" version=\"1.1\" width=\"100%\" viewBox=\"0 0 600 28\" preserveAspectRatio=\"none\"><g clip-path=\"url(#a)\"><mask id=\"b\" style=\"mask-type:luminance\" maskUnits=\"userSpaceOnUse\" x=\"0\" y=\"0\" width=\"600\" height=\"28\"><path d=\"M0 0h600v28H0V0Z\" fill=\"#fff\"\/><\/mask><g filter=\"url(#c)\" mask=\"url(#b)\"><path d=\"M16.439-18.667h567.123v30.8S438.961-8.4 300-8.4C161.04-8.4 16.438 12.133 16.438 12.133v-30.8Z\" fill=\"#000\"\/><\/g><\/g><defs><clipPath id=\"a\"><path fill=\"#fff\" d=\"M0 0h600v28H0z\"\/><\/clipPath><filter id=\"c\" x=\"5.438\" y=\"-29.667\" width=\"589.123\" height=\"52.8\" filterUnits=\"userSpaceOnUse\" color-interpolation-filters=\"sRGB\"><feFlood flood-opacity=\"0\" result=\"BackgroundImageFix\"\/><feBlend in=\"SourceGraphic\" in2=\"BackgroundImageFix\" result=\"shape\"\/><feGaussianBlur stdDeviation=\"5.5\" result=\"effect1_foregroundBlur_3983_183\"\/><\/filter><\/defs><\/svg><\/div><\/div><\/div><\/div><\/div><\/div><div class=\"fusion-fullwidth fullwidth-box fusion-builder-row-2 fusion-flex-container nonhundred-percent-fullwidth non-hundred-percent-height-scrolling\" style=\"--awb-border-radius-top-left:0px;--awb-border-radius-top-right:0px;--awb-border-radius-bottom-right:0px;--awb-border-radius-bottom-left:0px;--awb-margin-top:40px;--awb-flex-wrap:wrap;\" ><div class=\"fusion-builder-row fusion-row fusion-flex-align-items-flex-start fusion-flex-content-wrap\" style=\"max-width:1352px;margin-left: calc(-4% \/ 2 );margin-right: calc(-4% \/ 2 );\"><div class=\"fusion-layout-column fusion_builder_column fusion-builder-column-1 fusion_builder_column_1_1 1_1 fusion-flex-column\" style=\"--awb-bg-size:cover;--awb-width-large:100%;--awb-margin-top-large:0px;--awb-spacing-right-large:1.92%;--awb-margin-bottom-large:20px;--awb-spacing-left-large:1.92%;--awb-width-medium:100%;--awb-order-medium:0;--awb-spacing-right-medium:1.92%;--awb-spacing-left-medium:1.92%;--awb-width-small:100%;--awb-order-small:0;--awb-spacing-right-small:1.92%;--awb-spacing-left-small:1.92%;\"><div class=\"fusion-column-wrapper fusion-column-has-shadow fusion-flex-justify-content-flex-start fusion-content-layout-column\"><div class=\"fusion-title title fusion-title-1 fusion-sep-none fusion-title-text fusion-title-size-three\"><h3 class=\"fusion-title-heading title-heading-left fusion-responsive-typography-calculated\" style=\"margin:0;--fontSize:30;line-height:1.3;\">Nova Rede Cereda<\/h3><\/div><div class=\"fusion-text fusion-text-1\"><p><strong>V Jornada NRC-Am\u00e9rica &#8211; Crian\u00e7as violentas<\/strong><\/p>\n<\/div><ul style=\"--awb-line-height:28.9px;--awb-icon-width:28.9px;--awb-icon-height:28.9px;--awb-icon-margin:11.9px;--awb-content-margin:40.8px;--awb-circlecolor:#de0f79;--awb-circle-yes-font-size:14.96px;\" class=\"fusion-checklist fusion-checklist-1 fusion-checklist-default type-icons\"><li class=\"fusion-li-item\" style=\"\"><span class=\"icon-wrapper circle-yes\"><i class=\"fusion-li-icon fa-angle-right fas\" aria-hidden=\"true\"><\/i><\/span><div class=\"fusion-li-item-content\">\n<p><strong>Eixos<\/strong>:<\/p>\n<ul>\n<li>Diante da crian\u00e7a em situa\u00e7\u00e3o de viol\u00eancia, como abrir a possibilidade de falar?<\/li>\n<li>Qual manejo poss\u00edvel da transfer\u00eancia na cl\u00ednica com as crian\u00e7as violentas?<\/li>\n<li>Que solu\u00e7\u00f5es anal\u00edticas para a viol\u00eancia?<\/li>\n<\/ul>\n<\/div><\/li><li class=\"fusion-li-item\" style=\"\"><span class=\"icon-wrapper circle-yes\"><i class=\"fusion-li-icon fa-angle-right fas\" aria-hidden=\"true\"><\/i><\/span><div class=\"fusion-li-item-content\">\n<p><strong>Data<\/strong>: dia 12 de setembro, quinta-feira.<\/p>\n<\/div><\/li><li class=\"fusion-li-item\" style=\"\"><span class=\"icon-wrapper circle-yes\"><i class=\"fusion-li-icon fa-angle-right fas\" aria-hidden=\"true\"><\/i><\/span><div class=\"fusion-li-item-content\">\n<p><strong>Hor\u00e1rio<\/strong>: de 14 \u00e0s 20h<\/p>\n<\/div><\/li><li class=\"fusion-li-item\" style=\"\"><span class=\"icon-wrapper circle-yes\"><i class=\"fusion-li-icon fa-angle-right fas\" aria-hidden=\"true\"><\/i><\/span><div class=\"fusion-li-item-content\">\n<p><strong>Local<\/strong>: Centro de Conven\u00e7\u00f5es Rebou\u00e7as<\/p>\n<\/div><\/li><\/ul><div class=\"fusion-separator fusion-full-width-sep\" style=\"align-self: center;margin-left: auto;margin-right: auto;margin-top:10px;margin-bottom:10px;width:100%;\"><\/div><div class=\"accordian fusion-accordian\" style=\"--awb-border-size:0px;--awb-icon-size:16px;--awb-content-font-size:15px;--awb-icon-alignment:left;--awb-hover-color:#f9f9f9;--awb-border-color:#cccccc;--awb-background-color:#ffffff;--awb-divider-color:rgba(224,222,222,0);--awb-divider-hover-color:rgba(224,222,222,0);--awb-icon-color:#ffffff;--awb-title-color:#de0f79;--awb-content-color:#222222;--awb-icon-box-color:#333333;--awb-toggle-hover-accent-color:#46b1fd;--awb-title-font-family:&quot;Raleway&quot;;--awb-title-font-weight:600;--awb-title-font-style:normal;--awb-title-line-height:1.5;--awb-content-font-family:&quot;Open Sans&quot;;--awb-content-font-style:normal;--awb-content-font-weight:400;\"><div class=\"panel-group fusion-toggle-icon-boxed\" id=\"accordion-85-1\"><div class=\"fusion-panel panel-default panel-05437448386e87cb7 fusion-toggle-no-divider\"><div class=\"panel-heading\"><h4 class=\"panel-title toggle\" id=\"toggle_05437448386e87cb7\"><a aria-expanded=\"false\" aria-controls=\"05437448386e87cb7\" role=\"button\" data-toggle=\"collapse\" data-parent=\"#accordion-85-1\" data-target=\"#05437448386e87cb7\" href=\"#05437448386e87cb7\"><span class=\"fusion-toggle-icon-wrapper\" aria-hidden=\"true\"><i class=\"fa-fusion-box active-icon awb-icon-minus\" aria-hidden=\"true\"><\/i><i class=\"fa-fusion-box inactive-icon awb-icon-plus\" aria-hidden=\"true\"><\/i><\/span><span class=\"fusion-toggle-heading\">Argumento<\/span><\/a><\/h4><\/div><div id=\"05437448386e87cb7\" class=\"panel-collapse collapse \" aria-labelledby=\"toggle_05437448386e87cb7\"><div class=\"panel-body toggle-content fusion-clearfix\">\n<p style=\"text-align: justify;\"><strong>Os destinos da viol\u00eancia da crian\u00e7a na experi\u00eancia anal\u00edtica.<\/strong><\/p>\n<p style=\"text-align: justify;\"><a name=\"_ftnref1\"><\/a><i>Crian\u00e7as Violentas<\/i>\u00a0\u00e9 um tema que tem sido trabalhado no interior dos n\u00facleos do NRC h\u00e1 aproximadamente dois anos. Se, num primeiro momento, foi necess\u00e1rio situar o que se chamava viol\u00eancia, esclarecendo sua rela\u00e7\u00e3o com a puls\u00e3o \u2013 em um certo instante de ver\u2013 j\u00e1 estamos em outro tempo. Tempo de extrair os efeitos que o trabalho da an\u00e1lise com crian\u00e7as nos ensina e que podemos tomar como orienta\u00e7\u00e3o. Desta maneira, a V Jornada da NRC-Am\u00e9rica se decanta como um momento de precisar sobre os destinos<u><a href=\"https:\/\/ix.enapol.org\/cereda\/#_ftn1\">[1]<\/a><\/u>\u00a0da viol\u00eancia em uma an\u00e1lise: onde o acontecimento \u201cviol\u00eancia\u201d encontrar\u00e1 um modo de inscri\u00e7\u00e3o, no inconsciente e sobre o corpo? Como fazer passar \u00e0 contabilidade o gozo que ele comporta?<\/p>\n<p style=\"text-align: justify;\"><a name=\"_ftnref2\"><\/a><a name=\"_ftnref3\"><\/a>Queremos tamb\u00e9m aproveitar a oportunidade de articular o tema de nossa investiga\u00e7\u00e3o com o tema do ENAPOL, \u201c<i>\u00d3dio, c\u00f3lera, indigna\u00e7\u00e3o<\/i>\u201d, j\u00e1 que a viol\u00eancia toma, em alguns casos, a vertente da c\u00f3lera, da indigna\u00e7\u00e3o, da revolta, de acesso de f\u00faria ou, inclusive, de agress\u00e3o. Miller foi preciso em situar que o \u00f3dio n\u00e3o \u00e9 da mesma ordem que a viol\u00eancia, pois esta \u00faltima n\u00e3o faz la\u00e7o<u><a href=\"https:\/\/ix.enapol.org\/cereda\/#_ftn2\">[2]<\/a><\/u>. A viol\u00eancia implica uma satisfa\u00e7\u00e3o direta da puls\u00e3o de morte, isto \u00e9, resulta da fal\u00eancia da trama simb\u00f3lica como modo de tratamento da puls\u00e3o. Neste sentido, na c\u00f3lera, por exemplo, e seguindo um esclarecimento de Jean-Daniel Mattet, tratar-se-ia de um signo do qual n\u00e3o se tem certeza do que ele \u00e9 \u00edndice<u><a href=\"https:\/\/ix.enapol.org\/cereda\/#_ftn3\">[3]<\/a><\/u>. Se a ang\u00fastia se coloca como um afeto que n\u00e3o engana, a c\u00f3lera, a revolta, a indigna\u00e7\u00e3o ou o acesso de f\u00faria n\u00e3o s\u00e3o da mesma ordem, n\u00e3o se tem certeza do que eles s\u00e3o signo.<\/p>\n<p style=\"text-align: justify;\"><a name=\"_ftnref4\"><\/a>Nos modos de irrup\u00e7\u00e3o de um corpo afetado pelo encontro com um real e, especialmente, quando a trama simb\u00f3lica n\u00e3o \u00e9 suficiente para responder a esse n\u00e3o sabido, o que o encontro com um analista pode diante disto? De alguma maneira, na experi\u00eancia da palavra, que \u00e9 a experi\u00eancia anal\u00edtica, abre-se uma possibilidade de leitura dessa irrup\u00e7\u00e3o. O analista, na sua posi\u00e7\u00e3o e com suas interven\u00e7\u00f5es, impele o sujeito a ler, a circunscrever, a fazer borda ao gozo. Por vezes se trata de um signo decifr\u00e1vel, mas no mais das vezes, trata-se de uma opera\u00e7\u00e3o que busca cernir, circunscrever atrav\u00e9s deum artificio, de uma fic\u00e7\u00e3o ou de um sintoma. Tratar-se-ia de deslocar os afetos para o sintoma. Ou como colocou J\u00e9sus Santiago: \u201cPor mais que a morte seja a advers\u00e1ria do amor, apenas o sintoma \u00e9 capaz de deter a insist\u00eancia repetitiva pr\u00f3pria da puls\u00e3o de morte\u201d<u><a href=\"https:\/\/ix.enapol.org\/cereda\/#_ftn4\">[4]<\/a><\/u>.\u00a0<\/p>\n<p style=\"text-align: justify;\">Este argumento \u00e9 tamb\u00e9m um convite para que cada um possa apresentar, nas mesas do ENAPOL, o produto dos trabalhos de pesquisa realizados nos diferentes n\u00facleos das Escolas da AMP na Am\u00e9rica Latina, a saber, EOL, EBP e NEL.<\/p>\n<p style=\"text-align: justify;\">\u00a0<\/p>\n<p>\u00a0<\/p>\n<hr \/>\n<p>\u00a0<\/p>\n<p style=\"text-align: justify;\"><a name=\"_ftn1\"><\/a><u><a href=\"https:\/\/ix.enapol.org\/cereda\/#_ftnref1\">[1]<\/a><\/u>\u00a0FREUD, S.\u00a0 \u201cAs puls\u00f5es e seus destinos\u201d (1915)\u00a0 In:\u00a0<i>Col. Obras Incompletas de Sigmund Freud<\/i>\u00a0\u2013 Edi\u00e7\u00e3o Bilingue. Belo Horizonte: Aut\u00eantica, 2013.\u00a0 Publicado como \u201cAs puls\u00f5es e suas vicissitudes\u201d na\u00a0<i>Edi\u00e7\u00e3o Standard \u00a0brasileira das obras psicol\u00f3gicas completas de Sigmund Freud<\/i>. Rio de Janeiro: Imago, 1996, vol. XIV.<\/p>\n<p style=\"text-align: justify;\"><a name=\"_ftn2\"><\/a><u><a href=\"https:\/\/ix.enapol.org\/cereda\/#_ftnref2\">[2]<\/a><\/u>\u00a0Miller. J. A. \u201cCrian\u00e7as Violentas\u201d. In:\u00a0<i>Op\u00e7\u00e3o Lacaniana<\/i>, 77. Abril de 2017. S\u00e3o Paulo, Edi\u00e7\u00f5es Eolia.<\/p>\n<p style=\"text-align: justify;\"><a name=\"_ftn3\"><\/a><u><a href=\"https:\/\/ix.enapol.org\/cereda\/#_ftnref3\">[3]<\/a><\/u>\u00a0Mattet, J. D. \u201cAs cores da c\u00f3lera\u201d. In:\u00a0<i>Almanaque on-line<\/i>\u00a022. Dispon\u00edvel em:\u00a0<u><a href=\"http:\/\/almanaquepsicanalise.com.br\/as-cores-da-colera\/\">http:\/\/almanaquepsicanalise.com.br\/as-cores-da-colera\/<\/a><\/u><\/p>\n<p style=\"text-align: justify;\"><a name=\"_ftn4\"><\/a><u><a href=\"https:\/\/ix.enapol.org\/cereda\/#_ftnref4\">[4]<\/a><\/u>\u00a0Santiago, J. \u201cPuls\u00e3o de morte, m\u00f3terialit\u00e9 do la\u00e7o social\u201d. Conferencia na NRC-Brasil, novembro de 2018.<\/p>\n<\/div><\/div><\/div><\/div><\/div><\/div><\/div><\/div><\/div><div class=\"fusion-fullwidth fullwidth-box fusion-builder-row-3 fusion-flex-container nonhundred-percent-fullwidth non-hundred-percent-height-scrolling\" style=\"--awb-border-radius-top-left:0px;--awb-border-radius-top-right:0px;--awb-border-radius-bottom-right:0px;--awb-border-radius-bottom-left:0px;--awb-margin-top:50px;--awb-flex-wrap:wrap;\" ><div class=\"fusion-builder-row fusion-row fusion-flex-align-items-flex-start fusion-flex-content-wrap\" style=\"max-width:1352px;margin-left: calc(-4% \/ 2 );margin-right: calc(-4% \/ 2 );\"><div class=\"fusion-layout-column fusion_builder_column fusion-builder-column-2 fusion_builder_column_1_1 1_1 fusion-flex-column\" style=\"--awb-bg-size:cover;--awb-width-large:100%;--awb-margin-top-large:0px;--awb-spacing-right-large:1.92%;--awb-margin-bottom-large:20px;--awb-spacing-left-large:1.92%;--awb-width-medium:100%;--awb-order-medium:0;--awb-spacing-right-medium:1.92%;--awb-spacing-left-medium:1.92%;--awb-width-small:100%;--awb-order-small:0;--awb-spacing-right-small:1.92%;--awb-spacing-left-small:1.92%;\"><div class=\"fusion-column-wrapper fusion-column-has-shadow fusion-flex-justify-content-flex-start fusion-content-layout-column\"><div class=\"fusion-title title fusion-title-2 fusion-sep-none fusion-title-text fusion-title-size-three\"><h3 class=\"fusion-title-heading title-heading-left fusion-responsive-typography-calculated\" style=\"margin:0;--fontSize:30;line-height:1.3;\">CIEN \u2013 Centro Interdisciplinar de Estudos sobre a Crian\u00e7a<\/h3><\/div><div class=\"fusion-text fusion-text-2\"><p><strong>A Crian\u00e7a violenta e a dignidade do sujeito<\/strong><\/p>\n<\/div><ul style=\"--awb-line-height:28.9px;--awb-icon-width:28.9px;--awb-icon-height:28.9px;--awb-icon-margin:11.9px;--awb-content-margin:40.8px;--awb-circlecolor:#de0f79;--awb-circle-yes-font-size:14.96px;\" class=\"fusion-checklist fusion-checklist-2 fusion-checklist-default type-icons\"><li class=\"fusion-li-item\" style=\"\"><span class=\"icon-wrapper circle-yes\"><i class=\"fusion-li-icon fa-angle-right fas\" aria-hidden=\"true\"><\/i><\/span><div class=\"fusion-li-item-content\">\n<p style=\"text-align: justify;\"><strong>Eixos<\/strong>:<\/p>\n<ul>\n<li style=\"text-align: justify;\">O que fazer quando a dignidade do sujeito crian\u00e7a ou adolescente \u00e9 colocada a servi\u00e7o de protocolos ou de imperativos universalizantes, ficando subjugada pelos diferentes discursos?<\/li>\n<li style=\"text-align: justify;\">Como a crian\u00e7a responde frente a viol\u00eancia que experimenta e como inventa um lugar frente ao autoritarismo?<\/li>\n<li style=\"text-align: justify;\">Como os profissionais podem, sem que se sintam pisoteados pelas exig\u00eancias institucionais de bem estar e erradica\u00e7\u00e3o da viol\u00eancia \u2013 demanda imposs\u00edvel de atender \u2013 fazer um trabalho que mantenha aberta a palavra \u00e0s crian\u00e7as e aos adolescentes? fazer um trabalho que mantenha um lugar aberto \u00e0 palavra das crian\u00e7as e adolescentes e \u00e0s suas inven\u00e7\u00f5es singulares?<\/li>\n<\/ul>\n<\/div><\/li><li class=\"fusion-li-item\" style=\"\"><span class=\"icon-wrapper circle-yes\"><i class=\"fusion-li-icon fa-angle-right fas\" aria-hidden=\"true\"><\/i><\/span><div class=\"fusion-li-item-content\">\n<p><strong>Data<\/strong>: dia 13 de setembro, sexta-feira.<\/p>\n<\/div><\/li><li class=\"fusion-li-item\" style=\"\"><span class=\"icon-wrapper circle-yes\"><i class=\"fusion-li-icon fa-angle-right fas\" aria-hidden=\"true\"><\/i><\/span><div class=\"fusion-li-item-content\">\n<p><strong>Hor\u00e1rio<\/strong>: das 8:00 \u00e0s 13:30h<\/p>\n<\/div><\/li><li class=\"fusion-li-item\" style=\"\"><span class=\"icon-wrapper circle-yes\"><i class=\"fusion-li-icon fa-angle-right fas\" aria-hidden=\"true\"><\/i><\/span><div class=\"fusion-li-item-content\">\n<p><strong>Local<\/strong>: Centro de Conven\u00e7\u00f5es Rebou\u00e7as<\/p>\n<\/div><\/li><\/ul><div class=\"fusion-separator fusion-full-width-sep\" style=\"align-self: center;margin-left: auto;margin-right: auto;margin-top:10px;margin-bottom:10px;width:100%;\"><\/div><div class=\"accordian fusion-accordian\" style=\"--awb-border-size:0px;--awb-icon-size:16px;--awb-content-font-size:15px;--awb-icon-alignment:left;--awb-hover-color:#f9f9f9;--awb-border-color:#cccccc;--awb-background-color:#ffffff;--awb-divider-color:rgba(224,222,222,0);--awb-divider-hover-color:rgba(224,222,222,0);--awb-icon-color:#ffffff;--awb-title-color:#de0f79;--awb-content-color:#222222;--awb-icon-box-color:#333333;--awb-toggle-hover-accent-color:#46b1fd;--awb-title-font-family:&quot;Raleway&quot;;--awb-title-font-weight:600;--awb-title-font-style:normal;--awb-title-line-height:1.5;--awb-content-font-family:&quot;Open Sans&quot;;--awb-content-font-style:normal;--awb-content-font-weight:400;\"><div class=\"panel-group fusion-toggle-icon-boxed\" id=\"accordion-85-2\"><div class=\"fusion-panel panel-default panel-71fc6a6582ae88c62 fusion-toggle-no-divider\"><div class=\"panel-heading\"><h4 class=\"panel-title toggle\" id=\"toggle_71fc6a6582ae88c62\"><a aria-expanded=\"false\" aria-controls=\"71fc6a6582ae88c62\" role=\"button\" data-toggle=\"collapse\" data-parent=\"#accordion-85-2\" data-target=\"#71fc6a6582ae88c62\" href=\"#71fc6a6582ae88c62\"><span class=\"fusion-toggle-icon-wrapper\" aria-hidden=\"true\"><i class=\"fa-fusion-box active-icon awb-icon-minus\" aria-hidden=\"true\"><\/i><i class=\"fa-fusion-box inactive-icon awb-icon-plus\" aria-hidden=\"true\"><\/i><\/span><span class=\"fusion-toggle-heading\">Argumento<\/span><\/a><\/h4><\/div><div id=\"71fc6a6582ae88c62\" class=\"panel-collapse collapse \" aria-labelledby=\"toggle_71fc6a6582ae88c62\"><div class=\"panel-body toggle-content fusion-clearfix\">\n<h4 style=\"text-align: justify;\"><strong><em>A Crian\u00e7a violenta e a dignidade do sujeito<\/em><\/strong><\/h4>\n<p style=\"text-align: justify;\">As crian\u00e7as e os jovens, suscet\u00edveis \u00e0s modifica\u00e7\u00f5es no la\u00e7o social, orientam o campo de pesquisa do CIEN. O que se faz ouvir na contemporaneidade?<\/p>\n<p style=\"text-align: justify;\">Os Laborat\u00f3rios, em sua investiga\u00e7\u00e3o, recolhem as respostas que as crian\u00e7as e os jovens t\u00eam dado \u00e0 viol\u00eancia contempor\u00e2nea, social ou institucional, \u00e0s paix\u00f5es levadas ao extremo e ao esgar\u00e7amento do tecido social onde est\u00e3o inseridos.<\/p>\n<p style=\"text-align: justify;\">Com frequ\u00eancia essas respostas s\u00e3o tomadas como \u201cinadequadas\u201d, \u201cdesajustadas\u201d, \u201cviolentas\u201d, sujeitas \u00e0 interven\u00e7\u00f5es protocolares e autorit\u00e1rias.<\/p>\n<p style=\"text-align: justify;\">Servimo-nos da orienta\u00e7\u00e3o de Miller em seu texto \u201cCrian\u00e7as Violentas\u201d<a href=\"https:\/\/ix.enapol.org\/cien\/#_ftn1\" name=\"_ftnref1\">[1]<\/a>, para evitar cair rapidamente em categorias segregativas que fixam a crian\u00e7a frente ao Outro social. Em outras palavras, uma nomea\u00e7\u00e3o categorizante de\u00a0<em>violento<\/em>, pode impedir o surgimento da pergunta do que fazer quando \u201ch\u00e1 raz\u00f5es para se revoltar\u201d<a href=\"https:\/\/ix.enapol.org\/cien\/#_ftn2\" name=\"_ftnref2\">[2]<\/a>.<\/p>\n<p style=\"text-align: justify;\">Tomando essa indica\u00e7\u00e3o, como ser receptivo \u00e0s diferentes formas de respostas sintom\u00e1ticas dos jovens e das crian\u00e7as? Essa \u00e9 a pergunta que orienta a pol\u00edtica do CIEN.<\/p>\n<p style=\"text-align: justify;\">Apostar em uma pol\u00edtica do sintoma como inven\u00e7\u00e3o, como indica Juan Carlos Indart, implica um ineditismo, algo novo que pode vir a surgir quando uma brecha se abre e n\u00e3o se responde mais de modo protocolar, mas se pensa em uma inser\u00e7\u00e3o no la\u00e7o\u00a0<em>n\u00e3o sem<\/em>\u00a0o singular<a href=\"https:\/\/ix.enapol.org\/cien\/#_ftn3\" name=\"_ftnref3\">[3]<\/a>.<\/p>\n<p style=\"text-align: justify;\">A especificidade da pr\u00e1tica do CIEN, a\u00a0<em>conversa\u00e7\u00e3o inter-disciplinar<\/em>, ao subverter a l\u00f3gica da complementariedade entre os diferentes discursos, propicia a instaura\u00e7\u00e3o de um vazio que protege o lugar do sujeito e suas inven\u00e7\u00f5es. Este contexto cria condi\u00e7\u00f5es para que algo surja na conting\u00eancia do encontro, a partir do que constitui a pr\u00f3pria\u00a0<em>conversa\u00e7\u00e3o<\/em>\u00a0como pr\u00e1tica do CIEN, a saber, acolher as diferen\u00e7as. O h\u00edfen do\u00a0<em>inter-disciplnar\u00a0<\/em>escreve a particularidade dessa experi\u00eancia que aposta em uma identifica\u00e7\u00e3o que n\u00e3o seja segregativa e comporte justamente um n\u00e3o apagamento na massa.<\/p>\n<p style=\"text-align: justify;\">Numa conversa\u00e7\u00e3o, a aposta \u00e9 que cada um possa se responsabilizar por um dizer que lhe escapa, por um ato que lhe surpreende, e reconquistar como sujeito a dignidade do seu sintoma e outra possibilidade de la\u00e7o com o Outro.<\/p>\n<p style=\"text-align: justify;\">Entendemos por sintoma nesse \u00e2mbito, a inscri\u00e7\u00e3o da singularidade da crian\u00e7a e do adolescente sem desconsiderar o Outro e o contexto social. Em outras palavras, o CIEN visa a retomada do la\u00e7o, mas n\u00e3o um la\u00e7o qualquer.<\/p>\n<p style=\"text-align: justify;\">Assim, frente \u00e0s irrup\u00e7\u00f5es de \u00f3dio e viol\u00eancia contempor\u00e2neas nos perguntamos o que podemos recolher como um\u00a0<em>saber fazer<\/em>? Como acolher os pontos de impasse de cada profissional que se faz parceiro de crian\u00e7as e adolescentes para que uma inven\u00e7\u00e3o seja possivel?<\/p>\n<p style=\"text-align: justify;\">Convidamos voc\u00eas a testemunharem momentos de trabalho em que podemos verificar a particularidade da abertura do CIEN, e os efeitos tanto nas equipes inter-disciplinares quanto nas crian\u00e7as e nos jovens.<\/p>\n<p style=\"text-align: justify;\">\u00a0<\/p>\n<p style=\"text-align: justify;\">\u00a0<\/p>\n<hr \/>\n<p style=\"text-align: justify;\">\u00a0<\/p>\n<p style=\"text-align: justify;\"><a href=\"https:\/\/ix.enapol.org\/cien\/#_ftnref1\" name=\"_ftn1\">[1]<\/a>\u00a0Miller. J. A. Crian\u00e7as Violentas. Op\u00e7\u00e3o Lacaniana, 77. Abril de 2017. S\u00e3o Paulo, Edi\u00e7\u00f5es Eolia.<\/p>\n<p style=\"text-align: justify;\"><a href=\"https:\/\/ix.enapol.org\/cien\/#_ftnref2\" name=\"_ftn2\">[2]<\/a>\u00a0Miller. J. A. Crian\u00e7as Violentas. Id. Ibid.<\/p>\n<p style=\"text-align: justify;\"><a href=\"https:\/\/ix.enapol.org\/cien\/#_ftnref3\" name=\"_ftn3\">[3]<\/a>\u00a0Indart, J. C. I. Udenio, B.\u00a0\u00a0<a href=\"http:\/\/ciendigital.com.br\/index.php\/2018\/11\/16\/conversacao-internacional-do-cien-2017\/\">Conversa\u00e7\u00e3o Internacional do CIEN 2017 \u2013 Os la\u00e7os sociais e suas transforma\u00e7\u00f5es<\/a>. In: Cien Digital, n 22. Revista do CIEN Brasil. Dispon\u00edvel em:\u00a0<a href=\"http:\/\/www.ciendigital.com.br\/\">www.ciendigital.com.br<\/a>\u00a0\/Indart, J C. Udenio, B. Cierre \u2013 puntuaciones y perspecitvas. In: CUADERNOS DEL CIEN 8. Los lazos sociales y sus transformaciones. Buenos Aires, octubre de 2018, pg. 56.<\/p>\n<\/div><\/div><\/div><\/div><\/div><\/div><\/div><\/div><\/div><\/p>\n","protected":false},"excerpt":{"rendered":"","protected":false},"author":1,"featured_media":0,"parent":19,"menu_order":4,"comment_status":"closed","ping_status":"closed","template":"","meta":{"_monsterinsights_skip_tracking":false,"_monsterinsights_sitenote_active":false,"_monsterinsights_sitenote_note":"","_monsterinsights_sitenote_category":0,"footnotes":""},"_links":{"self":[{"href":"https:\/\/enapol.com\/ix\/wp-json\/wp\/v2\/pages\/85"}],"collection":[{"href":"https:\/\/enapol.com\/ix\/wp-json\/wp\/v2\/pages"}],"about":[{"href":"https:\/\/enapol.com\/ix\/wp-json\/wp\/v2\/types\/page"}],"author":[{"embeddable":true,"href":"https:\/\/enapol.com\/ix\/wp-json\/wp\/v2\/users\/1"}],"replies":[{"embeddable":true,"href":"https:\/\/enapol.com\/ix\/wp-json\/wp\/v2\/comments?post=85"}],"version-history":[{"count":3,"href":"https:\/\/enapol.com\/ix\/wp-json\/wp\/v2\/pages\/85\/revisions"}],"predecessor-version":[{"id":184,"href":"https:\/\/enapol.com\/ix\/wp-json\/wp\/v2\/pages\/85\/revisions\/184"}],"up":[{"embeddable":true,"href":"https:\/\/enapol.com\/ix\/wp-json\/wp\/v2\/pages\/19"}],"wp:attachment":[{"href":"https:\/\/enapol.com\/ix\/wp-json\/wp\/v2\/media?parent=85"}],"curies":[{"name":"wp","href":"https:\/\/api.w.org\/{rel}","templated":true}]}}