{"id":89,"date":"2021-09-11T13:32:30","date_gmt":"2021-09-11T16:32:30","guid":{"rendered":"http:\/\/x-enapol.org\/ix\/?page_id=89"},"modified":"2021-09-11T17:00:26","modified_gmt":"2021-09-11T20:00:26","slug":"local","status":"publish","type":"page","link":"https:\/\/enapol.com\/ix\/pt\/encontro\/local\/","title":{"rendered":"Local"},"content":{"rendered":"<div class=\"fusion-fullwidth fullwidth-box fusion-builder-row-1 fusion-flex-container nonhundred-percent-fullwidth non-hundred-percent-height-scrolling\" style=\"--awb-border-radius-top-left:0px;--awb-border-radius-top-right:0px;--awb-border-radius-bottom-right:0px;--awb-border-radius-bottom-left:0px;--awb-flex-wrap:wrap;\" ><div class=\"fusion-builder-row fusion-row fusion-flex-align-items-flex-start fusion-flex-content-wrap\" style=\"max-width:1352px;margin-left: calc(-4% \/ 2 );margin-right: calc(-4% \/ 2 );\"><div class=\"fusion-layout-column fusion_builder_column fusion-builder-column-0 fusion_builder_column_1_1 1_1 fusion-flex-column\" style=\"--awb-bg-size:cover;--awb-width-large:100%;--awb-margin-top-large:0px;--awb-spacing-right-large:1.92%;--awb-margin-bottom-large:20px;--awb-spacing-left-large:1.92%;--awb-width-medium:100%;--awb-order-medium:0;--awb-spacing-right-medium:1.92%;--awb-spacing-left-medium:1.92%;--awb-width-small:100%;--awb-order-small:0;--awb-spacing-right-small:1.92%;--awb-spacing-left-small:1.92%;\"><div class=\"fusion-column-wrapper fusion-column-has-shadow fusion-flex-justify-content-flex-start fusion-content-layout-column\"><div class=\"fusion-image-element \" style=\"--awb-bottom-shadow-color:rgba(0,0,0,0.4);--awb-caption-title-font-family:var(--h2_typography-font-family);--awb-caption-title-font-weight:var(--h2_typography-font-weight);--awb-caption-title-font-style:var(--h2_typography-font-style);--awb-caption-title-size:var(--h2_typography-font-size);--awb-caption-title-transform:var(--h2_typography-text-transform);--awb-caption-title-line-height:var(--h2_typography-line-height);--awb-caption-title-letter-spacing:var(--h2_typography-letter-spacing);\"><div class=\"awb-image-frame awb-image-frame-1 awb-bottomshadow\"><span class=\" fusion-imageframe imageframe-bottomshadow imageframe-1 hover-type-none\"><img decoding=\"async\" width=\"1920\" height=\"620\" title=\"capa_site\" src=\"http:\/\/enapol.com\/ix\/wp-content\/uploads\/sites\/5\/2021\/09\/capa_site.jpg\" alt class=\"img-responsive wp-image-185\" srcset=\"https:\/\/enapol.com\/ix\/wp-content\/uploads\/sites\/5\/2021\/09\/capa_site-200x65.jpg 200w, https:\/\/enapol.com\/ix\/wp-content\/uploads\/sites\/5\/2021\/09\/capa_site-400x129.jpg 400w, https:\/\/enapol.com\/ix\/wp-content\/uploads\/sites\/5\/2021\/09\/capa_site-600x194.jpg 600w, https:\/\/enapol.com\/ix\/wp-content\/uploads\/sites\/5\/2021\/09\/capa_site-800x258.jpg 800w, https:\/\/enapol.com\/ix\/wp-content\/uploads\/sites\/5\/2021\/09\/capa_site-1200x388.jpg 1200w, https:\/\/enapol.com\/ix\/wp-content\/uploads\/sites\/5\/2021\/09\/capa_site.jpg 1920w\" sizes=\"(max-width: 1024px) 100vw, (max-width: 640px) 100vw, 1920px\" \/><\/span><svg xmlns=\"http:\/\/www.w3.org\/2000\/svg\" version=\"1.1\" width=\"100%\" viewBox=\"0 0 600 28\" preserveAspectRatio=\"none\"><g clip-path=\"url(#a)\"><mask id=\"b\" style=\"mask-type:luminance\" maskUnits=\"userSpaceOnUse\" x=\"0\" y=\"0\" width=\"600\" height=\"28\"><path d=\"M0 0h600v28H0V0Z\" fill=\"#fff\"\/><\/mask><g filter=\"url(#c)\" mask=\"url(#b)\"><path d=\"M16.439-18.667h567.123v30.8S438.961-8.4 300-8.4C161.04-8.4 16.438 12.133 16.438 12.133v-30.8Z\" fill=\"#000\"\/><\/g><\/g><defs><clipPath id=\"a\"><path fill=\"#fff\" d=\"M0 0h600v28H0z\"\/><\/clipPath><filter id=\"c\" x=\"5.438\" y=\"-29.667\" width=\"589.123\" height=\"52.8\" filterUnits=\"userSpaceOnUse\" color-interpolation-filters=\"sRGB\"><feFlood flood-opacity=\"0\" result=\"BackgroundImageFix\"\/><feBlend in=\"SourceGraphic\" in2=\"BackgroundImageFix\" result=\"shape\"\/><feGaussianBlur stdDeviation=\"5.5\" result=\"effect1_foregroundBlur_3983_183\"\/><\/filter><\/defs><\/svg><\/div><\/div><div class=\"fusion-separator fusion-full-width-sep\" style=\"align-self: center;margin-left: auto;margin-right: auto;margin-top:20px;margin-bottom:20px;width:100%;\"><\/div><div class=\"fusion-text fusion-text-1\"><p class=\"r\" style=\"text-align: justify;\">O Encontro acontecer\u00e1 no <strong>Centro de Conven\u00e7\u00f5es Rebou\u00e7as<\/strong>, localizado na Avenida Rebou\u00e7as, 600, Pinheiros, S\u00e3o Paulo.<\/p>\n<p class=\"r\" style=\"text-align: justify;\">Fica perto do in\u00edcio da Avenida Paulista e a 100 metros do Hotel WZ, um dos hot\u00e9is sugeridos para hospedagem, no qual os inscritos no IX ENAPOL se beneficiam de descontos.<\/p>\n<\/div><\/div><\/div><\/div><\/div>\n","protected":false},"excerpt":{"rendered":"","protected":false},"author":1,"featured_media":0,"parent":19,"menu_order":5,"comment_status":"closed","ping_status":"closed","template":"","meta":{"_monsterinsights_skip_tracking":false,"_monsterinsights_sitenote_active":false,"_monsterinsights_sitenote_note":"","_monsterinsights_sitenote_category":0,"footnotes":""},"_links":{"self":[{"href":"https:\/\/enapol.com\/ix\/wp-json\/wp\/v2\/pages\/89"}],"collection":[{"href":"https:\/\/enapol.com\/ix\/wp-json\/wp\/v2\/pages"}],"about":[{"href":"https:\/\/enapol.com\/ix\/wp-json\/wp\/v2\/types\/page"}],"author":[{"embeddable":true,"href":"https:\/\/enapol.com\/ix\/wp-json\/wp\/v2\/users\/1"}],"replies":[{"embeddable":true,"href":"https:\/\/enapol.com\/ix\/wp-json\/wp\/v2\/comments?post=89"}],"version-history":[{"count":2,"href":"https:\/\/enapol.com\/ix\/wp-json\/wp\/v2\/pages\/89\/revisions"}],"predecessor-version":[{"id":190,"href":"https:\/\/enapol.com\/ix\/wp-json\/wp\/v2\/pages\/89\/revisions\/190"}],"up":[{"embeddable":true,"href":"https:\/\/enapol.com\/ix\/wp-json\/wp\/v2\/pages\/19"}],"wp:attachment":[{"href":"https:\/\/enapol.com\/ix\/wp-json\/wp\/v2\/media?parent=89"}],"curies":[{"name":"wp","href":"https:\/\/api.w.org\/{rel}","templated":true}]}}