{"id":93,"date":"2021-09-11T13:34:08","date_gmt":"2021-09-11T16:34:08","guid":{"rendered":"http:\/\/x-enapol.org\/ix\/?page_id=93"},"modified":"2021-09-11T17:05:29","modified_gmt":"2021-09-11T20:05:29","slug":"hospedagem","status":"publish","type":"page","link":"https:\/\/enapol.com\/ix\/pt\/encontro\/hospedagem\/","title":{"rendered":"Hospedagem"},"content":{"rendered":"<div class=\"fusion-fullwidth fullwidth-box fusion-builder-row-1 fusion-flex-container nonhundred-percent-fullwidth non-hundred-percent-height-scrolling\" style=\"--awb-border-radius-top-left:0px;--awb-border-radius-top-right:0px;--awb-border-radius-bottom-right:0px;--awb-border-radius-bottom-left:0px;--awb-flex-wrap:wrap;\" ><div class=\"fusion-builder-row fusion-row fusion-flex-align-items-flex-start fusion-flex-content-wrap\" style=\"max-width:1352px;margin-left: calc(-4% \/ 2 );margin-right: calc(-4% \/ 2 );\"><div class=\"fusion-layout-column fusion_builder_column fusion-builder-column-0 fusion_builder_column_1_1 1_1 fusion-flex-column\" style=\"--awb-bg-size:cover;--awb-width-large:100%;--awb-margin-top-large:0px;--awb-spacing-right-large:1.92%;--awb-margin-bottom-large:20px;--awb-spacing-left-large:1.92%;--awb-width-medium:100%;--awb-order-medium:0;--awb-spacing-right-medium:1.92%;--awb-spacing-left-medium:1.92%;--awb-width-small:100%;--awb-order-small:0;--awb-spacing-right-small:1.92%;--awb-spacing-left-small:1.92%;\"><div class=\"fusion-column-wrapper fusion-column-has-shadow fusion-flex-justify-content-flex-start fusion-content-layout-column\"><div class=\"fusion-image-element \" style=\"--awb-bottom-shadow-color:rgba(0,0,0,0.4);--awb-caption-title-font-family:var(--h2_typography-font-family);--awb-caption-title-font-weight:var(--h2_typography-font-weight);--awb-caption-title-font-style:var(--h2_typography-font-style);--awb-caption-title-size:var(--h2_typography-font-size);--awb-caption-title-transform:var(--h2_typography-text-transform);--awb-caption-title-line-height:var(--h2_typography-line-height);--awb-caption-title-letter-spacing:var(--h2_typography-letter-spacing);\"><div class=\"awb-image-frame awb-image-frame-1 awb-bottomshadow\"><span class=\" fusion-imageframe imageframe-bottomshadow imageframe-1 hover-type-none\"><img decoding=\"async\" width=\"1382\" height=\"922\" title=\"cfa33d46-e078-408c-80f4-844ff4ff722d\" src=\"http:\/\/enapol.com\/ix\/wp-content\/uploads\/sites\/5\/2021\/09\/cfa33d46-e078-408c-80f4-844ff4ff722d.jpg\" alt class=\"img-responsive wp-image-191\" srcset=\"https:\/\/enapol.com\/ix\/wp-content\/uploads\/sites\/5\/2021\/09\/cfa33d46-e078-408c-80f4-844ff4ff722d-200x133.jpg 200w, https:\/\/enapol.com\/ix\/wp-content\/uploads\/sites\/5\/2021\/09\/cfa33d46-e078-408c-80f4-844ff4ff722d-400x267.jpg 400w, https:\/\/enapol.com\/ix\/wp-content\/uploads\/sites\/5\/2021\/09\/cfa33d46-e078-408c-80f4-844ff4ff722d-600x400.jpg 600w, https:\/\/enapol.com\/ix\/wp-content\/uploads\/sites\/5\/2021\/09\/cfa33d46-e078-408c-80f4-844ff4ff722d-800x534.jpg 800w, https:\/\/enapol.com\/ix\/wp-content\/uploads\/sites\/5\/2021\/09\/cfa33d46-e078-408c-80f4-844ff4ff722d-1200x801.jpg 1200w, https:\/\/enapol.com\/ix\/wp-content\/uploads\/sites\/5\/2021\/09\/cfa33d46-e078-408c-80f4-844ff4ff722d.jpg 1382w\" sizes=\"(max-width: 1024px) 100vw, (max-width: 640px) 100vw, 1382px\" \/><\/span><svg xmlns=\"http:\/\/www.w3.org\/2000\/svg\" version=\"1.1\" width=\"100%\" viewBox=\"0 0 600 28\" preserveAspectRatio=\"none\"><g clip-path=\"url(#a)\"><mask id=\"b\" style=\"mask-type:luminance\" maskUnits=\"userSpaceOnUse\" x=\"0\" y=\"0\" width=\"600\" height=\"28\"><path d=\"M0 0h600v28H0V0Z\" fill=\"#fff\"\/><\/mask><g filter=\"url(#c)\" mask=\"url(#b)\"><path d=\"M16.439-18.667h567.123v30.8S438.961-8.4 300-8.4C161.04-8.4 16.438 12.133 16.438 12.133v-30.8Z\" fill=\"#000\"\/><\/g><\/g><defs><clipPath id=\"a\"><path fill=\"#fff\" d=\"M0 0h600v28H0z\"\/><\/clipPath><filter id=\"c\" x=\"5.438\" y=\"-29.667\" width=\"589.123\" height=\"52.8\" filterUnits=\"userSpaceOnUse\" color-interpolation-filters=\"sRGB\"><feFlood flood-opacity=\"0\" result=\"BackgroundImageFix\"\/><feBlend in=\"SourceGraphic\" in2=\"BackgroundImageFix\" result=\"shape\"\/><feGaussianBlur stdDeviation=\"5.5\" result=\"effect1_foregroundBlur_3983_183\"\/><\/filter><\/defs><\/svg><\/div><\/div><div class=\"fusion-separator fusion-full-width-sep\" style=\"align-self: center;margin-left: auto;margin-right: auto;margin-top:20px;margin-bottom:20px;width:100%;\"><\/div><div class=\"fusion-text fusion-text-1\"><p class=\"r\" style=\"text-align: justify;\">A Comiss\u00e3o de Acolhimento do IX ENAPOL quer ajud\u00e1-lo a ter uma estadia agrad\u00e1vel e proveitosa em S\u00e3o Paulo.<\/p>\n<p class=\"r\" style=\"text-align: justify;\">S\u00e3o Paulo, dif\u00edcil descrev\u00ea-la: metr\u00f3pole tipicamente urbana e multifacetada, ao mesmo tempo assusta e fascina. O mais importante centro econ\u00f4mico do pa\u00eds oferece uma gama infinita de op\u00e7\u00f5es de estadia, entretenimento, gastronomia, cultura.<\/p>\n<p class=\"r\" style=\"text-align: justify;\">Vamos ajud\u00e1-lo a trilhar por sua imensid\u00e3o, apresentando op\u00e7\u00f5es que facilitem sua perman\u00eancia por aqui.<\/p>\n<p class=\"r\" style=\"text-align: justify;\">Para come\u00e7ar, trazemos op\u00e7\u00f5es de estadia. S\u00e3o hot\u00e9is de diferentes categorias, mas todos pr\u00f3ximos ao Centro de Conven\u00e7\u00f5es Rebou\u00e7as.<\/p>\n<p class=\"r\" style=\"text-align: justify;\">O\u00a0<span class=\"bold\">WZ Hotel Jardins<\/span> \u00e9 nossa sugest\u00e3o principal. A apenas 400 metros do Centro de Conven\u00e7\u00f5es Rebou\u00e7as, ele oferece tarifas especiais para os h\u00f3spedes que vierem para o ENAPOL.<\/p>\n<\/div><div class=\"fusion-separator fusion-full-width-sep\" style=\"align-self: center;margin-left: auto;margin-right: auto;margin-top:10px;margin-bottom:10px;width:100%;\"><\/div><div style=\"text-align:right;\"><a class=\"fusion-button button-flat fusion-button-default-size button-default fusion-button-default button-1 fusion-button-default-span fusion-button-default-type\" target=\"_blank\" rel=\"noopener noreferrer\" href=\"https:\/\/www.wzhoteljardins.com.br\/\"><span class=\"fusion-button-text\">AMPLIAR<\/span><\/a><\/div><\/div><\/div><\/div><\/div>\n","protected":false},"excerpt":{"rendered":"","protected":false},"author":1,"featured_media":0,"parent":19,"menu_order":6,"comment_status":"closed","ping_status":"closed","template":"","meta":{"_monsterinsights_skip_tracking":false,"_monsterinsights_sitenote_active":false,"_monsterinsights_sitenote_note":"","_monsterinsights_sitenote_category":0,"footnotes":""},"_links":{"self":[{"href":"https:\/\/enapol.com\/ix\/wp-json\/wp\/v2\/pages\/93"}],"collection":[{"href":"https:\/\/enapol.com\/ix\/wp-json\/wp\/v2\/pages"}],"about":[{"href":"https:\/\/enapol.com\/ix\/wp-json\/wp\/v2\/types\/page"}],"author":[{"embeddable":true,"href":"https:\/\/enapol.com\/ix\/wp-json\/wp\/v2\/users\/1"}],"replies":[{"embeddable":true,"href":"https:\/\/enapol.com\/ix\/wp-json\/wp\/v2\/comments?post=93"}],"version-history":[{"count":2,"href":"https:\/\/enapol.com\/ix\/wp-json\/wp\/v2\/pages\/93\/revisions"}],"predecessor-version":[{"id":195,"href":"https:\/\/enapol.com\/ix\/wp-json\/wp\/v2\/pages\/93\/revisions\/195"}],"up":[{"embeddable":true,"href":"https:\/\/enapol.com\/ix\/wp-json\/wp\/v2\/pages\/19"}],"wp:attachment":[{"href":"https:\/\/enapol.com\/ix\/wp-json\/wp\/v2\/media?parent=93"}],"curies":[{"name":"wp","href":"https:\/\/api.w.org\/{rel}","templated":true}]}}