{"id":95,"date":"2021-09-11T13:34:57","date_gmt":"2021-09-11T16:34:57","guid":{"rendered":"http:\/\/x-enapol.org\/ix\/?page_id=95"},"modified":"2021-09-11T17:30:22","modified_gmt":"2021-09-11T20:30:22","slug":"turismo","status":"publish","type":"page","link":"https:\/\/enapol.com\/ix\/encuentro\/turismo\/","title":{"rendered":"Turismo"},"content":{"rendered":"<p><div class=\"fusion-fullwidth fullwidth-box fusion-builder-row-1 fusion-flex-container nonhundred-percent-fullwidth non-hundred-percent-height-scrolling\" style=\"--awb-border-radius-top-left:0px;--awb-border-radius-top-right:0px;--awb-border-radius-bottom-right:0px;--awb-border-radius-bottom-left:0px;--awb-flex-wrap:wrap;\" ><div class=\"fusion-builder-row fusion-row fusion-flex-align-items-flex-start fusion-flex-content-wrap\" style=\"max-width:1352px;margin-left: calc(-4% \/ 2 );margin-right: calc(-4% \/ 2 );\"><div class=\"fusion-layout-column fusion_builder_column fusion-builder-column-0 fusion_builder_column_1_1 1_1 fusion-flex-column\" style=\"--awb-bg-size:cover;--awb-width-large:100%;--awb-margin-top-large:0px;--awb-spacing-right-large:1.92%;--awb-margin-bottom-large:20px;--awb-spacing-left-large:1.92%;--awb-width-medium:100%;--awb-order-medium:0;--awb-spacing-right-medium:1.92%;--awb-spacing-left-medium:1.92%;--awb-width-small:100%;--awb-order-small:0;--awb-spacing-right-small:1.92%;--awb-spacing-left-small:1.92%;\"><div class=\"fusion-column-wrapper fusion-column-has-shadow fusion-flex-justify-content-flex-start fusion-content-layout-column\"><div class=\"fusion-text fusion-text-1\"><p style=\"text-align: justify;\">El Comit\u00e9 de Bienvenida ha preparado algunos consejos para el ocio, la cultura y la gastronom\u00eda en la regi\u00f3n central de S\u00e3o Paulo y en la Avenida Paulista para que pueda disfrutar de lo mejor de S\u00e3o Paulo. \u00a1Divertirse!<\/p>\n<\/div><\/div><\/div><\/div><\/div><div class=\"fusion-fullwidth fullwidth-box fusion-builder-row-2 fusion-flex-container nonhundred-percent-fullwidth non-hundred-percent-height-scrolling\" style=\"--awb-border-radius-top-left:0px;--awb-border-radius-top-right:0px;--awb-border-radius-bottom-right:0px;--awb-border-radius-bottom-left:0px;--awb-flex-wrap:wrap;\" ><div class=\"fusion-builder-row fusion-row fusion-flex-align-items-flex-start fusion-flex-content-wrap\" style=\"max-width:1352px;margin-left: calc(-4% \/ 2 );margin-right: calc(-4% \/ 2 );\"><div class=\"fusion-layout-column fusion_builder_column fusion-builder-column-1 fusion_builder_column_1_1 1_1 fusion-flex-column\" style=\"--awb-bg-size:cover;--awb-width-large:100%;--awb-margin-top-large:0px;--awb-spacing-right-large:1.92%;--awb-margin-bottom-large:20px;--awb-spacing-left-large:1.92%;--awb-width-medium:100%;--awb-order-medium:0;--awb-spacing-right-medium:1.92%;--awb-spacing-left-medium:1.92%;--awb-width-small:100%;--awb-order-small:0;--awb-spacing-right-small:1.92%;--awb-spacing-left-small:1.92%;\"><div class=\"fusion-column-wrapper fusion-column-has-shadow fusion-flex-justify-content-flex-start fusion-content-layout-column\"><div class=\"fusion-title title fusion-title-1 fusion-sep-none fusion-title-text fusion-title-size-three\"><h3 class=\"fusion-title-heading title-heading-left fusion-responsive-typography-calculated\" style=\"margin:0;--fontSize:30;line-height:1.3;\">Exposiciones<\/h3><\/div><style type='text\/css'>.reading-box-container-1 .element-bottomshadow:before,.reading-box-container-1 .element-bottomshadow:after{opacity:0.7;}<\/style><div class=\"fusion-reading-box-container reading-box-container-1\" style=\"--awb-title-color:#de0f79;--awb-margin-top:0px;--awb-margin-bottom:40px;\"><div class=\"reading-box\" style=\"background-color:#f6f6f6;border-width:1px;border-color:#f6f6f6;border-left-width:3px;border-left-color:var(--primary_color);border-style:solid;\"><h2>Man Ray em Paris _ in Paris<\/h2><div class=\"reading-box-additional fusion-reading-box-additional\">\n<ul>\n<li>Local: Centro Cultural Banco do Brasil (CCBB)<\/li>\n<li>Endere\u00e7o: Rua \u00c1lvares Penteado, 112 \u2013 Centro \u2013 S\u00e3o Paulo \u2013 SP<\/li>\n<li>Hor\u00e1rio: Todos os dias das 9h \u00e0s 21h (excetos \u00e0s ter\u00e7as-feiras) \u2013 gratuito<\/li>\n<\/ul>\n<\/div><div class=\"fusion-clearfix\"><\/div><\/div><\/div><style type='text\/css'>.reading-box-container-2 .element-bottomshadow:before,.reading-box-container-2 .element-bottomshadow:after{opacity:0.7;}<\/style><div class=\"fusion-reading-box-container reading-box-container-2\" style=\"--awb-title-color:#de0f79;--awb-margin-top:0px;--awb-margin-bottom:40px;\"><div class=\"reading-box\" style=\"background-color:#f6f6f6;border-width:1px;border-color:#f6f6f6;border-left-width:3px;border-left-color:var(--primary_color);border-style:solid;\"><h2>Paisagens de Van Gogh<\/h2><div class=\"reading-box-additional fusion-reading-box-additional\">\n<ul>\n<li>Local: Shopping P\u00e1tio Higien\u00f3polis<\/li>\n<li>Endere\u00e7o: Dr. Veiga Filho, 133 (Piso Veiga Filho)<\/li>\n<li>Hor\u00e1rio: de segunda a s\u00e1bado \u2013 das 13h00 \u00e0s 22h00 \u2013 gratuito<\/li>\n<\/ul>\n<\/div><div class=\"fusion-clearfix\"><\/div><\/div><\/div><\/div><\/div><\/div><\/div><div class=\"fusion-fullwidth fullwidth-box fusion-builder-row-3 fusion-flex-container nonhundred-percent-fullwidth non-hundred-percent-height-scrolling\" style=\"--awb-border-radius-top-left:0px;--awb-border-radius-top-right:0px;--awb-border-radius-bottom-right:0px;--awb-border-radius-bottom-left:0px;--awb-flex-wrap:wrap;\" ><div class=\"fusion-builder-row fusion-row fusion-flex-align-items-flex-start fusion-flex-content-wrap\" style=\"max-width:1352px;margin-left: calc(-4% \/ 2 );margin-right: calc(-4% \/ 2 );\"><div class=\"fusion-layout-column fusion_builder_column fusion-builder-column-2 fusion_builder_column_1_1 1_1 fusion-flex-column\" style=\"--awb-bg-size:cover;--awb-width-large:100%;--awb-margin-top-large:0px;--awb-spacing-right-large:1.92%;--awb-margin-bottom-large:20px;--awb-spacing-left-large:1.92%;--awb-width-medium:100%;--awb-order-medium:0;--awb-spacing-right-medium:1.92%;--awb-spacing-left-medium:1.92%;--awb-width-small:100%;--awb-order-small:0;--awb-spacing-right-small:1.92%;--awb-spacing-left-small:1.92%;\"><div class=\"fusion-column-wrapper fusion-column-has-shadow fusion-flex-justify-content-flex-start fusion-content-layout-column\"><div class=\"fusion-title title fusion-title-2 fusion-sep-none fusion-title-text fusion-title-size-three\"><h3 class=\"fusion-title-heading title-heading-left fusion-responsive-typography-calculated\" style=\"margin:0;--fontSize:30;line-height:1.3;\">Ocio<\/h3><\/div><style type='text\/css'>.reading-box-container-3 .element-bottomshadow:before,.reading-box-container-3 .element-bottomshadow:after{opacity:0.7;}<\/style><div class=\"fusion-reading-box-container reading-box-container-3\" style=\"--awb-title-color:#de0f79;--awb-margin-top:0px;--awb-margin-bottom:40px;\"><div class=\"reading-box\" style=\"background-color:#f6f6f6;border-width:1px;border-color:#f6f6f6;border-left-width:3px;border-left-color:var(--primary_color);border-style:solid;\"><h2>Casa de Francisca<\/h2><div class=\"reading-box-additional fusion-reading-box-additional\">\n<ul>\n<li>Casa de shows. Serve almo\u00e7os sem acompanhamento de m\u00fasica durante a semana Aos s\u00e1bados tem almo\u00e7o com m\u00fasica.<\/li>\n<li>Endere\u00e7o:\u00a0R. Quintino Bocai\u00fava, 22 \u2013 S\u00e9, S\u00e3o Paulo \u2013 SP, 01004-010<\/li>\n<li>(11) 3052-0547<\/li>\n<li>Programa\u00e7\u00e3o:\n<ul>\n<li>Dias 11 e 12 de setembro, \u00e0s 21h30: Met\u00e1 Met\u00e1 (a banda faz uma nova abordagem da m\u00fasica brasileira, fundindo elementos da can\u00e7\u00e3o brasileira com m\u00fasica africana, jazz e rock.)<\/li>\n<li>Dia 13 de setembro, \u00e0s 22h: Cida Moreira \u2013 Can\u00e7\u00f5es para tempos incertos<\/li>\n<\/ul>\n<\/li>\n<li>A casa \u00e9 muito concorrida. N\u00e3o deixe de reservar seu lugar!<\/li>\n<\/ul>\n<\/div><div class=\"fusion-clearfix\"><\/div><\/div><\/div><style type='text\/css'>.reading-box-container-4 .element-bottomshadow:before,.reading-box-container-4 .element-bottomshadow:after{opacity:0.7;}<\/style><div class=\"fusion-reading-box-container reading-box-container-4\" style=\"--awb-title-color:#de0f79;--awb-margin-top:0px;--awb-margin-bottom:40px;\"><div class=\"reading-box\" style=\"background-color:#f6f6f6;border-width:1px;border-color:#f6f6f6;border-left-width:3px;border-left-color:var(--primary_color);border-style:solid;\"><h2>IMS Instituto Moreira Sales<\/h2><div class=\"reading-box-additional fusion-reading-box-additional\">\n<ul>\n<li>Al\u00e9m de \u00e1reas para exposi\u00e7\u00f5es, com mais de 1200 metros quadrados, o IMS Paulista conta tamb\u00e9m com um cineteatro \u2013 onde acontecem mostras de filmes, eventos musicais, semin\u00e1rios e debates.<\/li>\n<li>Endere\u00e7o:\u00a0Avenida Paulista, 2424 \u2013 S\u00e3o Paulo \u2013 SP<\/li>\n<li>(11) 2842-9120<\/li>\n<li>Entrada gratuita para o centro cultural e exposi\u00e7\u00f5es. Verificar pre\u00e7o de outras atividades.<\/li>\n<li>Confira a programa\u00e7\u00e3o em: https:\/\/ims.com.br\/programacao\/#sao-paulo<\/li>\n<\/ul>\n<\/div><div class=\"fusion-clearfix\"><\/div><\/div><\/div><\/div><\/div><\/div><\/div><div class=\"fusion-fullwidth fullwidth-box fusion-builder-row-4 fusion-flex-container nonhundred-percent-fullwidth non-hundred-percent-height-scrolling\" style=\"--awb-border-radius-top-left:0px;--awb-border-radius-top-right:0px;--awb-border-radius-bottom-right:0px;--awb-border-radius-bottom-left:0px;--awb-flex-wrap:wrap;\" ><div class=\"fusion-builder-row fusion-row fusion-flex-align-items-flex-start fusion-flex-content-wrap\" style=\"max-width:1352px;margin-left: calc(-4% \/ 2 );margin-right: calc(-4% \/ 2 );\"><div class=\"fusion-layout-column fusion_builder_column fusion-builder-column-3 fusion_builder_column_1_1 1_1 fusion-flex-column\" style=\"--awb-bg-size:cover;--awb-width-large:100%;--awb-margin-top-large:0px;--awb-spacing-right-large:1.92%;--awb-margin-bottom-large:20px;--awb-spacing-left-large:1.92%;--awb-width-medium:100%;--awb-order-medium:0;--awb-spacing-right-medium:1.92%;--awb-spacing-left-medium:1.92%;--awb-width-small:100%;--awb-order-small:0;--awb-spacing-right-small:1.92%;--awb-spacing-left-small:1.92%;\"><div class=\"fusion-column-wrapper fusion-column-has-shadow fusion-flex-justify-content-flex-start fusion-content-layout-column\"><div class=\"fusion-title title fusion-title-3 fusion-sep-none fusion-title-text fusion-title-size-three\"><h3 class=\"fusion-title-heading title-heading-left fusion-responsive-typography-calculated\" style=\"margin:0;--fontSize:30;line-height:1.3;\">Restaurantes cerca del Centro de Convenciones Rebou\u00e7as<\/h3><\/div><style type='text\/css'>.reading-box-container-5 .element-bottomshadow:before,.reading-box-container-5 .element-bottomshadow:after{opacity:0.7;}<\/style><div class=\"fusion-reading-box-container reading-box-container-5\" style=\"--awb-title-color:#de0f79;--awb-margin-top:0px;--awb-margin-bottom:40px;\"><div class=\"reading-box\" style=\"background-color:#f6f6f6;border-width:1px;border-color:#f6f6f6;border-left-width:3px;border-left-color:var(--primary_color);border-style:solid;\"><h2>955 Lounge e Restaurante do WZ Hotel Jardins<\/h2><div class=\"reading-box-additional fusion-reading-box-additional\">\n<ul>\n<li>Avenida Rebou\u00e7as, 955 \u2013 entre Rua Oscar Freire e Alameda Lorena<\/li>\n<li>Noite de massas e risotos durante os meses de agosto e aetembro.<\/li>\n<li>Tel:(11) 3069-0000 \/ 0800-129422<\/li>\n<\/ul>\n<\/div><div class=\"fusion-clearfix\"><\/div><\/div><\/div><style type='text\/css'>.reading-box-container-6 .element-bottomshadow:before,.reading-box-container-6 .element-bottomshadow:after{opacity:0.7;}<\/style><div class=\"fusion-reading-box-container reading-box-container-6\" style=\"--awb-title-color:#de0f79;--awb-margin-top:0px;--awb-margin-bottom:40px;\"><div class=\"reading-box\" style=\"background-color:#f6f6f6;border-width:1px;border-color:#f6f6f6;border-left-width:3px;border-left-color:var(--primary_color);border-style:solid;\"><h2>Restaurante Tordesilhas \u2013 Cozinha Brasileira<\/h2><div class=\"reading-box-additional fusion-reading-box-additional\">\n<ul>\n<li>Alameda Tiet\u00ea, 489 \u2013 Jardins<\/li>\n<li>Gastronomia brasileira, com sabores das fazendas mineiras e toques de temperos baianos, em ambiente acolhedor.<\/li>\n<li>Tel: (11) 3107-7444<\/li>\n<\/ul>\n<\/div><div class=\"fusion-clearfix\"><\/div><\/div><\/div><style type='text\/css'>.reading-box-container-7 .element-bottomshadow:before,.reading-box-container-7 .element-bottomshadow:after{opacity:0.7;}<\/style><div class=\"fusion-reading-box-container reading-box-container-7\" style=\"--awb-title-color:#de0f79;--awb-margin-top:0px;--awb-margin-bottom:40px;\"><div class=\"reading-box\" style=\"background-color:#f6f6f6;border-width:1px;border-color:#f6f6f6;border-left-width:3px;border-left-color:var(--primary_color);border-style:solid;\"><h2>Achapa<\/h2><div class=\"reading-box-additional fusion-reading-box-additional\">\n<ul>\n<li>Alameda Lorena, 2096 \u2013 Jardim Paulista<\/li>\n<\/ul>\n<\/div><div class=\"fusion-clearfix\"><\/div><\/div><\/div><style type='text\/css'>.reading-box-container-8 .element-bottomshadow:before,.reading-box-container-8 .element-bottomshadow:after{opacity:0.7;}<\/style><div class=\"fusion-reading-box-container reading-box-container-8\" style=\"--awb-title-color:#de0f79;--awb-margin-top:0px;--awb-margin-bottom:40px;\"><div class=\"reading-box\" style=\"background-color:#f6f6f6;border-width:1px;border-color:#f6f6f6;border-left-width:3px;border-left-color:var(--primary_color);border-style:solid;\"><h2>Lanchonete da Cidade<\/h2><div class=\"reading-box-additional fusion-reading-box-additional\">\n<ul>\n<li>Alameda Tiet\u00ea, 110 \u2013 Jardim Paulista<\/li>\n<\/ul>\n<\/div><div class=\"fusion-clearfix\"><\/div><\/div><\/div><style type='text\/css'>.reading-box-container-9 .element-bottomshadow:before,.reading-box-container-9 .element-bottomshadow:after{opacity:0.7;}<\/style><div class=\"fusion-reading-box-container reading-box-container-9\" style=\"--awb-title-color:#de0f79;--awb-margin-top:0px;--awb-margin-bottom:40px;\"><div class=\"reading-box\" style=\"background-color:#f6f6f6;border-width:1px;border-color:#f6f6f6;border-left-width:3px;border-left-color:var(--primary_color);border-style:solid;\"><h2>Dengosa P\u00e3es e Doces<\/h2><div class=\"reading-box-additional fusion-reading-box-additional\">\n<ul>\n<li>Rua Doutor Melo Alves 281 Cerqueira Cesar<\/li>\n<\/ul>\n<\/div><div class=\"fusion-clearfix\"><\/div><\/div><\/div><style type='text\/css'>.reading-box-container-10 .element-bottomshadow:before,.reading-box-container-10 .element-bottomshadow:after{opacity:0.7;}<\/style><div class=\"fusion-reading-box-container reading-box-container-10\" style=\"--awb-title-color:#de0f79;--awb-margin-top:0px;--awb-margin-bottom:40px;\"><div class=\"reading-box\" style=\"background-color:#f6f6f6;border-width:1px;border-color:#f6f6f6;border-left-width:3px;border-left-color:var(--primary_color);border-style:solid;\"><h2>Benjamin Abrah\u00e3o \u2013 Mundo dos P\u00e3es<\/h2><div class=\"reading-box-additional fusion-reading-box-additional\">\n<ul>\n<li>Rua Jos\u00e9 Maria Lisboa, 1397 \u2013 Jardim Paulista<\/li>\n<\/ul>\n<\/div><div class=\"fusion-clearfix\"><\/div><\/div><\/div><\/div><\/div><\/div><\/div><\/p>\n","protected":false},"excerpt":{"rendered":"","protected":false},"author":1,"featured_media":0,"parent":17,"menu_order":7,"comment_status":"closed","ping_status":"closed","template":"","meta":{"_monsterinsights_skip_tracking":false,"_monsterinsights_sitenote_active":false,"_monsterinsights_sitenote_note":"","_monsterinsights_sitenote_category":0,"footnotes":""},"_links":{"self":[{"href":"https:\/\/enapol.com\/ix\/wp-json\/wp\/v2\/pages\/95"}],"collection":[{"href":"https:\/\/enapol.com\/ix\/wp-json\/wp\/v2\/pages"}],"about":[{"href":"https:\/\/enapol.com\/ix\/wp-json\/wp\/v2\/types\/page"}],"author":[{"embeddable":true,"href":"https:\/\/enapol.com\/ix\/wp-json\/wp\/v2\/users\/1"}],"replies":[{"embeddable":true,"href":"https:\/\/enapol.com\/ix\/wp-json\/wp\/v2\/comments?post=95"}],"version-history":[{"count":9,"href":"https:\/\/enapol.com\/ix\/wp-json\/wp\/v2\/pages\/95\/revisions"}],"predecessor-version":[{"id":203,"href":"https:\/\/enapol.com\/ix\/wp-json\/wp\/v2\/pages\/95\/revisions\/203"}],"up":[{"embeddable":true,"href":"https:\/\/enapol.com\/ix\/wp-json\/wp\/v2\/pages\/17"}],"wp:attachment":[{"href":"https:\/\/enapol.com\/ix\/wp-json\/wp\/v2\/media?parent=95"}],"curies":[{"name":"wp","href":"https:\/\/api.w.org\/{rel}","templated":true}]}}