{"id":100,"date":"2021-08-12T23:58:05","date_gmt":"2021-08-13T02:58:05","guid":{"rendered":"http:\/\/x-enapol.org\/vi\/?page_id=100"},"modified":"2021-08-19T02:30:20","modified_gmt":"2021-08-19T05:30:20","slug":"bibliografia","status":"publish","type":"page","link":"https:\/\/enapol.com\/vi\/bibliografia\/","title":{"rendered":"BIBLIOGRAF\u00cdA"},"content":{"rendered":"<div class=\"fusion-fullwidth fullwidth-box fusion-builder-row-1 fusion-flex-container nonhundred-percent-fullwidth non-hundred-percent-height-scrolling\" style=\"--awb-border-radius-top-left:0px;--awb-border-radius-top-right:0px;--awb-border-radius-bottom-right:0px;--awb-border-radius-bottom-left:0px;--awb-flex-wrap:wrap;\" ><div class=\"fusion-builder-row fusion-row fusion-flex-align-items-flex-start fusion-flex-content-wrap\" style=\"max-width:1352px;margin-left: calc(-4% \/ 2 );margin-right: calc(-4% \/ 2 );\"><div class=\"fusion-layout-column fusion_builder_column fusion-builder-column-0 fusion_builder_column_1_1 1_1 fusion-flex-column\" style=\"--awb-bg-size:cover;--awb-width-large:100%;--awb-margin-top-large:0px;--awb-spacing-right-large:1.92%;--awb-margin-bottom-large:20px;--awb-spacing-left-large:1.92%;--awb-width-medium:100%;--awb-order-medium:0;--awb-spacing-right-medium:1.92%;--awb-spacing-left-medium:1.92%;--awb-width-small:100%;--awb-order-small:0;--awb-spacing-right-small:1.92%;--awb-spacing-left-small:1.92%;\"><div class=\"fusion-column-wrapper fusion-column-has-shadow fusion-flex-justify-content-flex-start fusion-content-layout-column\"><div class=\"fusion-text fusion-text-1\"><p style=\"text-align: justify;\"><strong>Responsable<\/strong>: Nicol\u00e1s Bouso\u00f1o<\/p>\n<p style=\"text-align: justify;\">La rese\u00f1a bibliogr\u00e1fica para nuestro pr\u00f3ximo Encuentro Americano se inicia con un art\u00edculo en el que Freud da cuenta de una observaci\u00f3n brillante; la observaci\u00f3n que abre la posibilidad de la pr\u00e1ctica psicoanal\u00edtica. El texto &#8211; en el tono de la ciencia de la \u00e9poca freudiana\u2013 ubica, de manera irrefutable, la relaci\u00f3n entre el cuerpo y el lenguaje. Lo que sigue desde all\u00ed, es el psicoan\u00e1lisis mismo.<\/p>\n<p style=\"text-align: justify;\">El primer segmento de la rese\u00f1a destaca algunos de los textos fundamentales en relaci\u00f3n con los temas que enmarcan el trabajo hacia el Encuentro: la palabra, el cuerpo, las normas y lo real.<\/p>\n<p style=\"text-align: justify;\">Podr\u00edamos articularlos como una pregunta &#8211; \u00bfQu\u00e9 relaci\u00f3n entre el cuerpo y las palabras cuando la transformaci\u00f3n de lo simb\u00f3lico pone en crisis a las normas y agita lo real? &#8211; para dar lugar a la actualidad de nuestra conceptualizaci\u00f3n y nuestra pr\u00e1ctica. Actualidad escandida por los ejes de trabajo que elabor\u00f3 la comisi\u00f3n cient\u00edfica del ENAPOL; estos organizan la selecci\u00f3n de textos, no todos del psicoan\u00e1lisis, aunque si todos apuntando a la inquietud que da vida al encuentro; \u00bfC\u00f3mo responder a las problem\u00e1ticas que nuestra \u00e9poca nos plantea?<\/p>\n<p style=\"text-align: justify;\">Les proponemos una lista fragmentaria, que ir\u00e1 variando en su contenido y en su ordenamiento a medida que progrese el trabajo hacia el ENAPOL 6. Una lista viva, que se sirva de los instrumentos de la \u00e9poca para hacer nuestra tarea m\u00e1s fruct\u00edfera.<\/p>\n<p style=\"text-align: justify;\">La propuesta es que sea interactiva. Si tienen alg\u00fan texto que sugerir, si consideran que alguna lectura merece ser compartida por la comunidad del Campo Freudiano, pueden enviarlo a\u00a0<a href=\"mailto:bibliograf%C3%ADa@enapol.com\">bibliograf\u00eda@enapol.com<\/a>\u00a0y veremos de incluirla.<\/p>\n<hr \/>\n<p style=\"text-align: justify;\">La comisi\u00f3n de bibliograf\u00eda agradece los aportes de Marcela Almanza, Natalia Andreini, Jorge Assef, Viviana Berger, Vilma Coccoz, Carolina C\u00f3rdoba, Pablo Da Cruz, Graciela Diosque, Rosana Fautsch, Araceli Fuentes, Mariana G\u00f3mez, Jessica Jara, Melina Molinari, Margarita Munera, Gerardo Ortega, Marina Recalde, Adolfo Ruiz Londo\u00f1o, Fabi\u00e1n Schejtman, Raquel Vargas, Noem\u00ed V\u00e9lez, Roxana Vogler, Alejandro Willington.<\/p>\n<p style=\"text-align: justify;\"><b>Y por la bibliografia en portugu\u00eas<\/b><br \/>\nCoordena\u00e7\u00e3o de bibliotecas da EBP [Marcela Antelo-membro AMP\/EBP]\nEquipe bibliograf\u00eda VI Enapol: Ana Tereza Groisman -Membro AMP\/EBP (coordena\u00e7\u00e3o), Valeria Ferranti &#8211; Membro AMP\/EBP, Luciana Silviano Brand\u00e3o, Correspondente EBP &#8211; Se\u00e7\u00e3o Minas Gerais<\/p>\n<\/div><\/div><\/div><\/div><\/div>\n","protected":false},"excerpt":{"rendered":"","protected":false},"author":1,"featured_media":0,"parent":0,"menu_order":6,"comment_status":"closed","ping_status":"closed","template":"","meta":{"_monsterinsights_skip_tracking":false,"_monsterinsights_sitenote_active":false,"_monsterinsights_sitenote_note":"","_monsterinsights_sitenote_category":0,"footnotes":""},"_links":{"self":[{"href":"https:\/\/enapol.com\/vi\/wp-json\/wp\/v2\/pages\/100"}],"collection":[{"href":"https:\/\/enapol.com\/vi\/wp-json\/wp\/v2\/pages"}],"about":[{"href":"https:\/\/enapol.com\/vi\/wp-json\/wp\/v2\/types\/page"}],"author":[{"embeddable":true,"href":"https:\/\/enapol.com\/vi\/wp-json\/wp\/v2\/users\/1"}],"replies":[{"embeddable":true,"href":"https:\/\/enapol.com\/vi\/wp-json\/wp\/v2\/comments?post=100"}],"version-history":[{"count":4,"href":"https:\/\/enapol.com\/vi\/wp-json\/wp\/v2\/pages\/100\/revisions"}],"predecessor-version":[{"id":1388,"href":"https:\/\/enapol.com\/vi\/wp-json\/wp\/v2\/pages\/100\/revisions\/1388"}],"wp:attachment":[{"href":"https:\/\/enapol.com\/vi\/wp-json\/wp\/v2\/media?parent=100"}],"curies":[{"name":"wp","href":"https:\/\/api.w.org\/{rel}","templated":true}]}}