{"id":102,"date":"2021-08-12T23:58:27","date_gmt":"2021-08-13T02:58:27","guid":{"rendered":"http:\/\/x-enapol.org\/vi\/?page_id=102"},"modified":"2021-08-19T02:31:48","modified_gmt":"2021-08-19T05:31:48","slug":"bibliografia-2","status":"publish","type":"page","link":"https:\/\/enapol.com\/vi\/pt\/bibliografia-2\/","title":{"rendered":"BIBLIOGRAFIA"},"content":{"rendered":"<div class=\"fusion-fullwidth fullwidth-box fusion-builder-row-1 fusion-flex-container nonhundred-percent-fullwidth non-hundred-percent-height-scrolling\" style=\"--awb-border-radius-top-left:0px;--awb-border-radius-top-right:0px;--awb-border-radius-bottom-right:0px;--awb-border-radius-bottom-left:0px;--awb-flex-wrap:wrap;\" ><div class=\"fusion-builder-row fusion-row fusion-flex-align-items-flex-start fusion-flex-content-wrap\" style=\"max-width:1352px;margin-left: calc(-4% \/ 2 );margin-right: calc(-4% \/ 2 );\"><div class=\"fusion-layout-column fusion_builder_column fusion-builder-column-0 fusion_builder_column_1_1 1_1 fusion-flex-column\" style=\"--awb-bg-size:cover;--awb-width-large:100%;--awb-margin-top-large:0px;--awb-spacing-right-large:1.92%;--awb-margin-bottom-large:20px;--awb-spacing-left-large:1.92%;--awb-width-medium:100%;--awb-order-medium:0;--awb-spacing-right-medium:1.92%;--awb-spacing-left-medium:1.92%;--awb-width-small:100%;--awb-order-small:0;--awb-spacing-right-small:1.92%;--awb-spacing-left-small:1.92%;\"><div class=\"fusion-column-wrapper fusion-column-has-shadow fusion-flex-justify-content-flex-start fusion-content-layout-column\"><div class=\"fusion-text fusion-text-1\"><p style=\"text-align: justify;\"><strong>Respons\u00e1vel<\/strong>: Nicol\u00e1s Bouso\u00f1o<\/p>\n<p style=\"text-align: justify;\">A rela\u00e7\u00e3o da bibliografia para nosso pr\u00f3ximo Encontro Americano come\u00e7a com um artigo em que Freud faz uma observa\u00e7\u00e3o brilhante, observa\u00e7\u00e3o que abre espa\u00e7o para a possibilidade da pr\u00e1tica psicanal\u00edtica. O texto \u2013no tom da ci\u00eancia da \u00e9poca freudiana\u2013 localiza, de maneira irrefut\u00e1vel, a rela\u00e7\u00e3o intr\u00ednseca entre o corpo e as palavras. O que segue, a partir dali, \u00e9 a pr\u00f3pria psican\u00e1lise.<\/p>\n<p style=\"text-align: justify;\">O primeiro segmento da resenha destaca alguns textos fundamentais em rela\u00e7\u00e3o com os temas do Encontro: a palavra, o corpo, as normas e o real.<\/p>\n<p style=\"text-align: justify;\">Podem se articular com uma pregunta: Qual \u00e9 a rela\u00e7\u00e3o entre o corpo e as palavras quando a transforma\u00e7\u00e3o do simb\u00f3lico p\u00f5e em crise as normas e agita o real? Quest\u00e3o que da lugar \u00e0 atualidade de nossa conceptualiza\u00e7\u00e3o e de nossa pr\u00e1tica. Atualidade escandida pelos eixos do trabalho que elabora a comiss\u00e3o cient\u00edfica do ENAPOL que tamb\u00e9m organiza a sele\u00e7\u00e3o de textos. N\u00e3o s\u00f3 de psican\u00e1lise embora todos apontem \u00e0 inquietude que da vida ao Encontro: como responder aos problemas que nossa \u00e9poca apresenta?<\/p>\n<p style=\"text-align: justify;\">Propomos-lhes uma lista fragmentada, que variar\u00e1 em seu conte\u00fado e ordenamento, \u00e0 medida que progrida o trabalho em dire\u00e7\u00e3o ao ENAPOL 6. Uma lista viva que sirva dos instrumentos da \u00e9poca para fazer nossa tarefa mais frut\u00edfera.<\/p>\n<p style=\"text-align: justify;\">A proposta \u00e9 que ela seja interativa. Caso queiram sugerir algum texto, caso considerem que h\u00e1 alguma leitura que merece ser compartilhada pela comunidade do Campo Freudiano, voc\u00eas podem envi\u00e1-la para:\u00a0<a href=\"mailto:bibliografia@enapol.com\">bibliografia@enapol.com<\/a>, que providenciaremos sua inclus\u00e3o.<\/p>\n<p style=\"text-align: justify;\">Encontrar\u00e3o tamb\u00e9m no final da listagem, e como fruto desta proposta, dois arquivos em formato PDF. Um, com uma lista dos artigos publicados sobre o tema na revista\u00a0<i>Op\u00e7\u00e3o Lacaniana<\/i>\u00a0da EBP; outro, com cap\u00edtulos de diferentes livros. Os textos selecionados est\u00e3o inclu\u00eddos na lista principal; n\u00f3s os reunimos em separado porque poderiam facilitar alguma pesquisa particular.<\/p>\n<hr \/>\n<p style=\"text-align: justify;\"><b>Bibliografia em portugu\u00eas<\/b><br \/>\nCoordena\u00e7\u00e3o de bibliotecas da EBP [Marcela Antelo-membro AMP\/EBP]<\/p>\n<p style=\"text-align: justify;\">Equipe bibliograf\u00eda VI Enapol: Ana Tereza Groisman -Membro AMP\/EBP (coordena\u00e7\u00e3o), Valeria Ferranti &#8211; Membro AMP\/EBP, Luciana Silviano Brand\u00e3o, Correspondente EBP &#8211; Se\u00e7\u00e3o Minas Gerais<\/p>\n<p style=\"text-align: justify;\">A comiss\u00e3o encarregada da bibliografia agradece os aportes de Marcela Almanza, Viviana Berger, Vilma Coccoz, Pablo Da Cruz, Rosana Fautsch, Jessica Jara, Melina Molinari, Margarita Munera, Gerardo Ortega, Marina Recalde, Adolfo Ruiz Londo\u00f1o, Fabi\u00e1n Schejtman, Raquel Vargas, Roxana Vogler.<\/p>\n<\/div><\/div><\/div><\/div><\/div>\n","protected":false},"excerpt":{"rendered":"","protected":false},"author":1,"featured_media":0,"parent":0,"menu_order":6,"comment_status":"closed","ping_status":"closed","template":"","meta":{"_monsterinsights_skip_tracking":false,"_monsterinsights_sitenote_active":false,"_monsterinsights_sitenote_note":"","_monsterinsights_sitenote_category":0,"footnotes":""},"_links":{"self":[{"href":"https:\/\/enapol.com\/vi\/wp-json\/wp\/v2\/pages\/102"}],"collection":[{"href":"https:\/\/enapol.com\/vi\/wp-json\/wp\/v2\/pages"}],"about":[{"href":"https:\/\/enapol.com\/vi\/wp-json\/wp\/v2\/types\/page"}],"author":[{"embeddable":true,"href":"https:\/\/enapol.com\/vi\/wp-json\/wp\/v2\/users\/1"}],"replies":[{"embeddable":true,"href":"https:\/\/enapol.com\/vi\/wp-json\/wp\/v2\/comments?post=102"}],"version-history":[{"count":2,"href":"https:\/\/enapol.com\/vi\/wp-json\/wp\/v2\/pages\/102\/revisions"}],"predecessor-version":[{"id":1389,"href":"https:\/\/enapol.com\/vi\/wp-json\/wp\/v2\/pages\/102\/revisions\/1389"}],"wp:attachment":[{"href":"https:\/\/enapol.com\/vi\/wp-json\/wp\/v2\/media?parent=102"}],"curies":[{"name":"wp","href":"https:\/\/api.w.org\/{rel}","templated":true}]}}