{"id":104,"date":"2021-08-12T23:58:42","date_gmt":"2021-08-13T02:58:42","guid":{"rendered":"http:\/\/x-enapol.org\/vi\/?page_id=104"},"modified":"2021-08-16T06:34:02","modified_gmt":"2021-08-16T09:34:02","slug":"trabajos","status":"publish","type":"page","link":"https:\/\/enapol.com\/vi\/trabajos\/","title":{"rendered":"TRABAJOS"},"content":{"rendered":"<div class=\"fusion-fullwidth fullwidth-box fusion-builder-row-1 fusion-flex-container nonhundred-percent-fullwidth non-hundred-percent-height-scrolling\" style=\"--awb-border-radius-top-left:0px;--awb-border-radius-top-right:0px;--awb-border-radius-bottom-right:0px;--awb-border-radius-bottom-left:0px;--awb-flex-wrap:wrap;\" ><div class=\"fusion-builder-row fusion-row fusion-flex-align-items-flex-start fusion-flex-content-wrap\" style=\"max-width:1352px;margin-left: calc(-4% \/ 2 );margin-right: calc(-4% \/ 2 );\"><div class=\"fusion-layout-column fusion_builder_column fusion-builder-column-0 fusion_builder_column_1_1 1_1 fusion-flex-column\" style=\"--awb-bg-size:cover;--awb-width-large:100%;--awb-margin-top-large:0px;--awb-spacing-right-large:1.92%;--awb-margin-bottom-large:20px;--awb-spacing-left-large:1.92%;--awb-width-medium:100%;--awb-order-medium:0;--awb-spacing-right-medium:1.92%;--awb-spacing-left-medium:1.92%;--awb-width-small:100%;--awb-order-small:0;--awb-spacing-right-small:1.92%;--awb-spacing-left-small:1.92%;\"><div class=\"fusion-column-wrapper fusion-column-has-shadow fusion-flex-justify-content-flex-start fusion-content-layout-column\"><div class=\"fusion-title title fusion-title-1 fusion-sep-none fusion-title-text fusion-title-size-four\"><h4 class=\"fusion-title-heading title-heading-left fusion-responsive-typography-calculated\" style=\"margin:0;--fontSize:24;line-height:1.5;\">Presentaci\u00f3n de trabajos<\/h4><\/div><div class=\"fusion-text fusion-text-1\"><p style=\"text-align: justify;\">Los autores de los trabajos seleccionados para las mesas simult\u00e1neas deben enviar su trabajo traducido (al portugu\u00e9s los trabajos escritos en espa\u00f1ol y al espa\u00f1ol los trabajos escritos en portugu\u00e9s) antes del 18 de Octubre con los siguientes requisitos:<\/p>\n<\/div><ul style=\"--awb-size:15px;--awb-line-height:25.5px;--awb-icon-width:25.5px;--awb-icon-height:25.5px;--awb-icon-margin:10.5px;--awb-content-margin:36px;--awb-circlecolor:#C5161D;--awb-circle-yes-font-size:13.2px;\" class=\"fusion-checklist fusion-checklist-1 fusion-checklist-default type-icons\"><li class=\"fusion-li-item\" style=\"\"><span class=\"icon-wrapper circle-yes\"><i class=\"fusion-li-icon fa-angle-right fas\" aria-hidden=\"true\"><\/i><\/span><div class=\"fusion-li-item-content\">\n<p><strong>Requisitos para el env\u00edo de la traducci\u00f3n<\/strong>:<\/p>\n<ul>\n<li>Presentaci\u00f3n en Power Point: el texto completo traducido, dividido en cuatro diapositivas<\/li>\n<li>Letra Times New Roman 14<\/li>\n<li>Interlineado 1,5<\/li>\n<li>Los trabajos deben ser enviados a eol@eol.org.ar con copia a cerubinetti@gmail.com hasta el 18 de Octubre.<\/li>\n<\/ul>\n<\/div><\/li><li class=\"fusion-li-item\" style=\"\"><span class=\"icon-wrapper circle-yes\"><i class=\"fusion-li-icon fa-angle-right fas\" aria-hidden=\"true\"><\/i><\/span><div class=\"fusion-li-item-content\">\n<p><strong>Fecha de presentaci\u00f3n<\/strong>: hasta el 15 de julio de 2013<\/p>\n<\/div><\/li><li class=\"fusion-li-item\" style=\"\"><span class=\"icon-wrapper circle-yes\"><i class=\"fusion-li-icon fa-angle-right fas\" aria-hidden=\"true\"><\/i><\/span><div class=\"fusion-li-item-content\">\n<p style=\"text-align: justify;\"><strong>Modo de presentaci\u00f3n<\/strong>: trabajos individuales. Pueden ser resultado de una elaboraci\u00f3n personal, o bien producida en un cartel o un grupo o una investigaci\u00f3n, pero deben ser presentaciones individuales. No es obligatorio para presentar un trabajo ser miembro de un cartel o grupo de investigaci\u00f3n.<\/p>\n<\/div><\/li><li class=\"fusion-li-item\" style=\"\"><span class=\"icon-wrapper circle-yes\"><i class=\"fusion-li-icon fa-angle-right fas\" aria-hidden=\"true\"><\/i><\/span><div class=\"fusion-li-item-content\">\n<p style=\"text-align: justify;\"><strong>Formato de presentaci\u00f3n<\/strong>: trabajos individuales, escritos en letra Times New Roman tama\u00f1o 12, con interlineado 1,5, justificados, sin sangr\u00edas, con notas al pie de p\u00e1gina (no al final). Tama\u00f1o m\u00e1ximo: 5000 caracteres, INCLUIDOS espacios, notas al pie de p\u00e1gina y bibliograf\u00eda.<\/p>\n<\/div><\/li><li class=\"fusion-li-item\" style=\"\"><span class=\"icon-wrapper circle-yes\"><i class=\"fusion-li-icon fa-angle-right fas\" aria-hidden=\"true\"><\/i><\/span><div class=\"fusion-li-item-content\">\n<p style=\"text-align: justify;\"><strong>Env\u00edo<\/strong>: los trabajos deben enviarse hasta el 15 de julio cumpliendo los requisitos mencionados, a la siguiente direcci\u00f3n:\u00a0eol@eol.org.ar, con copia a\u00a0cerubinetti@gmail.com. Poner en Asunto: TRABAJO VI ENAPOL. Poner en el Cuerpo del mensaje en cu\u00e1l de los ejes se inscribe. Ver\u00a0Ejes tem\u00e1ticos.<\/p>\n<\/div><\/li><li class=\"fusion-li-item\" style=\"\"><span class=\"icon-wrapper circle-yes\"><i class=\"fusion-li-icon fa-angle-right fas\" aria-hidden=\"true\"><\/i><\/span><div class=\"fusion-li-item-content\">\n<p style=\"text-align: justify;\"><strong>Presentaci\u00f3n<\/strong>: los trabajos seleccionados se presentar\u00e1n en las Mesas simult\u00e1neas del viernes 22 y el s\u00e1bado 23 de noviembre por la tarde.<\/p>\n<\/div><\/li><li class=\"fusion-li-item\" style=\"\"><span class=\"icon-wrapper circle-yes\"><i class=\"fusion-li-icon fa-angle-right fas\" aria-hidden=\"true\"><\/i><\/span><div class=\"fusion-li-item-content\">\n<div id=\"CONT\">\n<div class=\"Main\">\n<p>Para el env\u00edo del trabajo es requisito estar inscripto<\/p>\n<\/div>\n<\/div>\n<\/div><\/li><\/ul><\/div><\/div><\/div><\/div>\n","protected":false},"excerpt":{"rendered":"","protected":false},"author":1,"featured_media":0,"parent":0,"menu_order":7,"comment_status":"closed","ping_status":"closed","template":"","meta":{"_monsterinsights_skip_tracking":false,"_monsterinsights_sitenote_active":false,"_monsterinsights_sitenote_note":"","_monsterinsights_sitenote_category":0,"footnotes":""},"_links":{"self":[{"href":"https:\/\/enapol.com\/vi\/wp-json\/wp\/v2\/pages\/104"}],"collection":[{"href":"https:\/\/enapol.com\/vi\/wp-json\/wp\/v2\/pages"}],"about":[{"href":"https:\/\/enapol.com\/vi\/wp-json\/wp\/v2\/types\/page"}],"author":[{"embeddable":true,"href":"https:\/\/enapol.com\/vi\/wp-json\/wp\/v2\/users\/1"}],"replies":[{"embeddable":true,"href":"https:\/\/enapol.com\/vi\/wp-json\/wp\/v2\/comments?post=104"}],"version-history":[{"count":6,"href":"https:\/\/enapol.com\/vi\/wp-json\/wp\/v2\/pages\/104\/revisions"}],"predecessor-version":[{"id":878,"href":"https:\/\/enapol.com\/vi\/wp-json\/wp\/v2\/pages\/104\/revisions\/878"}],"wp:attachment":[{"href":"https:\/\/enapol.com\/vi\/wp-json\/wp\/v2\/media?parent=104"}],"curies":[{"name":"wp","href":"https:\/\/api.w.org\/{rel}","templated":true}]}}