{"id":106,"date":"2021-08-12T23:59:04","date_gmt":"2021-08-13T02:59:04","guid":{"rendered":"http:\/\/x-enapol.org\/vi\/?page_id=106"},"modified":"2021-08-16T06:37:54","modified_gmt":"2021-08-16T09:37:54","slug":"trabalhos","status":"publish","type":"page","link":"https:\/\/enapol.com\/vi\/pt\/trabalhos\/","title":{"rendered":"TRABALHOS"},"content":{"rendered":"<div class=\"fusion-fullwidth fullwidth-box fusion-builder-row-1 fusion-flex-container nonhundred-percent-fullwidth non-hundred-percent-height-scrolling\" style=\"--awb-border-radius-top-left:0px;--awb-border-radius-top-right:0px;--awb-border-radius-bottom-right:0px;--awb-border-radius-bottom-left:0px;--awb-flex-wrap:wrap;\" ><div class=\"fusion-builder-row fusion-row fusion-flex-align-items-flex-start fusion-flex-content-wrap\" style=\"max-width:1352px;margin-left: calc(-4% \/ 2 );margin-right: calc(-4% \/ 2 );\"><div class=\"fusion-layout-column fusion_builder_column fusion-builder-column-0 fusion_builder_column_1_1 1_1 fusion-flex-column\" style=\"--awb-bg-size:cover;--awb-width-large:100%;--awb-margin-top-large:0px;--awb-spacing-right-large:1.92%;--awb-margin-bottom-large:20px;--awb-spacing-left-large:1.92%;--awb-width-medium:100%;--awb-order-medium:0;--awb-spacing-right-medium:1.92%;--awb-spacing-left-medium:1.92%;--awb-width-small:100%;--awb-order-small:0;--awb-spacing-right-small:1.92%;--awb-spacing-left-small:1.92%;\"><div class=\"fusion-column-wrapper fusion-column-has-shadow fusion-flex-justify-content-flex-start fusion-content-layout-column\"><div class=\"fusion-title title fusion-title-1 fusion-sep-none fusion-title-text fusion-title-size-four\"><h4 class=\"fusion-title-heading title-heading-left fusion-responsive-typography-calculated\" style=\"margin:0;--fontSize:24;line-height:1.5;\">Apresenta\u00e7\u00e3o de trabalhos<\/h4><\/div><div class=\"fusion-text fusion-text-1\"><p style=\"text-align: justify;\">Os autores dos trabalhos selecionados para as mesas simult\u00e2neas devem enviar seu trabalho traduzido (para o portugu\u00eas, os trabalhos escritos em espanhol e para o espanhol, os trabalhos escritos em portugu\u00eas) antes de 18 de Outubro, com os seguintes requisitos:<\/p>\n<p style=\"text-align: justify;\">\u00a0<\/p>\n<\/div><ul style=\"--awb-size:15px;--awb-line-height:25.5px;--awb-icon-width:25.5px;--awb-icon-height:25.5px;--awb-icon-margin:10.5px;--awb-content-margin:36px;--awb-circlecolor:#C5161D;--awb-circle-yes-font-size:13.2px;\" class=\"fusion-checklist fusion-checklist-1 fusion-checklist-default type-icons\"><li class=\"fusion-li-item\" style=\"\"><span class=\"icon-wrapper circle-yes\"><i class=\"fusion-li-icon fa-angle-right fas\" aria-hidden=\"true\"><\/i><\/span><div class=\"fusion-li-item-content\">\n<p class=\"Titulo4\"><strong>Requisitos para o envio da tradu\u00e7\u00e3o<\/strong><\/p>\n<ul>\n<li>Apresenta\u00e7\u00e3o em Power Point: o texto completo traduzido, dividido em quatro diapositivos.<\/li>\n<li>Letra Times New Roman: 14<\/li>\n<li>Espa\u00e7o entrelinhas: 1,5<\/li>\n<li>Os trabalhos devem ser enviados para eol@eol.org.ar com c\u00f3pia para cerubinetti@gmail.com at\u00e9 18 de Outubro.<\/li>\n<\/ul>\n<\/div><\/li><li class=\"fusion-li-item\" style=\"\"><span class=\"icon-wrapper circle-yes\"><i class=\"fusion-li-icon fa-angle-right fas\" aria-hidden=\"true\"><\/i><\/span><div class=\"fusion-li-item-content\">\n<p><strong>Data de apresenta\u00e7\u00e3o<\/strong>: at\u00e9 15 de julho de 2013<\/p>\n<\/div><\/li><li class=\"fusion-li-item\" style=\"\"><span class=\"icon-wrapper circle-yes\"><i class=\"fusion-li-icon fa-angle-right fas\" aria-hidden=\"true\"><\/i><\/span><div class=\"fusion-li-item-content\">\n<p style=\"text-align: justify;\"><strong>Modo de apresenta\u00e7\u00e3o<\/strong>: trabalhos individuais. Podem ser resultado de uma elabora\u00e7\u00e3o pessoal, ou ainda produzida em um cartel, em um grupo ou em uma investiga\u00e7\u00e3o, mas devem ser apresenta\u00e7\u00f5es individuais. N\u00e3o \u00e9 obrigat\u00f3rio para apresentar um trabalho ser membro de um cartel ou de um grupo de investiga\u00e7\u00e3o.<\/p>\n<\/div><\/li><li class=\"fusion-li-item\" style=\"\"><span class=\"icon-wrapper circle-yes\"><i class=\"fusion-li-icon fa-angle-right fas\" aria-hidden=\"true\"><\/i><\/span><div class=\"fusion-li-item-content\">\n<p style=\"text-align: justify;\"><strong>Formato de apresenta\u00e7\u00e3o<\/strong>: trabalhos individuais, escritos em letra Times New Roman tamanho 12, entrelinhas 1,5, justificados, sem recuos, com notas no p\u00e9 de p\u00e1gina (n\u00e3o no final). Tamanho m\u00e1ximo: 5000 caracteres, INCLU\u00cdDOS espa\u00e7os, notas no p\u00e9 de p\u00e1gina e bibliografia.<\/p>\n<\/div><\/li><li class=\"fusion-li-item\" style=\"\"><span class=\"icon-wrapper circle-yes\"><i class=\"fusion-li-icon fa-angle-right fas\" aria-hidden=\"true\"><\/i><\/span><div class=\"fusion-li-item-content\">\n<p style=\"text-align: justify;\"><strong>Envio<\/strong>: os trabalhos devem ser enviados at\u00e9 15 de julho dentro dos requisitos mencionados, para o seguinte endere\u00e7o:\u00a0eol@eol.org.ar, com c\u00f3pia para\u00a0cerubinetti@gmail.com. Colocar no Assunto: TRABALHO VI ENAPOL. Colocar no Corpo da mensagem em qual dos eixos ele se inscreve. Ver\u00a0Eixos tem\u00e1ticos.<\/p>\n<\/div><\/li><li class=\"fusion-li-item\" style=\"\"><span class=\"icon-wrapper circle-yes\"><i class=\"fusion-li-icon fa-angle-right fas\" aria-hidden=\"true\"><\/i><\/span><div class=\"fusion-li-item-content\">\n<p style=\"text-align: justify;\"><strong>Apresenta\u00e7\u00e3o<\/strong>: os trabalhos selecionados ser\u00e3o apresentados nas Mesas simult\u00e2neas de sexta-feira 22 e de s\u00e1bado 23 de novembro, \u00e0 tarde.<\/p>\n<\/div><\/li><li class=\"fusion-li-item\" style=\"\"><span class=\"icon-wrapper circle-yes\"><i class=\"fusion-li-icon fa-angle-right fas\" aria-hidden=\"true\"><\/i><\/span><div class=\"fusion-li-item-content\">\n<div id=\"CONT\">\n<div class=\"Main\">\n<p>Para o envio do trabalho \u00e9 requisito estar inscrito.<\/p>\n<\/div>\n<\/div>\n<\/div><\/li><\/ul><\/div><\/div><\/div><\/div>\n","protected":false},"excerpt":{"rendered":"","protected":false},"author":1,"featured_media":0,"parent":0,"menu_order":7,"comment_status":"closed","ping_status":"closed","template":"","meta":{"_monsterinsights_skip_tracking":false,"_monsterinsights_sitenote_active":false,"_monsterinsights_sitenote_note":"","_monsterinsights_sitenote_category":0,"footnotes":""},"_links":{"self":[{"href":"https:\/\/enapol.com\/vi\/wp-json\/wp\/v2\/pages\/106"}],"collection":[{"href":"https:\/\/enapol.com\/vi\/wp-json\/wp\/v2\/pages"}],"about":[{"href":"https:\/\/enapol.com\/vi\/wp-json\/wp\/v2\/types\/page"}],"author":[{"embeddable":true,"href":"https:\/\/enapol.com\/vi\/wp-json\/wp\/v2\/users\/1"}],"replies":[{"embeddable":true,"href":"https:\/\/enapol.com\/vi\/wp-json\/wp\/v2\/comments?post=106"}],"version-history":[{"count":3,"href":"https:\/\/enapol.com\/vi\/wp-json\/wp\/v2\/pages\/106\/revisions"}],"predecessor-version":[{"id":880,"href":"https:\/\/enapol.com\/vi\/wp-json\/wp\/v2\/pages\/106\/revisions\/880"}],"wp:attachment":[{"href":"https:\/\/enapol.com\/vi\/wp-json\/wp\/v2\/media?parent=106"}],"curies":[{"name":"wp","href":"https:\/\/api.w.org\/{rel}","templated":true}]}}