{"id":130,"date":"2021-08-13T00:10:57","date_gmt":"2021-08-13T03:10:57","guid":{"rendered":"http:\/\/x-enapol.org\/vi\/?page_id=130"},"modified":"2021-08-16T21:45:51","modified_gmt":"2021-08-17T00:45:51","slug":"actividades-preparatorias","status":"publish","type":"page","link":"https:\/\/enapol.com\/vi\/encuentro\/actividades-preparatorias\/","title":{"rendered":"Actividades preparatorias"},"content":{"rendered":"<p><div class=\"fusion-fullwidth fullwidth-box fusion-builder-row-1 fusion-flex-container nonhundred-percent-fullwidth non-hundred-percent-height-scrolling\" style=\"--awb-border-radius-top-left:0px;--awb-border-radius-top-right:0px;--awb-border-radius-bottom-right:0px;--awb-border-radius-bottom-left:0px;--awb-flex-wrap:wrap;\" ><div class=\"fusion-builder-row fusion-row fusion-flex-align-items-flex-start fusion-flex-content-wrap\" style=\"max-width:1352px;margin-left: calc(-4% \/ 2 );margin-right: calc(-4% \/ 2 );\"><div class=\"fusion-layout-column fusion_builder_column fusion-builder-column-0 fusion_builder_column_1_1 1_1 fusion-flex-column\" style=\"--awb-bg-size:cover;--awb-width-large:100%;--awb-margin-top-large:0px;--awb-spacing-right-large:1.92%;--awb-margin-bottom-large:20px;--awb-spacing-left-large:1.92%;--awb-width-medium:100%;--awb-order-medium:0;--awb-spacing-right-medium:1.92%;--awb-spacing-left-medium:1.92%;--awb-width-small:100%;--awb-order-small:0;--awb-spacing-right-small:1.92%;--awb-spacing-left-small:1.92%;\"><div class=\"fusion-column-wrapper fusion-column-has-shadow fusion-flex-justify-content-flex-start fusion-content-layout-column\"><div class=\"fusion-title title fusion-title-1 fusion-sep-none fusion-title-text fusion-title-size-three\"><h3 class=\"fusion-title-heading title-heading-left fusion-responsive-typography-calculated\" style=\"margin:0;--fontSize:30;line-height:1.3;\"><p class=\"Titulo1\">Primera Noche de Presentaci\u00f3n del VI ENAPOL<\/p><\/h3><\/div><div class=\"fusion-text fusion-text-1\"><p style=\"text-align: justify;\"><strong>\u00abHablar con el cuerpo. La crisis de las normas y la agitaci\u00f3n de lo real\u00bb<\/strong><\/p>\n<p style=\"text-align: justify;\">El pasado 13 de junio tuvo lugar, en la sede de la E.O.L, la primera noche de presentaci\u00f3n del VI ENAPOL.<\/p>\n<p style=\"text-align: justify;\">Una asistencia numerosa y encendida fue el marco para la presentaci\u00f3n de los trabajos de tres de los grupos de investigaci\u00f3n que har\u00e1n la jornada del 23 de noviembre. Ese marco, esos textos, mas la coordinaci\u00f3n animada de Patricio Alvarez y la interlocuci\u00f3n aguda de Graciela Brodkky hicieron de esa noche una fiesta.<\/p>\n<p style=\"text-align: justify;\">El extracto de los trabajos que presentaron Marina Recalde, Raquel Vargas y Fernando Vitale hace nuestro TEXTOaCUERPO de esta semana. Una serie que sit\u00faa los puntos de la elaboraci\u00f3n actual en los temas \u00abHisteria hoy\u00bb, \u00abCuerpo de hombre\u00bb y \u00abCuerpo de mujer\u00bb. A la vez sirven de pre\u00e1mbulo para la segunda noche de presentaci\u00f3n del ENAPOL, la que tendr\u00e1 lugar el jueves 8 de agosto, donde otros tres participantes de la Conversaci\u00f3n del ENAPOL presentar\u00e1n el estado de trabajo de sus investigaciones.<\/p>\n<p style=\"text-align: justify;\">La Conversaci\u00f3n es una actividad programada para la ma\u00f1ana del s\u00e1bado 23 de noviembre en el VI ENAPOL. Se tratar\u00e1 de 14 conversaciones simult\u00e1neas. La Direcci\u00f3n Ejecutiva ha propuesto 14 miembros de cada Escuela, EOL, EBP y NEL, para dirigir un trabajo de investigaci\u00f3n durante el a\u00f1o 2013, sobre un tema extra\u00eddo de los Ejes y sub-ejes publicados en el bolet\u00edn CUERPOaTEXTO n\u00famero 5, disponibles en la p\u00e1gina www.enapol.com. Esos tres miembros de cada Conversaci\u00f3n, a su vez, han conformado un peque\u00f1o grupo de trabajo entre 5 a 15 personas con los que investigar\u00e1n el tema propuesto. Y todos ellos animar\u00e1n la Conversaci\u00f3n durante el ENAPOL.<br \/>\nLa pr\u00f3xima Noche del 8 de agosto, tendremos otro anticipo del Encuentro en noviembre.<\/p>\n<p style=\"text-align: justify;\">Nos vemos all\u00ed.<\/p>\n<p style=\"text-align: justify;\">\u00a1Hasta la pr\u00f3xima!<\/p>\n<\/div><\/div><\/div><\/div><\/div><div class=\"fusion-fullwidth fullwidth-box fusion-builder-row-2 fusion-flex-container nonhundred-percent-fullwidth non-hundred-percent-height-scrolling\" style=\"--awb-border-radius-top-left:0px;--awb-border-radius-top-right:0px;--awb-border-radius-bottom-right:0px;--awb-border-radius-bottom-left:0px;--awb-flex-wrap:wrap;\" ><div class=\"fusion-builder-row fusion-row fusion-flex-align-items-flex-start fusion-flex-content-wrap\" style=\"max-width:1352px;margin-left: calc(-4% \/ 2 );margin-right: calc(-4% \/ 2 );\"><div class=\"fusion-layout-column fusion_builder_column fusion-builder-column-1 fusion_builder_column_1_1 1_1 fusion-flex-column\" style=\"--awb-bg-size:cover;--awb-width-large:100%;--awb-margin-top-large:0px;--awb-spacing-right-large:1.92%;--awb-margin-bottom-large:20px;--awb-spacing-left-large:1.92%;--awb-width-medium:100%;--awb-order-medium:0;--awb-spacing-right-medium:1.92%;--awb-spacing-left-medium:1.92%;--awb-width-small:100%;--awb-order-small:0;--awb-spacing-right-small:1.92%;--awb-spacing-left-small:1.92%;\"><div class=\"fusion-column-wrapper fusion-column-has-shadow fusion-flex-justify-content-flex-start fusion-content-layout-column\"><style type=\"text\/css\">.fusion-portfolio-wrapper#fusion-portfolio-1 .fusion-portfolio-content{ padding: 25px 25px 25px 25px; text-align: center; }<\/style><div class=\"fusion-recent-works fusion-portfolio-element fusion-portfolio fusion-portfolio-1 fusion-portfolio-grid fusion-portfolio-paging-pagination fusion-portfolio-three fusion-portfolio-boxed fusion-portfolio-text fusion-portfolio-equal-heights fusion-portfolio-rollover\" data-id=\"-rw-1\" data-columns=\"three\"><style type=\"text\/css\">.fusion-portfolio-1 .fusion-portfolio-wrapper .fusion-col-spacing{padding:16.5px;}<\/style><div class=\"fusion-portfolio-wrapper\" id=\"fusion-portfolio-1\" data-picturesize=\"fixed\" data-pages=\"0\" style=\"margin:-16.5px;\"><article id=\"portfolio-1-post-614\" class=\"fusion-portfolio-post eje-3 preparatoria-1 fusion-col-spacing post-614\"><div class=\"fusion-portfolio-content-wrapper\" style=\"border:none;background-color:rgba(255,255,255,1);\"><span class=\"vcard rich-snippet-hidden\"><span class=\"fn\"><a href=\"https:\/\/enapol.com\/vi\/author\/gonzalozabala\/\" title=\"Entradas de gonzalozabala\" rel=\"author\">gonzalozabala<\/a><\/span><\/span><span class=\"updated rich-snippet-hidden\">2021-08-16T21:48:08-03:00<\/span><div  class=\"fusion-image-wrapper fusion-image-size-fixed\" aria-haspopup=\"true\">\n\t\t\t\t<img decoding=\"async\" width=\"300\" height=\"200\" src=\"https:\/\/enapol.com\/vi\/wp-content\/uploads\/sites\/8\/2021\/08\/Fernando-Vitale.jpg\" class=\"attachment-portfolio-three size-portfolio-three wp-post-image\" alt=\"\" srcset=\"https:\/\/enapol.com\/vi\/wp-content\/uploads\/sites\/8\/2021\/08\/Fernando-Vitale-200x133.jpg 200w, https:\/\/enapol.com\/vi\/wp-content\/uploads\/sites\/8\/2021\/08\/Fernando-Vitale.jpg 300w\" sizes=\"(max-width: 300px) 100vw, 300px\" \/><div class=\"fusion-rollover\">\n\t<div class=\"fusion-rollover-content\">\n\n\t\t\t\t\t\t\t\t\t\t\t\t\t\t<a class=\"fusion-rollover-link\" href=\"https:\/\/enapol.com\/vi\/portfolio-items\/cuerpo-de-mujer\/?portfolioCats=154\">Cuerpo de mujer<\/a>\n\t\t\t\n\t\t\t\t\t\t\t\t\n\t\t\n\t\t\t\t\t\t\t\t\n\t\t\t\t\t\t\t\t\n\t\t\n\t\t\t\t\t\t<a class=\"fusion-link-wrapper\" href=\"https:\/\/enapol.com\/vi\/portfolio-items\/cuerpo-de-mujer\/?portfolioCats=154\" aria-label=\"Cuerpo de mujer\"><\/a>\n\t<\/div>\n<\/div>\n<\/div>\n<div class=\"fusion-portfolio-content\" style=\"background-color:rgba(255,255,255,1);\"><h2 class=\"entry-title fusion-post-title\"><a href=\"https:\/\/enapol.com\/vi\/portfolio-items\/cuerpo-de-mujer\/?portfolioCats=154\">Cuerpo de mujer<\/a><\/h2><div class=\"fusion-content-sep sep-none\" style=\"border-color:#ebeaea;\"><\/div><div class=\"fusion-post-content\"><p>Fernando Vitale<\/p><\/div><\/div><\/div><\/article><article id=\"portfolio-1-post-609\" class=\"fusion-portfolio-post eje-3 preparatoria-1 fusion-col-spacing post-609\"><div class=\"fusion-portfolio-content-wrapper\" style=\"border:none;background-color:rgba(255,255,255,1);\"><span class=\"vcard rich-snippet-hidden\"><span class=\"fn\"><a href=\"https:\/\/enapol.com\/vi\/author\/gonzalozabala\/\" title=\"Entradas de gonzalozabala\" rel=\"author\">gonzalozabala<\/a><\/span><\/span><span class=\"updated rich-snippet-hidden\">2021-08-16T21:47:25-03:00<\/span><div  class=\"fusion-image-wrapper fusion-image-size-fixed\" aria-haspopup=\"true\">\n\t\t\t\t<img decoding=\"async\" width=\"300\" height=\"200\" src=\"https:\/\/enapol.com\/vi\/wp-content\/uploads\/sites\/8\/2021\/08\/Raquel-Vargas.jpg\" class=\"attachment-portfolio-three size-portfolio-three wp-post-image\" alt=\"\" srcset=\"https:\/\/enapol.com\/vi\/wp-content\/uploads\/sites\/8\/2021\/08\/Raquel-Vargas-200x133.jpg 200w, https:\/\/enapol.com\/vi\/wp-content\/uploads\/sites\/8\/2021\/08\/Raquel-Vargas.jpg 300w\" sizes=\"(max-width: 300px) 100vw, 300px\" \/><div class=\"fusion-rollover\">\n\t<div class=\"fusion-rollover-content\">\n\n\t\t\t\t\t\t\t\t\t\t\t\t\t\t<a class=\"fusion-rollover-link\" href=\"https:\/\/enapol.com\/vi\/portfolio-items\/cuerpo-de-hombre-hombre-uno-de-los-sentidos-de-cuerpo\/?portfolioCats=154\">Cuerpo de hombre: Hombre, uno de los sentidos de cuerpo<\/a>\n\t\t\t\n\t\t\t\t\t\t\t\t\n\t\t\n\t\t\t\t\t\t\t\t\n\t\t\t\t\t\t\t\t\n\t\t\n\t\t\t\t\t\t<a class=\"fusion-link-wrapper\" href=\"https:\/\/enapol.com\/vi\/portfolio-items\/cuerpo-de-hombre-hombre-uno-de-los-sentidos-de-cuerpo\/?portfolioCats=154\" aria-label=\"Cuerpo de hombre: Hombre, uno de los sentidos de cuerpo\"><\/a>\n\t<\/div>\n<\/div>\n<\/div>\n<div class=\"fusion-portfolio-content\" style=\"background-color:rgba(255,255,255,1);\"><h2 class=\"entry-title fusion-post-title\"><a href=\"https:\/\/enapol.com\/vi\/portfolio-items\/cuerpo-de-hombre-hombre-uno-de-los-sentidos-de-cuerpo\/?portfolioCats=154\">Cuerpo de hombre: Hombre, uno de los sentidos de cuerpo<\/a><\/h2><div class=\"fusion-content-sep sep-none\" style=\"border-color:#ebeaea;\"><\/div><div class=\"fusion-post-content\"><p>Raquel Vargas<\/p><\/div><\/div><\/div><\/article><article id=\"portfolio-1-post-546\" class=\"fusion-portfolio-post eje-2 preparatoria-1 fusion-col-spacing post-546\"><div class=\"fusion-portfolio-content-wrapper\" style=\"border:none;background-color:rgba(255,255,255,1);\"><span class=\"vcard rich-snippet-hidden\"><span class=\"fn\"><a href=\"https:\/\/enapol.com\/vi\/author\/gonzalozabala\/\" title=\"Entradas de gonzalozabala\" rel=\"author\">gonzalozabala<\/a><\/span><\/span><span class=\"updated rich-snippet-hidden\">2021-08-16T21:46:38-03:00<\/span><div  class=\"fusion-image-wrapper fusion-image-size-fixed\" aria-haspopup=\"true\">\n\t\t\t\t<img decoding=\"async\" width=\"300\" height=\"200\" src=\"https:\/\/enapol.com\/vi\/wp-content\/uploads\/sites\/8\/2021\/08\/Marina-Recalde.jpg\" class=\"attachment-portfolio-three size-portfolio-three wp-post-image\" alt=\"\" srcset=\"https:\/\/enapol.com\/vi\/wp-content\/uploads\/sites\/8\/2021\/08\/Marina-Recalde-200x133.jpg 200w, https:\/\/enapol.com\/vi\/wp-content\/uploads\/sites\/8\/2021\/08\/Marina-Recalde.jpg 300w\" sizes=\"(max-width: 300px) 100vw, 300px\" \/><div class=\"fusion-rollover\">\n\t<div class=\"fusion-rollover-content\">\n\n\t\t\t\t\t\t\t\t\t\t\t\t\t\t<a class=\"fusion-rollover-link\" href=\"https:\/\/enapol.com\/vi\/portfolio-items\/la-histeria-hoy\/?portfolioCats=154\">La histeria hoy<\/a>\n\t\t\t\n\t\t\t\t\t\t\t\t\n\t\t\n\t\t\t\t\t\t\t\t\n\t\t\t\t\t\t\t\t\n\t\t\n\t\t\t\t\t\t<a class=\"fusion-link-wrapper\" href=\"https:\/\/enapol.com\/vi\/portfolio-items\/la-histeria-hoy\/?portfolioCats=154\" aria-label=\"La histeria hoy\"><\/a>\n\t<\/div>\n<\/div>\n<\/div>\n<div class=\"fusion-portfolio-content\" style=\"background-color:rgba(255,255,255,1);\"><h2 class=\"entry-title fusion-post-title\"><a href=\"https:\/\/enapol.com\/vi\/portfolio-items\/la-histeria-hoy\/?portfolioCats=154\">La histeria hoy<\/a><\/h2><div class=\"fusion-content-sep sep-none\" style=\"border-color:#ebeaea;\"><\/div><div class=\"fusion-post-content\"><p>Marina Recalde<\/p><\/div><\/div><\/div><\/article><\/div><\/div><\/div><\/div><\/div><\/div><div class=\"fusion-fullwidth fullwidth-box fusion-builder-row-3 fusion-flex-container nonhundred-percent-fullwidth non-hundred-percent-height-scrolling\" style=\"--awb-border-radius-top-left:0px;--awb-border-radius-top-right:0px;--awb-border-radius-bottom-right:0px;--awb-border-radius-bottom-left:0px;--awb-margin-top:40px;--awb-flex-wrap:wrap;\" ><div class=\"fusion-builder-row fusion-row fusion-flex-align-items-flex-start fusion-flex-content-wrap\" style=\"max-width:1352px;margin-left: calc(-4% \/ 2 );margin-right: calc(-4% \/ 2 );\"><div class=\"fusion-layout-column fusion_builder_column fusion-builder-column-2 fusion_builder_column_1_1 1_1 fusion-flex-column\" style=\"--awb-bg-size:cover;--awb-width-large:100%;--awb-margin-top-large:0px;--awb-spacing-right-large:1.92%;--awb-margin-bottom-large:20px;--awb-spacing-left-large:1.92%;--awb-width-medium:100%;--awb-order-medium:0;--awb-spacing-right-medium:1.92%;--awb-spacing-left-medium:1.92%;--awb-width-small:100%;--awb-order-small:0;--awb-spacing-right-small:1.92%;--awb-spacing-left-small:1.92%;\"><div class=\"fusion-column-wrapper fusion-column-has-shadow fusion-flex-justify-content-flex-start fusion-content-layout-column\"><div class=\"fusion-title title fusion-title-2 fusion-sep-none fusion-title-text fusion-title-size-three\"><h3 class=\"fusion-title-heading title-heading-left fusion-responsive-typography-calculated\" style=\"margin:0;--fontSize:30;line-height:1.3;\"><p class=\"Titulo1\">Segunda Noche de Presentaci\u00f3n del VI ENAPOL<\/p><\/h3><\/div><div class=\"fusion-text fusion-text-2\"><p style=\"text-align: justify;\"><strong>\u00abHablar con el cuerpo. La crisis de las normas y la agitaci\u00f3n de lo real.\u00bb<\/strong><\/p>\n<p style=\"text-align: justify;\">La noche del jueves 8 de agosto fue la ocasi\u00f3n para la segunda y \u00faltima de las noches de presentaci\u00f3n del VI ENAPOL.<\/p>\n<p style=\"text-align: justify;\">Otros tres grupos de investigaci\u00f3n, los coordinados por Guillermo Belaga, Ennia Favret y Adela Fryd presentaron el estado de su trabajo, esta vez con los comentarios y la interlocuci\u00f3n de Juan Carlos Indart y la coordinaci\u00f3n de Ricardo Seldes.<\/p>\n<p style=\"text-align: justify;\">Una asistencia a sala llena y atenta, testimonio del inter\u00e9s que genera el Encuentro, particip\u00f3 del debate posterior a la lectura de los trabajos que les acercamos hoy. \u00abBipolaridad: Man\u00eda. Melancol\u00eda\u00bb, \u00abCuerpo cosm\u00e9tico\u00bb y \u00abNi\u00f1os amo\u00bb, tres anticipos de lo que conversaremos en la jornada del 23 de Noviembre.<\/p>\n<p style=\"text-align: justify;\">La Conversaci\u00f3n es una actividad programada para la ma\u00f1ana del s\u00e1bado 23 de noviembre en el VI ENAPOL. Se tratar\u00e1 de 14 conversaciones simult\u00e1neas. La Direcci\u00f3n Ejecutiva ha propuesto 14 miembros de cada Escuela, EOL, EBP y NEL, para dirigir un trabajo de investigaci\u00f3n durante el a\u00f1o 2013, sobre un tema extra\u00eddo de los Ejes y sub-ejes publicados en el bolet\u00edn CUERPOaTEXTO n\u00famero 5, disponibles en la p\u00e1gina ww.enapol.com. Esos tres miembros de cada Conversaci\u00f3n, a su vez, han conformado un peque\u00f1o grupo de trabajo entre 5 a 15 personas con los que investigar\u00e1n el tema propuesto y todos ellos animar\u00e1n la Conversaci\u00f3n durante el ENAPOL, a la que los invitamos a sumarse.<\/p>\n<p style=\"text-align: justify;\">Los textos sobre los que conversaremos estar\u00e1n disponibles en la p\u00e1gina web del Encuentro pr\u00f3ximamente para su lectura, en sus versiones en castellano y portugu\u00e9s.<\/p>\n<p style=\"text-align: justify;\">\u00a1Est\u00e9n atentos y hasta la pr\u00f3xima!<\/p>\n<\/div><\/div><\/div><\/div><\/div><div class=\"fusion-fullwidth fullwidth-box fusion-builder-row-4 fusion-flex-container nonhundred-percent-fullwidth non-hundred-percent-height-scrolling\" style=\"--awb-border-radius-top-left:0px;--awb-border-radius-top-right:0px;--awb-border-radius-bottom-right:0px;--awb-border-radius-bottom-left:0px;--awb-flex-wrap:wrap;\" ><div class=\"fusion-builder-row fusion-row fusion-flex-align-items-flex-start fusion-flex-content-wrap\" style=\"max-width:1352px;margin-left: calc(-4% \/ 2 );margin-right: calc(-4% \/ 2 );\"><div class=\"fusion-layout-column fusion_builder_column fusion-builder-column-3 fusion_builder_column_1_1 1_1 fusion-flex-column\" style=\"--awb-bg-size:cover;--awb-width-large:100%;--awb-margin-top-large:0px;--awb-spacing-right-large:1.92%;--awb-margin-bottom-large:20px;--awb-spacing-left-large:1.92%;--awb-width-medium:100%;--awb-order-medium:0;--awb-spacing-right-medium:1.92%;--awb-spacing-left-medium:1.92%;--awb-width-small:100%;--awb-order-small:0;--awb-spacing-right-small:1.92%;--awb-spacing-left-small:1.92%;\"><div class=\"fusion-column-wrapper fusion-column-has-shadow fusion-flex-justify-content-flex-start fusion-content-layout-column\"><style type=\"text\/css\">.fusion-portfolio-wrapper#fusion-portfolio-2 .fusion-portfolio-content{ padding: 25px 25px 25px 25px; text-align: center; }<\/style><div class=\"fusion-recent-works fusion-portfolio-element fusion-portfolio fusion-portfolio-2 fusion-portfolio-grid fusion-portfolio-paging-pagination fusion-portfolio-three fusion-portfolio-boxed fusion-portfolio-text fusion-portfolio-equal-heights fusion-portfolio-rollover\" data-id=\"-rw-2\" data-columns=\"three\"><style type=\"text\/css\">.fusion-portfolio-2 .fusion-portfolio-wrapper .fusion-col-spacing{padding:16.5px;}<\/style><div class=\"fusion-portfolio-wrapper\" id=\"fusion-portfolio-2\" data-picturesize=\"fixed\" data-pages=\"0\" style=\"margin:-16.5px;\"><article id=\"portfolio-2-post-699\" class=\"fusion-portfolio-post eje-5 preparatoria-2 fusion-col-spacing post-699\"><div class=\"fusion-portfolio-content-wrapper\" style=\"border:none;background-color:rgba(255,255,255,1);\"><span class=\"vcard rich-snippet-hidden\"><span class=\"fn\"><a href=\"https:\/\/enapol.com\/vi\/author\/gonzalozabala\/\" title=\"Entradas de gonzalozabala\" rel=\"author\">gonzalozabala<\/a><\/span><\/span><span class=\"updated rich-snippet-hidden\">2021-08-16T21:53:14-03:00<\/span><div  class=\"fusion-image-wrapper fusion-image-size-fixed\" aria-haspopup=\"true\">\n\t\t\t\t<img decoding=\"async\" width=\"300\" height=\"200\" src=\"https:\/\/enapol.com\/vi\/wp-content\/uploads\/sites\/8\/2021\/08\/Gabriela-Basz.jpg\" class=\"attachment-portfolio-three size-portfolio-three wp-post-image\" alt=\"\" srcset=\"https:\/\/enapol.com\/vi\/wp-content\/uploads\/sites\/8\/2021\/08\/Gabriela-Basz-200x133.jpg 200w, https:\/\/enapol.com\/vi\/wp-content\/uploads\/sites\/8\/2021\/08\/Gabriela-Basz.jpg 300w\" sizes=\"(max-width: 300px) 100vw, 300px\" \/><div class=\"fusion-rollover\">\n\t<div class=\"fusion-rollover-content\">\n\n\t\t\t\t\t\t\t\t\t\t\t\t\t\t<a class=\"fusion-rollover-link\" href=\"https:\/\/enapol.com\/vi\/portfolio-items\/cuerpo-cosmetico\/?portfolioCats=158\">Cuerpo cosm\u00e9tico<\/a>\n\t\t\t\n\t\t\t\t\t\t\t\t\n\t\t\n\t\t\t\t\t\t\t\t\n\t\t\t\t\t\t\t\t\n\t\t\n\t\t\t\t\t\t<a class=\"fusion-link-wrapper\" href=\"https:\/\/enapol.com\/vi\/portfolio-items\/cuerpo-cosmetico\/?portfolioCats=158\" aria-label=\"Cuerpo cosm\u00e9tico\"><\/a>\n\t<\/div>\n<\/div>\n<\/div>\n<div class=\"fusion-portfolio-content\" style=\"background-color:rgba(255,255,255,1);\"><h2 class=\"entry-title fusion-post-title\"><a href=\"https:\/\/enapol.com\/vi\/portfolio-items\/cuerpo-cosmetico\/?portfolioCats=158\">Cuerpo cosm\u00e9tico<\/a><\/h2><div class=\"fusion-content-sep sep-none\" style=\"border-color:#ebeaea;\"><\/div><div class=\"fusion-post-content\"><p>Gabriela Basz <\/p><\/div><\/div><\/div><\/article><article id=\"portfolio-2-post-679\" class=\"fusion-portfolio-post eje-5 preparatoria-2 fusion-col-spacing post-679\"><div class=\"fusion-portfolio-content-wrapper\" style=\"border:none;background-color:rgba(255,255,255,1);\"><span class=\"vcard rich-snippet-hidden\"><span class=\"fn\"><a href=\"https:\/\/enapol.com\/vi\/author\/gonzalozabala\/\" title=\"Entradas de gonzalozabala\" rel=\"author\">gonzalozabala<\/a><\/span><\/span><span class=\"updated rich-snippet-hidden\">2021-08-16T21:53:54-03:00<\/span><div  class=\"fusion-image-wrapper fusion-image-size-fixed\" aria-haspopup=\"true\">\n\t\t\t\t<img decoding=\"async\" width=\"300\" height=\"200\" src=\"https:\/\/enapol.com\/vi\/wp-content\/uploads\/sites\/8\/2021\/08\/Guillermo-Belaga.jpg\" class=\"attachment-portfolio-three size-portfolio-three wp-post-image\" alt=\"\" srcset=\"https:\/\/enapol.com\/vi\/wp-content\/uploads\/sites\/8\/2021\/08\/Guillermo-Belaga-200x133.jpg 200w, https:\/\/enapol.com\/vi\/wp-content\/uploads\/sites\/8\/2021\/08\/Guillermo-Belaga.jpg 300w\" sizes=\"(max-width: 300px) 100vw, 300px\" \/><div class=\"fusion-rollover\">\n\t<div class=\"fusion-rollover-content\">\n\n\t\t\t\t\t\t\t\t\t\t\t\t\t\t<a class=\"fusion-rollover-link\" href=\"https:\/\/enapol.com\/vi\/portfolio-items\/bipolaridad-mania-melancolia\/?portfolioCats=158\">\u00abBipolaridad\u00bb: Man\u00eda, Melancol\u00eda<\/a>\n\t\t\t\n\t\t\t\t\t\t\t\t\n\t\t\n\t\t\t\t\t\t\t\t\n\t\t\t\t\t\t\t\t\n\t\t\n\t\t\t\t\t\t<a class=\"fusion-link-wrapper\" href=\"https:\/\/enapol.com\/vi\/portfolio-items\/bipolaridad-mania-melancolia\/?portfolioCats=158\" aria-label=\"\u00abBipolaridad\u00bb: Man\u00eda, Melancol\u00eda\"><\/a>\n\t<\/div>\n<\/div>\n<\/div>\n<div class=\"fusion-portfolio-content\" style=\"background-color:rgba(255,255,255,1);\"><h2 class=\"entry-title fusion-post-title\"><a href=\"https:\/\/enapol.com\/vi\/portfolio-items\/bipolaridad-mania-melancolia\/?portfolioCats=158\">\u00abBipolaridad\u00bb: Man\u00eda, Melancol\u00eda<\/a><\/h2><div class=\"fusion-content-sep sep-none\" style=\"border-color:#ebeaea;\"><\/div><div class=\"fusion-post-content\"><p>Guillermo Belaga<\/p><\/div><\/div><\/div><\/article><article id=\"portfolio-2-post-636\" class=\"fusion-portfolio-post eje-4 preparatoria-2 fusion-col-spacing post-636\"><div class=\"fusion-portfolio-content-wrapper\" style=\"border:none;background-color:rgba(255,255,255,1);\"><span class=\"vcard rich-snippet-hidden\"><span class=\"fn\"><a href=\"https:\/\/enapol.com\/vi\/author\/gonzalozabala\/\" title=\"Entradas de gonzalozabala\" rel=\"author\">gonzalozabala<\/a><\/span><\/span><span class=\"updated rich-snippet-hidden\">2021-08-16T21:51:26-03:00<\/span><div  class=\"fusion-image-wrapper fusion-image-size-fixed\" aria-haspopup=\"true\">\n\t\t\t\t<img decoding=\"async\" width=\"300\" height=\"200\" src=\"https:\/\/enapol.com\/vi\/wp-content\/uploads\/sites\/8\/2021\/08\/Adela-Fryd.jpg\" class=\"attachment-portfolio-three size-portfolio-three wp-post-image\" alt=\"\" srcset=\"https:\/\/enapol.com\/vi\/wp-content\/uploads\/sites\/8\/2021\/08\/Adela-Fryd-200x133.jpg 200w, https:\/\/enapol.com\/vi\/wp-content\/uploads\/sites\/8\/2021\/08\/Adela-Fryd.jpg 300w\" sizes=\"(max-width: 300px) 100vw, 300px\" \/><div class=\"fusion-rollover\">\n\t<div class=\"fusion-rollover-content\">\n\n\t\t\t\t\t\t\t\t\t\t\t\t\t\t<a class=\"fusion-rollover-link\" href=\"https:\/\/enapol.com\/vi\/portfolio-items\/los-ninos-amos\/?portfolioCats=158\">Los Ni\u00f1os Amos<\/a>\n\t\t\t\n\t\t\t\t\t\t\t\t\n\t\t\n\t\t\t\t\t\t\t\t\n\t\t\t\t\t\t\t\t\n\t\t\n\t\t\t\t\t\t<a class=\"fusion-link-wrapper\" href=\"https:\/\/enapol.com\/vi\/portfolio-items\/los-ninos-amos\/?portfolioCats=158\" aria-label=\"Los Ni\u00f1os Amos\"><\/a>\n\t<\/div>\n<\/div>\n<\/div>\n<div class=\"fusion-portfolio-content\" style=\"background-color:rgba(255,255,255,1);\"><h2 class=\"entry-title fusion-post-title\"><a href=\"https:\/\/enapol.com\/vi\/portfolio-items\/los-ninos-amos\/?portfolioCats=158\">Los Ni\u00f1os Amos<\/a><\/h2><div class=\"fusion-content-sep sep-none\" style=\"border-color:#ebeaea;\"><\/div><div class=\"fusion-post-content\"><p>Adela Fryd<\/p><\/div><\/div><\/div><\/article><\/div><\/div><\/div><\/div><\/div><\/div><\/p>\n","protected":false},"excerpt":{"rendered":"","protected":false},"author":1,"featured_media":0,"parent":22,"menu_order":3,"comment_status":"closed","ping_status":"closed","template":"","meta":{"_monsterinsights_skip_tracking":false,"_monsterinsights_sitenote_active":false,"_monsterinsights_sitenote_note":"","_monsterinsights_sitenote_category":0,"footnotes":""},"_links":{"self":[{"href":"https:\/\/enapol.com\/vi\/wp-json\/wp\/v2\/pages\/130"}],"collection":[{"href":"https:\/\/enapol.com\/vi\/wp-json\/wp\/v2\/pages"}],"about":[{"href":"https:\/\/enapol.com\/vi\/wp-json\/wp\/v2\/types\/page"}],"author":[{"embeddable":true,"href":"https:\/\/enapol.com\/vi\/wp-json\/wp\/v2\/users\/1"}],"replies":[{"embeddable":true,"href":"https:\/\/enapol.com\/vi\/wp-json\/wp\/v2\/comments?post=130"}],"version-history":[{"count":7,"href":"https:\/\/enapol.com\/vi\/wp-json\/wp\/v2\/pages\/130\/revisions"}],"predecessor-version":[{"id":958,"href":"https:\/\/enapol.com\/vi\/wp-json\/wp\/v2\/pages\/130\/revisions\/958"}],"up":[{"embeddable":true,"href":"https:\/\/enapol.com\/vi\/wp-json\/wp\/v2\/pages\/22"}],"wp:attachment":[{"href":"https:\/\/enapol.com\/vi\/wp-json\/wp\/v2\/media?parent=130"}],"curies":[{"name":"wp","href":"https:\/\/api.w.org\/{rel}","templated":true}]}}