{"id":132,"date":"2021-08-13T00:11:08","date_gmt":"2021-08-13T03:11:08","guid":{"rendered":"http:\/\/x-enapol.org\/vi\/?page_id=132"},"modified":"2021-08-16T21:46:10","modified_gmt":"2021-08-17T00:46:10","slug":"atividades-preparatorias","status":"publish","type":"page","link":"https:\/\/enapol.com\/vi\/pt\/encontro\/atividades-preparatorias\/","title":{"rendered":"Atividades preparat\u00f3rias"},"content":{"rendered":"<p><div class=\"fusion-fullwidth fullwidth-box fusion-builder-row-1 fusion-flex-container nonhundred-percent-fullwidth non-hundred-percent-height-scrolling\" style=\"--awb-border-radius-top-left:0px;--awb-border-radius-top-right:0px;--awb-border-radius-bottom-right:0px;--awb-border-radius-bottom-left:0px;--awb-flex-wrap:wrap;\" ><div class=\"fusion-builder-row fusion-row fusion-flex-align-items-flex-start fusion-flex-content-wrap\" style=\"max-width:1352px;margin-left: calc(-4% \/ 2 );margin-right: calc(-4% \/ 2 );\"><div class=\"fusion-layout-column fusion_builder_column fusion-builder-column-0 fusion_builder_column_1_1 1_1 fusion-flex-column\" style=\"--awb-bg-size:cover;--awb-width-large:100%;--awb-margin-top-large:0px;--awb-spacing-right-large:1.92%;--awb-margin-bottom-large:20px;--awb-spacing-left-large:1.92%;--awb-width-medium:100%;--awb-order-medium:0;--awb-spacing-right-medium:1.92%;--awb-spacing-left-medium:1.92%;--awb-width-small:100%;--awb-order-small:0;--awb-spacing-right-small:1.92%;--awb-spacing-left-small:1.92%;\"><div class=\"fusion-column-wrapper fusion-column-has-shadow fusion-flex-justify-content-flex-start fusion-content-layout-column\"><div class=\"fusion-title title fusion-title-1 fusion-sep-none fusion-title-text fusion-title-size-three\"><h3 class=\"fusion-title-heading title-heading-left fusion-responsive-typography-calculated\" style=\"margin:0;--fontSize:30;line-height:1.3;\"><p class=\"Titulo1\">Primeira Noite de Apresenta\u00e7\u00e3o do VI ENAPOL<\/p><\/h3><\/div><div class=\"fusion-text fusion-text-1\"><p style=\"text-align: justify;\"><strong>\u00abFalar com o corpo. A crise das normas e a agita\u00e7\u00e3o do real\u00bb<\/strong><\/p>\n<p style=\"text-align: justify;\">Em 13 de junho passado foi realizada, na sede da EOL, a primeira noite de apresenta\u00e7\u00e3o do VI ENAPOL.<\/p>\n<p style=\"text-align: justify;\">Um p\u00fablico numeroso e entusiasta comp\u00f4s o cen\u00e1rio para a apresenta\u00e7\u00e3o dos trabalhos de tr\u00eas grupos de pesquisa que far\u00e3o a Conversa\u00e7\u00e3o do dia 23 de novembro. Esses textos, mais a animada coordena\u00e7\u00e3o de Patricio Alvarez e o di\u00e1logo agudo de Graciela Brodkky fizeram daquela noite uma festa.<\/p>\n<p style=\"text-align: justify;\">O extrato dos trabalhos apresentados por Marina Recalde, Raquel Vargas e Fernando Vitale fazem nosso TEXTOaCUERPO desta semana. Uma s\u00e9rie que coloca os pontos de elabora\u00e7\u00e3o atuais sobre os temas \u00abHisteria hoje\u00bb, \u00abCorpo de homem\u00bb e \u00abCorpo de mulher\u00bb. Ao mesmo tempo, servem como um pre\u00e2mbulo para a segunda noite de apresenta\u00e7\u00e3o Enapol, que ter\u00e1 lugar no 8 de Agosto, onde tr\u00eas participantes da Conversa\u00e7\u00e3o mostrar\u00e3o o estado de trabalho de suas pesquisas.<\/p>\n<p style=\"text-align: justify;\">A Conversa\u00e7\u00e3o \u00e9 uma atividade marcada para a manh\u00e3 de s\u00e1bado, 23 de novembro, no VI ENAPOL e composta por 14 Conversa\u00e7\u00f5es simult\u00e2neas. A Dire\u00e7\u00e3o Executiva prop\u00f4s 14 membros de cada Escola, EOL, EBP e NEL, para dirigir um projeto de pesquisa em 2013, sobre um t\u00f3pico extra\u00eddo dos Eixos e sub-eixos publicados no boletim CORPOaTEXTO No. 5, dispon\u00edvel na pagina www.enapol.com. Os tr\u00eas membros de cada conversa, por sua vez, formam um pequeno grupo de trabalho entre 5-15 pessoas que investigam o tema. E todos eles incentivaram a Conversa\u00e7\u00e3o durante o ENAPOL.<\/p>\n<p style=\"text-align: justify;\">Na pr\u00f3xima Noite de 8 de agosto, teremos outra pr\u00e9via do Encontro em novembro. Vemo-nos l\u00e1.<\/p>\n<p style=\"text-align: justify;\">At\u00e9 a pr\u00f3xima!<\/p>\n<\/div><\/div><\/div><\/div><\/div><div class=\"fusion-fullwidth fullwidth-box fusion-builder-row-2 fusion-flex-container nonhundred-percent-fullwidth non-hundred-percent-height-scrolling\" style=\"--awb-border-radius-top-left:0px;--awb-border-radius-top-right:0px;--awb-border-radius-bottom-right:0px;--awb-border-radius-bottom-left:0px;--awb-flex-wrap:wrap;\" ><div class=\"fusion-builder-row fusion-row fusion-flex-align-items-flex-start fusion-flex-content-wrap\" style=\"max-width:1352px;margin-left: calc(-4% \/ 2 );margin-right: calc(-4% \/ 2 );\"><div class=\"fusion-layout-column fusion_builder_column fusion-builder-column-1 fusion_builder_column_1_1 1_1 fusion-flex-column\" style=\"--awb-bg-size:cover;--awb-width-large:100%;--awb-margin-top-large:0px;--awb-spacing-right-large:1.92%;--awb-margin-bottom-large:20px;--awb-spacing-left-large:1.92%;--awb-width-medium:100%;--awb-order-medium:0;--awb-spacing-right-medium:1.92%;--awb-spacing-left-medium:1.92%;--awb-width-small:100%;--awb-order-small:0;--awb-spacing-right-small:1.92%;--awb-spacing-left-small:1.92%;\"><div class=\"fusion-column-wrapper fusion-column-has-shadow fusion-flex-justify-content-flex-start fusion-content-layout-column\"><style type=\"text\/css\">.fusion-portfolio-wrapper#fusion-portfolio-1 .fusion-portfolio-content{ padding: 25px 25px 25px 25px; text-align: center; }<\/style><div class=\"fusion-recent-works fusion-portfolio-element fusion-portfolio fusion-portfolio-1 fusion-portfolio-grid fusion-portfolio-paging-pagination fusion-portfolio-three fusion-portfolio-boxed fusion-portfolio-text fusion-portfolio-equal-heights fusion-portfolio-rollover\" data-id=\"-rw-1\" data-columns=\"three\"><style type=\"text\/css\">.fusion-portfolio-1 .fusion-portfolio-wrapper .fusion-col-spacing{padding:16.5px;}<\/style><div class=\"fusion-portfolio-wrapper\" id=\"fusion-portfolio-1\" data-picturesize=\"fixed\" data-pages=\"0\" style=\"margin:-16.5px;\"><article id=\"portfolio-1-post-617\" class=\"fusion-portfolio-post eje-3-pt preparatoria-1-pt fusion-col-spacing post-617\"><div class=\"fusion-portfolio-content-wrapper\" style=\"border:none;background-color:rgba(255,255,255,1);\"><span class=\"vcard rich-snippet-hidden\"><span class=\"fn\"><a href=\"https:\/\/enapol.com\/vi\/author\/gonzalozabala\/\" title=\"Entradas de gonzalozabala\" rel=\"author\">gonzalozabala<\/a><\/span><\/span><span class=\"updated rich-snippet-hidden\">2021-08-16T21:48:15-03:00<\/span><div  class=\"fusion-image-wrapper fusion-image-size-fixed\" aria-haspopup=\"true\">\n\t\t\t\t<img decoding=\"async\" width=\"300\" height=\"200\" src=\"https:\/\/enapol.com\/vi\/wp-content\/uploads\/sites\/8\/2021\/08\/Fernando-Vitale.jpg\" class=\"attachment-portfolio-three size-portfolio-three wp-post-image\" alt=\"\" srcset=\"https:\/\/enapol.com\/vi\/wp-content\/uploads\/sites\/8\/2021\/08\/Fernando-Vitale-200x133.jpg 200w, https:\/\/enapol.com\/vi\/wp-content\/uploads\/sites\/8\/2021\/08\/Fernando-Vitale.jpg 300w\" sizes=\"(max-width: 300px) 100vw, 300px\" \/><div class=\"fusion-rollover\">\n\t<div class=\"fusion-rollover-content\">\n\n\t\t\t\t\t\t\t\t\t\t\t\t\t\t<a class=\"fusion-rollover-link\" href=\"https:\/\/enapol.com\/vi\/pt\/portfolio-items\/corpo-de-mulher\/?portfolioCats=156\">Corpo de mulher<\/a>\n\t\t\t\n\t\t\t\t\t\t\t\t\n\t\t\n\t\t\t\t\t\t\t\t\n\t\t\t\t\t\t\t\t\n\t\t\n\t\t\t\t\t\t<a class=\"fusion-link-wrapper\" href=\"https:\/\/enapol.com\/vi\/pt\/portfolio-items\/corpo-de-mulher\/?portfolioCats=156\" aria-label=\"Corpo de mulher\"><\/a>\n\t<\/div>\n<\/div>\n<\/div>\n<div class=\"fusion-portfolio-content\" style=\"background-color:rgba(255,255,255,1);\"><h2 class=\"entry-title fusion-post-title\"><a href=\"https:\/\/enapol.com\/vi\/pt\/portfolio-items\/corpo-de-mulher\/?portfolioCats=156\">Corpo de mulher<\/a><\/h2><div class=\"fusion-content-sep sep-none\" style=\"border-color:#ebeaea;\"><\/div><div class=\"fusion-post-content\"><p>Fernando Vitale<\/p><\/div><\/div><\/div><\/article><article id=\"portfolio-1-post-612\" class=\"fusion-portfolio-post eje-3-pt preparatoria-1-pt fusion-col-spacing post-612\"><div class=\"fusion-portfolio-content-wrapper\" style=\"border:none;background-color:rgba(255,255,255,1);\"><span class=\"vcard rich-snippet-hidden\"><span class=\"fn\"><a href=\"https:\/\/enapol.com\/vi\/author\/gonzalozabala\/\" title=\"Entradas de gonzalozabala\" rel=\"author\">gonzalozabala<\/a><\/span><\/span><span class=\"updated rich-snippet-hidden\">2021-08-16T21:47:35-03:00<\/span><div  class=\"fusion-image-wrapper fusion-image-size-fixed\" aria-haspopup=\"true\">\n\t\t\t\t<img decoding=\"async\" width=\"300\" height=\"200\" src=\"https:\/\/enapol.com\/vi\/wp-content\/uploads\/sites\/8\/2021\/08\/Raquel-Vargas.jpg\" class=\"attachment-portfolio-three size-portfolio-three wp-post-image\" alt=\"\" srcset=\"https:\/\/enapol.com\/vi\/wp-content\/uploads\/sites\/8\/2021\/08\/Raquel-Vargas-200x133.jpg 200w, https:\/\/enapol.com\/vi\/wp-content\/uploads\/sites\/8\/2021\/08\/Raquel-Vargas.jpg 300w\" sizes=\"(max-width: 300px) 100vw, 300px\" \/><div class=\"fusion-rollover\">\n\t<div class=\"fusion-rollover-content\">\n\n\t\t\t\t\t\t\t\t\t\t\t\t\t\t<a class=\"fusion-rollover-link\" href=\"https:\/\/enapol.com\/vi\/pt\/portfolio-items\/corpo-de-homem-homem-um-dos-sentidos-do-corpo\/?portfolioCats=156\">Corpo de homem: Homem, um dos sentidos do corpo<\/a>\n\t\t\t\n\t\t\t\t\t\t\t\t\n\t\t\n\t\t\t\t\t\t\t\t\n\t\t\t\t\t\t\t\t\n\t\t\n\t\t\t\t\t\t<a class=\"fusion-link-wrapper\" href=\"https:\/\/enapol.com\/vi\/pt\/portfolio-items\/corpo-de-homem-homem-um-dos-sentidos-do-corpo\/?portfolioCats=156\" aria-label=\"Corpo de homem: Homem, um dos sentidos do corpo\"><\/a>\n\t<\/div>\n<\/div>\n<\/div>\n<div class=\"fusion-portfolio-content\" style=\"background-color:rgba(255,255,255,1);\"><h2 class=\"entry-title fusion-post-title\"><a href=\"https:\/\/enapol.com\/vi\/pt\/portfolio-items\/corpo-de-homem-homem-um-dos-sentidos-do-corpo\/?portfolioCats=156\">Corpo de homem: Homem, um dos sentidos do corpo<\/a><\/h2><div class=\"fusion-content-sep sep-none\" style=\"border-color:#ebeaea;\"><\/div><div class=\"fusion-post-content\"><p>Raquel Vargas<\/p><\/div><\/div><\/div><\/article><article id=\"portfolio-1-post-549\" class=\"fusion-portfolio-post eje-2-pt preparatoria-1-pt fusion-col-spacing post-549\"><div class=\"fusion-portfolio-content-wrapper\" style=\"border:none;background-color:rgba(255,255,255,1);\"><span class=\"vcard rich-snippet-hidden\"><span class=\"fn\"><a href=\"https:\/\/enapol.com\/vi\/author\/gonzalozabala\/\" title=\"Entradas de gonzalozabala\" rel=\"author\">gonzalozabala<\/a><\/span><\/span><span class=\"updated rich-snippet-hidden\">2021-08-16T21:46:32-03:00<\/span><div  class=\"fusion-image-wrapper fusion-image-size-fixed\" aria-haspopup=\"true\">\n\t\t\t\t<img decoding=\"async\" width=\"300\" height=\"200\" src=\"https:\/\/enapol.com\/vi\/wp-content\/uploads\/sites\/8\/2021\/08\/Marina-Recalde.jpg\" class=\"attachment-portfolio-three size-portfolio-three wp-post-image\" alt=\"\" srcset=\"https:\/\/enapol.com\/vi\/wp-content\/uploads\/sites\/8\/2021\/08\/Marina-Recalde-200x133.jpg 200w, https:\/\/enapol.com\/vi\/wp-content\/uploads\/sites\/8\/2021\/08\/Marina-Recalde.jpg 300w\" sizes=\"(max-width: 300px) 100vw, 300px\" \/><div class=\"fusion-rollover\">\n\t<div class=\"fusion-rollover-content\">\n\n\t\t\t\t\t\t\t\t\t\t\t\t\t\t<a class=\"fusion-rollover-link\" href=\"https:\/\/enapol.com\/vi\/pt\/portfolio-items\/a-histeria-hoy\/?portfolioCats=156\">A histeria hoy<\/a>\n\t\t\t\n\t\t\t\t\t\t\t\t\n\t\t\n\t\t\t\t\t\t\t\t\n\t\t\t\t\t\t\t\t\n\t\t\n\t\t\t\t\t\t<a class=\"fusion-link-wrapper\" href=\"https:\/\/enapol.com\/vi\/pt\/portfolio-items\/a-histeria-hoy\/?portfolioCats=156\" aria-label=\"A histeria hoy\"><\/a>\n\t<\/div>\n<\/div>\n<\/div>\n<div class=\"fusion-portfolio-content\" style=\"background-color:rgba(255,255,255,1);\"><h2 class=\"entry-title fusion-post-title\"><a href=\"https:\/\/enapol.com\/vi\/pt\/portfolio-items\/a-histeria-hoy\/?portfolioCats=156\">A histeria hoy<\/a><\/h2><div class=\"fusion-content-sep sep-none\" style=\"border-color:#ebeaea;\"><\/div><div class=\"fusion-post-content\"><p>Marina Recalde<\/p><\/div><\/div><\/div><\/article><\/div><\/div><\/div><\/div><\/div><\/div><div class=\"fusion-fullwidth fullwidth-box fusion-builder-row-3 fusion-flex-container nonhundred-percent-fullwidth non-hundred-percent-height-scrolling\" style=\"--awb-border-radius-top-left:0px;--awb-border-radius-top-right:0px;--awb-border-radius-bottom-right:0px;--awb-border-radius-bottom-left:0px;--awb-margin-top:40px;--awb-flex-wrap:wrap;\" ><div class=\"fusion-builder-row fusion-row fusion-flex-align-items-flex-start fusion-flex-content-wrap\" style=\"max-width:1352px;margin-left: calc(-4% \/ 2 );margin-right: calc(-4% \/ 2 );\"><div class=\"fusion-layout-column fusion_builder_column fusion-builder-column-2 fusion_builder_column_1_1 1_1 fusion-flex-column\" style=\"--awb-bg-size:cover;--awb-width-large:100%;--awb-margin-top-large:0px;--awb-spacing-right-large:1.92%;--awb-margin-bottom-large:20px;--awb-spacing-left-large:1.92%;--awb-width-medium:100%;--awb-order-medium:0;--awb-spacing-right-medium:1.92%;--awb-spacing-left-medium:1.92%;--awb-width-small:100%;--awb-order-small:0;--awb-spacing-right-small:1.92%;--awb-spacing-left-small:1.92%;\"><div class=\"fusion-column-wrapper fusion-column-has-shadow fusion-flex-justify-content-flex-start fusion-content-layout-column\"><div class=\"fusion-title title fusion-title-2 fusion-sep-none fusion-title-text fusion-title-size-three\"><h3 class=\"fusion-title-heading title-heading-left fusion-responsive-typography-calculated\" style=\"margin:0;--fontSize:30;line-height:1.3;\"><p class=\"Titulo1\">Segunda\u00a0Noite de Apresenta\u00e7\u00e3o do VI ENAPOL<\/p><\/h3><\/div><div class=\"fusion-text fusion-text-2\"><p style=\"text-align: justify;\"><strong>\u00abFalar com o corpo. A crise das normas e a agita\u00e7\u00e3o do real\u00bb<\/strong><\/p>\n<p style=\"text-align: justify;\">A noite de quinta-feira, 8 de agosto, foi a ocasi\u00e3o para a segunda e \u00faltima das noites de apresenta\u00e7\u00e3o do VI ENAPOL.<\/p>\n<p style=\"text-align: justify;\">Outros tr\u00eas grupos de investiga\u00e7\u00e3o, coordenados por Guillermo Belaga, Ennia Favret e Adela Fryd, apresentaram o estado de seu trabalho, dessa vez com os coment\u00e1rios de Juan Carlos Indart e a coordena\u00e7\u00e3o de Ricardo Seldes.<\/p>\n<p style=\"text-align: justify;\">Uma assist\u00eancia em sala cheia e atenta, testemunho do interesse que gera o Encontro, participou do debate dos trabalhos que lhes apresentamos hoje. \u00abBipolaridade: Mania e Melancolia\u00bb, \u00abCorpo Cosm\u00e9tico\u00bb e \u00abCrian\u00e7as mestras\u00bb, tr\u00eas antecipa\u00e7\u00f5es do que conversaremos na jornada de 23 de novembro.<\/p>\n<p style=\"text-align: justify;\">A Conversa\u00e7\u00e3o \u00e9 uma atividade para a manh\u00e3 de s\u00e1bado, 23 de novembro no VI ENAPOL. 14 conversa\u00e7\u00f5es simult\u00e2neas. A Dire\u00e7\u00e3o Executiva prop\u00f4s 14 membros de cada Escola: EOL, EBP e NEL para dirigir um trabalho de investiga\u00e7\u00e3o durante o ano de 2013 sobre o tema extra\u00eddo dos Eixos e sub-eixos publicados no Boletim CORPOaTEXTO n\u00famero 5, dispon\u00edveis na p\u00e1gina www.enapol.com. Os tr\u00eas membros de cada Conversa\u00e7\u00e3o, por sua vez, formaram um pequeno grupo de trabalho entre 5 e 15 pessoas entre os que investigaram o tema proposto e todos eles animar\u00e3o a Conversa\u00e7\u00e3o durante o ENAPOL para a qual convidamos todos.<\/p>\n<p style=\"text-align: justify;\">Os textos sobre o que conversaremos estar\u00e3o dispon\u00edveis proximamente na p\u00e1gina da web do Encontro para sua leitura em suas vers\u00f5es em castelhano e portugu\u00eas.<\/p>\n<p style=\"text-align: justify;\">Estejam atentos e at\u00e9 a pr\u00f3xima semana!<\/p>\n<\/div><\/div><\/div><\/div><\/div><div class=\"fusion-fullwidth fullwidth-box fusion-builder-row-4 fusion-flex-container nonhundred-percent-fullwidth non-hundred-percent-height-scrolling\" style=\"--awb-border-radius-top-left:0px;--awb-border-radius-top-right:0px;--awb-border-radius-bottom-right:0px;--awb-border-radius-bottom-left:0px;--awb-flex-wrap:wrap;\" ><div class=\"fusion-builder-row fusion-row fusion-flex-align-items-flex-start fusion-flex-content-wrap\" style=\"max-width:1352px;margin-left: calc(-4% \/ 2 );margin-right: calc(-4% \/ 2 );\"><div class=\"fusion-layout-column fusion_builder_column fusion-builder-column-3 fusion_builder_column_1_1 1_1 fusion-flex-column\" style=\"--awb-bg-size:cover;--awb-width-large:100%;--awb-margin-top-large:0px;--awb-spacing-right-large:1.92%;--awb-margin-bottom-large:20px;--awb-spacing-left-large:1.92%;--awb-width-medium:100%;--awb-order-medium:0;--awb-spacing-right-medium:1.92%;--awb-spacing-left-medium:1.92%;--awb-width-small:100%;--awb-order-small:0;--awb-spacing-right-small:1.92%;--awb-spacing-left-small:1.92%;\"><div class=\"fusion-column-wrapper fusion-column-has-shadow fusion-flex-justify-content-flex-start fusion-content-layout-column\"><style type=\"text\/css\">.fusion-portfolio-wrapper#fusion-portfolio-2 .fusion-portfolio-content{ padding: 25px 25px 25px 25px; text-align: center; }<\/style><div class=\"fusion-recent-works fusion-portfolio-element fusion-portfolio fusion-portfolio-2 fusion-portfolio-grid fusion-portfolio-paging-pagination fusion-portfolio-three fusion-portfolio-boxed fusion-portfolio-text fusion-portfolio-equal-heights fusion-portfolio-rollover\" data-id=\"-rw-2\" data-columns=\"three\"><style type=\"text\/css\">.fusion-portfolio-2 .fusion-portfolio-wrapper .fusion-col-spacing{padding:16.5px;}<\/style><div class=\"fusion-portfolio-wrapper\" id=\"fusion-portfolio-2\" data-picturesize=\"fixed\" data-pages=\"0\" style=\"margin:-16.5px;\"><article id=\"portfolio-2-post-702\" class=\"fusion-portfolio-post eje-5-pt preparatoria-2-pt fusion-col-spacing post-702\"><div class=\"fusion-portfolio-content-wrapper\" style=\"border:none;background-color:rgba(255,255,255,1);\"><span class=\"vcard rich-snippet-hidden\"><span class=\"fn\"><a href=\"https:\/\/enapol.com\/vi\/author\/gonzalozabala\/\" title=\"Entradas de gonzalozabala\" rel=\"author\">gonzalozabala<\/a><\/span><\/span><span class=\"updated rich-snippet-hidden\">2021-08-16T21:53:22-03:00<\/span><div  class=\"fusion-image-wrapper fusion-image-size-fixed\" aria-haspopup=\"true\">\n\t\t\t\t<img decoding=\"async\" width=\"300\" height=\"200\" src=\"https:\/\/enapol.com\/vi\/wp-content\/uploads\/sites\/8\/2021\/08\/Gabriela-Basz.jpg\" class=\"attachment-portfolio-three size-portfolio-three wp-post-image\" alt=\"\" srcset=\"https:\/\/enapol.com\/vi\/wp-content\/uploads\/sites\/8\/2021\/08\/Gabriela-Basz-200x133.jpg 200w, https:\/\/enapol.com\/vi\/wp-content\/uploads\/sites\/8\/2021\/08\/Gabriela-Basz.jpg 300w\" sizes=\"(max-width: 300px) 100vw, 300px\" \/><div class=\"fusion-rollover\">\n\t<div class=\"fusion-rollover-content\">\n\n\t\t\t\t\t\t\t\t\t\t\t\t\t\t<a class=\"fusion-rollover-link\" href=\"https:\/\/enapol.com\/vi\/pt\/portfolio-items\/corpo-cosmetico\/?portfolioCats=160\">Corpo cosm\u00e9tico<\/a>\n\t\t\t\n\t\t\t\t\t\t\t\t\n\t\t\n\t\t\t\t\t\t\t\t\n\t\t\t\t\t\t\t\t\n\t\t\n\t\t\t\t\t\t<a class=\"fusion-link-wrapper\" href=\"https:\/\/enapol.com\/vi\/pt\/portfolio-items\/corpo-cosmetico\/?portfolioCats=160\" aria-label=\"Corpo cosm\u00e9tico\"><\/a>\n\t<\/div>\n<\/div>\n<\/div>\n<div class=\"fusion-portfolio-content\" style=\"background-color:rgba(255,255,255,1);\"><h2 class=\"entry-title fusion-post-title\"><a href=\"https:\/\/enapol.com\/vi\/pt\/portfolio-items\/corpo-cosmetico\/?portfolioCats=160\">Corpo cosm\u00e9tico<\/a><\/h2><div class=\"fusion-content-sep sep-none\" style=\"border-color:#ebeaea;\"><\/div><div class=\"fusion-post-content\"><p>Gabriela Basz<\/p><\/div><\/div><\/div><\/article><article id=\"portfolio-2-post-682\" class=\"fusion-portfolio-post eje-5-pt preparatoria-2-pt fusion-col-spacing post-682\"><div class=\"fusion-portfolio-content-wrapper\" style=\"border:none;background-color:rgba(255,255,255,1);\"><span class=\"vcard rich-snippet-hidden\"><span class=\"fn\"><a href=\"https:\/\/enapol.com\/vi\/author\/gonzalozabala\/\" title=\"Entradas de gonzalozabala\" rel=\"author\">gonzalozabala<\/a><\/span><\/span><span class=\"updated rich-snippet-hidden\">2021-08-16T21:54:01-03:00<\/span><div  class=\"fusion-image-wrapper fusion-image-size-fixed\" aria-haspopup=\"true\">\n\t\t\t\t<img decoding=\"async\" width=\"300\" height=\"200\" src=\"https:\/\/enapol.com\/vi\/wp-content\/uploads\/sites\/8\/2021\/08\/Guillermo-Belaga.jpg\" class=\"attachment-portfolio-three size-portfolio-three wp-post-image\" alt=\"\" srcset=\"https:\/\/enapol.com\/vi\/wp-content\/uploads\/sites\/8\/2021\/08\/Guillermo-Belaga-200x133.jpg 200w, https:\/\/enapol.com\/vi\/wp-content\/uploads\/sites\/8\/2021\/08\/Guillermo-Belaga.jpg 300w\" sizes=\"(max-width: 300px) 100vw, 300px\" \/><div class=\"fusion-rollover\">\n\t<div class=\"fusion-rollover-content\">\n\n\t\t\t\t\t\t\t\t\t\t\t\t\t\t<a class=\"fusion-rollover-link\" href=\"https:\/\/enapol.com\/vi\/pt\/portfolio-items\/bipolaridade-mania-melancolia\/?portfolioCats=160\">\u00abBipolaridade\u00bb: Mania, Melancolia<\/a>\n\t\t\t\n\t\t\t\t\t\t\t\t\n\t\t\n\t\t\t\t\t\t\t\t\n\t\t\t\t\t\t\t\t\n\t\t\n\t\t\t\t\t\t<a class=\"fusion-link-wrapper\" href=\"https:\/\/enapol.com\/vi\/pt\/portfolio-items\/bipolaridade-mania-melancolia\/?portfolioCats=160\" aria-label=\"\u00abBipolaridade\u00bb: Mania, Melancolia\"><\/a>\n\t<\/div>\n<\/div>\n<\/div>\n<div class=\"fusion-portfolio-content\" style=\"background-color:rgba(255,255,255,1);\"><h2 class=\"entry-title fusion-post-title\"><a href=\"https:\/\/enapol.com\/vi\/pt\/portfolio-items\/bipolaridade-mania-melancolia\/?portfolioCats=160\">\u00abBipolaridade\u00bb: Mania, Melancolia<\/a><\/h2><div class=\"fusion-content-sep sep-none\" style=\"border-color:#ebeaea;\"><\/div><div class=\"fusion-post-content\"><p>Guillermo Belaga<\/p><\/div><\/div><\/div><\/article><article id=\"portfolio-2-post-639\" class=\"fusion-portfolio-post eje-4-pt preparatoria-2-pt fusion-col-spacing post-639\"><div class=\"fusion-portfolio-content-wrapper\" style=\"border:none;background-color:rgba(255,255,255,1);\"><span class=\"vcard rich-snippet-hidden\"><span class=\"fn\"><a href=\"https:\/\/enapol.com\/vi\/author\/gonzalozabala\/\" title=\"Entradas de gonzalozabala\" rel=\"author\">gonzalozabala<\/a><\/span><\/span><span class=\"updated rich-snippet-hidden\">2021-08-16T21:51:37-03:00<\/span><div  class=\"fusion-image-wrapper fusion-image-size-fixed\" aria-haspopup=\"true\">\n\t\t\t\t<img decoding=\"async\" width=\"300\" height=\"200\" src=\"https:\/\/enapol.com\/vi\/wp-content\/uploads\/sites\/8\/2021\/08\/Adela-Fryd.jpg\" class=\"attachment-portfolio-three size-portfolio-three wp-post-image\" alt=\"\" srcset=\"https:\/\/enapol.com\/vi\/wp-content\/uploads\/sites\/8\/2021\/08\/Adela-Fryd-200x133.jpg 200w, https:\/\/enapol.com\/vi\/wp-content\/uploads\/sites\/8\/2021\/08\/Adela-Fryd.jpg 300w\" sizes=\"(max-width: 300px) 100vw, 300px\" \/><div class=\"fusion-rollover\">\n\t<div class=\"fusion-rollover-content\">\n\n\t\t\t\t\t\t\t\t\t\t\t\t\t\t<a class=\"fusion-rollover-link\" href=\"https:\/\/enapol.com\/vi\/pt\/portfolio-items\/as-criancas-mestres\/?portfolioCats=160\">As Crian\u00e7as Mestres<\/a>\n\t\t\t\n\t\t\t\t\t\t\t\t\n\t\t\n\t\t\t\t\t\t\t\t\n\t\t\t\t\t\t\t\t\n\t\t\n\t\t\t\t\t\t<a class=\"fusion-link-wrapper\" href=\"https:\/\/enapol.com\/vi\/pt\/portfolio-items\/as-criancas-mestres\/?portfolioCats=160\" aria-label=\"As Crian\u00e7as Mestres\"><\/a>\n\t<\/div>\n<\/div>\n<\/div>\n<div class=\"fusion-portfolio-content\" style=\"background-color:rgba(255,255,255,1);\"><h2 class=\"entry-title fusion-post-title\"><a href=\"https:\/\/enapol.com\/vi\/pt\/portfolio-items\/as-criancas-mestres\/?portfolioCats=160\">As Crian\u00e7as Mestres<\/a><\/h2><div class=\"fusion-content-sep sep-none\" style=\"border-color:#ebeaea;\"><\/div><div class=\"fusion-post-content\"><p>Adela Fryd<\/p><\/div><\/div><\/div><\/article><\/div><\/div><\/div><\/div><\/div><\/div><\/p>\n","protected":false},"excerpt":{"rendered":"","protected":false},"author":1,"featured_media":0,"parent":45,"menu_order":3,"comment_status":"closed","ping_status":"closed","template":"","meta":{"_monsterinsights_skip_tracking":false,"_monsterinsights_sitenote_active":false,"_monsterinsights_sitenote_note":"","_monsterinsights_sitenote_category":0,"footnotes":""},"_links":{"self":[{"href":"https:\/\/enapol.com\/vi\/wp-json\/wp\/v2\/pages\/132"}],"collection":[{"href":"https:\/\/enapol.com\/vi\/wp-json\/wp\/v2\/pages"}],"about":[{"href":"https:\/\/enapol.com\/vi\/wp-json\/wp\/v2\/types\/page"}],"author":[{"embeddable":true,"href":"https:\/\/enapol.com\/vi\/wp-json\/wp\/v2\/users\/1"}],"replies":[{"embeddable":true,"href":"https:\/\/enapol.com\/vi\/wp-json\/wp\/v2\/comments?post=132"}],"version-history":[{"count":6,"href":"https:\/\/enapol.com\/vi\/wp-json\/wp\/v2\/pages\/132\/revisions"}],"predecessor-version":[{"id":959,"href":"https:\/\/enapol.com\/vi\/wp-json\/wp\/v2\/pages\/132\/revisions\/959"}],"up":[{"embeddable":true,"href":"https:\/\/enapol.com\/vi\/wp-json\/wp\/v2\/pages\/45"}],"wp:attachment":[{"href":"https:\/\/enapol.com\/vi\/wp-json\/wp\/v2\/media?parent=132"}],"curies":[{"name":"wp","href":"https:\/\/api.w.org\/{rel}","templated":true}]}}