{"id":1347,"date":"2021-08-19T02:04:49","date_gmt":"2021-08-19T05:04:49","guid":{"rendered":"http:\/\/x-enapol.org\/vi\/?page_id=1347"},"modified":"2021-08-19T02:38:18","modified_gmt":"2021-08-19T05:38:18","slug":"de-los-fundamentos","status":"publish","type":"page","link":"https:\/\/enapol.com\/vi\/bibliografia\/de-los-fundamentos\/","title":{"rendered":"De los fundamentos"},"content":{"rendered":"<div class=\"fusion-fullwidth fullwidth-box fusion-builder-row-1 fusion-flex-container nonhundred-percent-fullwidth non-hundred-percent-height-scrolling\" style=\"--awb-border-radius-top-left:0px;--awb-border-radius-top-right:0px;--awb-border-radius-bottom-right:0px;--awb-border-radius-bottom-left:0px;--awb-flex-wrap:wrap;\" ><div class=\"fusion-builder-row fusion-row fusion-flex-align-items-flex-start fusion-flex-content-wrap\" style=\"max-width:1352px;margin-left: calc(-4% \/ 2 );margin-right: calc(-4% \/ 2 );\"><div class=\"fusion-layout-column fusion_builder_column fusion-builder-column-0 fusion_builder_column_1_1 1_1 fusion-flex-column\" style=\"--awb-bg-size:cover;--awb-width-large:100%;--awb-margin-top-large:0px;--awb-spacing-right-large:1.92%;--awb-margin-bottom-large:20px;--awb-spacing-left-large:1.92%;--awb-width-medium:100%;--awb-order-medium:0;--awb-spacing-right-medium:1.92%;--awb-spacing-left-medium:1.92%;--awb-width-small:100%;--awb-order-small:0;--awb-spacing-right-small:1.92%;--awb-spacing-left-small:1.92%;\"><div class=\"fusion-column-wrapper fusion-column-has-shadow fusion-flex-justify-content-flex-start fusion-content-layout-column\"><div class=\"fusion-text fusion-text-1\"><ul>\n<li>Freud, S. (1893), \u00abAlgunas consideraciones con miras a un estudio comparativo de las par\u00e1lisis motrices e hist\u00e9ricas\u00bb, en\u00a0<i>Obras Completas<\/i>, t. I, Ed. Amorrortu, Buenos Aires, Argentina.<\/li>\n<li>Freud, S. (1895), \u00abSobre la justificaci\u00f3n de separar de la neurastenia un determinado s\u00edndrome en calidad de neurosis de angustia\u00bb, en\u00a0<i>Obras Completas<\/i>., t. III, Ed. Amorrortu, Buenos Aires, Argentina.<\/li>\n<li>Freud, S (1914), \u00abIntroducci\u00f3n del narcisismo\u00bb, en\u00a0<i>Obras Completas<\/i>, t. XIV. Ed. Amorrortu, Buenos Aires, Argentina.<\/li>\n<li>Freud, S (1914), \u00abPulsiones y destinos de pulsi\u00f3n\u00bb, en\u00a0<i>Obras Completas<\/i>, t. XIV. Ed. Amorrortu, Buenos Aires, Argentina.<\/li>\n<li>Freud, S (1921), \u00abPsicolog\u00eda de las masas y an\u00e1lisis del yo\u00bb, en\u00a0<i>Obras Completas<\/i>, t. XVIII, Ed. Amorrortu, Buenos Aires, Argentina.<\/li>\n<li>Freud, S (1926), \u00abEl Yo y el Ello\u00bb, en\u00a0<i>Obras Completas<\/i>, t. XIX, Ed. Amorrortu, Buenos Aires, Argentina.<\/li>\n<li>Freud, S (1926), \u00abInhibici\u00f3n s\u00edntoma y angustia\u00bb, en\u00a0<i>Obras Completas<\/i>, t. XX, Ed. Amorrortu, Buenos Aires, Argentina.<\/li>\n<li>Lacan, J. (1949) \u00abEl estad\u00edo del espejo como formador de la funci\u00f3n del yo tal como se revela en la experiencia anal\u00edtica\u00bb, en\u00a0<i>Escritos 1,\u00a0<\/i>Siglo XXI, Buenos Aires, Argentina.<\/li>\n<li>Lacan, J. (1953) \u00abFunci\u00f3n y campo de la palabra y el lenguaje en psicoan\u00e1lisis\u00bb, en\u00a0<i>Escritos 1,\u00a0<\/i>Siglo XXI, Buenos Aires, Argentina. 1983<\/li>\n<li>Lacan, J.,\u00a0<i>El Seminario, libro 1<\/i>, el cap\u00edtulo VI \u00abAn\u00e1lisis del discurso y an\u00e1lisis del yo\u00bb, los cap\u00edtulos que van del VII al XII que constituyen el apartado \u00abLa t\u00f3pica de lo imaginario\u00bb. Paid\u00f3s, Buenos Aires, Argentina.<\/li>\n<li>Lacan, J<i>. El Seminario. Libro 2. El yo en la teor\u00eda de Freud y en la t\u00e9cnica psicoanal\u00edtica,<\/i>\u00a0Clase VIII. \u00abIntroducci\u00f3n al Entwurf\u00bb, Paid\u00f3s, Buenos Aires, Argentina.<\/li>\n<li>Lacan J.\u00a0<i>El Seminario. Libro 3. Las psicosis,<\/i>\u00a0Clase XXV. \u00abEl Falo y el Meteoro\u00bb. Paid\u00f3s, Buenos Aires, Argentina.<\/li>\n<li>Lacan J.\u00a0<i>El Seminario. Libro 4. La relaci\u00f3n de objeto,<\/i>\u00a0Clase III \u00abEl significante y el esp\u00edritu santo\u00bb, Clase X \u00abLa identificaci\u00f3n con el falo\u00bb. Paid\u00f3s, Buenos Aires, Argentina.<\/li>\n<li>Lacan, J.,\u00a0<i>El Seminario, libro 9<\/i>. Clase del 16-5-62. In\u00e9dito.<\/li>\n<li>Lacan, J.\u00a0<i>El Seminario, libro 10<\/i>, clase III \u00abDel cosmos al Unheimlichkeit\u00bb, clase IV \u00abM\u00e1s all\u00e1 de la angustia de castraci\u00f3n\u00bb, clase VII \u00abNo sin tenerlo\u00bb, clase IX \u00abPasaje al acto y Acting out\u00bb, clase XII \u00abLa angustia, se\u00f1al de lo real\u00bb, clase XIII \u00abAforismos sobre el amor\u00bb, clase XIV \u00abLa mujer m\u00e1s verdadera y m\u00e1s real\u00bb, clase XV \u00abUn asunto de macho\u00bb. Y clase XVI \u00abLos p\u00e1rpados de Buda\u00bb. Paid\u00f3s, Buenos Aires, Argentina.<\/li>\n<li>Lacan J.\u00a0<i>El Seminario. Libro 11. Los cuatro conceptos fundamentales del psicoan\u00e1lisis<\/i>. Clase XVI \u00abEl sujeto y el otro: la alienaci\u00f3n\u00bb, clase XVII \u00abEl sujeto y el otro (II): la af\u00e1nisis\u00bb, clase XVIII \u00abDel sujeto al que se supone saber, de la primera d\u00edada y del bien\u00bb. Paid\u00f3s, Buenos Aires, Argentina.<\/li>\n<li>Lacan, J. (1966) \u00abRespuesta a los estudiantes de filosof\u00eda\u00bb, en\u00a0<i>Otros escritos,\u00a0<\/i>Paid\u00f3s, Buenos Aires, Argentina. 2012.<\/li>\n<li>Lacan. J.: \u00abProposici\u00f3n del 9 de octubre de 1967 Sobre el Psicoan\u00e1lisis de la Escuela\u00bb, en\u00a0<i>Momentos cruciales de la experiencia anal\u00edtica,<\/i>\u00a0Paid\u00f3s, Buenos Aires, 2012.<\/li>\n<li>Lacan, J.\u00a0<i>El Seminario. Libro 17. El reverso del psicoan\u00e1lisis.<\/i>\u00a0Clase VI. \u00abEl amo castrado\u00bb. Paid\u00f3s, Buenos Aires, Argentina.<\/li>\n<li>Lacan, J. (1970) \u00abRadiofon\u00eda\u00bb, en\u00a0<i>Otros escritos,\u00a0<\/i>Paid\u00f3s, Buenos Aires, Argentina. 2012.<\/li>\n<li>Lacan J. \u00abConferencia en Ginebra sobre el s\u00edntoma\u00bb, en\u00a0<i>Intervenciones y textos II<\/i>. Manantial, Buenos Aires, Argentina. 1988.<\/li>\n<li>Lacan; J. (1971) \u00abLituratierra\u00bb, en\u00a0<i>Otros escritos,\u00a0<\/i>Paid\u00f3s, Buenos Aires, Argentina. 2012.<\/li>\n<li>Lacan, J. (1973) \u00abEl atolondradicho\u00bb, en\u00a0<i>Otros escritos,\u00a0<\/i>Paid\u00f3s, Buenos Aires, Argentina. 2012.<\/li>\n<li>Lacan J.\u00a0<i>El Seminario. Libro 20 Aun,<\/i>\u00a0Clase I, \u00abDel Goce\u00bb, Clase. II \u00abA Jakobson\u00bb, Clase. IV \u00abDios y el goce de La mujer\u00bb, Clase \u00abEl saber y la verdad\u00bb y Clase. X \u00abRedondeles de cuerda\u00bb, Clase XI \u00abLa rata en el laberinto\u00bb. Paid\u00f3s, Buenos Aires, Argentina.<\/li>\n<li>Lacan, J. (1974) \u00abLa tercera\u00bb,\u00a0<i>Intervenciones y textos 2<\/i>, Manantial. Buenos Aires, Argentina. 1986<\/li>\n<li>Lacan, J. \u00abEl fen\u00f3meno lacaniano\u00bb, en\u00a0<i>Uno por uno\u00a0<\/i>nro. 46. Eolia. Buenos Aires, Argentina. 1998.<\/li>\n<li>Lacan, J. (1974) \u00abPrefacio a el despertar de la primavera\u00bb, en\u00a0<i>Otros escritos<\/i>. Paid\u00f3s. Buenos Aires, Argentina. 2012.<\/li>\n<li>Lacan; J. \u00abJoyce el s\u00edntoma I\u00bb, en Uno por Uno 44,Eolia Paid\u00f3s, Buenos Aires, Argentina. 1997.<\/li>\n<li>Lacan; J. \u00abJoyce el s\u00edntoma II\u00bb, en Uno por Uno 45,Eolia Paid\u00f3s, Buenos Aires, Argentina. 1997.<\/li>\n<li>Lacan, J. Seminario RSI (in\u00e9dito) Clases 2, 3 y 6.<\/li>\n<li>Lacan J.\u00a0<i>El Seminario Libro 23 El sinthome,<\/i>\u00a0Clase I \u00abDel uso l\u00f3gico del sinthome, o Freud con Joyce\u00bb, Clase VII \u00abDe una falacia que es testimonio de lo real\u00bb, Clase VIII \u00abDel sentido, del sexo y de lo real\u00bb, Clase IX \u00abDe lo inconsciente a lo real\u00bb, Clase X \u00abLa escritura del ego\u00bb, \u00abNota paso a paso\u00bb. Paid\u00f3s, Buenos Aires, Argentina.<\/li>\n<li>Lacan, J. Seminario 24 \u00abL`insu que sait de l`une-bevue s`aile \u00e1 mourre\u00bb, clases del 6\/11\/76, del 14\/12\/76, 11\/1\/77; Revista Ornicar nros. 12, 13, 14.<\/li>\n<li>Lacan, J. \u00abConsideraciones sobre la histeria\u00bb en\u00a0<i>Quarto nro. 2<\/i>. Septiembre 1981. Versi\u00f3n en castellano:\u00a0<a href=\"http:\/\/networkedblogs.com\/IwgBW\" target=\"_blank\" rel=\"noopener\">http:\/\/networkedblogs.com\/IwgBW<\/a><\/li>\n<li>Laurent, E.\u00a0<i>Los 0bjetos de la pasi\u00f3n.\u00a0<\/i>Ed. Tres Haches, Buenos Aires, Argentina.<\/li>\n<li>Laurent, E.\u00a0<i>S\u00edntoma y nominaci\u00f3n<\/i>. Ed. Colecci\u00f3n Diva. Buenos Aires, Argentina. 2002.<\/li>\n<li>Laurent, E. \u00abEl cuerpo es el Otro\u00bb en\u00a0<i>Las paradojas de la identificaci\u00f3n<\/i>. Ed. EOL-Paid\u00f3s. Buenos Aires, Argentina. 1999.<\/li>\n<li>Laurent, E.\u00a0<i>Las Transformaciones en la cl\u00ednica de Jacques Lacan: Contar con el cuerpo: Psicopatolog\u00eda del Acto<\/i>. EEP, Madrid, Espa\u00f1a.<b>\u00a0<\/b>1998<\/li>\n<li>Laurent, Eric. \u00abLa extensi\u00f3n del s\u00edntoma hoy\u00bb.\u00a0<i>Psicoan\u00e1lisis y Salud Mental<\/i>. Buenos Aires: Ed. Tres Haches, 2000 pp. 5-10.<\/li>\n<li>Miller, J.A. \u00abConferencia de clausura, PIPOL V\u00bb, en\u00a0<i>El psicoan\u00e1lisis<\/i>, Revista peri\u00f3dica de la ELP, nro. 20.<\/li>\n<li>Miller, J.A. \u00abEl desorden simb\u00f3lico\u00bb,\u00a0<i>Revista Lacaniana de psicoan\u00e1lisis.<\/i>\u00a0A\u00f1o 8 Numero 13. Noviembre 2012. Grama Ediciones, Buenos Aires, Argentina.<\/li>\n<li>Miller, J.A., \u00abLo real en el siglo XXI. Presentaci\u00f3n del tema del IX Congreso de la AMP\u00bb, en\u00a0<i>Lacaniana 13.\u00a0<\/i>Grama, Buenos Aires, Argentina. 2013. Versi\u00f3n on-line disponible en:\u00a0<a href=\"http:\/\/www.wapol.org\/es\/articulos\/Template.asp?intTipoPagina=4&amp;intPublicacion=38&amp;intEdicion=13&amp;intIdiomaPublicacion=1&amp;intArticulo=2468&amp;intIdiomaArticulo=1\" target=\"_blank\" rel=\"noopener\">http:\/\/www.wapol.org\/es\/articulos\/Template.asp?intTipoPagina=4&amp;intPublicacion=38&amp;intEdicion=13&amp;intIdiomaPublicacion=1&amp;intArticulo=2468&amp;intIdiomaArticulo=1<\/a><\/li>\n<li>Miller, J.-A. \u00bfQu\u00e9 es ser lacaniano? (Cap. II), El secreto del s\u00edntoma (Cap. III), Equ\u00edvocos sobre el Otro (Cap. XI), \u00abDel s\u00edntoma al sinthome\u00bb (Cap. XVII) en\u00a0<i>El Partenaire-S\u00edntoma.\u00a0<\/i>Paid\u00f3s, Buenos Aires, Argentina.<\/li>\n<li>Miller, J. \u2013A. \u00abUna nueva modalidad del S\u00edntoma\u00bb en\u00a0<i>Virtualia nro. 1.\u00a0<\/i>Revista virtual de la Escuela de Orientaci\u00f3n Lacaniana.\u00a0<a href=\"http:\/\/virtualia.eol.org.ar\/001\/notas\/unanuevamodalidad-04.html\" target=\"_blank\" rel=\"noopener\">virtualia.eol.org.ar\/001\/notas\/unanuevamodalidad-04.html<\/a><\/li>\n<li>Miller, J.-A., \u00abParadigmas del goce\u00bb, \u00abBiolog\u00eda lacaniana\u00bb, \u00abAcontecimientos del cuerpo\u00bb, \u00abEl saber incorporado\u00bb, en\u00a0<i>La experiencia de lo real en la cura psicoanal\u00edtica<\/i>, Paid\u00f3s, Buenos Aires, Argentina.<\/li>\n<li>Miller, J.-A. \u00abPiezas sueltas. La falla sexual\u00bb, en\u00a0<i>Revista Freudiana N\u00b050<\/i>. p\u00e1g. 7 a 37. Barcelona: Ed. E.L.P.-Catalunya, Mayo-Agosto 2007. Publicaci\u00f3n cuatrimestral.<\/li>\n<li>Miller, J.-A.,\u00a0<i>El hueso de un an\u00e1lisis,<\/i>\u00a0Tres haches, Buenos Aires, Argentina.<\/li>\n<li>MILLER, J. -A.\u00a0<i>Silet: os paradoxos da puls\u00e3o<\/i>\u00a0(1994-1995). Rio de Janeiro: Jorge Zahar, 2005, p. 16.<\/li>\n<li>Miller, J.-A. \u00abLa pierna de madera\u00bb, en I<i>ncidencias de la \u00faltima ense\u00f1anza de Lacan en la pr\u00e1ctica anal\u00edtica<\/i>. Grama ediciones. Buenos Aires, Argentina. 2006.<\/li>\n<li>Miller, J.-A. \u00abLas c\u00e1rceles del goce\u00bb, en\u00a0<i>Im\u00e1genes y Miradas.<\/i>\u00a0Colecci\u00f3n Orientaci\u00f3n Lacaniana, EOL. Buenos Aires, Argentina. 1994.<\/li>\n<li>Viereck, G. S. \u00abEl valor de la vida. Entrevista al Dr. S. Freud\u00bb en\u00a0<i>Virtualia. Revista digital de la E.O.L.\u00a0<\/i>A\u00f1o 5, nro. Extraordinario. Mayo-Junio 2006. Disponible en\u00a0<a href=\"http:\/\/virtualia.eol.org.ar\/014b\/default.asp?entrevistas\/viereck.html\" target=\"_blank\" rel=\"noopener\">http:\/\/virtualia.eol.org.ar\/014b\/default.asp?entrevistas\/viereck.html<\/a><\/li>\n<\/ul>\n<\/div><\/div><\/div><\/div><\/div>\n","protected":false},"excerpt":{"rendered":"","protected":false},"author":1,"featured_media":0,"parent":100,"menu_order":1,"comment_status":"closed","ping_status":"closed","template":"","meta":{"_monsterinsights_skip_tracking":false,"_monsterinsights_sitenote_active":false,"_monsterinsights_sitenote_note":"","_monsterinsights_sitenote_category":0,"footnotes":""},"_links":{"self":[{"href":"https:\/\/enapol.com\/vi\/wp-json\/wp\/v2\/pages\/1347"}],"collection":[{"href":"https:\/\/enapol.com\/vi\/wp-json\/wp\/v2\/pages"}],"about":[{"href":"https:\/\/enapol.com\/vi\/wp-json\/wp\/v2\/types\/page"}],"author":[{"embeddable":true,"href":"https:\/\/enapol.com\/vi\/wp-json\/wp\/v2\/users\/1"}],"replies":[{"embeddable":true,"href":"https:\/\/enapol.com\/vi\/wp-json\/wp\/v2\/comments?post=1347"}],"version-history":[{"count":4,"href":"https:\/\/enapol.com\/vi\/wp-json\/wp\/v2\/pages\/1347\/revisions"}],"predecessor-version":[{"id":1392,"href":"https:\/\/enapol.com\/vi\/wp-json\/wp\/v2\/pages\/1347\/revisions\/1392"}],"up":[{"embeddable":true,"href":"https:\/\/enapol.com\/vi\/wp-json\/wp\/v2\/pages\/100"}],"wp:attachment":[{"href":"https:\/\/enapol.com\/vi\/wp-json\/wp\/v2\/media?parent=1347"}],"curies":[{"name":"wp","href":"https:\/\/api.w.org\/{rel}","templated":true}]}}