{"id":1356,"date":"2021-08-19T02:22:25","date_gmt":"2021-08-19T05:22:25","guid":{"rendered":"http:\/\/x-enapol.org\/vi\/?page_id=1356"},"modified":"2021-08-19T02:41:50","modified_gmt":"2021-08-19T05:41:50","slug":"mas-lejos-del-inconsciente-mas-cerca-de-los-cuerpos","status":"publish","type":"page","link":"https:\/\/enapol.com\/vi\/bibliografia\/mas-lejos-del-inconsciente-mas-cerca-de-los-cuerpos\/","title":{"rendered":"M\u00e1s lejos del inconsciente, m\u00e1s cerca de los cuerpos"},"content":{"rendered":"<div class=\"fusion-fullwidth fullwidth-box fusion-builder-row-1 fusion-flex-container nonhundred-percent-fullwidth non-hundred-percent-height-scrolling\" style=\"--awb-border-radius-top-left:0px;--awb-border-radius-top-right:0px;--awb-border-radius-bottom-right:0px;--awb-border-radius-bottom-left:0px;--awb-flex-wrap:wrap;\" ><div class=\"fusion-builder-row fusion-row fusion-flex-align-items-flex-start fusion-flex-content-wrap\" style=\"max-width:1352px;margin-left: calc(-4% \/ 2 );margin-right: calc(-4% \/ 2 );\"><div class=\"fusion-layout-column fusion_builder_column fusion-builder-column-0 fusion_builder_column_1_1 1_1 fusion-flex-column\" style=\"--awb-bg-size:cover;--awb-width-large:100%;--awb-margin-top-large:0px;--awb-spacing-right-large:1.92%;--awb-margin-bottom-large:20px;--awb-spacing-left-large:1.92%;--awb-width-medium:100%;--awb-order-medium:0;--awb-spacing-right-medium:1.92%;--awb-spacing-left-medium:1.92%;--awb-width-small:100%;--awb-order-small:0;--awb-spacing-right-small:1.92%;--awb-spacing-left-small:1.92%;\"><div class=\"fusion-column-wrapper fusion-column-has-shadow fusion-flex-justify-content-flex-start fusion-content-layout-column\"><div class=\"fusion-text fusion-text-1\"><ul>\n<li>AA.VV. \u00abCuerpos escritos, Cuerpos hablados\u00bb,\u00a0<i>El psicoan\u00e1lisis, revista de la ELP\u00a0<\/i>nro. 21. Espa\u00f1a. Abril 2012.<\/li>\n<li>AA.VV.\u00a0<i>El Cuerpo en la orientaci\u00f3n Lacaniana.\u00a0<\/i>NEL-Medellin. Medell\u00edn, Colombia. 2011<\/li>\n<li>AA.VV.\u00a0<i>El cuerpo en psicoan\u00e1lisis.<\/i>\u00a0Pommaire. Caracas, Venezuela. 2011.<\/li>\n<li>AA.VV.\u00a0<i>Letras nro. 3, La lengua en el cuerpo<\/i>, Revista de psicoan\u00e1lisis de la comunidad de Madrid-ELP. Disponible en\u00a0<a href=\"http:\/\/letraslacanianas.com\/revista-no3\" target=\"_blank\" rel=\"noopener\">http:\/\/letraslacanianas.com\/revista-no3<\/a><\/li>\n<li>AA.VV.\u00a0<i>Pharmakon: Chifladuras adictivas<\/i><b>,\u00a0<\/b>revista de la red internacional del TyA, vol.12. Ed. Grama. Buenos Aires, Argentina. 2011<\/li>\n<li>AA.VV.\u00a0<i>Lo Inclasificable de las toxicoman\u00edas: Respuestas del psicoan\u00e1lisis.\u00a0<\/i>Grama. Buenos Aires, Argentina. 2008<\/li>\n<li>AA.VV.\u00a0<i>Mediodicho, Revista de psicoan\u00e1lisis: Nuevas intervenciones sobre el cuerpo.<\/i>\u00a0Vol.12, No.33 (Abril. 2008). EOL, C\u00f3rdoba, Argentina.<\/li>\n<li>Alvarez, N.<b>\u00a0\u00ab<\/b>Sobre la v\u00edctima, un cuerpo, responsabilidad Subjetiva\u00bb, en\u00a0<i>El Caldero de la Escuela\u00a0<\/i>Nro.83 (Mar. &#8211; Abr. 2001), 110-112. EOL. Buenos Aires, Argentina.<\/li>\n<li>Acu\u00f1a, M.<b>\u00a0\u00ab<\/b>Te Comes los libros\u00bb, en\u00a0<i>Freudiana<\/i>\u00a0No. 47(2006), p. 69-74. EEP. Barcelona, Espa\u00f1a.<\/li>\n<li>Aguilar, L. \u00abEl Malambo\u00bb, en\u00a0<i>Revista Enigmas del Cuerpo N\u00b04.<\/i>\u00a0Departamento de Estudios \u00abPsicoan\u00e1lisis y Cuerpo\u00bb &#8211; Centro de Estudios Cl\u00ednicos (CIEC). C\u00f3rdoba, Argentina. 2013<\/li>\n<li>Alvarenga, E. \u00abLas mujeres y sus drogas\u00bb, en\u00a0<i>La cl\u00ednica de lo singular frente a la epidemia de las clasificaciones.\u00a0<\/i>Grama. Buenos Aires, Argentina. 2013.<\/li>\n<li>Andreini, N. \u00abUn Cuerpo que no Duele. Supervisiones Institucionales-IPAD.\u00bb En\u00a0<i>Revista Apostillas del TyA C\u00f3rdoba N\u00b01<\/i>. Centro de Investigaciones y Estudios Cl\u00ednicos (CIEC). C\u00f3rdoba, Argentina 2011.<\/li>\n<li>Antelo., M. \u00abMondo Cane. Notas sobre la violencia en el cine\u00bb, en\u00a0<i>Freudiana<\/i>\u00a0Nos. 43 &#8211; 44 (Mar. &#8211; Oct. 2005), 171 \u2013 177. ELP. Barcelona, Espa\u00f1a<\/li>\n<li>Aubert, N.:\u00a0<i>El individuo hipermoderno,<\/i>\u00a0Ed. Eres, Toulouse, Francia. 2010.<\/li>\n<li>Belaga, G. y Negri, M. I. \u00bb Cuando la violencia no es virtual\u00bb en\u00a0<i>La urgencia generalizada 2. Ciencia, Pol\u00edtica y Cl\u00ednica del trauma.<\/i>\u00a0Ed. Gramma, Buenos Aires, Argentina. 2005<\/li>\n<li>Bouso\u00f1o, N. \u00abAmiga del alma\u00bb, en\u00a0<i>Brisas Cl\u00ednicas, sue\u00f1o y final de an\u00e1lisis.\u00a0<\/i>Grama. Buenos Aires, Argentina. 2013.<\/li>\n<li>Calvet, R. M.<b>\u00a0\u00ab<\/b>Angustia y urgencia subjetiva\u00bb, en\u00a0<i>Freudiana<\/i><b>\u00a0<\/b>No. 45 (2005), p. 69-73. ELP. Barcelona, Espa\u00f1a.<\/li>\n<li>Castillo, J. \u00abAmerican Psyco\u00bb en\u00a0<i>Revista Mediodicho N 31 \u00ab(esa) Violencia\u00bb<\/i>. Publicaci\u00f3n de la Escuela de la Orientaci\u00f3n Lacaniana Secci\u00f3n C\u00f3rdoba. C\u00f3rdoba, Argentina. 2006.<\/li>\n<li>Celia Salles: El envoltorio de la nada en la obesidad.\u00a0<i>Virtualia nro. 13<\/i>. Revista virtual de la Escuela de Orientaci\u00f3n Lacaniana.<\/li>\n<li>virtualia.eol.org.ar\/013\/default.asp?dossier\/salles.html<\/li>\n<li>Eidelberg, A. \u00abLo actual del p\u00e1nico\u00bb en Schejtman, F. (comp.) y otros,\u00a0<i>Elaboraciones lacanianas sobre la neurosis<\/i>. Grama ediciones, Buenos. Aires., Argentina. 2012.<\/li>\n<li>Eidelberg, A., Schejtman, F., Soria Dafunchio, N. y Ventoso, J.,\u00a0<i>Anorexia y bulimia. S\u00edntomas actuales de lo femenino,\u00a0<\/i>Serie del bucle, Buenos Aires, 2003.<\/li>\n<li>Eidelberg, A., Godoy, C., Schejtman, F., Soria Dafunchio, N. (comps.),\u00a0<i>\u00bfC\u00f3mo tratan los psicoanalistas las anorexias y bulimias?,\u00a0<\/i>Serie del bucle, Buenos Aires, 2004.<\/li>\n<li>Eidelberg, A., Godoy, C., Schejtman, F., Soria Dafunchio, N.,\u00a0<i>Porciones de nada. La anorexia y la \u00e9poca<\/i>, Serie del bucle, Buenos Aires, 2009.<\/li>\n<li>Fern\u00e1ndez Blanco, M. \u00abEl estilo adictivo de las civilizaciones actuales\u00bb en\u00a0<i>Textos on line,\u00a0<\/i>en la p\u00e1gina web de la Nueva Escuela Lacaniana-M\u00e9xico\u00a0<a href=\"http:\/\/www.nel-mexico.org\/articulos\/seccion\/textosonline\/subseccion\/Toxicomanias-y-Alcoholismo\/290\/El-estilo-adictivo-de-las-civilizaciones-actuales\" target=\"_blank\" rel=\"noopener\">http:\/\/www.nel-mexico.org\/articulos\/seccion\/textosonline\/subseccion\/Toxicomanias-y-Alcoholismo\/290\/El-estilo-adictivo-de-las-civilizaciones-actuales<\/a><\/li>\n<li>Fleisher, D. \u00abEl goce m\u00edstico y el goce toxic\u00f3mano\u00bb en\u00a0<i>Sujeto, goce y modernidad II. Fundamentos de la cl\u00ednica.\u00a0<\/i>Atuel-TyA. Buenos Aires, Argentina. 1997.<\/li>\n<li>Fonseca Zas, V. \u00abUn cuerpo inclasificable\u00bb en\u00a0<i>Los inclasificables de las toxicoman\u00edas.\u00a0<\/i>Grama. Buenos Aires, Argentina. 2008.<\/li>\n<li>Galante, D. \u00abLa adicci\u00f3n al hedonismo\u00bb en\u00a0<i>Textos on line,\u00a0<\/i>en la p\u00e1gina web de la Nueva Escuela Lacaniana-M\u00e9xico\u00a0<a href=\"http:\/\/www.nel-mexico.org\/articulos\/seccion\/textosonline\/subseccion\/Toxicomanias-y-Alcoholismo\/291\/La-adiccion-al-hedonismo\" target=\"_blank\" rel=\"noopener\">http:\/\/www.nel-mexico.org\/articulos\/seccion\/textosonline\/subseccion\/Toxicomanias-y-Alcoholismo\/291\/La-adiccion-al-hedonismo<\/a><\/li>\n<li>Garc\u00eda Moreno, B. \u00abAcerca del cartel \u00abViolencia y psicoan\u00e1lisis\u00bb en\u00a0<i>The Wannabe nro. 9,\u00a0<\/i>Revista virtual de la Nueva Escuela Lacaniana. Disponible en\u00a0<a href=\"http:\/\/www.nel-amp.org\/index.php?option=com_content&amp;view=article&amp;id=911:the-wannabe-08&amp;catid=25:the-wannabe&amp;Itemid=58\" target=\"_blank\" rel=\"noopener\">http:\/\/www.nel-amp.org\/index.php?option=com_content&amp;view=article&amp;id=911:the-wannabe-08&amp;catid=25:the-wannabe&amp;Itemid=58<\/a><\/li>\n<li>Goldemberg, Mario. (Compilador) \u00abViolencia en las escuelas\u00bb. Grama, Buenos Aires, Argentina. 2011.<\/li>\n<li>Greiser, I. \u00ab Guerra entre los sexos: feminicidio \u00bb en Revista Virtualia Nro. 25. Revista digital de la Escuela de la Orientaci\u00f3n Lacaniana. Noviembre, 2012. Disponible en:\u00a0<a href=\"http:\/\/virtualia.eol.org.ar\/025\/Virtualia25.pdf\" target=\"_blank\" rel=\"noopener\">http:\/\/virtualia.eol.org.ar\/025\/Vir&#8230;<\/a><\/li>\n<li>Indart, J.C. \u00abViolencia Urbana\u00bb, en\u00a0<i>Virtualia. Revista digital de la E.O.L.\u00a0<\/i>A\u00f1o 3, nro. 11 y 12. Septiembre-Diciembre 2004. Disponible en\u00a0<a href=\"http:\/\/virtualia.eol.org.ar\/012\/default.asp?notas\/indart-01.html#top\" target=\"_blank\" rel=\"noopener\">http:\/\/virtualia.eol.org.ar\/012\/default.asp?notas\/indart-01.html#top<\/a><\/li>\n<li>Lacan, J. (1947) \u00abLa psiquiatr\u00eda inglesa y la guerra\u00bb, en\u00a0<i>Otros escritos.\u00a0<\/i>Paid\u00f3s. Buenos Aires, Argentina. 2012.<\/li>\n<li>Lacan, J. (1948) \u00abLa agresividad en psicoan\u00e1lisis\u00bb, en\u00a0<i>Escritos 1,\u00a0<\/i>Siglo XXI, Buenos Aires, Argentina. 1983<\/li>\n<li>Lacan, J. (1950) \u00abIntroducci\u00f3n te\u00f3rica a las funciones del psicoan\u00e1lisis en criminolog\u00eda\u00bb en\u00a0<i>Escritos I<\/i>. Siglo XXI, Buenos Aires, Argentina. 1983.<\/li>\n<li>Lacan, J. (1950) \u00abPremisas para todo desarrollo posible de la criminolog\u00eda\u00bb, en\u00a0<i>Otros escritos.\u00a0<\/i>Paid\u00f3s. Buenos Aires, Argentina. 2012.<\/li>\n<li>Laurent, E. \u00abAdicciones y lazo social\u00bb en\u00a0<i>Radar nro. 18<\/i>, publicaci\u00f3n virtual de la Nueva Escuela Lacaniana-M\u00e9xico.\u00a0<a href=\"http:\/\/www.nel-mexico.org\/articulos\/seccion\/radar\/edicion\/25\/219\/Adicciones-y-lazo-social\" target=\"_blank\" rel=\"noopener\">http:\/\/www.nel-mexico.org\/articulos\/seccion\/radar\/edicion\/25\/219\/Adicciones-y-lazo-social<\/a><\/li>\n<li>Laurent, E. \u00abLa sociedad del s\u00edntoma\u00bb en\u00a0<i>Revista Lacaniana n. 2<\/i>. Buenos Aires: Publicaci\u00f3n de la EOL, 2004.<\/li>\n<li>Laurent, E. \u00abLo real y el grupo\u00bb, en\u00a0<i>Ecos y matices en psicoan\u00e1lisis aplicado<\/i>. Grama Ediciones, Buenos Aires, Argentina. 2005.<\/li>\n<li>Laurent, E. \u00abDos aspectos de la torsi\u00f3n entre s\u00edntoma e instituci\u00f3n\u00bb en\u00a0<i>Los usos del Psicoan\u00e1lisis.<\/i>\u00a0Ed. Paid\u00f3s. Buenos Aires, Argentina. 2003.<\/li>\n<li>Laurent, E. \u00abEl tratamiento de la angustia postraum\u00e1tica\u00bb en\u00a0<i>Lost in cognition.\u00a0<\/i>Colecci\u00f3n Diva. Buenos Aires, Argentina. 2005.<\/li>\n<li>Laurent, E. \u00abEl objeto a como pivote de la experiencia anal\u00edtica\u00bb en\u00a0<i>Los inclasificables de las toxicoman\u00edas.\u00a0<\/i>Grama. Buenos Aires, Argentina. 2008.<\/li>\n<li>Laurent, E. \u00abLos nuevos s\u00edntomas y los otros\u00bb en\u00a0<i>El caldero de la escuela<\/i>\u00a0n 57, Ed. EOL Buenos Aires: Argentina, 1997.<\/li>\n<li>Miller, J. A. \u00abUna fantas\u00eda\u00bb, en\u00a0<i>Revista Lacaniana n.3<\/i>. Publicaci\u00f3n de la EOL. Buenos Aires, Argentina. 2005.<\/li>\n<li>Miller, J. A. \u00abEl inconsciente es pol\u00edtico\u00bb, en\u00a0<i>Revista Lacaniana n.1<\/i>. Publicaci\u00f3n de la EOL. Buenos Aires, Argentina. 2003.<\/li>\n<li>Miller, J. A. \u00abLa era de Dolly\u00bb Cap. X, \u00abLa secta y la globalizaci\u00f3n\u00bb Cap. XV, \u00abEl campo pulsional\u00bb Cap. XVIII de\u00a0<i>El Otro que no existe y sus comit\u00e9s de \u00e9tica.\u00a0<\/i>Paid\u00f3s. Buenos Aires, Argentina. 2005<\/li>\n<li>Miller, J.-Alain. Sociedad, violencia y s\u00edntoma.\u00a0<i>Mediodicho 31<\/i>. Ed. EOL C\u00f3rdoba. 1997.<\/li>\n<li>Mollo, J.P. \u00abHistoria de la biologizaci\u00f3n del delincuente\u00bb, en\u00a0<i>Virtualia. Revista digital de la E.O.L.\u00a0<\/i>A\u00f1o 11, nro. 25. Noviembre 2012. Disponible en\u00a0<a href=\"http:\/\/virtualia.eol.org.ar\/025\/template.asp?Estudios\/Historia-de-la-biologizacion-del-delincuente.html\" target=\"_blank\" rel=\"noopener\">http:\/\/virtualia.eol.org.ar\/025\/template.asp?Estudios\/Historia-de-la-biologizacion-del-delincuente.html<\/a><\/li>\n<li>M\u00fanera, M. \u00abEl secuestrado como objeto mercanc\u00eda\u00bb en\u00a0<i>The Wannabe nro. 6,\u00a0<\/i>Revista virtual de la Nueva Escuela Lacaniana, disponible en\u00a0<a href=\"http:\/\/nel-amp.org\/the_wannabe_08\/tw\/06\/tw06_bib.htm\" target=\"_blank\" rel=\"noopener\">http:\/\/nel-amp.org\/the_wannabe_08\/tw\/06\/tw06_bib.htm<\/a><\/li>\n<li>Najles, Ana Ruth.\u00a0<i>El ni\u00f1o globalizado: segregaci\u00f3n y violencia<\/i>. La Paz. Ed. Plural. 2000<\/li>\n<li>Naparstek, F. \u00abLa naturaleza t\u00f3xica del s\u00edntoma\u00bb, en\u00a0<i>Intersecciones. Revista electr\u00f3nica de la Facultad de Psicolog\u00eda-U.B.A.<\/i>\u00a0A\u00f1o 2, nro. 3 Junio 2012. Disponible en\u00a0<a href=\"http:\/\/intersecciones.psi.uba.ar\/index.php?option=com_content&amp;view=article&amp;id=48:la-naturaleza-toxica-del-sintoma&amp;catid=9:perspectivas&amp;Itemid=1\" target=\"_blank\" rel=\"noopener\">http:\/\/intersecciones.psi.uba.ar\/index.php?option=com_content&amp;view=article&amp;id=48:la-naturaleza-toxica-del-sintoma&amp;catid=9:perspectivas&amp;Itemid=1<\/a><\/li>\n<li>Naparstek, F. \u00abLa urgencia sexual de la actualidad\u00bb, en\u00a0<i>Tiempos de urgencia,<\/i>\u00a0Sotelo I. (Comp.). JCE Ediciones. Buenos Aires, Argentina. 2005<\/li>\n<li>Naparstek, F. \u00abLa era de la fiesta permanente\u00bb, en\u00a0<i>Introducci\u00f3n a la cl\u00ednica de las toxicoman\u00edas II<\/i>. Ed. Grama. Buenos Aires, Argentina. 2009<\/li>\n<li>Ons, Silvia. \u00abLa violencia contempor\u00e1nea\u00bb en\u00a0<i>Violencia\/s<\/i>. Buenos Aires. Ed. Paid\u00f3s. 2009.<\/li>\n<li>Ons, Silvia: \u00abLa moda del tatuaje\u00bb<i>\u00a0Comunismo sexual<\/i>, Paid\u00f3s, Buenos Aires, 2012<\/li>\n<li>Ortega de Spurrier, P. \u00abViolencia y la muerte en la Ciudad Una Perspectiva Psicoanal\u00edtica\u00bb en\u00a0<i>The Wannabe nro. 6,\u00a0<\/i>Revista virtual de la Nueva Escuela Lacaniana, disponible en\u00a0<a href=\"http:\/\/nel-amp.org\/the_wannabe_08\/tw\/06\/tw06_mov.htm\" target=\"_blank\" rel=\"noopener\">http:\/\/nel-amp.org\/the_wannabe_08\/tw\/06\/tw06_mov.htm<\/a><\/li>\n<li>Salamone, L. y otros \u00ab\u00bfTodos consumidores\u00bb en\u00a0<i>Los inclasificables de las toxicoman\u00edas.\u00a0<\/i>Grama. Buenos Aires, Argentina. 2008.<\/li>\n<li>Salamone, L. D. \u00abToxicoman\u00edas y salud mental\u00bb en\u00a0<i>Radar nro. 62,\u00a0<\/i>publicaci\u00f3n virtual de la Nueva Escuela Lacaniana-M\u00e9xico\u00a0<a href=\"http:\/\/www.nel-mexico.org\/articulos\/seccion\/radar\/edicion\/65\/311\/Toxicomanias-y-salud-mental-\" target=\"_blank\" rel=\"noopener\">http:\/\/www.nel-mexico.org\/articulos\/seccion\/radar\/edicion\/65\/311\/Toxicomanias-y-salud-mental-<\/a><\/li>\n<li>Salamone, L. D. \u00abUn Barfly llamado Bukowski\u00bb en\u00a0<i>Varit\u00e9, sobre toxicoman\u00edas y alcoholismo, marzo 2011,<\/i>\u00a0publicaci\u00f3n virtual de la Nueva Escuela Lacaniana-M\u00e9xico\u00a0<a href=\"http:\/\/www.nel-mexico.org\/articulos\/seccion\/varite\/edicion\/Sobre-Toxicomanias-y-Alcoholismo\/307\/Un-barfly-llamado-Bukowski\" target=\"_blank\" rel=\"noopener\">http:\/\/www.nel-mexico.org\/articulos\/seccion\/varite\/edicion\/Sobre-Toxicomanias-y-Alcoholismo\/307\/Un-barfly-llamado-Bukowski<\/a><\/li>\n<li>Schejtman, F., \u00abLa intervenci\u00f3n anal\u00edtica en anorexias y bulimias\u00bb, en Schejtman, F.,\u00a0<i>La trama del s\u00edntoma y el inconsciente<\/i>, Serie del bucle, Buenos Aires, 2004.<\/li>\n<li>Schejtman, F., \u00abCapitalismo y anorexia: discursos y f\u00f3rmulas\u00bb, en Schejtman, F. (comp.) y otros,\u00a0<i>Elaboraciones lacanianas sobre la neurosis,\u00a0<\/i>Grama, Buenos Aires, 2012.<\/li>\n<li>Seldes, R. \u00abLa urgencia subjetiva\u00bb, en\u00a0<i>Tiempos de urgencia,<\/i>\u00a0Sotelo I. (Comp.). JCE Ediciones. Buenos Aires, Argentina. 2005<\/li>\n<li>Sinatra, E. \u00abLa existencia del goce y la del toxic\u00f3mano\u00bb, en\u00a0<i>De la monoton\u00eda a la diversidad. Sujeto, Goce y Modernidad III.\u00a0<\/i>Ed. Atuel-TyA. Buenos Aires, Argentina. 1995.<\/li>\n<li>Sinatra, E. \u00ab\u00bfTodo sobre las drogas?\u00bb. Grama. Buenos Aires, Argentina. 2010.<\/li>\n<li>Sinatra, E. \u00abLa feminizaci\u00f3n del mundo: el nuevo orden del toxic\u00f3mano\u00bb en\u00a0<i>Virtualia. Revista digital de la E.O.L.\u00a0<\/i>A\u00f1o 11, nro 25. Noviembre 2012. Disponible en\u00a0<a href=\"http:\/\/virtualia.eol.org.ar\/025\/template.asp?Malestar-en-la-civilizacion\/La-feminizacion-del-mundo.html\" target=\"_blank\" rel=\"noopener\">http:\/\/virtualia.eol.org.ar\/025\/template.asp?Malestar-en-la-civilizacion\/La-feminizacion-del-mundo.html<\/a><\/li>\n<li>Skiadaresis, R. \u00abLo inclasificable y las toxicoman\u00edas\u00bb, en\u00a0<i>El psicoan\u00e1lisis aplicado a las toxicoman\u00edas.\u00a0<\/i>Ed. TyA. Buenos Aires, Argentina. 2003<\/li>\n<li>Soldano Deheza, F. \u00abPharmakon y cuerpo en la Grecia Cl\u00e1sica\u00bb, en\u00a0<i>Pharmakon, publicaci\u00f3n de la red internacional TyA,\u00a0<\/i>no.2 (Dic. 1994), 14-19. Instituto del Campo<\/li>\n<li>Freudiano. Buenos Aires, Argentina.<\/li>\n<li>Soria Dafunchio, N.,\u00a0<i>Psicoan\u00e1lisis de la anorexia y la bulimia<\/i>, Tres haches, Buenos Aires, 2000.<\/li>\n<li>Sotelo, I (Comp.)\u00a0<i>Perspectivas de la cl\u00ednica de la urgencia.\u00a0<\/i>Grama. Buenos Aires. 2009<\/li>\n<li>Tarrab, M. \u00abLa sustancia, el cuerpo y el goce toxicoman\u00edaco\u00bb, en\u00a0<i>M\u00e1s all\u00e1 de las drogas,<\/i>\u00a0Ed. Plural, Bs. As. Argentina. 1998<\/li>\n<li>Tarrab, M. \u00abUna experiencia vac\u00eda\u00bb, en<i>\u00a0Varit\u00e9, sobre toxicoman\u00edas y alcoholismo, marzo 2011,<\/i>\u00a0publicaci\u00f3n virtual de la Nueva Escuela Lacaniana-M\u00e9xicohttp:\/\/www.nel-mexico.org\/articulos\/seccion\/varite\/edicion\/Sobre-Toxicomanias-y-Alcoholismo\/309\/Una-experiencia-vacia<\/li>\n<li>Tarrab, M. \u00abEl psicoan\u00e1lisis y la eficacia de la toxicoman\u00eda\u00bb en\u00a0<i>Textos on line,\u00a0<\/i>en la p\u00e1gina web de la Nueva Escuela Lacaniana-M\u00e9xico\u00a0<a href=\"http:\/\/www.nel-mexico.org\/articulos\/seccion\/textosonline\/subseccion\/Toxicomanias-y-Alcoholismo\/24\/El-psicoanalisis-y-la-eficacia-de-la-toxicomania\" target=\"_blank\" rel=\"noopener\">http:\/\/www.nel-mexico.org\/articulos\/seccion\/textosonline\/subseccion\/Toxicomanias-y-Alcoholismo\/24\/El-psicoanalisis-y-la-eficacia-de-la-toxicomania<\/a><\/li>\n<li>Testa, A<b>. \u00ab<\/b>Adicciones en serie\u00bb, en\u00a0<i>Revista Lacaniana de Psicoan\u00e1lisis<\/i>,No.11 (Oct. 2011), p.179-183. Gramma. Buenos Aires, Argentina<\/li>\n<li>Tizio, H.\u00a0<i>El Cuerpo en la cl\u00ednica psicoanal\u00edtica.<\/i>\u00a0Ciec, Grulla. C\u00f3rdoba, Argentina. 2011.<\/li>\n<li>Vigarello, G.\u00a0<i>Historia de la obesidad.\u00a0<\/i>Nueva Visi\u00f3n. Buenos Aires, Argentina. 2011.<\/li>\n<li>Wolodarsky, D. \u00abDroga-partenaire\u00bb, en\u00a0<i>Introducci\u00f3n a la cl\u00ednica de las toxicoman\u00edas II<\/i>. Ed. Grama. Buenos Aires, Argentina. 2009.<\/li>\n<\/ul>\n<\/div><\/div><\/div><\/div><\/div>\n","protected":false},"excerpt":{"rendered":"","protected":false},"author":1,"featured_media":0,"parent":100,"menu_order":2,"comment_status":"closed","ping_status":"closed","template":"","meta":{"_monsterinsights_skip_tracking":false,"_monsterinsights_sitenote_active":false,"_monsterinsights_sitenote_note":"","_monsterinsights_sitenote_category":0,"footnotes":""},"_links":{"self":[{"href":"https:\/\/enapol.com\/vi\/wp-json\/wp\/v2\/pages\/1356"}],"collection":[{"href":"https:\/\/enapol.com\/vi\/wp-json\/wp\/v2\/pages"}],"about":[{"href":"https:\/\/enapol.com\/vi\/wp-json\/wp\/v2\/types\/page"}],"author":[{"embeddable":true,"href":"https:\/\/enapol.com\/vi\/wp-json\/wp\/v2\/users\/1"}],"replies":[{"embeddable":true,"href":"https:\/\/enapol.com\/vi\/wp-json\/wp\/v2\/comments?post=1356"}],"version-history":[{"count":4,"href":"https:\/\/enapol.com\/vi\/wp-json\/wp\/v2\/pages\/1356\/revisions"}],"predecessor-version":[{"id":1397,"href":"https:\/\/enapol.com\/vi\/wp-json\/wp\/v2\/pages\/1356\/revisions\/1397"}],"up":[{"embeddable":true,"href":"https:\/\/enapol.com\/vi\/wp-json\/wp\/v2\/pages\/100"}],"wp:attachment":[{"href":"https:\/\/enapol.com\/vi\/wp-json\/wp\/v2\/media?parent=1356"}],"curies":[{"name":"wp","href":"https:\/\/api.w.org\/{rel}","templated":true}]}}