{"id":1359,"date":"2021-08-19T02:23:01","date_gmt":"2021-08-19T05:23:01","guid":{"rendered":"http:\/\/x-enapol.org\/vi\/?page_id=1359"},"modified":"2021-08-19T02:40:03","modified_gmt":"2021-08-19T05:40:03","slug":"alem-do-inconsciente-mais-perto-dos-corpos","status":"publish","type":"page","link":"https:\/\/enapol.com\/vi\/pt\/bibliografia-2\/alem-do-inconsciente-mais-perto-dos-corpos\/","title":{"rendered":"Al\u00e9m do inconsciente, mais perto dos corpos"},"content":{"rendered":"<div class=\"fusion-fullwidth fullwidth-box fusion-builder-row-1 fusion-flex-container nonhundred-percent-fullwidth non-hundred-percent-height-scrolling\" style=\"--awb-border-radius-top-left:0px;--awb-border-radius-top-right:0px;--awb-border-radius-bottom-right:0px;--awb-border-radius-bottom-left:0px;--awb-flex-wrap:wrap;\" ><div class=\"fusion-builder-row fusion-row fusion-flex-align-items-flex-start fusion-flex-content-wrap\" style=\"max-width:1352px;margin-left: calc(-4% \/ 2 );margin-right: calc(-4% \/ 2 );\"><div class=\"fusion-layout-column fusion_builder_column fusion-builder-column-0 fusion_builder_column_1_1 1_1 fusion-flex-column\" style=\"--awb-bg-size:cover;--awb-width-large:100%;--awb-margin-top-large:0px;--awb-spacing-right-large:1.92%;--awb-margin-bottom-large:20px;--awb-spacing-left-large:1.92%;--awb-width-medium:100%;--awb-order-medium:0;--awb-spacing-right-medium:1.92%;--awb-spacing-left-medium:1.92%;--awb-width-small:100%;--awb-order-small:0;--awb-spacing-right-small:1.92%;--awb-spacing-left-small:1.92%;\"><div class=\"fusion-column-wrapper fusion-column-has-shadow fusion-flex-justify-content-flex-start fusion-content-layout-column\"><div class=\"fusion-text fusion-text-1\"><ul>\n<li>AA.VV.\u00a0<i>Letras nro. 3, La lengua en el cuerpo<\/i>, Revista de psicoan\u00e1lisis de la comunidad de Madrid-ELP. Disponible en\u00a0<a href=\"http:\/\/letraslacanianas.com\/revista-no3\">http:\/\/letraslacanianas.com\/revista-no3<\/a><\/li>\n<li>ASSAD, S.; CALDAS, H.; GARCIA, C.; JIMENEZ, S.; MANDIL, R. \u00abA escrita dos afetos\u00bb, em\u00a0<i>Felicidade e sintoma: ensaios para uma psican\u00e1lise no s\u00e9culo XXI,\u00a0<\/i>FUENTES, M. J. ;<\/li>\n<li>VERAS, M. (Orgs.), Rio de Janeiro, EBP-Salvador; Editor Corrupio, 2008, pp. 233-242.<\/li>\n<li>BARROS, M.R.; MAIA, M. C.; SOUTO, S. \u00abA era Viagra\u00bb, em\u00a0<i>Felicidade e sintoma: ensaios para uma psican\u00e1lise no s\u00e9culo XXI,\u00a0<\/i>Rio de Janeiro, FUENTES, M. J.; VERAS, M. (Orgs.), EBP-Salvador, Editora Corrupio, 2008, pp. 183-189.<\/li>\n<li>BATISTA, M. C. \u00abObesidade m\u00f3rbida: o corpo extremo na interface psican\u00e1lise e medicina\u00bb, em\u00a0<i>Op\u00e7\u00e3o Lacaniana<\/i>, n. 37, pp. 52-55. S\u00e3o Paulo, Edi\u00e7\u00f5es Eolia, setembro 2003.<\/li>\n<li>BERNARDEZ, A. C. \u00abMem\u00f3ria de gozo\u00bb em\u00a0<i>Tratar o imposs\u00edvel: a fun\u00e7\u00e3o da fala na psican\u00e1lise,\u00a0<\/i>Rio de janeiro, Editora Garamond, 2003, pp. 144-165.<\/li>\n<li>BESSA, G. \u00abAs voltas do dito\u00bb, em\u00a0<i>Feminino: um conjunto aberto ao infinito,\u00a0<\/i>Belo Horizonte, Scriptum Editora, 2012.<\/li>\n<li>BESSET, V.; CARRIJO, L. F.; BENEDICTO, E. ; C., GASPARD; J-L; PRADO, H. \u00abCorpo e cortes\u00bb, em\u00a0<i>Felicidade e sintoma: ensaios para uma psican\u00e1lise no s\u00e9culo XXI,<\/i>\u00a0FUENTES, M. J.; VERAS, M. (Orgs.), Rio de Janeiro, EBP-Salvador, Editora Corrupio, 2008, pp. 133-143.<\/li>\n<li>CALDAS, H. \u00abBate-se numa mulher&#8230; quando os semblantes vacilam\u00bb, em\u00a0<i>A viol\u00eancia: Sintoma social da \u00e9poca,\u00a0<\/i>MACHADO, O e DEREZENSKY, E. (orgs), Belo Horizonte, Scriptum Editora, 2013, pp. 229-239.<\/li>\n<li>C\u00c2MARA B.R. \u00abO culto ao corpo no esporte\u00bb em\u00a0<i>Imagem rainha. As formas do imagin\u00e1rio nas estruturas cl\u00ednicas e na pr\u00e1tica anal\u00edtica<\/i>, Rio de Janeiro, Livraria Sette Letras, 1995, pp. 425-431.<\/li>\n<li>COSENZA, D . \u00abAnorexia\u00bb, em\u00a0<i>Silicet: os objetos a na experi\u00eancia psicanal\u00edtica.\u00a0<\/i>Textos preparat\u00f3rios para o VI Congresso da Associa\u00e7\u00e3o Mundial de Psican\u00e1lise, Rio de Janeiro, Contra Capa, 2008, pp.35-37.<\/li>\n<li>FORBES, J. \u00abAforismos para uma psican\u00e1lise do s\u00e9culo XXI\u00bb, em\u00a0<i>O feminino que acontece no corpo: a pr\u00e1tica da psican\u00e1lise nos confins do simb\u00f3lico<\/i>. CALDAS, H.; MURTA, A.; MURTA, C., Belo Horizonte, Scriptum Editora, 2012. p. 251-256.<\/li>\n<li>FUENTES, M. J. S. \u00abFazer-se abandonar\u00bb, em\u00a0<i>As mulheres e seus nomes: Lacan e o feminino,\u00a0<\/i>Belo Horizonte, Scriptum Editora, 2012, pp 206-210.<\/li>\n<li>FUENTES, M. J. S.; VERAS, M. (Orgs.) \u00abTer um corpo, ser um corpo. M\u00e1scaras de Orlan\u00bb, em\u00a0<i>Felicidade e sintoma: ensaios para uma psican\u00e1lise no s\u00e9culo XXI,\u00a0<\/i>Rio de Janeiro, EBP-Salvador, Editora Corrupio, 2008, p.283.<\/li>\n<li>GEORGES, P. \u00abGozo\u00bb, em\u00a0<i>Silicet: os objetos a na experi\u00eancia psicanal\u00edtica.\u00a0<\/i>Textos preparat\u00f3rios para o VI Congresso da Associa\u00e7\u00e3o Mundial de Psican\u00e1lise, Rio de Janeiro, Contra Capa, 2008, pp.146-148.<\/li>\n<li>GOROSTIZA, L. \u00abAfeto\u00bb, em\u00a0<i>Silicet: os objetos a na experi\u00eancia psicanal\u00edtica.\u00a0<\/i>Textos preparat\u00f3rios para o VI Congresso da Associa\u00e7\u00e3o Mundial de Psican\u00e1lise, Rio de Janeiro, Contra Capa, 2008, pp.16-18.<\/li>\n<li>KUSNIEREK, M. \u00abBulimia\u00bb, em\u00a0<i>Silicet: os objetos a na experi\u00eancia psicanal\u00edtica.\u00a0<\/i>Textos preparat\u00f3rios para o VI Congresso da Associa\u00e7\u00e3o Mundial de Psican\u00e1lise, Rio de Janeiro, Contra Capa, 2008, pp.44-46.<\/li>\n<li>LAIA, S. \u00abO espa\u00e7o de um batimento\u00bb em\u00a0<i>A sess\u00e3o anal\u00edtica. Dos riscos \u00e9ticos da Cl\u00ednica,\u00a0<\/i>Funda\u00e7\u00e3o campo freudiano, Rio de janeiro, Jorge Zahar Editor, 2000, pp. 75- 81<\/li>\n<li>LAURENT, E.\u00a0<i>A sociedade do s\u00edntoma, a psican\u00e1lise hoje.<\/i>\u00a0Cole\u00e7\u00e3o Op\u00e7\u00e3o Lacaniana N\u00b06. Rio de Janeiro: Contra Capa, 2007.<\/li>\n<li>LAURENT, E. \u00abDois aspectos da tor\u00e7\u00e3o entre s\u00edntoma e institui\u00e7\u00e3o\u00bb.\u00a0<i>In: Os usos da psican\u00e1lise.<\/i>\u00a0Primeiro Encontro Americano do Campo Freudiano. Rio de Janeiro: Contra Capa, 2003.<\/li>\n<li>LAURENT, \u00c9. \u00abO objeto a piv\u00f4 da experi\u00eancia anal\u00edtica\u00bb.\u00a0<i>In: Op\u00e7\u00e3o Lacaniana<\/i>, S\u00e3o Paulo: Eolia, n.49, pp.114-119, 2007.<\/li>\n<li>LAURENT, Eric. \u00abAs m\u00e1scaras da felicidade\u00bb, em\u00a0<i>Felicidade e sintoma: ensaios para uma psican\u00e1lise no s\u00e9culo XXI,\u00a0<\/i>FUENTES, M. J. S.; VERAS, M. (Orgs.), Rio de Janeiro, EBP-Salvador, Editora Corrupio, 2008, pp. 31-46.<\/li>\n<li>MACHADO, O. \u00abViol\u00eancia e feminiza\u00e7\u00e3o do mundo\u00bb, em\u00a0<i>A viol\u00eancia: Sintoma social da \u00e9poca,\u00a0<\/i>MACHADO, O e DEREZENSKY, E.(Orgs.), Belo Horizonte, Scriptum, 2013, pp. 129-141.<\/li>\n<li>MALENGREAU, P. \u00abLamela\u00bb, em\u00a0<i>Silicet: os objetos a na experi\u00eancia psicanal\u00edtica.<\/i>\u00a0Textos preparat\u00f3rios para o VI Congresso da Associa\u00e7\u00e3o Mundial de Psican\u00e1lise, Rio de Janeiro, Contra Capa, 2008, pp. 173-175.<\/li>\n<li>MILLER, J. A. \u00abUma fantasia\u00bb.\u00a0<i>In:Op\u00e7\u00e3o Lacaniana<\/i>, S\u00e3o Paulo: Eolia, n.42, pp. 7-18, fev. 2005.<\/li>\n<li>MURTA, C. \u00abA devasta\u00e7\u00e3o feminina\u00bb, em\u00a0<i>O feminino que acontece no corpo: a pr\u00e1tica da psican\u00e1lise nos confins do simb\u00f3lico<\/i>, Caldas, H., Murta, A., e Murta, C. (Orgs), Belo Horizonte, Scriptum, 2012, pp. 147-156.<\/li>\n<li>MUSACHI, G. \u00abCorpo\u00bb, em\u00a0<i>Silicet: os objetos a na experi\u00eancia psicanal\u00edtica.\u00a0<\/i>Textos preparat\u00f3rios para o VI Congresso da Associa\u00e7\u00e3o Mundial de Psican\u00e1lise, Rio de Janeiro, Contra Capa, 2008, pp.57-59.<\/li>\n<li>NAVEAU, L. \u00abBulimia e percep\u00e7\u00e3o do corpo feminino\u00bb, em\u00a0<i>Op\u00e7\u00e3o Lacaniana,\u00a0<\/i>n.12, pp. 35-38, S\u00e3o Paulo, Edi\u00e7\u00f5es Eolia, abril 1995.<\/li>\n<li>PACHECO, L. \u00abAs toxicomanias e os usos da psican\u00e1lise\u00bb em\u00a0<i>Op\u00e7\u00e3o Lacaniana, 39<\/i>, p 51-56, S\u00e3o Paulo, Edi\u00e7\u00f5es Eolia, maio 2004.<\/li>\n<li>PACHECO, L. \u00abO corpo na toxicomania\u00bb, em\u00a0<i>Op\u00e7\u00e3o Lacaniana<\/i>, n. 30, p 65-70, S\u00e3o Paulo, Edi\u00e7\u00f5es Eolia, abril 2001.<\/li>\n<li>PACHECO, L. \u00abA viol\u00eancia do horizonte mort\u00edfero do gozo e o uso de drogas\u00bb, em\u00a0<i>A viol\u00eancia: Sintoma social da \u00e9poca,\u00a0<\/i>MACHADO, O e DEREZENSKY, E. (Orgs), Belo Horizonte, Scriptum, 2013, pp. 215-225.<\/li>\n<li>PAMPONET, R. \u00abO Eu e o corpo\u00bb em\u00a0<i>Imagem rainha. As formas do imagin\u00e1rio nas estruturas cl\u00ednicas e na pr\u00e1tica anal\u00edtica<\/i>, Rio de Janeiro, Livraria Sette Letras, 1995, pp. 45-52.<\/li>\n<li>PIGNATELLO, A. \u00abAplica\u00e7\u00f5es da psican\u00e1lise no tratamento de pacientes com enfermidade inflamat\u00f3ria intestinal\u00bb, em\u00a0<i>Op\u00e7\u00e3o Lacaniana<\/i>, n. 3<i>9<\/i>, pp. 57\u201363, S\u00e3o Paulo, Edi\u00e7\u00f5es Eolia, maio 2004.<\/li>\n<li>PIMENTA, J. \u00abO feminino, o corpo e a solu\u00e7\u00e3o bul\u00edmica\u00bb, em\u00a0<i>Op\u00e7\u00e3o Lacaniana<\/i>, n. 46, pp. 118-125, S\u00e3o Paulo, Edi\u00e7\u00f5es Eolia, outubro 2006.<\/li>\n<li>PORTILLO, R. \u00abFormas do imagin\u00e1rio na depress\u00e3o\u00bb, em\u00a0<i>Op\u00e7\u00e3o Lacaniana,\u00a0<\/i>n.14, pp. 38-41, S\u00e3o Paulo, Edi\u00e7\u00f5es Eolia, novembro 1995.<\/li>\n<li>ROSA, M. \u00abAs burkas de Clerambault ou mais al\u00e9m da nudez da rainha\u00bb, em\u00a0<i>Mulheres de hoje. Figuras do feminino no discurso anal\u00edtico.\u00a0<\/i>ANTELO, M. (Org.), Rio de Janeiro, KBR, 2012, pp.189-192.<\/li>\n<li>SALLES, C. \u00abO embrulho do nada na obesidade\u00bb.\u00a0<i>Virtualia Nro. 13<\/i>. Revista virtual de la Escuela de Orientaci\u00f3n Lacaniana.\u00a0<a href=\"http:\/\/virtualia.eol.org.ar\/013\/pdf\/salles-pt.pdf\" target=\"_blank\" rel=\"noopener\">http:\/\/virtualia.eol.org.ar\/013\/pdf\/salles-pt.pdf<\/a><\/li>\n<li>SANTIAGO, A.L. \u00abAnorexia e fun\u00e7\u00e3o f\u00e1lica\u00bb, em\u00a0<i>Op\u00e7\u00e3o Lacaniana<\/i>, n. 22, pp. 75-77, S\u00e3o Paulo, Edi\u00e7\u00f5es Eolia, agosto 1998.<\/li>\n<li>SANTIAGO, A.L. \u00abA alteridade do falo no corpo feminino\u00bb, em\u00a0<i>O feminino que acontece no corpo: a pr\u00e1tica da psican\u00e1lise nos confins do simb\u00f3lico,\u00a0<\/i>CALDAS, H.; MURTA, A.; MURTA, C., Belo Horizonte, Scriptum, 2012, pp. 177-184.<\/li>\n<li>SANTIAGO, J. \u00abQuando o pharmakon torna-se droga h\u00e1 desordens no real\u00bb, em\u00a0<i>De que real se trata na cl\u00ednica psicanal\u00edtica?<\/i>, Martello, A.; Santiago, J.; Santos, T. (Orgs.), Rio de Janeiro, Cia. De Freud:PROAP\/CAPES, 2012, pp. 347-369.<\/li>\n<li>SANTIAGO, J. \u00abDroga, ci\u00eancia e gozo: sobre o tratamento c\u00ednico do mal-estar do desejo\u00bb, em\u00a0<i>Op\u00e7\u00e3o Lacaniana,\u00a0<\/i>n.15, pp. 33-38, S\u00e3o Paulo, Edi\u00e7\u00f5es Eolia, abril, 1996.<\/li>\n<li>SANTIAGO, J. \u00abMais forte que eu: novas formas de satisfa\u00e7\u00e3o do sintoma\u00bb, em\u00a0<i>Op\u00e7\u00e3o Lacaniana<\/i>, n. 31, pp. 47-51 S\u00e3o Paulo, Edi\u00e7\u00f5es Eolia, setembro 2001.<\/li>\n<li>TEIXEIRA, A. \u00abConsidera\u00e7\u00f5es acerca da viol\u00eancia contempor\u00e2nea: as novas zonas da anomia da lei\u00bb, em\u00a0<i>Op\u00e7\u00e3o Lacaniana,\u00a0<\/i>n.39, pp. 72-78, S\u00e3o Paulo, Edi\u00e7\u00f5es Eolia, maio 2004.<\/li>\n<li>TEIXEIRA, A. M. R. \u00abPsican\u00e1lise e biopol\u00edtica as novas zonas de anomia da lei\u00bb, em\u00a0<i>A soberania do in\u00fatil e outros ensaios de psican\u00e1lise e cultura,\u00a0<\/i>S\u00e3o Paulo, Editora Annablume, 2007, pp.123-135.<\/li>\n<li>VERAS, M. \u00abAlteridades lacanianas, a viol\u00eancia entre o Outro e o objeto\u00bb, em\u00a0<i>A viol\u00eancia: Sintoma social da \u00e9poca,\u00a0<\/i>MACHADO, O ; DEREZENSKY, E (Orgs), Belo Horizonte, Scriptum, 2013, pp. 103-120.<\/li>\n<li>VICENTE, S. \u00abO desencanto do amor\u00bb, em\u00a0<i>O feminino que acontece no corpo: a pr\u00e1tica da psican\u00e1lise nos confins do simb\u00f3lico<\/i>, CALDAS, H.; MURTA, A.; MURTA, C., Belo Horizonte, Scriptum, 2012, pp. 275-282.<\/li>\n<li>WAJCMAN, G. \u00abPapo de garotas\u00bb, em\u00a0<i>Mulheres de hoje. Figuras do feminino no discurso anal\u00edtico.\u00a0<\/i>ANTELO, M. (Org.), Rio de Janeiro, KBR, 2012, pp. 91-99.<\/li>\n<\/ul>\n<\/div><\/div><\/div><\/div><\/div>\n","protected":false},"excerpt":{"rendered":"","protected":false},"author":1,"featured_media":0,"parent":102,"menu_order":2,"comment_status":"closed","ping_status":"closed","template":"","meta":{"_monsterinsights_skip_tracking":false,"_monsterinsights_sitenote_active":false,"_monsterinsights_sitenote_note":"","_monsterinsights_sitenote_category":0,"footnotes":""},"_links":{"self":[{"href":"https:\/\/enapol.com\/vi\/wp-json\/wp\/v2\/pages\/1359"}],"collection":[{"href":"https:\/\/enapol.com\/vi\/wp-json\/wp\/v2\/pages"}],"about":[{"href":"https:\/\/enapol.com\/vi\/wp-json\/wp\/v2\/types\/page"}],"author":[{"embeddable":true,"href":"https:\/\/enapol.com\/vi\/wp-json\/wp\/v2\/users\/1"}],"replies":[{"embeddable":true,"href":"https:\/\/enapol.com\/vi\/wp-json\/wp\/v2\/comments?post=1359"}],"version-history":[{"count":2,"href":"https:\/\/enapol.com\/vi\/wp-json\/wp\/v2\/pages\/1359\/revisions"}],"predecessor-version":[{"id":1395,"href":"https:\/\/enapol.com\/vi\/wp-json\/wp\/v2\/pages\/1359\/revisions\/1395"}],"up":[{"embeddable":true,"href":"https:\/\/enapol.com\/vi\/wp-json\/wp\/v2\/pages\/102"}],"wp:attachment":[{"href":"https:\/\/enapol.com\/vi\/wp-json\/wp\/v2\/media?parent=1359"}],"curies":[{"name":"wp","href":"https:\/\/api.w.org\/{rel}","templated":true}]}}