{"id":1364,"date":"2021-08-19T02:24:11","date_gmt":"2021-08-19T05:24:11","guid":{"rendered":"http:\/\/x-enapol.org\/vi\/?page_id=1364"},"modified":"2021-08-19T02:42:09","modified_gmt":"2021-08-19T05:42:09","slug":"las-estructuras-clinicas-huerfanas-del-nombre-del-padre","status":"publish","type":"page","link":"https:\/\/enapol.com\/vi\/bibliografia\/las-estructuras-clinicas-huerfanas-del-nombre-del-padre\/","title":{"rendered":"Las estructuras cl\u00ednicas hu\u00e9rfanas del nombre-del-padre"},"content":{"rendered":"<div class=\"fusion-fullwidth fullwidth-box fusion-builder-row-1 fusion-flex-container nonhundred-percent-fullwidth non-hundred-percent-height-scrolling\" style=\"--awb-border-radius-top-left:0px;--awb-border-radius-top-right:0px;--awb-border-radius-bottom-right:0px;--awb-border-radius-bottom-left:0px;--awb-flex-wrap:wrap;\" ><div class=\"fusion-builder-row fusion-row fusion-flex-align-items-flex-start fusion-flex-content-wrap\" style=\"max-width:1352px;margin-left: calc(-4% \/ 2 );margin-right: calc(-4% \/ 2 );\"><div class=\"fusion-layout-column fusion_builder_column fusion-builder-column-0 fusion_builder_column_1_1 1_1 fusion-flex-column\" style=\"--awb-bg-size:cover;--awb-width-large:100%;--awb-margin-top-large:0px;--awb-spacing-right-large:1.92%;--awb-margin-bottom-large:20px;--awb-spacing-left-large:1.92%;--awb-width-medium:100%;--awb-order-medium:0;--awb-spacing-right-medium:1.92%;--awb-spacing-left-medium:1.92%;--awb-width-small:100%;--awb-order-small:0;--awb-spacing-right-small:1.92%;--awb-spacing-left-small:1.92%;\"><div class=\"fusion-column-wrapper fusion-column-has-shadow fusion-flex-justify-content-flex-start fusion-content-layout-column\"><div class=\"fusion-text fusion-text-1\"><ul>\n<li>AA.VV. \u00abS\u00edntomas contempor\u00e1neos de lo masculino\u00bb (Informe de la E. B. P. al Primer Congreso de la A.M.P.) en\u00a0<i>Informes al Primer Congreso de la Asociaci\u00f3n Mundial de Psicoan\u00e1lisis, Barcelona 1998.\u00a0<\/i>A.M.P. Buenos Aires, Argentina. 1998<\/li>\n<li>AA.VV.\u00a0<i>Lazos: cuerpo, angustia y s\u00edntoma.<\/i>\u00a0No. 6 (2005). EOL. Rosario, Argentina<\/li>\n<li>AA.VV. \u00abCuerpos escritos, Cuerpos hablados\u00bb,\u00a0<i>El psicoan\u00e1lisis, revista de la ELP\u00a0<\/i>nro. 21. Espa\u00f1a. Abril 2012.<\/li>\n<li>AA.VV.\u00a0<i>El Cuerpo en la orientaci\u00f3n Lacaniana.\u00a0<\/i>NEL-Medellin. Medell\u00edn, Colombia. 2011<\/li>\n<li>AA.VV.\u00a0<i>El cuerpo en psicoan\u00e1lisis.<\/i>\u00a0Pommaire. Caracas, Venezuela. 2011.<\/li>\n<li>Abramovic, M., \u00abDocumenting performance\u00bb,\u00a0<a href=\"http:\/\/www.youtube.com\/waqtch?v=6Rp_av9kLPM\" target=\"_blank\" rel=\"noopener\">http:\/\/www.youtube.com\/waqtch?v=6Rp_av9kLPM<\/a><\/li>\n<li>Ag\u00fcero, J. \u00abUna man\u00eda de goce\u00bb en\u00a0<i>Revista Enigmas del Cuerpo N\u00b01<\/i>. Departamento de Estudios \u00abPsicoan\u00e1lisis y Cuerpo\u00bb &#8211; Centro de Estudios Cl\u00ednicos (CIEC). C\u00f3rdoba, Argentina. 2010.<\/li>\n<li>Ansermet, F. y Grunder, N. \u00abAugustine o el desorden hist\u00e9rico\u00bb (Entrevista con Alice Vinocour) en Lacan Cotidiano 254.\u00a0<a href=\"http:\/\/www.wapol.org\/fr\/global\/Lacan-Quotidien\/LQ-254-BAT.pdf\" target=\"_blank\" rel=\"noopener\">http:\/\/www.wapol.org\/fr\/global\/Lacan-Quotidien\/LQ-254-BAT.pdf<\/a><\/li>\n<li>Aramburu, J. \u00abLa histeria hoy\u00bb, en\u00a0<i>El deseo del analista.<\/i>\u00a0Ed. Tres Haches, Buenos Aires, Argentina. 2000.<\/li>\n<li>Aramburu, J. \u00abEl fen\u00f3meno psicosom\u00e1tico y la cl\u00ednica borromeana\u00bb, en\u00a0<i>El deseo del analista.<\/i>\u00a0Ed. Tres Haches, Buenos Aires, Argentina. 2000.<\/li>\n<li>Aksman, G. \u00abDepresi\u00f3n: un nombre de la inhibici\u00f3n\u00bb en\u00a0<i>Elaboraciones lacanianas sobre la neurosis<\/i>. Grama ediciones, Buenos. Aires., Argentina. 2012.<\/li>\n<li>Barros, M., \u00ab<i>Adversus sinistri<\/i>\u00ab, en Schejtman, F. (comp.) y otros,\u00a0<i>Psicopatolog\u00eda: cl\u00ednica y \u00e9tica. De la psiquiatr\u00eda al psicoan\u00e1lisis<\/i>, Grama, Buenos Aires, 2013.<\/li>\n<li>Baudini, S. \u00abEl s\u00edntoma, un funcionamiento\u00bb en\u00a0<i>Virtualia 16<\/i>.\u00a0<a href=\"http:\/\/virtualia.eol.org.ar\/016\/default.asp?destacados\/baudini.html#refe\" target=\"_blank\" rel=\"noopener\">http:\/\/virtualia.eol.org.ar\/016\/default.asp?destacados\/baudini.html#refe<\/a><\/li>\n<li>Beckett, S.\u00a0<i>The complet dramatic works<\/i>. Faber and Faber, London, England: 2006.<\/li>\n<li>Beckett, S. \u00abPrimer amor\u00bb version digital en\u00a0<a href=\"http:\/\/www.materialdelectura.unam.mx\/index.php?option=com_content&amp;task=view&amp;id=59&amp;Itemid=30&amp;limit=1&amp;limitstart=2\" target=\"_blank\" rel=\"noopener\">http:\/\/www.materialdelectura.unam.mx\/index.php?option=com_content&amp;task=view&amp;id=59&amp;Itemid=30&amp;limit=1&amp;limitstart=2<\/a><\/li>\n<li>Berenger, E. Referencia comentada: \u00abFetichismo\u00bb, en\u00a0<i>Textos on-line<\/i>\u00a0<a href=\"http:\/\/www.nel-mexico.org\/articulos\/seccion\/textosonline\/subseccion\/La-neurosis-obsesiva\/430\/Referencia-Comentada-Fetichismo-Sigmund-Freud-1927\" target=\"_blank\" rel=\"noopener\">http:\/\/www.nel-mexico.org\/articulos\/seccion\/textosonline\/subseccion\/La-neurosis-obsesiva\/430\/Referencia-Comentada-Fetichismo-Sigmund-Freud-1927<\/a><\/li>\n<li>Briole, G. \u00abEsa herida, esa\u00bb, en\u00a0<i>Revista Lacaniana de Psicoan\u00e1lisis\u00a0<\/i>nro. 12 (2011). Grama. Buenos Aires, Argentina.<\/li>\n<li>Brousse, M.H.\u00a0<i>El Cuerpo en psicoan\u00e1lisis<\/i>. E.I.M. Ed. ELP. Madrid, Espa\u00f1a. 2001<\/li>\n<li>Brousse, M. H. \u00abConsideraciones sobre la histeria (Entrevista)\u00bbCEIP lacaniano. Disponible en\u00a0<a href=\"http:\/\/www.centrolacaniano.cl\/blog\/entrevista-a-m-h-brousse-consideraciones-sobre-la-histeria\/\" target=\"_blank\" rel=\"noopener\">http:\/\/www.centrolacaniano.cl\/blog\/entrevista-a-m-h-brousse-consideraciones-sobre-la-histeria\/<\/a><\/li>\n<li>Cioux, H.\u00a0<i>Portrait de Dora<\/i>. Des femmes. Paris, France. 1978.<\/li>\n<li>Coccoz, V. \u00abCizalla en el alma\u00bb en\u00a0<i>Freudiana 64.\u00a0<\/i>ELP, Barcelona, Espa\u00f1a, 2012.<\/li>\n<li>Cucagna, A. Quintana, C. \u00abCuerpo y extra\u00f1ezas\u00bb en\u00a0<i>Enlaces: revista de psicoan\u00e1lisis y cultura\u00a0<\/i>Vol.12, No.16 (Nov.2010), 115-117. Grama Buenos Aires, Argentina.<\/li>\n<li>Cucagna, A. \u00abUna m\u00e1scara para una mirada\u00bb, en\u00a0<i>No locas del todo<\/i>. Grama, Buenos Aires, Argentina. 2012.<\/li>\n<li>Dargenton, G., \u00abA\u00f1icos del cuerpo y el s\u00edntoma\u00bb en\u00a0<i>El pase<\/i>, La colecci\u00f3n de ELP, Madrid, 2002.<\/li>\n<li>Delgado, O. \u00abEl cuerpo y la neurosis obsesiva\u00bb en\u00a0<i>Intersecciones. Revista electr\u00f3nica de la Facultad de Psicolog\u00eda-U.B.A.\u00a0<\/i>A\u00f1o 3, nro. 7. Julio 2013. Disponible en\u00a0<a href=\"http:\/\/intersecciones.psi.uba.ar\/index.php?option=com_content&amp;view=article&amp;id=204:el-cuerpo-y-la-neurosis-obsesiva&amp;catid=9:perspectivas&amp;Itemid=1\" target=\"_blank\" rel=\"noopener\">http:\/\/intersecciones.psi.uba.ar\/index.php?option=com_content&amp;view=article&amp;id=204:el-cuerpo-y-la-neurosis-obsesiva&amp;catid=9:perspectivas&amp;Itemid=1<\/a><\/li>\n<li>Esqu\u00e9, Xavier; \u00abEl s\u00edntoma al final del an\u00e1lisis se hace practicable\u00bb. En: \u00abFreudiana, n. 39\u00bb, ELP \u2013 Catalunya, Barcelona, Noviembre 2003-Febrero 2004, pp. 75-89.<\/li>\n<li>Freud, S. (1905 [1901]) \u00abFragmento de an\u00e1lisis de un caso de histeria\u00bb, en\u00a0<i>Obras completas<\/i>, t. VII, Ed. Amorrortu, Buenos Aires, Argentina.<\/li>\n<li>Freud, S. (1908), \u00abLas fantas\u00edas hist\u00e9ricas y su relaci\u00f3n con la bisexualidad\u00bb, en\u00a0<i>Obras Completas<\/i>, t. IX, Ed. Amorrortu, Buenos Aires, Argentina.<\/li>\n<li>Freud, S. (1909), \u00abApreciaciones generales sobre el ataque hist\u00e9rico\u00bb, en\u00a0<i>Obras Completas<\/i>, t. IX, Ed. Amorrortu, Buenos Aires, Argentina.<\/li>\n<li>Freud, S. (1909), \u00abA prop\u00f3sito de un caso de neurosis obsesiva\u00bb, en\u00a0<i>Obras Completas<\/i>, t. X, Ed. Amorrortu, Buenos Aires, Argentina.<\/li>\n<li>Freud, S., (1910), \u00abLa perturbaci\u00f3n psic\u00f3gena de la visi\u00f3n seg\u00fan el psicoan\u00e1lisis\u00bb en:\u00a0<i>Obras completas<\/i>, t. XI, Amorrortu, Buenos Aires, Argentina.<\/li>\n<li>Freud, S., (1911), \u00abSobre un caso de paranoia descrito autobiogr\u00e1ficamente\u00bb en:\u00a0<i>Obras completas<\/i>, t. XII, Amorrortu, Buenos Aires, Argentina.<\/li>\n<li>Fuentes, A. \u00abNotas sobre la satisfacci\u00f3n al final del an\u00e1lisis\u00bb, en\u00a0<i>Freudiana\u00a0<\/i>nro. 58. Barcelona, Espa\u00f1a.<\/li>\n<li>Fuentes, A. \u00abEl fen\u00f3meno psicosom\u00e1tico: entre la medicina y el psicoan\u00e1lisis\u00bb, en\u00a0<i>Revista LETRAS n\u00ba6;\u00a0<\/i>publicaci\u00f3n de la ELP-Madrid.<\/li>\n<li>Furman, M. \u00ab<a href=\"http:\/\/www.eol.org.ar\/biblioteca\/buscar_ficha.asp?Sec=biblioteca&amp;SubSec=busquedas&amp;id=59758\" target=\"_blank\" rel=\"noopener\">Un caso de travestismo\u00bb en\u00a0<i>Psiquiatr\u00eda y Psicoan\u00e1lisis 2. Perversos, psic\u00f3patas, antisociales, carater\u00f3patas, canallas<\/i><\/a>. Ed. Grama. Buenos Aires, Argentina. 2008.<\/li>\n<li>Galante, D y otros \u00abMonotoxicoman\u00edas y politoxicoman\u00edas: la funci\u00f3n del t\u00f3xico en las psicosis\u00bb en\u00a0<i>Los inclasificables de las toxicoman\u00edas.\u00a0<\/i>Grama. Buenos Aires, Argentina. 2008.<\/li>\n<li>Godoy, C., \u00abPsicosis y sexuaci\u00f3n\u00bb, en Schejtman, F. (comp.) y otros,\u00a0<i>Elaboraciones lacanianas sobre la psicosis<\/i>, Grama, Buenos Aires, 2012.<\/li>\n<li>Goldenberg, Marta. \u00abC\u00f3mplice de mi misma\u00bb en\u00a0<i>Revista Enigmas del Cuerpo N\u00b01<\/i>. Departamento de Estudios \u00abPsicoan\u00e1lisis y Cuerpo\u00bb &#8211; Centro de Estudios Cl\u00ednicos (CIEC). C\u00f3rdoba, Argentina. 2010.<\/li>\n<li>Gorali, V. et al.\u00a0<i>Estudios de psicosom\u00e1tica.<\/i>\u00a0Atuel. Buenos Aires, Argentina. 1995<\/li>\n<li>Gorali, V. et al.\u00a0<i>Estudios de psicosom\u00e1tica: hacia una cl\u00ednica lacaniana del FPS.\u00a0<\/i>Atuel. Buenos aires, Argentina. 1999<\/li>\n<li>Gorali, V. et al.\u00a0<i>Psicoan\u00e1lisis y medicina: dolencias hacia el s\u00edntoma.\u00a0<\/i>Atuel. Buenos Aires, Argentina. 1996<\/li>\n<li>Gorostiza, L. \u00abLa solidez de un vac\u00edo\u00bb.\u00a0<i>Revista Lacaniana de Psicoan\u00e1lisis<\/i>. Publicaci\u00f3n de la EOL A\u00f1o 7 Nro. 10. Octubre 2010. Grama Ediciones, Buenos Aires, Argentina.<\/li>\n<li>Gorostiza, L. Del instante del fantasma al deseo del psicoanalista. Revista Lacaniana de psicoan\u00e1lisis. Publicaci\u00f3n de la EOL A\u00f1o 7 Numero 11 .Grama ediciones. Argentina.<\/li>\n<li>Gorostiza, L. \u00abLa chica de los redondelitos, comentario del caso. La interpretaci\u00f3n del inconsciente y la presencia del analista\u00bb, en\u00a0<i>Ecos y matices en psicoan\u00e1lisis aplicado<\/i>. Compilaci\u00f3n de Andrea Cucagna Grama Ediciones, Buenos Aires, Argentina. 2005.<\/li>\n<li>Guerrero, N. \u00abEl estrago anor\u00e9xico, una enfermedad del amor\u00bb, en\u00a0<i>El cuerpo en Psicoan\u00e1lisis II.<\/i>\u00a0Ed. Pomarire. Caracas. Venezuela, 2012.<\/li>\n<li>Guila\u00f1\u00e1, E. \u00abCuerpo y organismo en un caso de psicosis\u00bb, en Freudiana No.6 (1992), 89-93. EEP, Barcelona, Espa\u00f1a.<\/li>\n<li>Hakobyan, R. \u00abLa solution par l&#8217;art moderne : la cr\u00e9ation de l&#8217;artiste Marina Abramovi\u0107\u00bb, en\u00a0<i>Mental<\/i>\u00a030. Nouveaux appareillages du corp. Eurofederation of Psychoanalysis. 2013.<\/li>\n<li>Holgu\u00edn, C. M. \u00ab\u00bfQu\u00e9 viene al lugar del Nombre del Padre?\u00bb en\u00a0<i>Radar nro. 84,\u00a0<\/i>publicaci\u00f3n virtual de la Nueva Escuela Lacaniana-M\u00e9xico\u00a0<a href=\"http:\/\/www.nel-mexico.org\/articulos\/seccion\/radar\/edicion\/85\/518\/Que-viene-en-el-lugar-del-Nombre-del-Padre\" target=\"_blank\" rel=\"noopener\">http:\/\/www.nel-mexico.org\/articulos\/seccion\/radar\/edicion\/85\/518\/Que-viene-en-el-lugar-del-Nombre-del-Padre<\/a><\/li>\n<li>Ioskyn, J. \u00abLas memorias de Schreber: un tratado sobre el cuerpo\u00bb en\u00a0<i>Textos on line, el cuerpo,\u00a0<\/i>e n la p\u00e1gina web de la Nueva Escuela Lacaniana-M\u00e9xico\u00a0<a href=\"http:\/\/www.nel-mexico.org\/articulos\/seccion\/textosonline\/subseccion\/El-cuerpo\/346\/Las-Memorias-de-Schreber-Un-tratado-sobre-el-cuerpo\" target=\"_blank\" rel=\"noopener\">http:\/\/www.nel-mexico.org\/articulos\/seccion\/textosonline\/subseccion\/El-cuerpo\/346\/Las-Memorias-de-Schreber-Un-tratado-sobre-el-cuerpo<\/a><\/li>\n<li>Kruger, F. \u00abConsumir a cualquier costo\u00bb, en\u00a0<i>La \u00e9poca y la pulsi\u00f3n<\/i>, Ed. Tres Haches, Buenos Aires, Argentina. 2001<\/li>\n<li>Laia, S. \u00ab<i>A classifica\u00e7\u00e3o dos transtornos mentais pelo DSM-V e a orienta\u00e7\u00e3o lacaniana<\/i>\u00bb\u00a0<i>Clinicaps: impasses da cl\u00ednica<\/i>, n. 15, septiembre a diciembre de 2011. Disponible en internet (acceso en 31 de diciembre de 2012):\u00a0<a href=\"http:\/\/www.clinicaps.com.br\/clinicaps_revista_15_art_01.html\" target=\"_blank\" rel=\"noopener\">http:\/\/www.clinicaps.com.br\/clinicaps_revista_15_art_01.html<\/a><\/li>\n<li>Lacan, J. (1951) \u00abIntervenci\u00f3n sobre la transferencia\u00bb, en\u00a0<i>Escritos I<\/i>. Siglo XXI. Buenos Aires, Argentina.<\/li>\n<li>Lacan, J. (1958) \u00abDe una cuesti\u00f3n preliminar a todo tratamiento posible de la psicosis\u00bb, en\u00a0<i>Escritos II<\/i>. Siglo XXI. Buenos Aires, Argentina.<\/li>\n<li>Lacan, J. (1965) \u00abHomenaje a Marguerite Duras, por el arrobamiento de Lol V. Stein\u00bb, en\u00a0<i>Otros escritos.\u00a0<\/i>Paid\u00f3s. Buenos Aires, Argentina. 2012.<\/li>\n<li>Lacan, J.\u00a0<i>El Seminario. Libro 17. El reverso del psicoan\u00e1lisis.<\/i>\u00a0Clases VI a IX, correspondientes al apartado \u00abM\u00e1s all\u00e1 del complejo de Edipo\u00bb. Paid\u00f3s, Buenos Aires, Argentina.<\/li>\n<li>Laurent, E. \u00abPluralizaci\u00f3n actual de las cl\u00ednicas y orientaci\u00f3n hacia el S\u00edntoma\u00bb en\u00a0<i>Psicoan\u00e1lisis y Salud Mental<\/i>. Ed. Tres Haches. Buenos Aires, Argentina, 2000.<\/li>\n<li>Laurent, E. \u00abUn nuevo amor por el padre\u00bb, en\u00a0<i>El goce sin rostro.\u00a0<\/i>Ed. Tres Haches, Buenos Aires, Argentina. 2010.<\/li>\n<li>Laurent, E. \u00abLas psicosis ordinarias\u00bb, en\u00a0<i>Como se ense\u00f1a la cl\u00ednica \u2013 Cuadernos del Instituto Cl\u00ednico de Buenos Aires nro. 13.\u00a0<\/i>Ed. ICBA, Buenos Aires, Argentina. 2007<\/li>\n<li>Laurent, E. \u00abLa topolog\u00eda del cuerpo y de la mirada\u00bb en\u00a0<i>Lost in cognition.\u00a0<\/i>Colecci\u00f3n Diva. Buenos Aires, Argentina. 2005.<\/li>\n<li>Laurent, E. \u00abLa Clasificaci\u00f3n\u00bb en\u00a0<i>El caldero de la escuela<\/i>\u00a0n 9, Ed. EOL Buenos Aires: Argentina, 2009.<\/li>\n<li>Laurent, E. \u00abIdentificaci\u00f3n y goce: el nudo entre el ideal del yo y el cuerpo erotizado\u00bb, en\u00a0<i>Entredichos<\/i>\u00a0No.14 (1996), 18-37. ECFC. Caracas, Venezuela.<\/li>\n<li>Laurent, E. \u00abEl pase y los restos de identificaci\u00f3n\u00bb, en\u00a0<i>Revista Lacaniana de Psicoan\u00e1lisis<\/i>\u00a0nro. 11 (2011). Grama. Buenos Aires, Argentina.<\/li>\n<li>Laurent, E. \u00abEl reverso del s\u00edntoma hist\u00e9rico\u00bb, en Freudiana No. 29 (Ago. &#8211; Nov. 2000), 51 \u2013 60. EEP. Barcelona, Espa\u00f1a.<\/li>\n<li>Luterbach, A. L.\u00a0<i>La er\u00f3tica y lo femenino.<\/i>\u00a0Grama. Buenos Aires, Argentina.<\/li>\n<li>Lysy, A. \u00ab\u00a1Hay que Hacerlo!\u00bb, en\u00a0<i>Revista Lacaniana de Psicoan\u00e1lisis<\/i>\u00a0Nro.10 (Oct. 2010), p.101-109. Gramma. Buenos Aires, Argentina.<\/li>\n<li>Mazzuca, R. \u00abEl cuerpo en psicoan\u00e1lisis\u00bb en\u00a0<i>Psicoan\u00e1lisis y psiquiatr\u00eda: encuentros y desencuentros<\/i>. Bergasse19, Buenos Aires., Argentina. 2002.<\/li>\n<li>Menghi, C. \u00abCuerpo a cuerpo\u00bb, en\u00a0<i>Freudiana<\/i>\u00a0No.55 (Ene-Abr 2009), p.97-106. ELP. Catalunya, Espa\u00f1a.<\/li>\n<li>Merlet, A. \u00abS\u00edntomas en espera\u00bb, en\u00a0<i>El Florilegio cl\u00ednico del a\u00f1o 2000. A.M.P. Escuela Una. Producci\u00f3n Gr\u00e1fica Publicar. Buenos Aires, Argentina. Mayo 2000<\/i><\/li>\n<li>Miller, J. A.\u00a0<i>13 clases sobre el hombre de los lobos.\u00a0<\/i>Ed. UNSAM. Buenos Aires, Argentina. 2011.<\/li>\n<li>Miller, J. A. \u00abLas mujeres y el Otro\u00bb Cap. IV, \u00abEl Uno que no existe\u00bb Cap. XVII, \u00abEl partenaire s\u00edntoma\u00bb Cap. XX, \u00abEl modelo y la excepci\u00f3n\u00bb Cap. XXI de\u00a0<i>El Otro que no existe y sus comit\u00e9s de \u00e9tica.\u00a0<\/i>Paid\u00f3s. Buenos Aires, Argentina. 2005<\/li>\n<li>Miller, J.-A., \u00abAlgunas reflexiones sobre el fen\u00f3meno psicosom\u00e1tico\u00bb, en\u00a0<i>Matemas II<\/i>, Manantial, Buenos Aires, Argentina.<\/li>\n<li>Miller, J.-A., \u00abEl lagarto y la piedra\u00bb, \u00abEl saber incorporado\u00bb, en\u00a0<i>La experiencia de lo real en la cura psicoanal\u00edtica<\/i>, Paid\u00f3s, Buenos Aires, Argentina.<\/li>\n<li>Miller, J.-A. \u00abSingularidad\u00bb (Cap., VI), \u00abCogito Lacaniano\u00bb (Cap. XVI), \u00abSe termin\u00f3, entonces, el pase\u00bb (Cap. XIII) y \u00abEl goce no miente\u00bb (Cap. XVII), en\u00a0<i>Sutilezas anal\u00edticas,<\/i>\u00a0Paid\u00f3s, Buenos Aires, Argentina.<\/li>\n<li>Miller, J. A. La extimidad del goce (cap. IX)\u00a0<i>Extimidad<\/i>. 2010. Paid\u00f3s, Buenos Aires, Argentina.<\/li>\n<li>Miller, J.-A. \u00abLa invenci\u00f3n psic\u00f3tica\u00bb, en\u00a0<i>El caldero de la escuela-nueva serie<\/i>, n\u00famero 11, publicaci\u00f3n de la Escuela de Orientaci\u00f3n Lacaniana. Ed. Grama. Buenos. Aires, Argentina. 2009.<\/li>\n<li>Miller, J.-A. \u00abEfecto retorno sobre la psicosis ordinaria\u00bb, en\u00a0<i>El caldero de la escuela \u2013nueva serie<\/i>, n\u00famero 14. Ed. Grama. Buenos Aires, Argentina.<\/li>\n<li>Miller, J.A. y otros,\u00a0<i>Embrollos del cuerpo<\/i>. Instituto Cl\u00ednico de Buenos Aires. Paid\u00f3s, Buenos Aires, Argentina. 2012<\/li>\n<li>\u00abUsos del cuerpo y s\u00edntomas\u00bb. Secci\u00f3n cl\u00ednica de Burdeos \/ \u00abFen\u00f3menos del cuerpo y estructuras\u00bb. Antenas de Ghauny- Pr\u00e9montr\u00e9 \/ \u00abFen\u00f3menos corporales en pacientes masculinos\u00bb. Antena Cl\u00ednica de Nantes y Secci\u00f3n cl\u00ednica de Rennes \/ \u00abInvestigaciones sobre el inicio de las psicosis\u00bb. Secci\u00f3n cl\u00ednica de Lille. \/ \u00abDe lo patol\u00f3gico a lo normal\u00bb, en\u00a0<i>La psicosis ordinaria<\/i>. Instituto Cl\u00ednico de Buenos Aires. Paid\u00f3s, Buenos Aires, Argentina. 2004.<\/li>\n<li>Miller, J.-A., Laurent, E. y otros.\u00a0<i>Los inclasificables de la cl\u00ednica psicoanal\u00edtica<\/i>. Fundaci\u00f3n del Campo Freudiano, Paid\u00f3s, Buenos Aires, Argentina. 1999.<\/li>\n<li>Monribot, P., \u00ab\u00bfQu\u00e9 curaci\u00f3n del cuerpo en an\u00e1lisis?\u00bb, en\u00a0<i>Freudiana 37,\u00a0<\/i>ELP, 2006. Disponible en\u00a0<a href=\"http:\/\/www.nel-mexico.org\/articulos\/seccion\/textosonline\/subseccion\/Principios-y-finales-de-analisis\/474\/Que-Curacion-del-cuerpo-en-analisis\" target=\"_blank\" rel=\"noopener\">http:\/\/www.nel-Mexico.org\/articulos\/seccion\/textosonline\/subseccion\/Principios-y-finales-de-analisis\/474\/Que-Curacion-del-cuerpo-en-analisis<\/a><\/li>\n<li>Morao, M. \u00abSer s\u00edntoma de otro. Una respuesta a la paradoja del lazo entre los sexos\u00bb en\u00a0<i>Virtualia. Revista digital de la E.O.L. A<\/i>\u00f1o 8, nro. 19. Noviembre 2009. Disponible en\u00a0<a href=\"http:\/\/virtualia.eol.org.ar\/019\/template.asp?dossier\/morao.html\" target=\"_blank\" rel=\"noopener\">http:\/\/virtualia.eol.org.ar\/019\/template.asp?dossier\/morao.html<\/a><\/li>\n<li>Naparstek, F. \u00abProblemas sobre el nombre de goce y el nombre propio\u00bb, en\u00a0<i>El pase una experiencia de Escuela<\/i>. Serie Testimonios y Conferencias. EOL Grama, Buenos Aires, Argentina. 2007<\/li>\n<li>Palomera, V. \u00abUna voz que sonoriza la mirada\u00bb en\u00a0<i>Textos on line,\u00a0<\/i>en la p\u00e1gina web de la Nueva Escuela Lacaniana-M\u00e9xico\u00a0<a href=\"http:\/\/www.nel-mexico.org\/articulos\/seccion\/textosonline\/subseccion\/Diagnostico-Diferencial-Neurosis-Psicosis\/398\/Una-voz-que-sonoriza-la-mirada\" target=\"_blank\" rel=\"noopener\">http:\/\/www.nel-mexico.org\/articulos\/seccion\/textosonline\/subseccion\/Diagnostico-Diferencial-Neurosis-Psicosis\/398\/Una-voz-que-sonoriza-la-mirada<\/a><\/li>\n<li>Salman, S. \u00ab\u00c1nimo de amar\u00bb,\u00a0<i>Revista Lacaniana de Psicoan\u00e1lisis<\/i>. Publicaci\u00f3n de la EOL, A\u00f1o 7 Nro. 10, Octubre 2010, Grama Ediciones.<\/li>\n<li>Salman, S. \u00abEl Misterio del cuerpo que habla\u00bb, en\u00a0<i>Freudiana<\/i>\u00a0Nro.61 (Ene-Abr 2011), p.69-76. ELP. Barcelona, Espa\u00f1a-.<\/li>\n<li>Salman, S. \u00abLos nombres posibles de mi locura\u00bb,\u00a0<i>Revista Lacaniana de psicoan\u00e1lisis.<\/i>\u00a0A\u00f1o 7 Numero 11. Octubre 2011. Grama Ediciones, Buenos Aires, Argentina.<\/li>\n<li>Schejtman, F. \u00abEncadenamientos y desencadenamientos neur\u00f3ticos: inhibici\u00f3n, s\u00edntoma y angustia\u00bb en\u00a0<i>Elaboraciones lacanianas sobre la neurosis<\/i>. Grama ediciones, Buenos Aires, Argentina. 2012.<\/li>\n<li>Schejtman, F., \u00abIdentificaci\u00f3n de la epidemia\u00bb, en Schejtman, F. (comp.) y otros,\u00a0<i>Elaboraciones lacanianas sobre la neurosis,\u00a0<\/i>Grama, Buenos Aires, 2012.<\/li>\n<li>Schejtman, F., \u00abLa liquidaci\u00f3n de las perversiones\u00bb, en Schejtman, F. (comp.) y otros,\u00a0<i>Psicopatolog\u00eda: cl\u00ednica y \u00e9tica. De la psiquiatr\u00eda al psicoan\u00e1lisis<\/i>, Grama, Buenos Aires, 2013.<\/li>\n<li>Schejtman, F; Godoy, C. \u00abLa histeria en el \u00faltimo per\u00edodo de la ense\u00f1anza de J. Lacan\u00bb en Anuario de investigaciones de la Facultad de Psicolog\u00eda, U.B.A. Vol. 15, versi\u00f3n on line 2008\u00a0<a href=\"http:\/\/www.scielo.org.ar\/scielo.php?script=sci_arttext&amp;pid=S1851-16862008000100045\" target=\"_blank\" rel=\"noopener\">http:\/\/www.scielo.org.ar\/scielo.php?script=sci_arttext&amp;pid=S1851-16862008000100045<\/a><\/li>\n<li>Stiglitz, G. \u00abHablar no todo\u00bb,\u00a0<i>Revista Lacaniana de psicoan\u00e1lisis.<\/i>\u00a0A\u00f1o 8 Numero 13. Noviembre 2012. Grama Ediciones, Buenos Aires, Argentina.<\/li>\n<li>Tarrab, M.\u00a0<i>En las Huellas del s\u00edntoma.\u00a0<\/i>Grama ediciones. Buenos Aires, Argentina. 2005.<\/li>\n<li>Tudanca, L. \u00abDel s\u00edntoma al\u00a0<i>sinthome<\/i>\u00ab, en\u00a0<i>El orden simb\u00f3lico en el siglo XXI.<\/i>\u00a0Grama ediciones, Buenos Aires, Argentina. 2012<\/li>\n<li>Vaschetto, E. \u00abPsicosis contempor\u00e1neas\u00bb en\u00a0<i>Virtualia. Revista digital de la E.O.L.\u00a0<\/i>A\u00f1o 6, nro. 16. Febrero-Marzo 2007. Disponible en\u00a0<a href=\"http:\/\/virtualia.eol.org.ar\/016\/default.asp?formas\/vaschetto.html\" target=\"_blank\" rel=\"noopener\">http:\/\/virtualia.eol.org.ar\/016\/default.asp?formas\/vaschetto.html<\/a><\/li>\n<li>Vaschetto, E. Levy Yeyatti, E. \u00abConversaci\u00f3n con Jean-Claude Maleval\u00bb en\u00a0<i>Virtualia. Revista digital de la E.O.L.\u00a0<\/i>A\u00f1o 7, nro. 18. Octubre-Noviembre 2008. Disponible en\u00a0<a href=\"http:\/\/virtualia.eol.org.ar\/018\/template.asp?miscelaneas\/maleval.html\" target=\"_blank\" rel=\"noopener\">http:\/\/virtualia.eol.org.ar\/018\/template.asp?miscelaneas\/maleval.html<\/a><\/li>\n<li>Vel\u00e1squez, J. F. \u00abParanoia\u00bb en\u00a0<i>Radar nro. 81,\u00a0<\/i>publicaci\u00f3n virtual de la Nueva Escuela Lacaniana-M\u00e9xico\u00a0<a href=\"http:\/\/www.nel-mexico.org\/articulos\/seccion\/radar\/edicion\/85\/486\/Paranoia-\" target=\"_blank\" rel=\"noopener\">http:\/\/www.nel-mexico.org\/articulos\/seccion\/radar\/edicion\/85\/486\/Paranoia-<\/a><\/li>\n<li>Vittar, H. \u00abHay un simb\u00f3lico en lo real: Un caso cl\u00ednico\u00bb, en\u00a0<i>Mediodich : Revista de psicoan\u00e1lisis: Lo que hablar quiere decir\u00a0<\/i>Vol.15,No.37 (Sep.2011), p.87-91. EOL. C\u00f3rdoba, Argentina<\/li>\n<li>Westcott, J., \u00abWhen Marina Abramovi\u0107 Dies: A biography\u00bb, Cambridge MA, The MIT Press, 2010<\/li>\n<li>Yacoi, A. \u00abArtificios del Padre\u00bb, en\u00a0<i>Revista Lacaniana<\/i>, A\u00f1o 4 N\u00ba 7, 2008 Grama Ediciones, Buenos Aires, Argentina.<\/li>\n<li>Yellati, N. \u00abEl Cuerpo y lalengua\u00bb, en\u00a0<i>Efecto Mariposa: Temas de psiquiatr\u00eda y psicoan\u00e1lisis<\/i>\u00a0No.3 (Mar. 2012), 7-9. Departamento de<\/li>\n<li>Estudios sobre Psiquiatr\u00eda y psicoan\u00e1lisis, Buenos Aires, Argentina.<\/li>\n<li>Zack, O. \u00ab\u00bfHay otra histeria?\u00bb, en\u00a0<i>Efectos de la experiencia anal\u00edtica.\u00a0<\/i>Grama. Buenos Aires, Argentina. 2005.<\/li>\n<li>Zapata, I. \u00abComer o no comer&#8230; \u00bfesa es la cuesti\u00f3n?\u00bb, en\u00a0<i>Letra a letra<\/i>\u00a0No. 5 (Oct2008), p.66-70. NEL. Medell\u00edn, Colombia.<\/li>\n<\/ul>\n<\/div><\/div><\/div><\/div><\/div>\n","protected":false},"excerpt":{"rendered":"","protected":false},"author":1,"featured_media":0,"parent":100,"menu_order":3,"comment_status":"closed","ping_status":"closed","template":"","meta":{"_monsterinsights_skip_tracking":false,"_monsterinsights_sitenote_active":false,"_monsterinsights_sitenote_note":"","_monsterinsights_sitenote_category":0,"footnotes":""},"_links":{"self":[{"href":"https:\/\/enapol.com\/vi\/wp-json\/wp\/v2\/pages\/1364"}],"collection":[{"href":"https:\/\/enapol.com\/vi\/wp-json\/wp\/v2\/pages"}],"about":[{"href":"https:\/\/enapol.com\/vi\/wp-json\/wp\/v2\/types\/page"}],"author":[{"embeddable":true,"href":"https:\/\/enapol.com\/vi\/wp-json\/wp\/v2\/users\/1"}],"replies":[{"embeddable":true,"href":"https:\/\/enapol.com\/vi\/wp-json\/wp\/v2\/comments?post=1364"}],"version-history":[{"count":2,"href":"https:\/\/enapol.com\/vi\/wp-json\/wp\/v2\/pages\/1364\/revisions"}],"predecessor-version":[{"id":1398,"href":"https:\/\/enapol.com\/vi\/wp-json\/wp\/v2\/pages\/1364\/revisions\/1398"}],"up":[{"embeddable":true,"href":"https:\/\/enapol.com\/vi\/wp-json\/wp\/v2\/pages\/100"}],"wp:attachment":[{"href":"https:\/\/enapol.com\/vi\/wp-json\/wp\/v2\/media?parent=1364"}],"curies":[{"name":"wp","href":"https:\/\/api.w.org\/{rel}","templated":true}]}}