{"id":1367,"date":"2021-08-19T02:24:42","date_gmt":"2021-08-19T05:24:42","guid":{"rendered":"http:\/\/x-enapol.org\/vi\/?page_id=1367"},"modified":"2021-08-19T02:42:27","modified_gmt":"2021-08-19T05:42:27","slug":"as-estruturas-clinicas-orfas-do-nome-do-pai","status":"publish","type":"page","link":"https:\/\/enapol.com\/vi\/pt\/bibliografia-2\/as-estruturas-clinicas-orfas-do-nome-do-pai\/","title":{"rendered":"As estruturas cl\u00ednicas orf\u00e3s do nome do pai"},"content":{"rendered":"<div class=\"fusion-fullwidth fullwidth-box fusion-builder-row-1 fusion-flex-container nonhundred-percent-fullwidth non-hundred-percent-height-scrolling\" style=\"--awb-border-radius-top-left:0px;--awb-border-radius-top-right:0px;--awb-border-radius-bottom-right:0px;--awb-border-radius-bottom-left:0px;--awb-flex-wrap:wrap;\" ><div class=\"fusion-builder-row fusion-row fusion-flex-align-items-flex-start fusion-flex-content-wrap\" style=\"max-width:1352px;margin-left: calc(-4% \/ 2 );margin-right: calc(-4% \/ 2 );\"><div class=\"fusion-layout-column fusion_builder_column fusion-builder-column-0 fusion_builder_column_1_1 1_1 fusion-flex-column\" style=\"--awb-bg-size:cover;--awb-width-large:100%;--awb-margin-top-large:0px;--awb-spacing-right-large:1.92%;--awb-margin-bottom-large:20px;--awb-spacing-left-large:1.92%;--awb-width-medium:100%;--awb-order-medium:0;--awb-spacing-right-medium:1.92%;--awb-spacing-left-medium:1.92%;--awb-width-small:100%;--awb-order-small:0;--awb-spacing-right-small:1.92%;--awb-spacing-left-small:1.92%;\"><div class=\"fusion-column-wrapper fusion-column-has-shadow fusion-flex-justify-content-flex-start fusion-content-layout-column\"><div class=\"fusion-text fusion-text-1\"><ul>\n<li>AA.VV. \u00abS\u00edntomas contempor\u00e1neos de lo masculino\u00bb (Informe de la E. B. P. al Primer Congreso de la A.M.P.) en\u00a0<i>Informes al Primer Congreso de la Asociaci\u00f3n Mundial de Psicoan\u00e1lisis, Barcelona 1998.\u00a0<\/i>A.M.P. Buenos Aires, Argentina. 1998<\/li>\n<li>BESSA, G. \u00abPotlach amoroso: outra vers\u00e3o para o masoquismo feminino\u00bb, em\u00a0<i>Feminino: um conjunto aberto ao infinito<\/i>, Belo Horizonte, Scriptum, 2012.BECKETT, S.\u00a0<i>The complet dramatic works<\/i>. Faber and Faber, London, England: 2006.<\/li>\n<li>BRODSKY, G. \u00abTestemunho 1\u00bb, em\u00a0<i>Op\u00e7\u00e3o Lacaniana,\u00a0<\/i>n. 64, pp. 103-108, S\u00e3o Paulo, Edi\u00e7\u00f5es Eolia, dezembro 2012.<\/li>\n<li>BROUSSE, M. H. \u00abOs dist\u00farbios da percep\u00e7\u00e3o na neurose hist\u00e9rica\u00bb, em\u00a0<i>Op\u00e7\u00e3o Lacaniana,\u00a0<\/i>n. 14, pp. 81-84, S\u00e3o Paulo, Edi\u00e7\u00f5es Eolia, novembro 1995.<\/li>\n<li>CALDAS, H. \u00abUma vers\u00e3o do feminino na contemporaneidade\u00bb, em\u00a0<i>O feminino que acontece no corpo: a pr\u00e1tica da psican\u00e1lise nos confins do simb\u00f3lico<\/i>, CALDAS, H.; MURTA, A; MURTA, C.(Orgs), Belo Horizonte, Scriptum, 2012, pp.267-273.<\/li>\n<li>CIOUX, H.\u00a0<i>Portrait de Dora<\/i>. Des femmes. Paris, France. 1978.<\/li>\n<li>DOGUET-DZOMBA, M. H. \u00abFen\u00f4meno psicosom\u00e1tico\u00bb, em\u00a0<i>Silicet: os objetos a na experi\u00eancia psicanal\u00edtica.\u00a0<\/i>Textos preparat\u00f3rios para o VI Congresso da Associa\u00e7\u00e3o Mundial de Psican\u00e1lise, Rio de Janeiro, Contra Capa, 2008, pp.131-133.<\/li>\n<li>ELAEL, C. C. B. \u00abO fen\u00f4meno psicossom\u00e1tico: uma puls\u00e3o que \u00e9 de morte!\u00bb, em\u00a0<i>Op\u00e7\u00e3o Lacaniana<\/i>, n. 26\/27, pp. 74-78, S\u00e3o Paulo, Edi\u00e7\u00f5es Eolia, abril 2000.<\/li>\n<li>FERRETI, M.C. \u00abCorpo afetado, acontecimento de corpo e semblante\u00bb, em\u00a0<i>O feminino que acontece no corpo: a pr\u00e1tica da psican\u00e1lise nos confins do simb\u00f3lico<\/i>, CALDAS, H.; MURTA, A.; MURTA, C., (Orgs), Belo Horizonte, Scriptum, 2012, pp 131-137.<\/li>\n<li>FREUD, S., (1908) \u00abFantasias hist\u00e9ricas e sua rela\u00e7\u00e3o com a bissexualidade\u00bb, em\u00a0<i>Obras psicol\u00f3gicas completas<\/i>: edi\u00e7\u00e3o\u00a0<i>standard<\/i>\u00a0brasileira, v. IX, Rio de Janeiro, Imago, 1996, p. 147-157.<\/li>\n<li>FREUD, S., (1909 [1908]) \u00abAlgumas observa\u00e7\u00f5es gerais sobre ataques hist\u00e9ricos\u00bb, em\u00a0<i>Obras psicol\u00f3gicas completas<\/i>: edi\u00e7\u00e3o\u00a0<i>standard<\/i>\u00a0brasileira, v. IX, Rio de Janeiro, Imago, 1996, p. 207-217.<\/li>\n<li>FREUD, S., (1910) \u00abA concep\u00e7\u00e3o psicanal\u00edtica da perturba\u00e7\u00e3o psicog\u00eanica da vis\u00e3o\u00bb, em\u00a0<i>Obras psicol\u00f3gicas completas<\/i>: edi\u00e7\u00e3o\u00a0<i>standard<\/i>\u00a0brasileira, v. IX, Rio de Janeiro, Imago, 1996, p. 217-229.<\/li>\n<li>FUENTES, A. \u00abO res\u00edduo de uma an\u00e1lise\u00bb, em\u00a0<i>Op\u00e7\u00e3o Lacaniana,\u00a0<\/i>n. 61, pp. 21-25, S\u00e3o Paulo, Edi\u00e7\u00f5es Eolia, junho 2012.<\/li>\n<li>FUENTES, M. \u00abDevasta\u00e7\u00e3o, um nome do gozo feminino\u00bb em\u00a0<i>As mulheres e seus nomes: Lacan e o feminino,\u00a0<\/i>Belo Horizonte, Scriptum, 2012, pp. 213-223.<\/li>\n<li>FUX, S. \u00abO gozo espec\u00edfico da psicossom\u00e1tica\u00bb, em\u00a0<i>Op\u00e7\u00e3o Lacaniana<\/i>, n. 26\/27, pp. 71\u2013 73, S\u00e3o Paulo, Edi\u00e7\u00f5es Eolia, abril 2000.<\/li>\n<li>GROSTEIN, S. \u00abEntre o gozo feminino e o acontecimento de corpo\u00bb, em\u00a0<i>O feminino que acontece no corpo: a pr\u00e1tica da psican\u00e1lise nos confins do simb\u00f3lico,\u00a0<\/i>CALDAS, H.; MURTA, A.; MURTA, C., (Orgs), Belo Horizonte, Scriptum, 2012, pp. 139-146.<\/li>\n<li>GUIMAR\u00c3ES, L. \u00abTe devoro\u00bb, em\u00a0<i>O feminino que acontece no corpo: a pr\u00e1tica da psican\u00e1lise nos confins do simb\u00f3lico,\u00a0<\/i>CALDAS, H.; MURTA, A.; MURTA, C., (Orgs), Belo Horizonte, Scriptum, 2012, pp. 283-288.<\/li>\n<li>LACAN, J.\u00a0<i>O Semin\u00e1rio, livro 17. O avesso da psican\u00e1lise<\/i>. Aulas VI a IX correspondentes a \u00abMais Al\u00e9m do Complexo de \u00c9dipo\u00bb. Rio de Janeiro: Jorge Zahar Editor, 1992.<\/li>\n<li>LAIA, S. \u00ab<i>A classifica\u00e7\u00e3o dos transtornos mentais pelo DSM-V e a orienta\u00e7\u00e3o lacaniana<\/i>\u00bb\u00a0<i>Clinicaps: impasses da cl\u00ednica<\/i>, n. 15, setembro a dezembro de 2011. Dispon\u00edvel em\u00a0<a href=\"http:\/\/www.clinicaps.com.br\/clinicaps_revista_1_art_01.html\" target=\"_blank\" rel=\"noopener\">http:\/\/www.clinicaps.com.br\/clinicaps_revista_1_art_01.html<\/a><\/li>\n<li>LAIA, S. \u00abA baleia e o urso polar: considera\u00e7\u00f5es lacanianas sobre o DSM-V\u00bb, em\u00a0<i>Op\u00e7\u00e3o Lacaniana,\u00a0<\/i>n. 64, pp. 131-134, S\u00e3o Paulo, Edi\u00e7\u00f5es Eolia, dezembro 2012.<\/li>\n<li>LAURENT, E. \u00abUm novo amor ao pai.\u00bb.\u00a0<i>In: A sociedade do s\u00edntoma, a psican\u00e1lise hoje.<\/i>\u00a0Rio de Janeiro: Contra Capa, 2007.<\/li>\n<li>LAURENT, E. \u00abA classifica\u00e7\u00e3o\u00bb.\u00a0<i>In: Op\u00e7\u00e3o Lacaniana<\/i>. pp 120-130. S\u00e3o Paulo: Eolia Edi\u00e7\u00f5es, 2008.<\/li>\n<li>LAURENT, D. \u00abDesidentifica\u00e7\u00e3o de uma mulher\u00bb. In\u00a0<i>Op\u00e7\u00e3o Lacaniana<\/i>, n. 29, pp. 38- 41, S\u00e3o Paulo, Edi\u00e7\u00f5es Eolia, dezembro 2000.<\/li>\n<li>LAURENT, D. \u00abAdendo ao texto \u00abDesidentifica\u00e7\u00e3o de uma mulher\u00bb publicado em\u00a0<i>Op\u00e7\u00e3o Lacaniana n\u00ba 29, em Op\u00e7\u00e3o Lacaniana,\u00a0<\/i>30, pp. 22-23, S\u00e3o Paulo, Edi\u00e7\u00f5es Eolia, abril 2001.<\/li>\n<li>MAHJOUB, L. \u00abA imagem no fantasma: abordagens cl\u00ednicas diferenciais\u00bb, em\u00a0<i>Op\u00e7\u00e3o Lacaniana,\u00a0<\/i>n.14, pp. 41-44, S\u00e3o Paulo, Edi\u00e7\u00f5es Eolia, novembro 1995.<\/li>\n<li>MILLER, J-A., \u00abAlgumas reflex\u00f5es sobre o fen\u00f4meno psicossom\u00e1tico\u00bb, em WARTEL, R.,\u00a0<i>Psicossom\u00e1tica e Psican\u00e1lise,<\/i>\u00a0Rio de Janeiro, Jorge Zahar Ed., 1990, p 87-97.<\/li>\n<li>MILLER, J_A., \u00abAs pedras e o lagarto\u00bb.\u00a0<i>In: Elementos de biologia lacaniana<\/i>. Belo Horizonte. EBP-Minas Gerais, 1999.<\/li>\n<li>MILLER, J.-A., \u00abA inven\u00e7\u00e3o psic\u00f3tica\u00bb, em\u00a0<i>Op\u00e7\u00e3o Lacaniana<\/i>, 36, S\u00e3o Paulo, E\u00f3lia Ed., 6-16, maio de 2003.<\/li>\n<li>MILLER, J.-A. \u00abA inven\u00e7\u00e3o do del\u00edrio\u00bb. In: Op\u00e7\u00e3o Lacaniana On-line, N\u00b05. Dispon\u00edvel em:\u00a0<a href=\"http:\/\/www.opcaolacaniana.com.br\/antigos\/textob.asp\" target=\"_blank\" rel=\"noopener\">http:\/\/www.opcaolacaniana.com.br\/antigos\/textob.asp<\/a><\/li>\n<li>MILLER, J.-A. \u00abEfeito retorno sobre a psicose ordin\u00e1ria\u00bb, In: Almanaque On Line, N\u00b05, Instituto de Psican\u00e1lise e Sa\u00fade Mental de Minas Gerais. Dispon\u00edvel em:\u00a0<a href=\"http:\/\/www.institutopsicanalise-mg.com.br\/psicanalise\/almanaque\/05\/textos\/Jacques.pdf\" target=\"_blank\" rel=\"noopener\">http:\/\/www.institutopsicanalise-mg.com.br\/psicanalise\/almanaque\/05\/textos\/Jacques.pdf<\/a><br \/>\n\u00abSe\u00e7\u00e3o Cl\u00ednica de Bordeaux: Usos do corpo e sintomas\u00bb, em\u00a0<i>A Psicose Ordin\u00e1ria<\/i>, Editora Scriptum \/ Escola Brasileira de Psican\u00e1lise, 2012.<br \/>\n\u00abAntennes Cliniques de Chauny-Pr\u00e9montr\u00e9 e de Rouen: Fen\u00f4menos de corpo e estruturas\u00bb, em\u00a0<i>A Psicose Ordin\u00e1ria<\/i>, Editora Scriptum \/ Escola Brasileira de Psican\u00e1lise, 2012.<br \/>\n\u00abAntenne Clinique de Nantes e Se\u00e7\u00e3o Cl\u00ednica de Rennes: Fen\u00f4menos corporais em pacientes masculinos\u00bb, em\u00a0<i>A Psicose Ordin\u00e1ria<\/i>, Editora Scriptum \/ Escola Brasileira de Psican\u00e1lise, 2012.<br \/>\n\u00abSe\u00e7\u00e3o Cl\u00ednica de Lille: Investiga\u00e7\u00f5es sobre o in\u00edcio da psicose\u00bb, em\u00a0<i>A Psicose Ordin\u00e1ria<\/i>, Editora Scriptum \/ Escola Brasileira de Psican\u00e1lise, 2012.<br \/>\n\u00abDo patol\u00f3gico ao normal\u00bb, em\u00a0<i>A Psicose Ordin\u00e1ria<\/i>, Editora Scriptum \/ Escola Brasileira de Psican\u00e1lise, 2012<\/li>\n<li>MILLER, J. A. Os casos raros, inclassific\u00e1veis da cl\u00ednica psicanal\u00edtica. Conversa\u00e7\u00e3o de Arcachon. S\u00e3o Paulo: Biblioteca Freudiana Brasileira, 1998.<\/li>\n<li>DEFFIEUX, J. P., \u00abUm caso nem t\u00e3o raro\u00bb, em\u00a0<i>Os casos raros, inclassific\u00e1veis, da cl\u00ednica psicanal\u00edtica: a conversa\u00e7\u00e3o de Arcachon,<\/i>\u00a0Biblioteca Freudiana Brasileira, 1998.<\/li>\n<li>NAVEAU, P., \u00abHist\u00f3ria d&#8217;olho\u00bb, em\u00a0<i>Os casos raros, inclassific\u00e1veis, da cl\u00ednica psicanal\u00edtica: a conversa\u00e7\u00e3o de Arcachon,<\/i>\u00a0Biblioteca Freudiana Brasileira, 1998.<\/li>\n<li>CAMBRON, C., \u00abDe uma mancha a outra\u00bb, em\u00a0<i>Os casos raros, inclassific\u00e1veis, da cl\u00ednica psicanal\u00edtica: a conversa\u00e7\u00e3o de Arcachon,<\/i>\u00a0Biblioteca Freudiana Brasileira, 1998.<\/li>\n<li>CASTANET, H., \u00abUm sujeto no nevoeiro\u00bb, em\u00a0<i>Os casos raros, inclassific\u00e1veis, da cl\u00ednica psicanal\u00edtica: a conversa\u00e7\u00e3o de Arcachon,<\/i>\u00a0Biblioteca Freudiana Brasileira, 1998.<\/li>\n<li>MILLER, J.-A., LAURENT, E. e outros, \u00abA conversa\u00e7\u00e3o\u00bb, em\u00a0<i>Os casos raros, inclassific\u00e1veis, da cl\u00ednica psicanal\u00edtica: a conversa\u00e7\u00e3o de Arcachon,<\/i>\u00a0Biblioteca Freudiana Brasileira, 1998.<\/li>\n<li>ROSA, M. \u00abO feminino e essas m\u00edsticas sem Deus\u00bb, em\u00a0<i>O feminino que acontece no corpo: a pr\u00e1tica da psican\u00e1lise nos confins do simb\u00f3lico,\u00a0<\/i>CALDAS, H.; MURTA, A.; MURTA, C., (Orgs), Belo Horizonte, Scriptum, 2012, pp. 157-164.<\/li>\n<li>RUBI\u00c3O, L. \u00abO patroc\u00ednio de Stela: sobre a fun\u00e7\u00e3o da escrita na psicose\u00bb, em\u00a0<i>Op\u00e7\u00e3o Lacaniana<\/i>, n.\u00a0<i>52<\/i>, pp. 51-57, S\u00e3o Paulo, Edi\u00e7\u00f5es Eolia, setembro 2008.<\/li>\n<li>SAFATLE, W. \u00abO circuito fetichista do desejo e seus restos \u00ab, em\u00a0<i>Op\u00e7\u00e3o Lacaniana<\/i>, n.\u00a0<i>26\/27<\/i>, pp. 40-53, S\u00e3o Paulo, Edi\u00e7\u00f5es Eolia, abril 2000.<\/li>\n<li>SALMAN, S., \u00ab\u00c2nimo de amar\u00bb, em\u00a0<i>Op\u00e7\u00e3o Lacaniana<\/i>\u00a0\u2013 Revista Brasileira Internacional de Psican\u00e1lise, n\u00ba 58, S\u00e3o Paulo, Edi\u00e7\u00f5es Eolia, 2010.<\/li>\n<li>SALMAN, S. \u00abO significante desanimado\u00bb, em\u00a0<i>Op\u00e7\u00e3o Lacaniana,\u00a0<\/i>n.61, pp. 97-102, S\u00e3o Paulo, Edi\u00e7\u00f5es Eolia, novembro 2011.<\/li>\n<li>SILVA, R. F, \u00abA loucura que estrutura\u00bb, em\u00a0<i>Op\u00e7\u00e3o Lacaniana,\u00a0<\/i>n. 61, pp. 27-35, S\u00e3o Paulo, Edi\u00e7\u00f5es Eolia, junho 2012.<\/li>\n<li>SILVA, R. F. \u00abPasse salvador\u00bb, em\u00a0<i>Op\u00e7\u00e3o Lacaniana,\u00a0<\/i>n.64, pp. 109-116, S\u00e3o Paulo, Edi\u00e7\u00f5es Eolia, dezembro 2012.<\/li>\n<li>SILVA, R. F. \u00abO psic\u00f3tico em rela\u00e7\u00e3o \u00e0 palavra e ao corpo\u00bb, em\u00a0<i>Op\u00e7\u00e3o Lacaniana<\/i>, n.\u00a0<i>24<\/i>, pp. 36-37 S\u00e3o Paulo, Edi\u00e7\u00f5es Eolia, junho 1999.<\/li>\n<li>STIGLITZ, G. \u00abTem gato na tuba. Sobre o fen\u00f4meno psicossom\u00e1tico\u00bb, em\u00a0<i>Op\u00e7\u00e3o Lacaniana, 60<\/i>, pp. 107-111, S\u00e3o Paulo, Edi\u00e7\u00f5es Eolia, setembro 2011.<\/li>\n<li>TARRAB, M. \u00abE o sopro torna-se signo\u00bb, em\u00a0<i>Op\u00e7\u00e3o Lacaniana<\/i>, n. 46, pp. 130-137, S\u00e3o Paulo, Edi\u00e7\u00f5es Eolia, outubro 2006.<\/li>\n<li>TUDANCA, L. \u00abDo sintoma ao sinthoma\u00bb, em\u00a0<i>Op\u00e7\u00e3o Lacaniana,\u00a0<\/i>n. 64, pp. 83-89, S\u00e3o Paulo, Edi\u00e7\u00f5es Eolia, dezembro 2012.<\/li>\n<li>UDENIO, B. \u00abCorpo e ataque hist\u00e9rico\u00bb, em\u00a0<i>Op\u00e7\u00e3o Lacaniana<\/i>, n. 24, pp. 33-35, S\u00e3o Paulo, Edi\u00e7\u00f5es Eolia, junho 1999.<\/li>\n<\/ul>\n<\/div><\/div><\/div><\/div><\/div>\n","protected":false},"excerpt":{"rendered":"","protected":false},"author":1,"featured_media":0,"parent":102,"menu_order":3,"comment_status":"closed","ping_status":"closed","template":"","meta":{"_monsterinsights_skip_tracking":false,"_monsterinsights_sitenote_active":false,"_monsterinsights_sitenote_note":"","_monsterinsights_sitenote_category":0,"footnotes":""},"_links":{"self":[{"href":"https:\/\/enapol.com\/vi\/wp-json\/wp\/v2\/pages\/1367"}],"collection":[{"href":"https:\/\/enapol.com\/vi\/wp-json\/wp\/v2\/pages"}],"about":[{"href":"https:\/\/enapol.com\/vi\/wp-json\/wp\/v2\/types\/page"}],"author":[{"embeddable":true,"href":"https:\/\/enapol.com\/vi\/wp-json\/wp\/v2\/users\/1"}],"replies":[{"embeddable":true,"href":"https:\/\/enapol.com\/vi\/wp-json\/wp\/v2\/comments?post=1367"}],"version-history":[{"count":2,"href":"https:\/\/enapol.com\/vi\/wp-json\/wp\/v2\/pages\/1367\/revisions"}],"predecessor-version":[{"id":1399,"href":"https:\/\/enapol.com\/vi\/wp-json\/wp\/v2\/pages\/1367\/revisions\/1399"}],"up":[{"embeddable":true,"href":"https:\/\/enapol.com\/vi\/wp-json\/wp\/v2\/pages\/102"}],"wp:attachment":[{"href":"https:\/\/enapol.com\/vi\/wp-json\/wp\/v2\/media?parent=1367"}],"curies":[{"name":"wp","href":"https:\/\/api.w.org\/{rel}","templated":true}]}}