{"id":1370,"date":"2021-08-19T02:25:18","date_gmt":"2021-08-19T05:25:18","guid":{"rendered":"http:\/\/x-enapol.org\/vi\/?page_id=1370"},"modified":"2021-08-19T02:43:15","modified_gmt":"2021-08-19T05:43:15","slug":"la-diferencia-de-los-sexos-en-el-mundo-de-la-igualdad-y-de-la-diversidad-de-los-sexos","status":"publish","type":"page","link":"https:\/\/enapol.com\/vi\/bibliografia\/la-diferencia-de-los-sexos-en-el-mundo-de-la-igualdad-y-de-la-diversidad-de-los-sexos\/","title":{"rendered":"La diferencia de los sexos en el mundo de la igualdad y de la diversidad de los sexos"},"content":{"rendered":"<div class=\"fusion-fullwidth fullwidth-box fusion-builder-row-1 fusion-flex-container nonhundred-percent-fullwidth non-hundred-percent-height-scrolling\" style=\"--awb-border-radius-top-left:0px;--awb-border-radius-top-right:0px;--awb-border-radius-bottom-right:0px;--awb-border-radius-bottom-left:0px;--awb-flex-wrap:wrap;\" ><div class=\"fusion-builder-row fusion-row fusion-flex-align-items-flex-start fusion-flex-content-wrap\" style=\"max-width:1352px;margin-left: calc(-4% \/ 2 );margin-right: calc(-4% \/ 2 );\"><div class=\"fusion-layout-column fusion_builder_column fusion-builder-column-0 fusion_builder_column_1_1 1_1 fusion-flex-column\" style=\"--awb-bg-size:cover;--awb-width-large:100%;--awb-margin-top-large:0px;--awb-spacing-right-large:1.92%;--awb-margin-bottom-large:20px;--awb-spacing-left-large:1.92%;--awb-width-medium:100%;--awb-order-medium:0;--awb-spacing-right-medium:1.92%;--awb-spacing-left-medium:1.92%;--awb-width-small:100%;--awb-order-small:0;--awb-spacing-right-small:1.92%;--awb-spacing-left-small:1.92%;\"><div class=\"fusion-column-wrapper fusion-column-has-shadow fusion-flex-justify-content-flex-start fusion-content-layout-column\"><div class=\"fusion-text fusion-text-1\"><ul>\n<li>Arist\u00f3teles De Anima. Ed. Gredos, Espa\u00f1a. Versi\u00f3n digital disponible en\u00a0<a href=\"http:\/\/biblio3.url.edu.gt\/Libros\/2011\/acer_alma.pdf\" target=\"_blank\" rel=\"noopener\">http:\/\/biblio3.url.edu.gt\/Libros\/2011\/acer_alma.pdf<\/a><\/li>\n<li>Assef, J.\u00a0<i>La subjetividad hipermoderna.<\/i>\u00a0Grama. Buenos Aires, Argentina. 2013.<\/li>\n<li>AA.VV. Colof\u00f3n 22, Bolet\u00edn de la Federaci\u00f3n Internacional del Campo freudiano,\u00a0<i>Cl\u00ednica de la sexuaci\u00f3n y (no) cl\u00ednica del g\u00e9nero,\u00a0<\/i>Granada. Noviembre de 2002.<\/li>\n<li>Aflalo, A. \u00abPalabras de madre, cuerpo de hija: acerca del rechazo del cuerpo\u00bb, en\u00a0<i>Enlaces\u00a0<\/i>A\u00f1o. 4, no. 7, 7-15. Gramma. Buenos Aires, Argentina.<\/li>\n<li>Aksman, G. \u00abNuevas formas de lo femenino\u00bb en\u00a0<i>Intersecciones. Revista electr\u00f3nica de la Facultad de Psicolog\u00eda-U.B.A.\u00a0<\/i>A\u00f1o 3, nro. 7. Julio 2013. Disponible en\u00a0<a href=\"http:\/\/intersecciones.psi.uba.ar\/index.php?option=com_content&amp;view=article&amp;id=209:nuevas-formas-de-lo-femenino&amp;catid=9:perspectivas&amp;Itemid=1\" target=\"_blank\" rel=\"noopener\">http:\/\/intersecciones.psi.uba.ar\/index.php?option=com_content&amp;view=article&amp;id=209:nuevas-formas-de-lo-femenino&amp;catid=9:perspectivas&amp;Itemid=1<\/a><\/li>\n<li>Antu\u00f1a, A. \u00abEl Arte, una respuesta posible al malestar\u00bb, en\u00a0<i>Enlaces: Psicoan\u00e1lisis y cultura\u00a0<\/i>Vol.12, No.1 (Abr.2010), 92-94. Gramma. Buenos Aires, Argentina<\/li>\n<li>Antu\u00f1a, A. Peidro, S. Schnitzer, G. Torres, M. (comp.) \u00abTRANSfromaciones. Ley, diversidad y sexuaci\u00f3n\u00bb. Ed. Grama. Buenos Aires, Argentina.<\/li>\n<li>Barros, M.,\u00a0<i>La condici\u00f3n femenina<\/i>, Grama, Buenos Aires, Argentina. 2011.<\/li>\n<li>Barros, M., Eidelberg, A., Godoy, C., Schejtman, F., Soria Dafunchio, N.,\u00a0<i>\u00abLas &#8216;nuevas&#8217; formas de diluci\u00f3n del sexo y la cl\u00ednica\u00bb<\/i>, en\u00a0<i>The Wannabe<\/i>\u00a0n\u00ba 5<i>.\u00a0<\/i>Revista digital de la Nueva Escuela Lacaniana.\u00a0<a href=\"http:\/\/nel-amp.org\/the_wannabe_08\/tw\/05\/tw05_doss.htm\" target=\"_blank\" rel=\"noopener\">http:\/\/nel-amp.org\/the_wannabe_08\/tw\/05\/tw05_doss.htm<\/a><\/li>\n<li>Bataille, G.\u00a0<i>El erotismo<\/i>, ed. Tusquets. Barcelona, Espa\u00f1a. 1979<\/li>\n<li>Baudini, S. \u00abUna Pragm\u00e1tica del cuerpo\u00bb, en\u00a0<i>El Caldero de la escuela: nueva serie<\/i>\u00a0No.13(2010), 80-82. Gramma. Buenos Aires, Argentina<\/li>\n<li>Berenguer, E. \u00abEl lugar de la familia en la actualidad: desanudamientos y reanudamientos\u00bb en\u00a0<i>Radar nro. 19,<\/i>\u00a0publicaci\u00f3n virtual de la Nueva Escuela Lacaniana-M\u00e9xico\u00a0<a href=\"http:\/\/www.nel-mexico.org\/articulos\/seccion\/radar\/edicion\/25\/214\/El-lugar-de-la-familia-en-la-actualidad-Desanudamientos-y-reanudamientos\" target=\"_blank\" rel=\"noopener\">http:\/\/www.nel-mexico.org\/articulos\/seccion\/radar\/edicion\/25\/214\/El-lugar-de-la-familia-en-la-actualidad-Desanudamientos-y-reanudamientos<\/a><\/li>\n<li>Berenguer, E. \u00abReferencia comentada: \u00abFetichismo\u00bb, Sigmund Freud\u00bb en en\u00a0<i>Textos on line,\u00a0<\/i>en la p\u00e1gina web de la Nueva Escuela Lacaniana-M\u00e9xico\u00a0<a href=\"http:\/\/www.nel-mexico.org\/articulos\/seccion\/textosonline\/subseccion\/La-neurosis-obsesiva\/430\/Referencia-Comentada-Fetichismo-Sigmund-Freud-1927\" target=\"_blank\" rel=\"noopener\">http:\/\/www.nel-mexico.org\/articulos\/seccion\/textosonline\/subseccion\/La-neurosis-obsesiva\/430\/Referencia-Comentada-Fetichismo-Sigmund-Freud-1927<\/a><\/li>\n<li>Bolgiani, P. \u00abEl cuerpo expuesto, el cuerpo escondido\u00bb en\u00a0<i>Varit\u00e9, cuerpo de mujer, octubre 2012;\u00a0<\/i>publicaci\u00f3n virtual de la Nueva Escuela Lacaniana-M\u00e9xico\u00a0<a href=\"http:\/\/www.nel-mexico.org\/articulos\/seccion\/varite\/edicion\/Cuerpo-de-mujer\/619\/El-cuerpo-expuesto-el-cuerpo-escondido\" target=\"_blank\" rel=\"noopener\">http:\/\/www.nel-mexico.org\/articulos\/seccion\/varite\/edicion\/Cuerpo-de-mujer\/619\/El-cuerpo-expuesto-el-cuerpo-escondido<\/a><\/li>\n<li>Briole, G. \u00abLa Feminizacion del mundo.\u00bb\u00a0<i>Colecci\u00f3n Grulla N 11.\u00a0<\/i>Centro de Estudios Cl\u00ednicos (CIEC). Babel Edit. C\u00f3rdoba, Argentina. 2013.<\/li>\n<li>Brodsky, G. \u00abSexo y g\u00e9nero desde el psicoan\u00e1lisis\u00bb en\u00a0<i>La locura nuestra de cada d\u00eda<\/i>. Editorial Pomaire, Caracas, Venezuela. 2012.<\/li>\n<li>Brodsky, Graciela, \u00abLa cl\u00ednica femenina\u00bb, en:\u00a0<i>Cl\u00ednica de la sexuaci\u00f3n<\/i>, NEL-Bogot\u00e1, Bogot\u00e1, Colombia, 2004.<\/li>\n<li>Brousse, M. H. \u00abDe la religi\u00f3n, las mujeres y el psicoan\u00e1lisis\u00bb en\u00a0<i>Radar nro. 104,\u00a0<\/i>publicaci\u00f3n virtual de la Nueva Escuela Lacaniana-M\u00e9xico\u00a0<a href=\"http:\/\/www.nel-mexico.org\/articulos\/seccion\/radar\/edicion\/104\/696\/De-la-religion-las-mujeres-y-el-psicoanalisis\" target=\"_blank\" rel=\"noopener\">http:\/\/www.nel-mexico.org\/articulos\/seccion\/radar\/edicion\/104\/696\/De-la-religion-las-mujeres-y-el-psicoanalisis<\/a><\/li>\n<li>Burin, M. y Meler, I<i>\u00a0Varones.G\u00e9nero y subjetividad masculina.<\/i>\u00a0Librer\u00eda de mujeres editoras. Buenos Aires, Argentina.<\/li>\n<li>Butler, Judith,\u00a0<i>Deshacer el g\u00e9nero<\/i>, Ed. Paid\u00f3s Studio 167, Buenos Aires, Argentina, 2010.<\/li>\n<li>Butler, Judith,\u00a0<i>El g\u00e9nero en disputa<\/i>, Ed. Paid\u00f3s Studio 167, Buenos Aires, Argentina, 2010.<\/li>\n<li>Butler, Judith,\u00a0<i>Cuerpos que importan. Sobre los l\u00edmites materiales y discursivos del &#8216;sexo&#8217;<\/i>, Ed. Paid\u00f3s, Buenos Aires, Argentina, 2005.<\/li>\n<li>Chamorro, J. \u00abNosotros que nos quisimos tanto. Los resultados terap\u00e9uticos del psicoan\u00e1lisis. Nuevas formas de la transferencia\u00bb en\u00a0<i>Varit\u00e8, \u00bfProblemas de pareja?, mayo 2011,\u00a0<\/i>publicaci\u00f3n virtual de la Nueva Escuela Lacaniana- M\u00e9xico\u00a0<a href=\"http:\/\/www.nel-mexico.org\/articulos\/seccion\/varite\/edicion\/Problemas-de-pareja\/351\/Nosotros-que-nos-quisimos-tanto\" target=\"_blank\" rel=\"noopener\">http:\/\/www.nel-mexico.org\/articulos\/seccion\/varite\/edicion\/Problemas-de-pareja\/351\/Nosotros-que-nos-quisimos-tanto<\/a><\/li>\n<li>Citro, S.\u00a0<i>Cuerpos plurales. Antropolog\u00eda de y desde los cuerpos<\/i>. Ed. Biblos. Buenos Aires, Argentina.<\/li>\n<li>Coccoz, V. \u00abLas mujeres, el amor, el cuerpo\u00bb en\u00a0<i>Mujeres, una por una.<\/i>\u00a0Colecci\u00f3n ELP,Ed. Gredos. Madrid, Espa\u00f1a.<\/li>\n<li>Coccoz, V. \u00abVariantes del querer en la superficie del gusto\u00bb en\u00a0<i>Freudiana nro. 58.\u00a0<\/i>ELP, Barcelona, Espa\u00f1a. 2010.<\/li>\n<li>De Georges, P. \u00ab\u00bfApocalipsis? \u00a1No!\u00bb, en\u00a0<i>El orden simb\u00f3lico en el siglo XXI.<\/i>\u00a0Grama ediciones, Buenos Aires, Argentina. 2012<\/li>\n<li>Delgado, O. \u00abLa fuente pulsional de la misoginia en la cultura\u00bb, en\u00a0<i>Tiempos de urgencia,<\/i>\u00a0Sotelo I. (Comp.). JCE Ediciones. Buenos Aires, Argentina. 2005<\/li>\n<li>Dominique, M. \u00abEl a-todo femenino\u00bb, en\u00a0<i>El orden simb\u00f3lico en el siglo XXI.<\/i>\u00a0Grama ediciones, Buenos Aires, Argentina. 2012<\/li>\n<li>Duby, George, y Perrot, Michelle,\u00a0<i>Historia de las mujeres<\/i>\u00a0(5 vol\u00famenes), Ed. Taurus, Madrid, Espa\u00f1a, 2000.<\/li>\n<li>Esqu\u00e9, X. \u00abUna pol\u00edtica del s\u00edntoma\u00bb, en\u00a0<i>Radar,\u00a0<\/i>publicaci\u00f3n digital de la NEL-M\u00e9xico.\u00a0<a href=\"http:\/\/www.nel-mexico.org\/articulos\/seccion\/radar\/edicion\/75\/393\/Una-politica-del-sintoma\" target=\"_blank\" rel=\"noopener\">http:\/\/www.nel-mexico.org\/articulos\/seccion\/radar\/edicion\/75\/393\/Una-politica-del-sintoma<\/a><\/li>\n<li>Fausto-Sterling, A,\u00a0<i>Cuerpos sexuados. La pol\u00edtica de g\u00e9nero y la construcci\u00f3n de la sexualidad<\/i>. Melusina, Barcelona, Espa\u00f1a, 2006.<\/li>\n<li>Fleischer, D. \u00abFamilia y homosexualidad\u00bb en\u00a0<i>Intersecciones. Revista electr\u00f3nica de la Facultad de Psicolog\u00eda-U.B.A.\u00a0<\/i>A\u00f1o 2, nro. 2 Marzo 2012. Disponible en\u00a0<a href=\"http:\/\/intersecciones.psi.uba.ar\/index.php?option=com_content&amp;view=article&amp;id=42:transformaciones-familiares-con-relacion-a-la-homosexualidad&amp;catid=9:perspectivas&amp;Itemid=1\" target=\"_blank\" rel=\"noopener\">http:\/\/intersecciones.psi.uba.ar\/index.php?option=com_content&amp;view=article&amp;id=42:transformaciones-familiares-con-relacion-a-la-homosexualidad&amp;catid=9:perspectivas&amp;Itemid=1<\/a><\/li>\n<li>Freud, S. (1924), \u00abEl sepultamiento del complejo de Edipo\u00bb en:\u00a0<i>Obras completas<\/i>, t. XIX, Amorrortu, Buenos Aires, Argentina, 1990.<\/li>\n<li>Freud, S. (1925), \u00abAlgunas consecuencias ps\u00edquicas de la diferencia anat\u00f3mica entre los sexos\u00bb en:\u00a0<i>Obras completas<\/i>, t. XIX, Amorrortu, Buenos Aires, Argentina, 1990.<\/li>\n<li>Freud, S. (1933 [1932]), \u00abNuevas conferencias de introducci\u00f3n al psicoan\u00e1lisis\u00bb \u00ab33\u00aa conferencia. La feminidad\u00bb, en:\u00a0<i>Obras completas<\/i>, tomo XXII, Amorrortu, Buenos Aires, Argentina, 1998.<\/li>\n<li>Foucault, M.\u00a0<i>Los anormales (1974-75).<\/i>Ed. Fondo de Cultura Econ\u00f3mica. Buenos Aires, Argentina. 2007.<\/li>\n<li>Foucault, M.\u00a0<i>Historia de la sexualidad<\/i>\u00a0(1976), volumen 1 \u00abLa voluntad de saber\u00bb, Biblioteca Esc\u00e9ptica, Buenos Aires, Argentina, 2009.<\/li>\n<li>Godoy, C. \u00abHacer el amor como poes\u00eda\u00bb, Revista Registros, tomo Hombres. Bs As, Argentina 2012<\/li>\n<li>Goldemberg, Mario (comp.)\u00a0<i>De astucias y estragos femeninos.<\/i>\u00a0Ed. Grama. Buenos Aires, Argentina. 2008.<\/li>\n<li>Gorali, V. y otros.\u00a0<i>Intersexo. Una Cl\u00ednica de la ambig\u00fcedad sexual<\/i>. Grama Ediciones. Buenos Aires, Argentina.: 2007.<\/li>\n<li>Gorali, V. \u00abEl cuerpo, entre histeria y femineidad\u00bb en\u00a0<i>Textos on line, el cuerpo,\u00a0<\/i>en la p\u00e1gina web de la Nueva Escuela Lacaniana-M\u00e9xico\u00a0<a href=\"http:\/\/www.nel-mexico.org\/articulos\/seccion\/textosonline\/subseccion\/El-cuerpo\/345\/El-cuerpo-entre-histeria-y-femineidad\" target=\"_blank\" rel=\"noopener\">http:\/\/www.nel-mexico.org\/articulos\/seccion\/textosonline\/subseccion\/El-cuerpo\/345\/El-cuerpo-entre-histeria-y-femineidad<\/a><\/li>\n<li>Halperin, D.\u00a0<i>San Foucault, para una hagiograf\u00eda gay<\/i>. Ed. El cuenco de plata. Buenos Aires, Argentina. 2007.<\/li>\n<li>Heritier, F.\u00a0<i>Masculino\/Femenino. El pensamiento de la diferencia.\u00a0<\/i>Editorial Ariel. Barcelona. Espa\u00f1a. 1996<\/li>\n<li>Indart, J. C. \u00abEl estrago en la relaci\u00f3n madre-hija y en la relaci\u00f3n con un hombre\u00bb. Ed. Biblioteca de Psicoan\u00e1lisis de San Luis. San Luis, Argentina. 2000<\/li>\n<li>Julien, F.\u00a0<i>Cinco conceptos propuestos al psicoan\u00e1lisis<\/i>. Ed. El cuenco de plata. Buenos Aires, Argentina. 1013.<\/li>\n<li>Lacan, J. (1938) \u00abLos complejos familiares en la formaci\u00f3n del individuo\u00bb, en\u00a0<i>Otros escritos.\u00a0<\/i>Paid\u00f3s. Buenos Aires, Argentina. 2012.<\/li>\n<li>Lacan, J. (1958) \u00abIdeas directivas para un congreso sobre la sexualidad femenina\u00bb, en\u00a0<i>Escritos II<\/i>. Buenos Aires, Argentina.<\/li>\n<li>Lacan, J.\u00a0<i>El Seminario, libro 10<\/i>, clase XIV \u00abLa mujer m\u00e1s verdadera y m\u00e1s real\u00bb, clase XV \u00abUn asunto de macho\u00bb. Paid\u00f3s, Buenos Aires, Argentina.<\/li>\n<li>Lacan, J. (1965) \u00abHomenaje a Marguerite Duras, por el arrobamiento de Lol V. Stein\u00bb, en\u00a0<i>Otros escritos.\u00a0<\/i>Paid\u00f3s. Buenos Aires, Argentina. 2012.<\/li>\n<li>Laqueur, T.\u00a0<i>La construcci\u00f3n del sexo \u2013 Cuerpo y g\u00e9nero desde los griegos hasta Freud<\/i>. C\u00e1tedra, Madrid, Espa\u00f1a. 1994.<\/li>\n<li>Laurent, Eric,\u00a0<i>Posiciones femeninas del ser<\/i>, Tres Haches, Buenos Aires, Argentina, 1999.<\/li>\n<li>Laurent, E. \u00abButler y Gender\u00bb, en\u00a0<i>El goce sin rostro.\u00a0<\/i>Ed. Tres Haches, Buenos Aires, Argentina. 2010. Entrevista para Hurly Burly en la que hace una lectura de las teor\u00edas de g\u00e9nero.<\/li>\n<li>Laurent, Eric, \u00abUna disparidad en el amor\u00bb,\u00a0<i>Virtualia 2<\/i>, Buenos Aires, Argentina, 2001 www.virtualia.eol.org.ar\/002\/notas\/index-002.html<\/li>\n<li>Le Breton, D.\u00a0<i>La sociolog\u00eda del cuerpo<\/i>. Ed. Nueva Visi\u00f3n. Buenos Aires, Argentina. 1992.<\/li>\n<li>Le Breton, D.<i>\u00a0Antropolog\u00eda del cuerpo y modernidad<\/i>. Ed. Nueva Visi\u00f3n. Buenos Aires, Argentina. 1990.<\/li>\n<li>Levinas, E.\u00a0<i>Totalidad e infinito. Ensayo sobre la exterioridad<\/i>. Ed. S\u00edgueme. Salamanca, Espa\u00f1a. 2002.<\/li>\n<li>Loraux, N.\u00a0<i>Las experiencias de Tiresias, lo femenino y el hombre griego.<\/i>\u00a0Ed. Biblos. Buenos Aires, Argentina.<\/li>\n<li>Mauas, L. \u00abUn desorden creciente en la sexuaci\u00f3n\u00bb.\u00a0<i>Lacan Cotidiano nro. 245<\/i>.\u00a0<a href=\"http:\/\/www.lacanquotidien.fr\/\" target=\"_blank\" rel=\"noopener\">www.lacanquotidien.fr<\/a>\u00a02012.\u00a0<a href=\"https:\/\/dl.dropbox.com\/u\/36606690\/LC%2024%205%5B1%5D.pdf\" target=\"_blank\" rel=\"noopener\">https:\/\/dl.dropbox.com\/u\/36606690\/LC%2024 5%5B1%5D.pdf<\/a><\/li>\n<li>Miller, Jacques-Alain, \u00abEl tab\u00fa de un goce\u00bb en\u00a0<i>Los divinos detalles<\/i>, Paid\u00f3s, Buenos Aires, 2010.<\/li>\n<li>Miller, J. A. \u00abLas mujeres y el Otro\u00bb Cap. IV, \u00abLo real y el sentido\u00bb Cap. V de\u00a0<i>El Otro que no existe y sus comit\u00e9s de \u00e9tica.\u00a0<\/i>Paid\u00f3s. Buenos Aires, Argentina. 2005<\/li>\n<li>Miller, J.-A. \u00abEl partenaire-s\u00edntoma, medio de goce\u00bb (Cap. XVIII), \u00abUna repartici\u00f3n sexual\u00bb (Cap. XIV) en\u00a0<i>El Partenaire-S\u00edntoma.\u00a0<\/i>Paid\u00f3s, Buenos Aires, Argentina.<\/li>\n<li>Miller, J. A. \u00abEl sofisma de Lol V. Stein\u00bb (Cap. XIX), \u00abAngustia y tiempo\u00bb (Cap. XX), \u00abLa angustia como condici\u00f3n del acto\u00bb (XXI), \u00abEl instante eterno de Lol\u00bb (Cap. XXII) en\u00a0<i>Los usos del lapso.\u00a0<\/i>Paid\u00f3s, Buenos Aires, Argentina.<\/li>\n<li>Millot, C. (1984).\u00a0<i>Exsexo, ensayo sobre el transexualismo<\/i>. Cat\u00e1logos, Buenos Aires, Argentina. 1984.<\/li>\n<li>Morel, G.\u00a0<i>Ambig\u00fcedades sexuales \u2013 sexuaci\u00f3n y psicosis<\/i>. Manantial, Buenos Aires, Argentina. 2002.<\/li>\n<li>Musachi, G. \u00ab\u00daltimos en llegar\u00bb, en\u00a0<i>El orden simb\u00f3lico en el siglo XXI.<\/i>\u00a0Grama ediciones, Buenos Aires, Argentina. 2012<\/li>\n<li>Musachi, G,\u00a0<i>El otro cuerpo del amor. El oriente de Freud y de Lacan<\/i>, Paid\u00f3s, Buenos Aires, 2010.<\/li>\n<li>Musachi, Graciela,\u00a0<i>Mujeres en movimiento. Er\u00f3ticas de un siglo a otro<\/i>, FCE, Buenos Aires, 2001.<\/li>\n<li>Nancy, J.L. 58 indicios sobre el cuerpo, Extensi\u00f3n del alma. Ed. La cebra. Buenos Aires, Argentina. 2007.<\/li>\n<li>Negri, M. I. \u00abG\u00e9nero y sexuaci\u00f3n\u00bb,\u00a0<i>Revista Enlaces\u00a0<\/i>N\u00famero 12, Gramma Ediciones, Buenos Aires, Argentina, 2008.<\/li>\n<li>Ons, S. \u00abEl cuerpo en la hipermodernidad\u00bb\u00a0<i>Comunismo sexual,<\/i>\u00a0Paid\u00f3s, Buenos Aires, 2012<\/li>\n<li>Ovidio. Las metamorfosis. Ed. Losada. Buenos Aires, Argentina.<\/li>\n<li>Russell, D. y Radford, J.\u00a0<i>Feminicide<\/i>, Twayne Publishers. New York, U.S.A. 1992<\/li>\n<li>Steiner, G.\u00a0<i>Nostalgia del absoluto<\/i>. Ed. Siruela. Madrid, Espa\u00f1a. 2011.<\/li>\n<li>Serres, M.\u00a0<i>Variaciones sobre el cuerpo<\/i>, Ed. Fondo de Cultura Econ\u00f3mica. M\u00e9xico.<\/li>\n<li>Sabsay, L.\u00a0<i>Fronteras Sexuales, Espacio urbano, cuerpos y ciudadan\u00eda.<\/i>\u00a0Paid\u00f3s. Buenos Aires, Argentina.<\/li>\n<li>Sinatra, E. \u00abLas variaciones del g\u00e9nero\u00bb en\u00a0<i>Mediodicho\u00a0<\/i>Nro. 38. Lazos Sexuales. Publicaci\u00f3n de la Escuela de la Orientaci\u00f3n Lacaniana Secci\u00f3n C\u00f3rdoba. C\u00f3rdoba, Argentina. 2012<\/li>\n<li>Solimano, M. L. \u00abAlgunas mujeres y no, no importa cuales\u00bb en\u00a0<i>Virtualia. Revista digital de la E.O.L.\u00a0<\/i>A\u00f1o 10, nro 22. Disponible en\u00a0<a href=\"http:\/\/virtualia.eol.org.ar\/022\/template.asp?La-diferencia-sexual-en-la-experiencia-analitica\/Algunas-mujeres-y-no-no-importa-cuales.html\" target=\"_blank\" rel=\"noopener\">http:\/\/virtualia.eol.org.ar\/022\/template.asp?La-diferencia-sexual-en-la-experiencia-analitica\/Algunas-mujeres-y-no-no-importa-cuales.html<\/a><\/li>\n<li>Tendlarz , S. E. \u00abEl masoquismo femenino y los estragos del amor\u00bb en\u00a0<i>Varit\u00e9, cuerpo de mujer, octubre 2012,\u00a0<\/i>publicaci\u00f3n virtual de la Nueva Escuela Lacaniana-M\u00e9xico\u00a0<a href=\"http:\/\/www.nel-mexico.org\/articulos\/seccion\/varite\/edicion\/Cuerpo-de-mujer\/620\/El-masoquismo-femenino-y-los-estragos-del-amor\" target=\"_blank\" rel=\"noopener\">http:\/\/www.nel-mexico.org\/articulos\/seccion\/varite\/edicion\/Cuerpo-de-mujer\/620\/El-masoquismo-femenino-y-los-estragos-del-amor<\/a><\/li>\n<li>Tkach, M. L. \u00abArtenga!\u00bb, en\u00a0<i>El orden simb\u00f3lico en el siglo XXI.<\/i>\u00a0Grama ediciones, Buenos Aires, Argentina. 2012<\/li>\n<li>Torres, M. \u00abLa familia y el malentendido particular: madre sola y nuevas virilidades\u00bb en\u00a0<i>Radar nro. 19,\u00a0<\/i>publicaci\u00f3n digital de la Nueva Escuela Lacaniana-M\u00e9xico.\u00a0<a href=\"http:\/\/www.nel-mexico.org\/articulos\/seccion\/radar\/edicion\/25\/215\/La-familia-y-el-malentendido-particular-Madre-sola-y-nuevas-virilidades\" target=\"_blank\" rel=\"noopener\">http:\/\/www.nel-mexico.org\/articulos\/seccion\/radar\/edicion\/25\/215\/La-familia-y-el-malentendido-particular-Madre-sola-y-nuevas-virilidades<\/a><\/li>\n<li>Torres, M. \u00abCuando el objeto hace pareja\u00bb, en\u00a0<i>Revista Enlaces<\/i>, A\u00f1o 12 N\u00famero 15, Grama Ediciones, Buenos Aires, Argentina. Abril 2010.<\/li>\n<li>Torres, M\u00f3nica y otros (comp.),\u00a0<i>Uniones del mismo sexo. Diferencia, invenci\u00f3n y sexuaci\u00f3n<\/i>, Grama, Buenos Aires, 2010.<\/li>\n<li>Torres, M et al<b>\u00a0<\/b><i>Uniones del mismo sexo: Diferencia, invenci\u00f3n y<\/i><\/li>\n<li><i>Sexuaci\u00f3n.\u00a0<\/i>Grama. Buenos Aires, Argentina. 2010<\/li>\n<li>Trobas, G. \u00abDepresi\u00f3n..De la represi\u00f3n y s\u00edntomas modernos\u00bb, en\u00a0<i>Radar,\u00a0<\/i>publicaci\u00f3n digital de la NEL-M\u00e9xico.<br \/>\n<a href=\"http:\/\/www.nel-mexico.org\/articulos\/seccion\/radar\/edicion\/15\/240\/Depresion...-De-la-represion-y-sintomas-modernos-primera-parte\" target=\"_blank\" rel=\"noopener\">http:\/\/www.nel-mexico.org\/articulos\/seccion\/radar\/edicion\/15\/240\/Depresion&#8230;-De-la-represion-y-sintomas-modernos-primera-parte<\/a><a href=\"http:\/\/www.nel-mexico.org\/articulos\/seccion\/radar\/edicion\/15\/237\/Depresion...-De-la-represion-y-sintomas-modernos-segunda-parte\" target=\"_blank\" rel=\"noopener\"><br \/>\nhttp:\/\/www.nel-mexico.org\/articulos\/seccion\/radar\/edicion\/15\/237\/Depresion&#8230;-De-la-represion-y-sintomas-modernos-segunda-parte<\/a><a href=\"http:\/\/www.nel-mexico.org\/articulos\/seccion\/radar\/edicion\/15\/233\/Depresion...-De-la-represion-y-sintomas-modernos-tercera-parte\" target=\"_blank\" rel=\"noopener\"><br \/>\nhttp:\/\/www.nel-mexico.org\/articulos\/seccion\/radar\/edicion\/15\/233\/Depresion&#8230;-De-la-represion-y-sintomas-modernos-tercera-parte<\/a><\/li>\n<li>Ventura, O. \u00abHacer del goce femenino un bien com\u00fan\u00bb, en\u00a0<i>Freudiana\u00a0<\/i>No.48 (Sep-Dic.2006), p. 65-72. ELP. Catalunya, Espa\u00f1a.<\/li>\n<li>Willington, A. \u00abFeminizacion del mundo: conversaciones discursivas\u00bb en\u00a0<i>Revista Contingencia. Los acontecimientos de nuestro tiempo N 2.\u00a0<\/i>Departamento de Psicoan\u00e1lisis y Pol\u00edtica &#8211; Centro de Estudios Cl\u00ednicos (CIEC). Babel Edit. C\u00f3rdoba, Argentina. 2012.<\/li>\n<li>Woolf, V.\u00a0<i>Orlando, una biograf\u00eda.\u00a0<\/i>Editorial Diario El Pa\u00eds. Madrid, Espa\u00f1a. 2002<\/li>\n<li>Zack, O. \u00abLa virilidad cuestionada\u00bb, en\u00a0<i>Virtualia. Revista digital de la E.O.L.\u00a0<\/i>A\u00f1o 10, nro. 23. Noviembre 2011. Disponible en\u00a0<a href=\"http:\/\/virtualia.eol.org.ar\/023\/template.asp?El-Orden-simbolico-en-el-siglo-XXI\/La-virilidad-cuestionada.html\" target=\"_blank\" rel=\"noopener\">http:\/\/virtualia.eol.org.ar\/023\/template.asp?El-Orden-simbolico-en-el-siglo-XXI\/La-virilidad-cuestionada.html<\/a><\/li>\n<li>Zavala, Iris,\u00a0<i>Feminismos, cuerpos, escrituras<\/i>\u00a0(partes 1 y 2). La P\u00e1gina ediciones. Espa\u00f1a. 2000<\/li>\n<\/ul>\n<\/div><\/div><\/div><\/div><\/div>\n","protected":false},"excerpt":{"rendered":"","protected":false},"author":1,"featured_media":0,"parent":100,"menu_order":4,"comment_status":"closed","ping_status":"closed","template":"","meta":{"_monsterinsights_skip_tracking":false,"_monsterinsights_sitenote_active":false,"_monsterinsights_sitenote_note":"","_monsterinsights_sitenote_category":0,"footnotes":""},"_links":{"self":[{"href":"https:\/\/enapol.com\/vi\/wp-json\/wp\/v2\/pages\/1370"}],"collection":[{"href":"https:\/\/enapol.com\/vi\/wp-json\/wp\/v2\/pages"}],"about":[{"href":"https:\/\/enapol.com\/vi\/wp-json\/wp\/v2\/types\/page"}],"author":[{"embeddable":true,"href":"https:\/\/enapol.com\/vi\/wp-json\/wp\/v2\/users\/1"}],"replies":[{"embeddable":true,"href":"https:\/\/enapol.com\/vi\/wp-json\/wp\/v2\/comments?post=1370"}],"version-history":[{"count":2,"href":"https:\/\/enapol.com\/vi\/wp-json\/wp\/v2\/pages\/1370\/revisions"}],"predecessor-version":[{"id":1400,"href":"https:\/\/enapol.com\/vi\/wp-json\/wp\/v2\/pages\/1370\/revisions\/1400"}],"up":[{"embeddable":true,"href":"https:\/\/enapol.com\/vi\/wp-json\/wp\/v2\/pages\/100"}],"wp:attachment":[{"href":"https:\/\/enapol.com\/vi\/wp-json\/wp\/v2\/media?parent=1370"}],"curies":[{"name":"wp","href":"https:\/\/api.w.org\/{rel}","templated":true}]}}