{"id":1373,"date":"2021-08-19T02:26:21","date_gmt":"2021-08-19T05:26:21","guid":{"rendered":"http:\/\/x-enapol.org\/vi\/?page_id=1373"},"modified":"2021-08-19T02:43:30","modified_gmt":"2021-08-19T05:43:30","slug":"a-diferenca-dos-sexos-no-mundo-da-igualdade-e-da-diversidade-dos-sexos","status":"publish","type":"page","link":"https:\/\/enapol.com\/vi\/pt\/bibliografia-2\/a-diferenca-dos-sexos-no-mundo-da-igualdade-e-da-diversidade-dos-sexos\/","title":{"rendered":"A diferen\u00e7a dos sexos no mundo da igualdade e da diversidade dos sexos"},"content":{"rendered":"<div class=\"fusion-fullwidth fullwidth-box fusion-builder-row-1 fusion-flex-container nonhundred-percent-fullwidth non-hundred-percent-height-scrolling\" style=\"--awb-border-radius-top-left:0px;--awb-border-radius-top-right:0px;--awb-border-radius-bottom-right:0px;--awb-border-radius-bottom-left:0px;--awb-flex-wrap:wrap;\" ><div class=\"fusion-builder-row fusion-row fusion-flex-align-items-flex-start fusion-flex-content-wrap\" style=\"max-width:1352px;margin-left: calc(-4% \/ 2 );margin-right: calc(-4% \/ 2 );\"><div class=\"fusion-layout-column fusion_builder_column fusion-builder-column-0 fusion_builder_column_1_1 1_1 fusion-flex-column\" style=\"--awb-bg-size:cover;--awb-width-large:100%;--awb-margin-top-large:0px;--awb-spacing-right-large:1.92%;--awb-margin-bottom-large:20px;--awb-spacing-left-large:1.92%;--awb-width-medium:100%;--awb-order-medium:0;--awb-spacing-right-medium:1.92%;--awb-spacing-left-medium:1.92%;--awb-width-small:100%;--awb-order-small:0;--awb-spacing-right-small:1.92%;--awb-spacing-left-small:1.92%;\"><div class=\"fusion-column-wrapper fusion-column-has-shadow fusion-flex-justify-content-flex-start fusion-content-layout-column\"><div class=\"fusion-text fusion-text-1\"><ul>\n<li>AA.VV. Colof\u00f3n 22, Bolet\u00edn de la Federaci\u00f3n Internacional del Campo freudiano,\u00a0<i>Cl\u00ednica de la sexuaci\u00f3n y (no) cl\u00ednica del g\u00e9nero,\u00a0<\/i>Granada. Noviembre de 2002.<\/li>\n<li>ALVARENGA, E. \u00abProtesto feminino ou aspira\u00e7\u00e3o \u00e0 feminilidade\u00bb, em\u00a0<i>O feminino que acontece no corpo: a pr\u00e1tica da psican\u00e1lise nos confins do simb\u00f3lico<\/i>, CALDAS, H.; MURTA, A.; MURTA, C., (Orgs), Belo Horizonte, Scriptum, 2012, pp 257-265.<\/li>\n<li>ANTELO, M. \u00abCorpo a corpo com Medusa\u00bb, em\u00a0<i>Mulheres de hoje. Figuras do feminino no discurso anal\u00edtico.\u00a0<\/i>ANTELO, M. (Org.), Rio de Janeiro, KBR, 2012, pp. 177-184.<\/li>\n<li>ANTELO, Marcela. \u00abKryptonita: teu nome \u00e9 mulher\u00bb.\u00a0<i>Op\u00e7\u00e3o Lacaniana,\u00a0<\/i>n.31, S\u00e3oPaulo: Edi\u00e7\u00f5es Eolia, pp. 60-63, setembro 2001.<\/li>\n<li>BENETI, A. \u00abQual \u00e9 o seu sexo?\u00bb, em\u00a0<i>Op\u00e7\u00e3o Lacaniana,\u00a0<\/i>n. 65, pp. 77-81, S\u00e3o Paulo, Edi\u00e7\u00f5es Eolia, abril 2013.<\/li>\n<li>BROUSSE, M. H. \u00abO amor no tempo do &#8216;todo mundo dorme com todo mundo&#8217; &#8211; o saber de Christophe Honor\u00e9\u00bb, em\u00a0<i>Mulheres de hoje. Figuras do feminino no discurso anal\u00edtico.\u00a0<\/i>ANTELO, M. (Org.), Rio de Janeiro, KBR, 2012, pp. 195-202.<\/li>\n<li>CAMPOS, S. \u00abLoucura masculina diante do\u00a0<i>n\u00e3otodo\u00a0<\/i>da mulher\u00bb, em\u00a0<i>Op\u00e7\u00e3o Lacaniana,<\/i>n. 61, pp. 91-96, S\u00e3o Paulo, Edi\u00e7\u00f5es Eolia, novembro 2011.<\/li>\n<li>CHIRIACO, S. \u00abRetorno no real\u00bb, em\u00a0<i>Op\u00e7\u00e3o Lacaniana,\u00a0<\/i>n. 64, pp. 91-95, S\u00e3o Paulo,Edi\u00e7\u00f5es Eolia, dezembro 2012.<\/li>\n<li>COCCOZ, V. \u00abOs encantos da impot\u00eancia\u00bb, em\u00a0<i>Mulheres de hoje. Figuras do feminino no discurso anal\u00edtico.\u00a0<\/i>ANTELO, M. (Org.), Rio de Janeiro, KBR, 2012, pp. 239-245.<\/li>\n<li>CONTURIER, S. &amp; ROUG\u00c9, J. \u00abUma mulher sem marcas\u00bb, em\u00a0<i>Op\u00e7\u00e3o Lacaniana<\/i>, n.26\/27, pp. 84-86, S\u00e3o Paulo, Edi\u00e7\u00f5es Eolia, abril 2000.<\/li>\n<li>DRUMMOND, C. \u00abQuero ser uma menina &#8211; uma aplica\u00e7\u00e3o da psican\u00e1lise\u00bb, em\u00a0<i>Op\u00e7\u00e3o Lacaniana<\/i>, n. 34, pp. 42-46, S\u00e3o Paulo, Edi\u00e7\u00f5es Eolia, outubro 2002.<\/li>\n<li>DUBY, G. y PERROT, M,\u00a0<i>Historia das mulheres.\u00a0<\/i>(5 volumes), Ed. Afrontamento. S\u00e3o Paulo, 1991.<\/li>\n<li>FREUD, S. (1924). \u00abA dissolu\u00e7\u00e3o do Complexo de \u00c9dipo\u00bb\u00a0<i>In: Edi\u00e7\u00e3o Standard das obras psicol\u00f3gicas completas de Sigmund Freud<\/i>. Vol XIX. Rio de Janeiro: Imago Editora, 1980.<\/li>\n<li>FREUD, S. (1924). \u00abAlgumas consequ\u00eancias ps\u00edquicas da distin\u00e7\u00e3o anat\u00f4mica entre os sexos.\u00bb\u00a0<i>In: Edi\u00e7\u00e3o Standard das obras psicol\u00f3gicas completas de Sigmund Freud<\/i>. Vol XIX. Rio de Janeiro: Imago Editora, 1980.<\/li>\n<li>FREUD, S. (1924). \u00abNovas confer\u00eancias introdut\u00f3rias sobre psican\u00e1lise. A feminilidade \u2013 conferencia XXXIII\u00bb. In:\u00a0<i>Edi\u00e7\u00e3o Standard das obras psicol\u00f3gicas completas de Sigmund Freud.<\/i>\u00a0Vol XXII. Rio de Janeiro: Imago Editora, 1980.<\/li>\n<li>FOUCAULT, M<i>. \u00ab<\/i>A vontade de saber<i>\u00ab. In: Historia da sexualidade,\u00a0<\/i>Volume 01. Graal Editora. Rio de Janeiro: 1985.<\/li>\n<li>FUENTES, M. \u00abHomossexualidade em debate\u00bb em\u00a0<i>As mulheres e seus nomes: Lacan e o feminino,\u00a0<\/i>Belo Horizonte, Scriptum, 2012, pp. 211-212.<\/li>\n<li>HARARI, A. \u00abO que h\u00e1 de feminino na mulher\u00bb, em\u00a0<i>Op\u00e7\u00e3o Lacaniana,\u00a0<\/i>n<i>. 65,\u00a0<\/i>pp. 47-50, S\u00e3o Paulo, Edi\u00e7\u00f5es Eolia, abril 2013.<\/li>\n<li>HOLCK, A. L. L. \u00abO feminino e o espa\u00e7o sexual\u00bb em\u00a0<i>Patu. A mulher abismada,\u00a0<\/i>Rio de Janeiro, Subversos, 2008, pp. 62-74.<\/li>\n<li>HORNE, B. \u00abMasoquismo masculino\u00bb, em\u00a0<i>Op\u00e7\u00e3o Lacaniana,\u00a0<\/i>n.11, pp. 63-64, S\u00e3o Paulo, Edi\u00e7\u00f5es Eolia, novembro 1994.<\/li>\n<li>LACAD\u00c9E, P. \u00abDevasta\u00e7\u00f5es e realidade: a palavra sintoma ou rem\u00e9dio\u00bb,\u00a0<i>Op\u00e7\u00e3o Lacaniana,\u00a0<\/i>n.16, pp. 77-79, S\u00e3o Paulo, Edi\u00e7\u00f5es Eolia, agosto 1996.<\/li>\n<li>LACAN, J. (1938) \u00abLos complejos familiares en la formaci\u00f3n del individuo\u00bb, en\u00a0<i>Otros escritos.\u00a0<\/i>Paid\u00f3s. Buenos Aires, Argentina. 2012.<\/li>\n<li>LACAN, J.\u00a0<i>O seminario, livro 10. A Ang\u00fastia<\/i>. Aula XIV \u00abA mulher, mais verdadeira e mais real\u00bb, aula XV \u00abCoisa de macho\u00bb. Rio de Janeiro: Jorge Zahar Editor, 2005.<\/li>\n<li>LACAN, J. (1965) \u00abHomenaje a Marguerite Duras, por el arrobamiento de Lol V. Stein\u00bb, en\u00a0<i>Otros escritos.\u00a0<\/i>Paid\u00f3s. Buenos Aires, Argentina. 2012.<\/li>\n<li>LAIA, S. \u00abA pegada masculina do gozo na escala invertida da lei do desejo\u00bb, em\u00a0<i>Op\u00e7\u00e3o Lacaniana, 65,\u00a0<\/i>pp. 83-87, S\u00e3o Paulo, Edi\u00e7\u00f5es Eolia, abril 2013.<\/li>\n<li>MAUAS, L. \u00abUma desordem crescente da sexua\u00e7\u00e3o\u00bb. Vers\u00e3o on-line em\u00a0<a href=\"http:\/\/ebp-spblogspot.com.br\/2012\/11\/uma-desordem-crescente-da-sexua%C3%A7%C3%A3o.html\" target=\"_blank\" rel=\"noopener\">http:\/\/ebp-spblogspot.com.br\/2012\/11\/uma-desordem-crescente-da-sexua\u00e7\u00e3o.html<\/a><\/li>\n<li>MANDIL, R. \u00abO masculino diante do fogo\u00bb, em\u00a0<i>Op\u00e7\u00e3o Lacaniana<\/i>, n.18, pp. 33-36, S\u00e3o Paulo, Edi\u00e7\u00f5es Eolia, abril 1997.<\/li>\n<li>REYMUNDO, O. \u00abNovas fam\u00edlias, novas implica\u00e7\u00f5es \u00e9ticas\u00bb, em\u00a0<i>Op\u00e7\u00e3o Lacaniana<\/i>, n.31, pp. 75-78, S\u00e3o Paulo, Edi\u00e7\u00f5es Eolia, setembro 2001.<\/li>\n<li>RUSSELL, D y RADFORD, J\u00a0<i>Feminicide<\/i>, Twayne Publishers. New York, U.S.A. 1992<\/li>\n<li>SIMONETTI, A. \u00abAcontecimento de Corpo\u00bb, em\u00a0<i>Silicet: os objetos a na experi\u00eancia psicanal\u00edtica.\u00a0<\/i>Textos preparat\u00f3rios para o VI Congresso da Associa\u00e7\u00e3o Mundial de Psican\u00e1lise, Rio de Janeiro, Contra Capa, 2008, pp.13-15.<\/li>\n<li>TENDLARZ, S. H. \u00abUm jovem travesti\u00bb, em\u00a0<i>Op\u00e7\u00e3o Lacaniana,\u00a0<\/i>n.11, pp. 60-62, S\u00e3o Paulo, Edi\u00e7\u00f5es Eolia, novembro 1994.<\/li>\n<li>TKATCH, M. L. \u00abArtenga!\u00bb, en\u00a0<i>El orden simb\u00f3lico en el siglo XXI.<\/i>\u00a0Grama ediciones, Buenos Aires, Argentina. 2012<\/li>\n<li>VIEIRA, M. A. \u00abMulher: figura imposs\u00edvel (ou no litoral)\u00bb, em\u00a0<i>Op\u00e7\u00e3o Lacaniana,\u00a0<\/i>n. 65, pp. 69-72, S\u00e3o Paulo, Edi\u00e7\u00f5es Eolia, abril 2013.<\/li>\n<li>VIEIRA, M. A. \u00abA partilha dos sexos\u00bb, em\u00a0<i>A \u00c9tica da Paix\u00e3o,\u00a0<\/i>Rio de Janeiro, Jorge Zahar Editor, 2001, pp 208-210.<\/li>\n<\/ul>\n<\/div><\/div><\/div><\/div><\/div>\n","protected":false},"excerpt":{"rendered":"","protected":false},"author":1,"featured_media":0,"parent":102,"menu_order":4,"comment_status":"closed","ping_status":"closed","template":"","meta":{"_monsterinsights_skip_tracking":false,"_monsterinsights_sitenote_active":false,"_monsterinsights_sitenote_note":"","_monsterinsights_sitenote_category":0,"footnotes":""},"_links":{"self":[{"href":"https:\/\/enapol.com\/vi\/wp-json\/wp\/v2\/pages\/1373"}],"collection":[{"href":"https:\/\/enapol.com\/vi\/wp-json\/wp\/v2\/pages"}],"about":[{"href":"https:\/\/enapol.com\/vi\/wp-json\/wp\/v2\/types\/page"}],"author":[{"embeddable":true,"href":"https:\/\/enapol.com\/vi\/wp-json\/wp\/v2\/users\/1"}],"replies":[{"embeddable":true,"href":"https:\/\/enapol.com\/vi\/wp-json\/wp\/v2\/comments?post=1373"}],"version-history":[{"count":2,"href":"https:\/\/enapol.com\/vi\/wp-json\/wp\/v2\/pages\/1373\/revisions"}],"predecessor-version":[{"id":1401,"href":"https:\/\/enapol.com\/vi\/wp-json\/wp\/v2\/pages\/1373\/revisions\/1401"}],"up":[{"embeddable":true,"href":"https:\/\/enapol.com\/vi\/wp-json\/wp\/v2\/pages\/102"}],"wp:attachment":[{"href":"https:\/\/enapol.com\/vi\/wp-json\/wp\/v2\/media?parent=1373"}],"curies":[{"name":"wp","href":"https:\/\/api.w.org\/{rel}","templated":true}]}}