{"id":1376,"date":"2021-08-19T02:27:03","date_gmt":"2021-08-19T05:27:03","guid":{"rendered":"http:\/\/x-enapol.org\/vi\/?page_id=1376"},"modified":"2021-08-19T02:44:52","modified_gmt":"2021-08-19T05:44:52","slug":"la-infancia-hoy-los-autistas-los-cuerpos-y-mas-alla","status":"publish","type":"page","link":"https:\/\/enapol.com\/vi\/bibliografia\/la-infancia-hoy-los-autistas-los-cuerpos-y-mas-alla\/","title":{"rendered":"La infancia hoy, los autistas, los cuerpos y m\u00e1s all\u00e1"},"content":{"rendered":"<div class=\"fusion-fullwidth fullwidth-box fusion-builder-row-1 fusion-flex-container nonhundred-percent-fullwidth non-hundred-percent-height-scrolling\" style=\"--awb-border-radius-top-left:0px;--awb-border-radius-top-right:0px;--awb-border-radius-bottom-right:0px;--awb-border-radius-bottom-left:0px;--awb-flex-wrap:wrap;\" ><div class=\"fusion-builder-row fusion-row fusion-flex-align-items-flex-start fusion-flex-content-wrap\" style=\"max-width:1352px;margin-left: calc(-4% \/ 2 );margin-right: calc(-4% \/ 2 );\"><div class=\"fusion-layout-column fusion_builder_column fusion-builder-column-0 fusion_builder_column_1_1 1_1 fusion-flex-column\" style=\"--awb-bg-size:cover;--awb-width-large:100%;--awb-margin-top-large:0px;--awb-spacing-right-large:1.92%;--awb-margin-bottom-large:20px;--awb-spacing-left-large:1.92%;--awb-width-medium:100%;--awb-order-medium:0;--awb-spacing-right-medium:1.92%;--awb-spacing-left-medium:1.92%;--awb-width-small:100%;--awb-order-small:0;--awb-spacing-right-small:1.92%;--awb-spacing-left-small:1.92%;\"><div class=\"fusion-column-wrapper fusion-column-has-shadow fusion-flex-justify-content-flex-start fusion-content-layout-column\"><div class=\"fusion-text fusion-text-1\"><ul>\n<li>Alvarez, P. Tendlarz, S.\u00a0<i>\u00bfQu\u00e9 es el autismo?.\u00a0<\/i>Ed. Diva. Buenos Aires, Argentina. 2013.<\/li>\n<li>Alvarez, P. \u00abLos sue\u00f1os y la sexuaci\u00f3n en la pubertad\u00bb, en\u00a0<i>Brisas Cl\u00ednicas, sue\u00f1o y final de an\u00e1lisis.\u00a0<\/i>Grama. Buenos Aires, Argentina. 2013.<\/li>\n<li>Baio, V, \u00abComo un S2 va al encuentro del S1. Notario del ni\u00f1o autista\u00bb en\u00a0<i>Carretel n\u00famero 1.<\/i>\u00a01998.<\/li>\n<li>B\u00e9raud-Bogino, A. \u00abRitalina y suicidio en Quebec\u00bb en<i>\u00a0DDA, ADD, ADHD como ustedes quieran: el mal real y la construcci\u00f3n social<\/i>. Grama ediciones, Buenos Aires, Argentina. 2006.<\/li>\n<li>Birger Sellin, \u00abQuiero dejar de ser un dentro de m\u00ed. Mensajes desde una c\u00e1rcel autista\u00bb. Galaxia Gutenberg C\u00edrculo de Lectores.(Testimonio). Barcelona, Espa\u00f1a.<\/li>\n<li>Cazanave, L. \u00abS\u00edntomas y suplencias en la psicosis en la infancia\u00bb, en\u00a0<i>Litura<\/i>\u00a0No.1(Nov. 2009). La Plata, Argentina.<\/li>\n<li>Coccoz, V, \u00abHacia una topolog\u00eda de la subjetividad\u00bb en\u00a0<i>Carretel 3,\u00a0<\/i>Revista de la Diagonal Hispanohablante. Nueva Red Cereda.<\/li>\n<li>Cordi\u00e9, A, Un ni\u00f1o psic\u00f3tico. Nueva Visi\u00f3n. Buenos Aires, Argentina: 1994<\/li>\n<li>Chamorro, J. \u00abComentario sobre el caso del ni\u00f1o de la trenza\u00bb, en\u00a0<i>Ecos y matices.\u00a0<\/i>Grama. Buenos Aires, Argentina. 2005.<\/li>\n<li>De Greef, D. \u00abEl arrorr\u00f3 qu\u00edmico de la globalizaci\u00f3n\u00bb en<i>\u00a0DDA, ADD, ADHD como ustedes quieran: el mal real y la construcci\u00f3n social<\/i>. Grama ediciones, Buenos Aires, Argentina. 2006.<\/li>\n<li>Di Ciaccia, A. \u00abAlgunas notas sobre la psicosis en el ni\u00f1o en la ense\u00f1anza de Lacan\u00bb en\u00a0<i>Cl\u00ednica diferencial de las psicosis.<\/i>\u00a0Ed. Manantial, Buenos Aires, Argentina. 1988.<\/li>\n<li>Eldar, S. \u00abLos Lefort\u00bb, en\u00a0<i>Freudiana\u00a0<\/i>No. 50 (May-Agost 2007), p. 93-99. ELP. Catalunya, Espa\u00f1a.<\/li>\n<li>Egge, M, El tratamiento del ni\u00f1o autista. Gredos. Barcelona, Espa\u00f1a: 2008.<\/li>\n<li>Errecondo, M. \u00abUn Cuerpo que se goza m\u00e1s all\u00e1 del principio del Placer\u00bb, en\u00a0<i>Revista Lacaniana de Psicoan\u00e1lisis<\/i>,No.12 (Abr. 2012), p.165-167. Grama. Buenos Aires, Argentina.<\/li>\n<li>Estrella, N. \u00abEl cuerpo en el s\u00edntoma del ni\u00f1o\u00bb, en\u00a0<i>Freudiana\u00a0<\/i>No. 20 (1997), 61 \u2013 64. EEP. Barcelona, Espa\u00f1a.<\/li>\n<li>Freud, S. (1909), \u00abAn\u00e1lisis de la fobia de un ni\u00f1o de cinco a\u00f1os\u00bb, en\u00a0<i>Obras Completas<\/i>, t. X, Ed. Amorrortu, Buenos Aires, Argentina.<\/li>\n<li>Hern\u00e1ndez, A. Piotte, N. Villela, N: Pubertad-cuerpo-s\u00edntoma.\u00a0<a href=\"http:\/\/virtualia.eol.org.ar\/012\/default.asp?notas\/piotte-01.html\" target=\"_blank\" rel=\"noopener\">virtualia.eol.org.ar\/012\/default.asp?notas\/piotte-01.html<\/a><\/li>\n<li>Gorostiza, L. \u00abComentario sobre el caso historia de un bicho q abandono el cuerpo\u00bb, en\u00a0<i>Ecos y Matices.<\/i>\u00a0Grama. Buenos Aires, Argentina. 2005.<\/li>\n<li>Grandin, T. \u00abPensar en im\u00e1genes. Mi vida con el autismo\u00bb. Alba. Barcelona, Espa\u00f1a: 2006.(Testimonio)<\/li>\n<li>Lacan, J.\u00a0<i>El Seminario, libro 10<\/i>, clase XVI \u00abLos p\u00e1rpados de Buda\u00bb. Paid\u00f3s, Buenos Aires, Argentina.<\/li>\n<li>Lacan; J. (1967) \u00abAlocuci\u00f3n sobre las psicosis del ni\u00f1o\u00bb, en\u00a0<i>Otros escritos,\u00a0<\/i>Paid\u00f3s, Buenos Aires, Argentina. 2012.<\/li>\n<li>Lacan; J. (1967) \u00abNota sobre el ni\u00f1o\u00bb, en\u00a0<i>Otros escritos,\u00a0<\/i>Paid\u00f3s, Buenos Aires, Argentina. 2012.<\/li>\n<li>Laion, A. \u00abLo que una tartamudez quiere decir\u00bb en\u00a0<i>Revista Mediodicho N 30 \u00ab(esa) Violencia\u00bb.<\/i>\u00a0Publicaci\u00f3n de la Escuela de la Orientaci\u00f3n Lacaniana Secci\u00f3n C\u00f3rdoba. C\u00f3rdoba, Argentina. 2011.<\/li>\n<li>Laurent, E. \u00abEl ni\u00f1o como reverso de las familias\u00bb, en\u00a0<i>El goce sin rostro.\u00a0<\/i>Ed. Tres Haches, Buenos Aires, Argentina. 2010.<\/li>\n<li>Laurent, E. \u00abLas nuevas inscripciones del sufrimiento en el ni\u00f1o\u00bb, en\u00a0<i>El goce sin rostro.\u00a0<\/i>Ed. Tres Haches, Buenos Aires, Argentina. 2010.<\/li>\n<li>Laurent, E.\u00a0<i>\u00ab<\/i>Lo que nos ense\u00f1an los autistas\u00bb<i>\u00a0en Revista Lacaniana N\u00aa13-<\/i>A\u00f1o VIII- Buenos Aires Argentina. Nov. 2012.<\/li>\n<li>Laurent, E. \u00abSobre algunos problemas de superficie en la psicosis y en el autismo\u00bb, Reflexiones sobre el autismo\u00bb, \u00abLa psicosis en el ni\u00f1o en la ense\u00f1anza de Lacan\u00bb, en\u00a0<i>Hay un fin de an\u00e1lisis para los ni\u00f1os.<\/i>\u00a0Colecci\u00f3n Diva, Buenos Aires, Argentina, 1999.<\/li>\n<li>Laurent. E. \u00abStory telling y juicio\u00bb, en\u00a0<i>Lacan quotidien 142.\u00a0<\/i>Versi\u00f3n digital disponible en\u00a0<a href=\"http:\/\/www.autismos.es\/pdfs\/Storytelling_juicio_Laurent.pdf\" target=\"_blank\" rel=\"noopener\">http:\/\/www.autismos.es\/pdfs\/Storytelling_juicio_Laurent.pdf<\/a><\/li>\n<li>Laurent, E. \u00abinvestigar y castigar: la \u00e9tica hoy\u00bb, en\u00a0<i>Lacan quotidien 199.\u00a0<\/i>Versi\u00f3n digital disponible en\u00a0<a href=\"http:\/\/autismos.es\/pdfs\/Investigar_castigar_Laurent.pdf\" target=\"_blank\" rel=\"noopener\">http:\/\/autismos.es\/pdfs\/Investigar_castigar_Laurent.pdf<\/a><\/li>\n<li>Laurent, E \u00abLa cifra del autismo\u00bb, en\u00a0<i>Le Nouvel \u00c2ne n\u00ba 8, Febrero de 2008.\u00a0<\/i>Versi\u00f3n digital disponible en:\u00a0<a href=\"http:\/\/www.autismos.es\/images\/files\/La%20cifra%20del%20autismo.pdf\" target=\"_blank\" rel=\"noopener\">http:\/\/www.autismos.es\/images\/files\/La%20cifra%20del%20autismo.pdf<\/a><\/li>\n<li>Laurent, E.\u00a0<i>La batalla del autismo.\u00a0<\/i>Gramma. Buenos Aires, Argentina. 2013<\/li>\n<li>Lefort, R. y R. \u00abEl nacimiento del Otro\u00bb. Paid\u00f3s. Buenos Aires, Argentina. 1983.<\/li>\n<li>Lefort, Rosine y Robert, \u00abEl autismo, especificidad\u00bb en\u00a0<i>El s\u00edntoma charlat\u00e1n.\u00a0<\/i>Pa\u00eddos. Barcelona, Espa\u00f1a: 1998.<\/li>\n<li>Los autismos, p\u00e1gina web de la Fundaci\u00f3n del Campo Freudiano con informaci\u00f3n sobre el tema. Disponible en\u00a0<a href=\"http:\/\/www.autismos.es\/textos-online.html\" target=\"_blank\" rel=\"noopener\">http:\/\/www.autismos.es\/textos-online.html<\/a><\/li>\n<li>Maleval, J.C., \u00abMas bien verbosos. Los autistas\u00bb en\u00a0<i>Revista Freudiana n\u00famero 51.\u00a0<\/i>Texto publicado en \u00abOrnicar? digital 299. AMP. 26\/01\/2007\u00bb<\/li>\n<li>Maleval, J.C. \u00abEL autismo y su voz\u00bb, Ed. Gredos-ELP, Madrid, Espa\u00f1a. 2011<\/li>\n<li>Maleval, J.C. \u00ab\u00a1Escuchen a los autistas!\u00bb, Grama, Buenos Aires, Argentina. 2012<\/li>\n<li>Mandil, R. \u00abBiopol\u00edtica del D\u00e9ficit de Atenci\u00f3n\u00bb en<i>\u00a0DDA, ADD, ADHD como ustedes quieran: el mal real y la construcci\u00f3n social<\/i>. Grama ediciones, Buenos Aires, Argentina. 2006.<\/li>\n<li>Manzotti, M. (compiladora) Cl\u00ednica del autismo infantil. El dispositivo soporte. Grama ediciones. Buenos Aires, Argentina. 2005.<\/li>\n<li>Marty, M-C. \u00abEl Diablo en el cuerpo\u00bb, en\u00a0<i>El ni\u00f1o: Publicaci\u00f3n del Cien<\/i>\u00a0No.12 (May.2011), 59-61. Centro Interdisciplinario de Estudios sobre el ni\u00f1o.Instituto del Campo Freudiano. Buenos aires, Argentina.<\/li>\n<li>Mira, V, \u00abSobre el autismo\u00bb en\u00a0<i>El Analitic\u00f3n nro. 3,<\/i>\u00a0Ed. Correo\/paradiso. 1987<\/li>\n<li>Najles, Ana Ruth.\u00a0<i>El ni\u00f1o globalizado: segregaci\u00f3n y violencia<\/i>. La Paz. Ed. Plural. 2000<\/li>\n<li>Palomera, V. \u00abFreud y la esquizofrenia\u00bb, en\u00a0<i>Uno por uno 38,<\/i>\u00a01994<\/li>\n<li>Rueda, F. \u00abConstrucci\u00f3n de un cuerpo: envoltura formal del agujero\u00bb, en\u00a0<i>Carretel: psicoan\u00e1lisis con ni\u00f1os<\/i>\u00a0No.3 (Jul. 2000), 119-125. Diagonal Hispanohablante de la Nueva Red Cereda. Madrid, Espa\u00f1a.<\/li>\n<li>Sami Ali \u00abLa g\u00e9nesis de la palabra en el ni\u00f1o autista\u00bb, en<i>\u00a0Psicosis Infantil,<\/i>\u00a0Nueva Visi\u00f3n, Buenos Aires, Argentina. 1971.<\/li>\n<li>Schermann, E. \u00abEl autismo y el cuerpo\u00bb, en\u00a0<i>Analitica del Litoral\u00a0<\/i>No.7 (Jun. 1997), 76-83. Apeiron. Santa Fe, Argentina.<\/li>\n<li>Santiago, A.L. \u00abAlgunas consideraciones sobre el Trastorno de D\u00e9ficit de Atenci\u00f3n e Hiperactividad\u00bb en<i>\u00a0DDA, ADD, ADHD como ustedes quieran: el mal real y la construcci\u00f3n social<\/i>. Grama ediciones, Buenos Aires, Argentina. 2006.<\/li>\n<li>Smania, G. \u00abUna pastilla marciana\u00bb en<i>\u00a0DDA, ADD, ADHD como ustedes quieran: el mal real y la construcci\u00f3n social<\/i>. Grama ediciones, Buenos Aires, Argentina. 2006.<\/li>\n<li>Smania, G. \u00abNi\u00f1os y adolescentes: cuerpos, objetos, modas\u00bb en\u00a0<i>Revista Enigmas del Cuerpo N\u00b02.<\/i>\u00a0Departamento de Estudios \u00abPsicoan\u00e1lisis y Cuerpo\u00bb &#8211; Centro de Estudios Cl\u00ednicos (CIEC). C\u00f3rdoba, Argentina. 2011.<\/li>\n<li>Stevens, A.\u00a0<i>La Cl\u00ednica de la infancia y la adolescencia.\u00a0<\/i>Ciec. Grulla. Cordoba, Argentina. 2011.<\/li>\n<li>Tendlarz, S. \u00abLa atenci\u00f3n que falta y la actividad que sobra\u00bb en<i>\u00a0DDA, ADD, ADHD como ustedes quieran: el mal real y la construcci\u00f3n social<\/i>. Grama ediciones, Buenos Aires, Argentina. 2006.<\/li>\n<li>Tendlarz, E.B. \u00abUna cl\u00ednica posible del autismo infantil\u00bb. Ed. Grama. Buenos Aires, Argentina. 2012<\/li>\n<li>Tendlarz, S \u00ab\u00bfPor qu\u00e9 los ni\u00f1os autistas no tienen cuerpo?\u00bb en\u00a0<i>Centro Peque\u00f1o Hans, Psicoan\u00e1lisis con ni\u00f1os.<\/i>\u00a0Atuel. Buenos Aires, Argentina. 1995.<\/li>\n<li>Tendlarz, S. \u00abNi\u00f1os autistas\u00bb, en Virtualia. Revista digital de la E.O.L. A\u00f1o 11, nro. 25. Noviembre 2012. Disponible en\u00a0<a href=\"http:\/\/virtualia.eol.org.ar\/025\/template.asp?Estudios\/Ninos-autistas.html\" target=\"_blank\" rel=\"noopener\">http:\/\/virtualia.eol.org.ar\/025\/template.asp?Estudios\/Ninos-autistas.html<\/a><\/li>\n<li>Tizio, H. \u00abLa Educaci\u00f3n y los cuerpos de hoy\u00bb, en\u00a0<i>Freudiana\u00a0<\/i>No. 47(2006), p. 31-37. ELP. Barcelona, Espa\u00f1a.<\/li>\n<li>Tustin, F, \u00abEl cascar\u00f3n protector en ni\u00f1os y adultos\u00bb. Amorrortu. Buenos Aires, Argentina: 1992<\/li>\n<li>Ubieto, J.R. \u00abAislamiento del deseo, precariedad del cuerpo\u00bb, en\u00a0<i>Freudiana\u00a0<\/i>No. 52 (Ene-Abr 2008), p. 69-73. ELP: Catalunya, Espa\u00f1a<\/li>\n<li>Valencia, M. \u00abFunciones ps\u00edquicas de las marcas corporales\u00bb, en\u00a0<i>Affectio Societatis\u00a0<\/i>Vol.7, No. 12(Jun. 2010), 23-37. Departamento de Psicoan\u00e1lisis. Universidad de Antioquia. Medell\u00edn, Colombia<\/li>\n<\/ul>\n<\/div><\/div><\/div><\/div><\/div>\n","protected":false},"excerpt":{"rendered":"","protected":false},"author":1,"featured_media":0,"parent":100,"menu_order":5,"comment_status":"closed","ping_status":"closed","template":"","meta":{"_monsterinsights_skip_tracking":false,"_monsterinsights_sitenote_active":false,"_monsterinsights_sitenote_note":"","_monsterinsights_sitenote_category":0,"footnotes":""},"_links":{"self":[{"href":"https:\/\/enapol.com\/vi\/wp-json\/wp\/v2\/pages\/1376"}],"collection":[{"href":"https:\/\/enapol.com\/vi\/wp-json\/wp\/v2\/pages"}],"about":[{"href":"https:\/\/enapol.com\/vi\/wp-json\/wp\/v2\/types\/page"}],"author":[{"embeddable":true,"href":"https:\/\/enapol.com\/vi\/wp-json\/wp\/v2\/users\/1"}],"replies":[{"embeddable":true,"href":"https:\/\/enapol.com\/vi\/wp-json\/wp\/v2\/comments?post=1376"}],"version-history":[{"count":2,"href":"https:\/\/enapol.com\/vi\/wp-json\/wp\/v2\/pages\/1376\/revisions"}],"predecessor-version":[{"id":1402,"href":"https:\/\/enapol.com\/vi\/wp-json\/wp\/v2\/pages\/1376\/revisions\/1402"}],"up":[{"embeddable":true,"href":"https:\/\/enapol.com\/vi\/wp-json\/wp\/v2\/pages\/100"}],"wp:attachment":[{"href":"https:\/\/enapol.com\/vi\/wp-json\/wp\/v2\/media?parent=1376"}],"curies":[{"name":"wp","href":"https:\/\/api.w.org\/{rel}","templated":true}]}}