{"id":1379,"date":"2021-08-19T02:27:41","date_gmt":"2021-08-19T05:27:41","guid":{"rendered":"http:\/\/x-enapol.org\/vi\/?page_id=1379"},"modified":"2021-08-19T02:45:10","modified_gmt":"2021-08-19T05:45:10","slug":"a-infancia-hoje-os-autistas-os-corpos-e-mas-alem","status":"publish","type":"page","link":"https:\/\/enapol.com\/vi\/pt\/bibliografia-2\/a-infancia-hoje-os-autistas-os-corpos-e-mas-alem\/","title":{"rendered":"A infancia hoje, os autistas, os corpos e mas al\u00e9m"},"content":{"rendered":"<div class=\"fusion-fullwidth fullwidth-box fusion-builder-row-1 fusion-flex-container nonhundred-percent-fullwidth non-hundred-percent-height-scrolling\" style=\"--awb-border-radius-top-left:0px;--awb-border-radius-top-right:0px;--awb-border-radius-bottom-right:0px;--awb-border-radius-bottom-left:0px;--awb-flex-wrap:wrap;\" ><div class=\"fusion-builder-row fusion-row fusion-flex-align-items-flex-start fusion-flex-content-wrap\" style=\"max-width:1352px;margin-left: calc(-4% \/ 2 );margin-right: calc(-4% \/ 2 );\"><div class=\"fusion-layout-column fusion_builder_column fusion-builder-column-0 fusion_builder_column_1_1 1_1 fusion-flex-column\" style=\"--awb-bg-size:cover;--awb-width-large:100%;--awb-margin-top-large:0px;--awb-spacing-right-large:1.92%;--awb-margin-bottom-large:20px;--awb-spacing-left-large:1.92%;--awb-width-medium:100%;--awb-order-medium:0;--awb-spacing-right-medium:1.92%;--awb-spacing-left-medium:1.92%;--awb-width-small:100%;--awb-order-small:0;--awb-spacing-right-small:1.92%;--awb-spacing-left-small:1.92%;\"><div class=\"fusion-column-wrapper fusion-column-has-shadow fusion-flex-justify-content-flex-start fusion-content-layout-column\"><div class=\"fusion-text fusion-text-1\"><ul>\n<li>BARROS, M.R. \u00abA crian\u00e7a hiperativa e a m\u00e3e\u00bb, em\u00a0<i>A psican\u00e1lise do hiperativo e do desatento com Lacan<\/i>. SANTIAGO, A.L.; MEZ\u00caNCIO, M (Orgs.), Belo Horizonte, Scriptum, 2013, pp. 145-155.<\/li>\n<li>BARROSO, S. F. \u00abAs pegadas de Jo\u00e3o: a constitui\u00e7\u00e3o de uma borda e a conex\u00e3o ao Outro\u00bb, em\u00a0<i>O Autismo hoje e seus mal-entendidos. Conversa\u00e7\u00e3o Cl\u00ednica de Salvador<\/i>, MACHADO,O; DRUMMOND,C. (Orgs), Escola Brasileira de Psican\u00e1lise, Belo Horizonte, Scriptum, 2013, pp. 13-20.<\/li>\n<li>DRUMMOND, C. \u00abUma menina agitada\u00bb, em\u00a0<i>A psican\u00e1lise do hiperativo e do desatento com Lacan<\/i>. SANTIAGO, A.L. e MEZ\u00caNCIO, M (Orgs.), Belo Horizonte, Scriptum, 2013, pp. 105-114.<\/li>\n<li>DRUMMOND, C. \u00abViol\u00eancias maternas\u00bb, em\u00a0<i>A viol\u00eancia: Sintoma social da \u00e9poca.<\/i>\u00a0MACHADO, O e DEREZENSKY, E (Orgs), Belo Horizonte, Scriptum, 2013, pp. 165-173.<\/li>\n<li>GAULT, J.L. \u00abTratamento psicanal\u00edtico de um caso de hiperatividade de uma jovem adolescente\u00bb, em\u00a0<i>A psican\u00e1lise do hiperativo e do desatento com Lacan<\/i>. SANTIAGO, A.L.; MEZ\u00caNCIO, M. (Orgs), Belo Horizonte, Scriptum, 2013, pp. 115-142.<\/li>\n<li>LACAN, J.\u00a0<i>O Seminario, livro 10<\/i>. Aula XVI \u00abAs p\u00e1lpebras de Buda\u00bb. Rio de Janeiro: Jorge Zahar Editora, 2005.<\/li>\n<li>LACAN, J. \u00abAlocu\u00e7\u00e3o sobre as psicoses da crian\u00e7a\u00bb.\u00a0<i>In: Outros Escritos.\u00a0<\/i>Rio de Janeiro: Jorge Zahar editora, 2003.<\/li>\n<li>LACAN, J. \u00abNota sobre a crian\u00e7a\u00bb.\u00a0<i>In: Outros Escritos.\u00a0<\/i>Rio de Janeiro: Jorge Zahar editora, 2003.<\/li>\n<li>LAURENT, E. \u00abO que nos ensinan os autistas\u00bb. In\u00a0<i>Autismos e atualidade, uma leitura lacaniana.\u00a0<\/i>pp. 17-43. Belo Horizonte: Scriptum, 2012.<\/li>\n<li>LAURENT, E. \u00abO que nos ensinam os autistas\u00bb, em\u00a0<i>Autismo(s) e atualidade: uma leitura lacaniana<\/i>, MURTA, A.;CALMON, A.; ROSA, M. (Orgs), Escola Brasileira de Psican\u00e1lise, Belo Horizonte, Scriptum, 2012, pp 17-44.<\/li>\n<li>LEFORT, R. e LEFORT, R. \u00abNascimento do Outro\u00bb. In:\u00a0<i>Duas psican\u00e1lises<\/i>. Pp.293. Salvador: Fator, 1984.<\/li>\n<li>LEFORT, R. e LEFORT, R. \u00abO autismo, especificidade\u00bb.\u00a0<i>In: O sintoma-charlat\u00e3o<\/i>. Funda\u00e7\u00e3o do Campo Freudiano, pp. 220-226. Rio de Janeiro: Zahar, 1998.<\/li>\n<li>MALEVAL, J.C. \u00abSobretudo verbosos os autistas\u00bb.\u00a0<i>In:<\/i>\u00a0Escola Brasileira de Psican\u00e1lise.<i>\u00a0Latusa<\/i>,. pp. 69-91. Rio de Janeiro:\u00a0<i>Escola Brasileira de Psican\u00e1lise,\u00a0<\/i>2007.<\/li>\n<li>SANTIAGO, A.L. \u00abComent\u00e1rio cl\u00ednico: o que Rosa ensina sobre a &#8216;hiperatividade'\u00bb, em\u00a0<i>A psican\u00e1lise do hiperativo e do desatento com Lacan<\/i>, SANTIAGO, A.L. ; MEZ\u00caNCIO, M (Orgs.), Belo Horizonte, Scriptum, 2013, pp. 155-167.<\/li>\n<li>SANTIAGO, A.L., \u00abHiperatividade: marca invis\u00edvel do saber do Outro no corpo\u00bb, em\u00a0<i>A psican\u00e1lise do hiperativo e do desatento com Lacan<\/i>, SANTIAGO, A.L. ; MEZ\u00caNCIO, M (Orgs.), Belo Horizonte:Scriptum, 2013, p. 79- 88.<\/li>\n<li>SANTIAGO, A.L. \u00abLacan e a debilidade mental\u00bb em\u00a0<i>A inhibi\u00e7\u00e3o intelectual na psican\u00e1lise<\/i>, Rio de Janeiro, Jorge Zahar editor, 2005, pp.155-178.<\/li>\n<li>SARMENTO, F. \u00abO uso da topologia na cl\u00ednica do autismo\u00bb, em\u00a0<i>Autismo(s) e atualidade: uma leitura lacaniana<\/i>, MURTA, A.;CALMON, A.; ROSA, M. (Orgs), Escola Brasileira de Psican\u00e1lise, Belo Horizonte, Scriptum, 2012, pp .<\/li>\n<li>TENDLARZ, S. \u00abObjeto e imagem em crian\u00e7as autistas\u00bb, em\u00a0<i>Op\u00e7\u00e3o Lacaniana, 13<\/i>, p 47-50, S\u00e3o Paulo, Edi\u00e7\u00f5es Eolia, agosto 1995.<\/li>\n<li>VIDIGAL, C. \u00abO que agita o corpo n\u00e3o \u00e9 f\u00e1cil dizer: caso de uma crian\u00e7a agitada, voraz e agressiva, que p\u00f5e em quest\u00e3o o diagn\u00f3stico e a medica\u00e7\u00e3o\u00bb, em\u00a0<i>A psican\u00e1lise do hiperativo e do desatento com Lacan<\/i>, SANTIAGO, A.L. ; MEZ\u00caNCIO, M (Orgs), Belo Horizonte, Scriptum, 2013, pp. 97-104.<\/li>\n<li>VIDIGAL, C. \u00abBordas sob transfer\u00eancia\u00bb, m\u00a0<i>O Autismo hoje e seus malentendidos. Conversa\u00e7\u00e3o Cl\u00ednica de Salvador<\/i>, MACHADO,O; DRUMMOND,C. (Orgs), Escola Brasileira de Psican\u00e1lise, Belo Horizonte, Scriptum, 2013, pp. 47- 70.<\/li>\n<\/ul>\n<\/div><\/div><\/div><\/div><\/div>\n","protected":false},"excerpt":{"rendered":"","protected":false},"author":1,"featured_media":0,"parent":102,"menu_order":5,"comment_status":"closed","ping_status":"closed","template":"","meta":{"_monsterinsights_skip_tracking":false,"_monsterinsights_sitenote_active":false,"_monsterinsights_sitenote_note":"","_monsterinsights_sitenote_category":0,"footnotes":""},"_links":{"self":[{"href":"https:\/\/enapol.com\/vi\/wp-json\/wp\/v2\/pages\/1379"}],"collection":[{"href":"https:\/\/enapol.com\/vi\/wp-json\/wp\/v2\/pages"}],"about":[{"href":"https:\/\/enapol.com\/vi\/wp-json\/wp\/v2\/types\/page"}],"author":[{"embeddable":true,"href":"https:\/\/enapol.com\/vi\/wp-json\/wp\/v2\/users\/1"}],"replies":[{"embeddable":true,"href":"https:\/\/enapol.com\/vi\/wp-json\/wp\/v2\/comments?post=1379"}],"version-history":[{"count":2,"href":"https:\/\/enapol.com\/vi\/wp-json\/wp\/v2\/pages\/1379\/revisions"}],"predecessor-version":[{"id":1403,"href":"https:\/\/enapol.com\/vi\/wp-json\/wp\/v2\/pages\/1379\/revisions\/1403"}],"up":[{"embeddable":true,"href":"https:\/\/enapol.com\/vi\/wp-json\/wp\/v2\/pages\/102"}],"wp:attachment":[{"href":"https:\/\/enapol.com\/vi\/wp-json\/wp\/v2\/media?parent=1379"}],"curies":[{"name":"wp","href":"https:\/\/api.w.org\/{rel}","templated":true}]}}