{"id":1382,"date":"2021-08-19T02:28:13","date_gmt":"2021-08-19T05:28:13","guid":{"rendered":"http:\/\/x-enapol.org\/vi\/?page_id=1382"},"modified":"2021-08-19T02:47:19","modified_gmt":"2021-08-19T05:47:19","slug":"cuerpo-y-tecnociencia-en-el-siglo-xxi","status":"publish","type":"page","link":"https:\/\/enapol.com\/vi\/bibliografia\/cuerpo-y-tecnociencia-en-el-siglo-xxi\/","title":{"rendered":"Cuerpo y tecnociencia en el siglo XXI"},"content":{"rendered":"<div class=\"fusion-fullwidth fullwidth-box fusion-builder-row-1 fusion-flex-container nonhundred-percent-fullwidth non-hundred-percent-height-scrolling\" style=\"--awb-border-radius-top-left:0px;--awb-border-radius-top-right:0px;--awb-border-radius-bottom-right:0px;--awb-border-radius-bottom-left:0px;--awb-flex-wrap:wrap;\" ><div class=\"fusion-builder-row fusion-row fusion-flex-align-items-flex-start fusion-flex-content-wrap\" style=\"max-width:1352px;margin-left: calc(-4% \/ 2 );margin-right: calc(-4% \/ 2 );\"><div class=\"fusion-layout-column fusion_builder_column fusion-builder-column-0 fusion_builder_column_1_1 1_1 fusion-flex-column\" style=\"--awb-bg-size:cover;--awb-width-large:100%;--awb-margin-top-large:0px;--awb-spacing-right-large:1.92%;--awb-margin-bottom-large:20px;--awb-spacing-left-large:1.92%;--awb-width-medium:100%;--awb-order-medium:0;--awb-spacing-right-medium:1.92%;--awb-spacing-left-medium:1.92%;--awb-width-small:100%;--awb-order-small:0;--awb-spacing-right-small:1.92%;--awb-spacing-left-small:1.92%;\"><div class=\"fusion-column-wrapper fusion-column-has-shadow fusion-flex-justify-content-flex-start fusion-content-layout-column\"><div class=\"fusion-text fusion-text-1\"><ul>\n<li>AA.VV.\u00a0<i>Virtualia, publicaci\u00f3n virtual de la EOL\u00a0<\/i>nro. 26. Dossier \u00abhacia el VI Enapol\u00bb. Disponible en\u00a0<a href=\"http:\/\/virtualia.eol.org.ar\/026\/template.asp\" target=\"_blank\" rel=\"noopener\">http:\/\/virtualia.eol.org.ar\/026\/template.asp<\/a><\/li>\n<li>Aflalo, A. \u00abSubjetividades modernas y lucha de los cuerpos\u00bb, en\u00a0<i>El orden simb\u00f3lico en el siglo XXI.<\/i>\u00a0Grama ediciones, Buenos Aires, Argentina. 2012<\/li>\n<li>Ansermet, F. \u00abLa irreductible singularidad, entre ciencia y psicoan\u00e1lisis\u00bb, en\u00a0<i>El orden simb\u00f3lico en el siglo XXI.<\/i>\u00a0Grama ediciones, Buenos Aires, Argentina. 2012<\/li>\n<li>Arom\u00ed, A. \u00abLa Presencia del cuerpo en el discurso analizante\u00bb, en\u00a0<i>Freudiana\u00a0<\/i>No. 51(2007) , p. 37-42. ELP. Catalunya, Espa\u00f1a.<\/li>\n<li>Bassols, M. \u00abCiencia, ficci\u00f3n y feminizaci\u00f3n\u00bb, en\u00a0<i>El orden simb\u00f3lico en el siglo XXI.<\/i>\u00a0Grama ediciones, Buenos Aires, Argentina. 2012<\/li>\n<li>Basz, S.\u00a0<i>El objeto aire.\u00a0<\/i>Grama. Buenos Aires, Argentina. 2012<\/li>\n<li>Belaga, G. \u00abC\u00f3mo el psicoan\u00e1lisis produce lo colectivo con la Soledad\u00bb, en\u00a0<i>Pase y transmisi\u00f3n vol. 6.\u00a0<\/i>EOL. Buenos Aires, Argentina.<\/li>\n<li>Bolgiani, P.: El cuerpo expuesto, el cuerpo escondido (Acci\u00f3n lacaniana. Foro de Tur\u00edn)<\/li>\n<li>virtualia.eol.org.ar\/021\/template.asp?..http:\/\/www.enapol.com\/es\/El-cuerpo&#8230;el-cuerpo&#8230;html<\/li>\n<li>Brousse, M-H. \u00abEl Superyo: del ideal hacia el objeto. perspectivas pol\u00edticas, cl\u00ednicas y \u00e9ticas\u00bb. Colecci\u00f3n Grulla N10, Centro de Estudios Cl\u00ednicos (CIEC). Babel Edit. C\u00f3rdoba, Argentina. 2011.<\/li>\n<li>Brousse, M-H. \u00abCuerpos lacanianos: novedades contempor\u00e1neas sobre el estad\u00edo del espejo\u00bb Conferencia en Granada, Espa\u00f1a. 14-4-09. Disponible en versi\u00f3n digital en el blog Santiago psicoanal\u00edtico\u00a0<a href=\"http:\/\/psicoanalisis-santiago.blogspot.com.ar\/2011\/12\/cuerpos-lacanianos-m-h-brousse.html\" target=\"_blank\" rel=\"noopener\">http:\/\/psicoanalisis-santiago.blogspot.com.ar\/2011\/12\/cuerpos-lacanianos-m-h-brousse.html<\/a><\/li>\n<li>Caldas, H. \u00abLa Escritura en el cuerpo y en el lazo social\u00bb, en\u00a0<i>Mediodicho: Revista de psicoan\u00e1lisis: Cuando las apariencias nos enga\u00f1an\u00a0<\/i>Vol.13,No.35 (Ago.2009), p.35-38. EOL. C\u00f3rdoba, Argentina<\/li>\n<li>Canguilhem, G. \u00abEscritos sobre la Medicina\u00bb..Amorrortu editores. Buenos Aires, Argentina. 2004. Cap\u00edtulos: La salud: concepto vulgar y cuesti\u00f3n filos\u00f3fica y \u00bfEs posible una pedagog\u00eda de la curaci\u00f3n?<\/li>\n<li>Canguilhem G. \u00abLo normal y lo patol\u00f3gico\u00bb. Ensayo I, segunda parte, capitulo quinto: fisiolog\u00eda y patolog\u00eda. Siglo XXI Editores. Buenos Aires, Argentina 2011.<\/li>\n<li>D\u00b4Angelo, L. \u00abUn decir que tiene efectos\u00bb, en\u00a0<i>El orden simb\u00f3lico en el siglo XXI.<\/i>\u00a0Grama ediciones, Buenos Aires, Argentina. 2012<\/li>\n<li>Dessal, G. \u00abEl pensamiento en la era de la gente que piensa con el cerebro\u00bb, en\u00a0<i>El orden simb\u00f3lico en el siglo XXI.<\/i>\u00a0Grama ediciones, Buenos Aires, Argentina. 2012<\/li>\n<li>Esqu\u00e9, X. \u00abUna pol\u00edtica del s\u00edntoma\u00bb en\u00a0<i>Radar nro. 70,\u00a0<\/i>publicaci\u00f3n digital de la Nueva Escuela Lacaniana-M\u00e9xico. Disponible en\u00a0<a href=\"http:\/\/www.nel-mexico.org\/articulos\/seccion\/radar\/edicion\/75\/393\/Una-politica-del-sintoma\" target=\"_blank\" rel=\"noopener\">http:\/\/www.nel-mexico.org\/articulos\/seccion\/radar\/edicion\/75\/393\/Una-politica-del-sintoma<\/a><\/li>\n<li>Gomez, M. \u00abPoder Disciplinario, cuerpos vivientes y el fracaso de la Biopol\u00edtica\u00bb en\u00a0<i>Revista Contingencia Version Digital. N 5.<\/i>\u00a0Departamento de Psicoan\u00e1lisis y Pol\u00edtica &#8211; Centro de Estudios Cl\u00ednicos (CIEC). C\u00f3rdoba. 2009. Disponible en\u00a0<a href=\"http:\/\/www.cieccordoba.com.ar\/documents\/Contingencia%205.pdf\">http:\/\/www.cieccordoba.com.ar\/documents\/Contingencia%205.pdf<\/a><\/li>\n<li>Gorostiza, L. \u00abLos cuerpos y los goces\u00bb, en\u00a0<i>El cuerpo en Psicoan\u00e1lisis II<\/i>. Ed. Pomarire. Caracas. Venezuela, 2012.<\/li>\n<li>Grases, S. \u00bb La mirada en el discurso m\u00e9dico\u00bb, en\u00a0<i>El cuerpo en Psicoan\u00e1lisis II<\/i>. Ed. Pomarire. Caracas. Venezuela, 2012.<\/li>\n<li>Fruger, F. \u00bb Qu\u00e9 es el cuerpo en psicoan\u00e1lisis\u00bb, en<i>\u00a0El cuerpo en Psicoan\u00e1lisis II<\/i>. Ed. Pomarire. Caracas. Venezuela, 2012.<\/li>\n<li>Goldenberg, Mario<b>. \u00ab<\/b>Psicoan\u00e1lisis y biopol\u00edtica\u00bb, en\u00a0<i>Enlaces<\/i>\u00a0Vol. 10, No. 13 (Mar. 2008), 56-57. Gramma. Buenos Aires, Argentina.<\/li>\n<li>Goldenberg, Marta. \u00abCuerpos mirados\u00bb, en\u00a0<i>La L\u00fanula del CIEC<\/i>\u00a0Vol.1,No.1 (Nov.2010), p.39-42. EOL. C\u00f3rdoba, Argentina.<\/li>\n<li>Gueguen, P. G. \u00abEl redondel quemado, el dedo levantado, el lugar de ya nadie\u00bb, en\u00a0<i>El orden simb\u00f3lico en el siglo XXI.<\/i>\u00a0Grama ediciones, Buenos Aires, Argentina. 2012.<\/li>\n<li>Horne, B. \u00abEl deseo del analista en los s\u00edntomas actuales\u00bb, en\u00a0<i>Fragmentos de una vida psicoanal\u00edtica. De la IPA a Lacan<\/i>, p\u00e1g. 69 a 82. Grama, Buenos Aires, Argentina. 2008.<\/li>\n<li>Hunter, J., \u00abEpidemiologia del c\u00e1ncer\u00bb Ca. Journal, www.cancer.gov<\/li>\n<li>Forbes, J. \u00abLa ciencia pide an\u00e1lisis\u00bb, en\u00a0<i>El orden simb\u00f3lico en el siglo XXI.<\/i>\u00a0Grama ediciones, Buenos Aires, Argentina. 2012.<\/li>\n<li>Lacan, J. \u00abLa ciencia y la verdad\u00bb, en\u00a0<i>Escritos II.\u00a0<\/i>Siglo XXI. Buenos Aires, Argentina.<\/li>\n<li>Lacan, J.\u00a0<i>El Seminario, libro 10<\/i>, clase XVI \u00abLos p\u00e1rpados de Buda\u00bb. Paid\u00f3s, Buenos Aires, Argentina.<\/li>\n<li>Lacan, J. \u00ab<i>Mi ense\u00f1anza<\/i>\u00ab. Ed. Paid\u00f3s, Buenos Aires, Argentina. 2006.<\/li>\n<li>Lacan, J. (1966) \u00abPsicoan\u00e1lisis y medicina\u00bb en\u00a0<i>Intervenciones y textos 1<\/i>. Manantial, Buenos Aires, Argentina. 1993<\/li>\n<li>Lacan, J.\u00a0<i>El Seminario. Libro 17. El reverso del psicoan\u00e1lisis.<\/i>\u00a0Clases X a XIII, correspondientes al apartado \u00abEl reverso de la vida contempor\u00e1nea\u00bb. Paid\u00f3s, Buenos Aires, Argentina.<\/li>\n<li>Lacan, J. (1973) \u00abTelevisi\u00f3n\u00bb, en\u00a0<i>Otros escritos,\u00a0<\/i>Paid\u00f3s, Buenos Aires, Argentina. 2012.<\/li>\n<li>Lacan, J., \u00abEl placer y la regla fundamental\u00bb,\u00a0<i>Scilicet 6\/7<\/i>, Ed. du Seuil, Paris, 1975.<\/li>\n<li>Lacan, J., El triunfo de la religi\u00f3n, apartado \u00abLa angustia de los cient\u00edficos\u00bb, Paid\u00f3s, Bs. As., 2006<\/li>\n<li>La Sagna, P. \u00abEl sujeto a-formado del siglo de la in-formaci\u00f3n y el psicoan\u00e1lisis\u00bb, en\u00a0<i>El orden simb\u00f3lico en el siglo XXI.<\/i>\u00a0Grama ediciones, Buenos Aires, Argentina. 2012<\/li>\n<li>Laurent, E. \u00abLa ilusi\u00f3n del cientificismo, la angustia de los sabios\u00bb en Radar nro. 72, publicaci\u00f3n digital de la Nueva Escuela Lacaniana.\u00a0<a href=\"http:\/\/www.nel-mexico.org\/articulos\/seccion\/radar\/edicion\/75\/416\/La-ilusion-del-cientificismo-la-angustia-de-los-sabios\" target=\"_blank\" rel=\"noopener\">http:\/\/www.nel-mexico.org\/articulos\/seccion\/radar\/edicion\/75\/416\/La-ilusion-del-cientificismo-la-angustia-de-los-sabios<\/a><\/li>\n<li>Laurent, E. \u00abLos \u00f3rganos del cuerpo en la perspectiva psicoanal\u00edtica\u00bb en\u00a0<i>Textos on line,\u00a0<\/i>en la p\u00e1gina web de la Nueva Escuela Lacaniana-M\u00e9xico.\u00a0<a href=\"http:\/\/www.nel-mexico.org\/articulos\/seccion\/textosonline\/subseccion\/El-cuerpo\/347\/Los-organos-del-cuerpo-en-la-perspectiva-psicoanalitica\" target=\"_blank\" rel=\"noopener\">http:\/\/www.nel-mexico.org\/articulos\/seccion\/textosonline\/subseccion\/El-cuerpo\/347\/Los-organos-del-cuerpo-en-la-perspectiva-psicoanalitica<\/a><\/li>\n<li>Laurent, E. \u00abHemos transformado el cuerpo humano en un nuevo dios\u00bb, \u00abConstruir con las ruinas del sentido\u00bb, en\u00a0<i>El goce sin rostro.\u00a0<\/i>Ed. Tres Haches, Buenos Aires, Argentina. 2010. Entrevista realizada para La Naci\u00f3n en la que habla sobre la biologizaci\u00f3n de la experiencia humana.<\/li>\n<li>Laurent, E. \u00abSe\u00f1al roja\u00bb, en\u00a0<i>El goce sin rostro.\u00a0<\/i>Ed. Tres Haches, Buenos Aires, Argentina. 2010. Entrevista realizada para Folha de Sao Paulo en la que habla sobre la medicalizaci\u00f3n de la existencia.<\/li>\n<li>Laurent, E. \u00abFrancois Dagognet, un fil\u00f3sofo del medicamento\u00bb, en\u00a0<i>El goce sin rostro.\u00a0<\/i>Ed. Tres Haches, Buenos Aires, Argentina. 2010. Conversaci\u00f3n con Pierrre-Gilles Gu\u00e9guen y Francois Dagognet sobre el medicamento, el saber y el poder.<\/li>\n<li>Laurent, D. \u00abVivir la pulsi\u00f3n en la transferencia\u00bb, en\u00a0<i>El orden simb\u00f3lico en el siglo XXI.<\/i>\u00a0Grama ediciones, Buenos Aires, Argentina. 2012<\/li>\n<li>Leserre, A. \u00abLa oscura percepci\u00f3n de s\u00ed\u00bb, en\u00a0<i>Brisas cl\u00ednicas, sue\u00f1o final de an\u00e1lisis.\u00a0<\/i>Grama. Buenos Aires, Argentina. 2O12.<\/li>\n<li>Lozano, M. \u00abEl cuerpo en la encrucijada de la medicina, la psiquiatr\u00eda y el psicoan\u00e1lisis\u00bb, en\u00a0<i>Pliegos\u00a0<\/i>no.2 (May. 1996), 54-56. EEP. Madrid, Espa\u00f1a.<\/li>\n<li>Millas, D. \u00abCuerpos pose\u00eddos\u00bb en Textos on line en la p\u00e1gina de la Nueva Escuela Lacaniana.\u00a0<a href=\"http:\/\/www.nel-mexico.org\/articulos\/seccion\/textosonline\/subseccion\/El-cuerpo\/349\/Cuerpos-Poseidos\" target=\"_blank\" rel=\"noopener\">http:\/\/www.nel-mexico.org\/articulos\/seccion\/textosonline\/subseccion\/El-cuerpo\/349\/Cuerpos-Poseidos<\/a><\/li>\n<li>Miller, J.-A. \u00abTodo el mundo est\u00e1 loco\u00bb (Cap. III), \u00abSingularidad\u00bb (Cap., VI), en\u00a0<i>Sutilezas anal\u00edticas,<\/i>\u00a0Paid\u00f3s, Buenos Aires, Argentina.<\/li>\n<li>Miller, J. A. \u00abLo que no puede decirse\u00bb (Cap VIII), \u00abLa existencia del Otro\u00bb (Cap. X)\u00a0<i>Extimidad<\/i>. 2010. Paid\u00f3s, Buenos Aires, Argentina.<\/li>\n<li>Miller, J.A. \u00abPiezas sueltas. Lituraterre desconocida\u00bb en\u00a0<i>Freudiana nro. 51.<\/i>\u00a0Ed. E.L.P.-Catalunya, Barcelona, Espa\u00f1a. Septiembre-Diciembre 2007. Publicaci\u00f3n cuatrimestral.<\/li>\n<li>Mukherje, S., \u00abEl emperador de todos los males. Una biograf\u00eda del c\u00e1ncer\u00bb Taurus, Madrid, 2011.<\/li>\n<li>Musachi, G. \u00abCuerpo\u00bb en\u00a0<i>The Wannabe nro. 6<\/i>, Revista digital de la Nueva Escuela Lacaniana, disponible en\u00a0<a href=\"http:\/\/nel-amp.org\/the_wannabe_08\/tw\/06\/tw06_esc.htm\" target=\"_blank\" rel=\"noopener\">http:\/\/nel-amp.org\/the_wannabe_08\/tw\/06\/tw06_esc.htm<\/a><\/li>\n<li>Najles, A. R. \u00abPol\u00edtica del psicoan\u00e1lisis versus goce del cuerpo\u00bb, en\u00a0<i>Enlaces,\u00a0<\/i>A\u00f1o.2, no.5 (Nov. 2000), 24-25. Gramma. Buenos Aires, Argentina.<\/li>\n<li>Negri, M.I. \u00abPara gozar se necesita un cuerpo\u00bb, en\u00a0<i>Freudiana<\/i>\u00a0No. 47 (2006), p. 151-154. ELP. Barcelona, Espa\u00f1a.<\/li>\n<li>Nepomiachi, R. \u00abEl m\u00e9dico, las tecnociencias y el psicoan\u00e1lisis\u00bb en\u00a0<i>Virtualia. Revista digital de la E.O.L.\u00a0<\/i>A\u00f1o 1, nro. 1. Disponible en\u00a0<a href=\"http:\/\/virtualia.eol.org.ar\/001\/notas\/elmedico-01.html\" target=\"_blank\" rel=\"noopener\">http:\/\/virtualia.eol.org.ar\/001\/notas\/elmedico-01.html<\/a><\/li>\n<li>Ons, Silvia: \u00abAcerca del viagra en los j\u00f3venes\u00bb\u00a0<i>Comunismo sexual<\/i>, Paid\u00f3s, Buenos Aires, 2012<\/li>\n<li>Palomera, V.\u00a0<i>Amor, cuerpo y locura.\u00a0<\/i>Ciec, Grulla. Cordoba, Argentina. 2011.<\/li>\n<li>Pe\u00f1a, M.E. \u00abDel cuerpo y los malentendidos\u00bb, texto digital de la NEL-M\u00e9xico.\u00a0<a href=\"http:\/\/www.nel-mexico.org\/articulos\/seccion\/textosonline\/subseccion\/El-cuerpo\/353\/Del-cuerpo-y-los-malentendidos\" target=\"_blank\" rel=\"noopener\">http:\/\/www.nel-mexico.org\/articulos\/seccion\/textosonline\/subseccion\/El-cuerpo\/353\/Del-cuerpo-y-los-malentendidos<\/a><\/li>\n<li>Razavet, J.C. \u00abEl cuerpo y el lugar del otro\u00bb, en\u00a0<i>El Caldero de la Escuela<\/i>\u00a0no.77 (Jun. 2000), 20-23. EOL. Buenos Aires. Argentina.<\/li>\n<li>Roach, M.\u00a0<i>Entre piernas. La extraordinaria c\u00f3pula de ciencia y sexo.\u00a0<\/i>Global Rhythm Press. Barcelona, Espa\u00f1a. 2011.<\/li>\n<li>Rodr\u00edguez Ribas, J. \u00abLa Promoci\u00f3n del cuerpo artificio\u00bb, en\u00a0<i>Colof\u00f3n: Bolet\u00edn de la Federaci\u00f3n Internacional de Bibliotecas del Campo freudiano: \u00bfSobrevivir al consumo?<\/i>\u00a0No.29 (Jul.2009), 25-26. Federaci\u00f3n Internacional de Bibliotecas del Campo Freudiano. Valencia, Espa\u00f1a.<\/li>\n<li>Rubistein A. \u00abCondiciones y perspectivas del psicoan\u00e1lisis en la sociedad actual\u00bb, en\u00a0<i>Lecturas de lo nuevo. Una investigaci\u00f3n sobre al \u00e9poca y la pulsi\u00f3n.<\/i>Blanco, L., Delgado, O., Goldenberg, M., Ons, S<i>.\u00a0<\/i>Ed. Tres Haches, Buenos Aires, Argentina. 2001.<\/li>\n<li>S\u00e1nchez de Castro Herencia, S. \u00abEl Cuerpo atravesado por la t\u00e9cnica\u00bb, en\u00a0<i>Colof\u00f3n: Bolet\u00edn de la Federaci\u00f3n Internacional de Bibliotecas del Campo Freudiano: Prudencia, ciencia y chifladura\u00a0<\/i>No.32 (Mar.2012), 50-51. Federaci\u00f3n Internacional de Bibliotecas del Campo Freudiano. Valencia, Espa\u00f1a.<\/li>\n<li>Seldes, R. \u00abLa eficacia del psicoan\u00e1lisis\u00bb, en\u00a0<i>Virtualia 1<\/i>, Buenos Aires, Argentina, 2001.\u00a0<a href=\"http:\/\/virtualia.eol.org.ar\/001\/notas\/laeficacia-01.html\" target=\"_blank\" rel=\"noopener\">http:\/\/virtualia.eol.org.ar\/001\/notas\/laeficacia-01.html<\/a><\/li>\n<li>Seldes, R. \u00abLa tecnolog\u00eda gen\u00e9tica\u00bb, en\u00a0<i>El psicoan\u00e1lisis lacaniano en Espa\u00f1a, el blog de la ELP.\u00a0<\/i>2011.\u00a0<a href=\"http:\/\/www.blogelp.com\/index.php\/la-tecnologia-genetica-ricardo-seldes\" target=\"_blank\" rel=\"noopener\">http:\/\/www.blogelp.com\/index.php\/la-tecnologia-genetica-ricardo-seldes<\/a><\/li>\n<li>Sinatra, E. \u00abLa neuro-econom\u00eda y la qu\u00edmica del amor femenino\u00bb en\u00a0<i>Radar nro. 25,\u00a0<\/i>publicaci\u00f3n digital de la Nueva Escuela Lacaniana\u00a0<a href=\"http:\/\/www.nel-mexico.org\/articulos\/seccion\/radar\/edicion\/25\/198\/La-neuro-economia-y-la-quimica-del-amor-femenino\" target=\"_blank\" rel=\"noopener\">http:\/\/www.nel-mexico.org\/articulos\/seccion\/radar\/edicion\/25\/198\/La-neuro-economia-y-la-quimica-del-amor-femenino<\/a><\/li>\n<li>Stagnaro, J.C. \u00abEl diagn\u00f3stico sin cl\u00ednica. Horizonte del DSM 5\u00bb en\u00a0<i>Revista Exordio N 4. \u00abExpropiar\/Apropiar. \u00bfQuien es el extranjero?\u00bb<\/i>. CIEC, C\u00f3rdoba, Argentina. 2012.<\/li>\n<li>Ubieto, J. R. \u00abEl cuerpo como mercanc\u00eda\u00bb en\u00a0<i>Varit\u00e9, Plastination city, enero 2011,\u00a0<\/i>publicaci\u00f3n virtual de la Nueva Escuela Lacaniana-M\u00e9xico\u00a0<a href=\"http:\/\/www.nel-mexico.org\/articulos\/seccion\/varite\/edicion\/Plastination-City\/267\/El-Cuerpo-como-mercancia-\" target=\"_blank\" rel=\"noopener\">http:\/\/www.nel-mexico.org\/articulos\/seccion\/varite\/edicion\/Plastination-City\/267\/El-Cuerpo-como-mercancia-<\/a><\/li>\n<\/ul>\n<\/div><\/div><\/div><\/div><\/div>\n","protected":false},"excerpt":{"rendered":"","protected":false},"author":1,"featured_media":0,"parent":100,"menu_order":6,"comment_status":"closed","ping_status":"closed","template":"","meta":{"_monsterinsights_skip_tracking":false,"_monsterinsights_sitenote_active":false,"_monsterinsights_sitenote_note":"","_monsterinsights_sitenote_category":0,"footnotes":""},"_links":{"self":[{"href":"https:\/\/enapol.com\/vi\/wp-json\/wp\/v2\/pages\/1382"}],"collection":[{"href":"https:\/\/enapol.com\/vi\/wp-json\/wp\/v2\/pages"}],"about":[{"href":"https:\/\/enapol.com\/vi\/wp-json\/wp\/v2\/types\/page"}],"author":[{"embeddable":true,"href":"https:\/\/enapol.com\/vi\/wp-json\/wp\/v2\/users\/1"}],"replies":[{"embeddable":true,"href":"https:\/\/enapol.com\/vi\/wp-json\/wp\/v2\/comments?post=1382"}],"version-history":[{"count":2,"href":"https:\/\/enapol.com\/vi\/wp-json\/wp\/v2\/pages\/1382\/revisions"}],"predecessor-version":[{"id":1404,"href":"https:\/\/enapol.com\/vi\/wp-json\/wp\/v2\/pages\/1382\/revisions\/1404"}],"up":[{"embeddable":true,"href":"https:\/\/enapol.com\/vi\/wp-json\/wp\/v2\/pages\/100"}],"wp:attachment":[{"href":"https:\/\/enapol.com\/vi\/wp-json\/wp\/v2\/media?parent=1382"}],"curies":[{"name":"wp","href":"https:\/\/api.w.org\/{rel}","templated":true}]}}