{"id":1385,"date":"2021-08-19T02:29:14","date_gmt":"2021-08-19T05:29:14","guid":{"rendered":"http:\/\/x-enapol.org\/vi\/?page_id=1385"},"modified":"2021-08-19T02:47:38","modified_gmt":"2021-08-19T05:47:38","slug":"corpo-e-tecnociencia-no-seculo-xxi","status":"publish","type":"page","link":"https:\/\/enapol.com\/vi\/pt\/bibliografia-2\/corpo-e-tecnociencia-no-seculo-xxi\/","title":{"rendered":"Corpo e tecnociencia no s\u00e9culo XXI"},"content":{"rendered":"<div class=\"fusion-fullwidth fullwidth-box fusion-builder-row-1 fusion-flex-container nonhundred-percent-fullwidth non-hundred-percent-height-scrolling\" style=\"--awb-border-radius-top-left:0px;--awb-border-radius-top-right:0px;--awb-border-radius-bottom-right:0px;--awb-border-radius-bottom-left:0px;--awb-flex-wrap:wrap;\" ><div class=\"fusion-builder-row fusion-row fusion-flex-align-items-flex-start fusion-flex-content-wrap\" style=\"max-width:1352px;margin-left: calc(-4% \/ 2 );margin-right: calc(-4% \/ 2 );\"><div class=\"fusion-layout-column fusion_builder_column fusion-builder-column-0 fusion_builder_column_1_1 1_1 fusion-flex-column\" style=\"--awb-bg-size:cover;--awb-width-large:100%;--awb-margin-top-large:0px;--awb-spacing-right-large:1.92%;--awb-margin-bottom-large:20px;--awb-spacing-left-large:1.92%;--awb-width-medium:100%;--awb-order-medium:0;--awb-spacing-right-medium:1.92%;--awb-spacing-left-medium:1.92%;--awb-width-small:100%;--awb-order-small:0;--awb-spacing-right-small:1.92%;--awb-spacing-left-small:1.92%;\"><div class=\"fusion-column-wrapper fusion-column-has-shadow fusion-flex-justify-content-flex-start fusion-content-layout-column\"><div class=\"fusion-text fusion-text-1\"><ul>\n<li>AFLALO, A. \u00abO corpo que sofre e fala\u00bb, em\u00a0<i>Op\u00e7\u00e3o Lacaniana,\u00a0<\/i>n.11, pp. 65-66, S\u00e3o Paulo, Edi\u00e7\u00f5es Eolia, novembro 1994.<\/li>\n<li>ANSERMET, F. \u00abTra\u00e7o e objeto, entre neuroci\u00eancias e psican\u00e1lise\u00bb. In\u00a0<i>Op\u00e7\u00e3o Lacaniana<\/i>, n. 52, pp. 153-157. S\u00e3o Paulo, Eolia Edi\u00e7\u00f5es, setembro 2008.<\/li>\n<li>CANGUILHEM, G. \u00abO normal e o patol\u00f3gico\u00bb. Rio de Janeiro: Forense Universit\u00e1ria, 1990.<\/li>\n<li>D\u00b4ANGELO, L. \u00abUn decir que tiene efectos\u00bb, en\u00a0<i>El orden simb\u00f3lico en el siglo XXI.<\/i>\u00a0Grama ediciones, Buenos Aires, Argentina. 2012<\/li>\n<li>DESSAL, G. \u00abEl pensamiento en la era de la gente que piensa con el cerebro\u00bb, en\u00a0<i>El orden simb\u00f3lico en el siglo XXI.<\/i>\u00a0Grama ediciones, Buenos Aires, Argentina. 2012<\/li>\n<li>GUEGUEN, P. G. \u00abEl redondel quemado, el dedo levantado, el lugar de ya nadie\u00bb, en\u00a0<i>El orden simb\u00f3lico en el siglo XXI.<\/i>\u00a0Grama ediciones, Buenos Aires, Argentina. 2012<\/li>\n<li>HANNS, L. A. \u00abRetornando a Freud \u2013 a teoria pulsional no texto alem\u00e3o\u00bb em\u00a0<i>Op\u00e7\u00e3o Lacaniana<\/i>, n.18, pp. 78-84, S\u00e3o Paulo, Edi\u00e7\u00f5es Eolia, abril, 1997.<\/li>\n<li>HORNE, B., \u00abO desejo do analista nos sintomas atuais\u00bb, em\u00a0<i>Fragmentos de uma vida psicanal\u00edtica: Da IPA a Lacan,<\/i>\u00a0Rio de Janeiro, Jorge Zahar, 1999.<\/li>\n<li>FORBES, J. \u00abLa ciencia pide an\u00e1lisis\u00bb, en\u00a0<i>El orden simb\u00f3lico en el siglo XXI.<\/i>\u00a0Grama ediciones, Buenos Aires, Argentina. 2012<\/li>\n<li>LACAN, J.,\u00a0<i>O Semin\u00e1rio, libro 10. A<\/i>ula XVI: \u00abAs p\u00e1lpebras de Buda\u00bb. Rio de Janeiro: Jorge Zahar Editora, 2005.<\/li>\n<li>LACAN, J.\u00a0<i>Meu ensino<\/i>. Rio de Janeiro: Jorge Zahar Editora, 2006.<\/li>\n<li>LACAN, J. \u00abPsican\u00e1lise e medicina\u00bb.\u00a0<i>Amuro<\/i>, [s.l.]: [s.n.], n.0, p. 61-69, 1989.<\/li>\n<li>LACAN, J<i>. O Semin\u00e1rio, livro XVII, O avesso da Psican\u00e1lise<\/i>. Aula X a XIII, correspondentes a \u00abO reverso da vida contempor\u00e2nea\u00bb. Rio de Janeiro: Jorge Zahar Editora, 1992.<\/li>\n<li>LACAN, J. (1973) \u00abTelevis\u00e3o\u00bb.\u00a0<i>In: Outros Escritos<\/i>. Rio de Janeiro: Jorge Zahar Editora, 2003.<\/li>\n<li>LAURENT, E. \u00abA luta da psican\u00e1lise contra a depress\u00e3o e o t\u00e9dio\u00bb, em\u00a0<i>Op\u00e7\u00e3o Lacaniana,\u00a0<\/i>n.21, pp. 88-91, S\u00e3o Paulo, Edi\u00e7\u00f5es Eolia, abril, 1998.<\/li>\n<li>LA SAGNA, P. \u00abEl sujeto a-formado del siglo de la in-formaci\u00f3n y el psicoan\u00e1lisis\u00bb, en\u00a0<i>El orden simb\u00f3lico en el siglo XXI.<\/i>\u00a0Grama ediciones, Buenos Aires, Argentina. 2012<\/li>\n<li>LAURENT, E. \u00abSe\u00f1al roja\u00bb, en\u00a0<i>El goce sin rostro.\u00a0<\/i>Ed. Tres Haches, Buenos Aires, Argentina. 2010. Entrevista realizada para Folha de Sao Paulo en la que habla sobre la medicalizaci\u00f3n de la existencia.<\/li>\n<li>LAURENT, D. \u00abVivir la pulsi\u00f3n en la transferencia\u00bb, en\u00a0<i>El orden simb\u00f3lico en el siglo XXI.<\/i>\u00a0Grama ediciones, Buenos Aires, Argentina. 2012<\/li>\n<li>MALENGREAU, P. \u00abPor uma cl\u00ednica de cuidados paliativos\u00bb, em\u00a0<i>Op\u00e7\u00e3o Lacaniana,<\/i>\u00a0n.13, pp. 87-90, S\u00e3o Paulo, Edi\u00e7\u00f5es Eolia, agosto 1995.<\/li>\n<li>MARIAGE, V. \u00abA voz (via\/vozes\/voto) do t\u00e9dio\u00bb, em\u00a0<i>Op\u00e7\u00e3o Lacaniana,\u00a0<\/i>n. 35, pp. 25-27. S\u00e3o Paulo, Edi\u00e7\u00f5es Eolia, janeiro 2003.<\/li>\n<li>MATTOS, S. \u00abUma biologia da outra satisfa\u00e7\u00e3o &#8211; o vivo lacaniano\u00bb, em\u00a0<i>Op\u00e7\u00e3o Lacaniana<\/i>, n. 28, pp. 75-81, S\u00e3o Paulo, Edi\u00e7\u00f5es Eolia, julho 2000.<\/li>\n<li>MILLER, J-A. \u00abA imagem do corpo em psican\u00e1lise\u00bb, em\u00a0<i>Op\u00e7\u00e3o Lacaniana<\/i>, n.52, pp. 17-27, S\u00e3o Paulo, Edi\u00e7\u00f5es Eolia, setembro 2008.<\/li>\n<li>MILLER, J-A. \u00abProgressos em psican\u00e1lise bastante lentos\u00bb, em\u00a0<i>Op\u00e7\u00e3o Lacaniana, n.<\/i>64, pp. 09-67, S\u00e3o Paulo, Edi\u00e7\u00f5es Eolia, dezembro 2012.<\/li>\n<li>MILLER, J.A. \u00abPecas Soltas\u00bb. Belo Horizonte: Escola Brasileira de Psicanalise &#8211; Se\u00e7\u00e3o Minas Gerais, 2005.<\/li>\n<li>MILLER, J.A. \u00abPecas Soltas\u00bb: Curso, 2004\/2005. Paris: ECF, 2005.<\/li>\n<li>SANTIAGO, A. L. \u00abDesordem no real e feminiza\u00e7\u00e3o do mundo\u00bb, em\u00a0<i>Op\u00e7\u00e3o Lacaniana,<\/i>\u00a0n. 61, pp. 07-09, S\u00e3o Paulo, Edi\u00e7\u00f5es Eolia, junho 2012<\/li>\n<li>SANTIAGO, J. \u00abO significante cont\u00e1bil do neo-higienismo\u00bb, em\u00a0<i>Op\u00e7\u00e3o Lacaniana,\u00a0<\/i>n. 39, pp. 04-08, S\u00e3o Paulo, Edi\u00e7\u00f5es Eolia, maio 2004.<\/li>\n<\/ul>\n<\/div><\/div><\/div><\/div><\/div>\n","protected":false},"excerpt":{"rendered":"","protected":false},"author":1,"featured_media":0,"parent":102,"menu_order":6,"comment_status":"closed","ping_status":"closed","template":"","meta":{"_monsterinsights_skip_tracking":false,"_monsterinsights_sitenote_active":false,"_monsterinsights_sitenote_note":"","_monsterinsights_sitenote_category":0,"footnotes":""},"_links":{"self":[{"href":"https:\/\/enapol.com\/vi\/wp-json\/wp\/v2\/pages\/1385"}],"collection":[{"href":"https:\/\/enapol.com\/vi\/wp-json\/wp\/v2\/pages"}],"about":[{"href":"https:\/\/enapol.com\/vi\/wp-json\/wp\/v2\/types\/page"}],"author":[{"embeddable":true,"href":"https:\/\/enapol.com\/vi\/wp-json\/wp\/v2\/users\/1"}],"replies":[{"embeddable":true,"href":"https:\/\/enapol.com\/vi\/wp-json\/wp\/v2\/comments?post=1385"}],"version-history":[{"count":2,"href":"https:\/\/enapol.com\/vi\/wp-json\/wp\/v2\/pages\/1385\/revisions"}],"predecessor-version":[{"id":1405,"href":"https:\/\/enapol.com\/vi\/wp-json\/wp\/v2\/pages\/1385\/revisions\/1405"}],"up":[{"embeddable":true,"href":"https:\/\/enapol.com\/vi\/wp-json\/wp\/v2\/pages\/102"}],"wp:attachment":[{"href":"https:\/\/enapol.com\/vi\/wp-json\/wp\/v2\/media?parent=1385"}],"curies":[{"name":"wp","href":"https:\/\/api.w.org\/{rel}","templated":true}]}}