{"id":141,"date":"2021-08-13T00:19:19","date_gmt":"2021-08-13T03:19:19","guid":{"rendered":"http:\/\/x-enapol.org\/vi\/?page_id=141"},"modified":"2021-08-17T19:16:46","modified_gmt":"2021-08-17T22:16:46","slug":"buenos-aires-lacaniana","status":"publish","type":"page","link":"https:\/\/enapol.com\/vi\/encuentro\/buenos-aires-lacaniana\/","title":{"rendered":"Buenos Aires Lacaniana"},"content":{"rendered":"<div class=\"fusion-fullwidth fullwidth-box fusion-builder-row-1 fusion-flex-container nonhundred-percent-fullwidth non-hundred-percent-height-scrolling\" style=\"--awb-border-radius-top-left:0px;--awb-border-radius-top-right:0px;--awb-border-radius-bottom-right:0px;--awb-border-radius-bottom-left:0px;--awb-flex-wrap:wrap;\" ><div class=\"fusion-builder-row fusion-row fusion-flex-align-items-flex-start fusion-flex-content-wrap\" style=\"max-width:1352px;margin-left: calc(-4% \/ 2 );margin-right: calc(-4% \/ 2 );\"><div class=\"fusion-layout-column fusion_builder_column fusion-builder-column-0 fusion_builder_column_1_1 1_1 fusion-flex-column\" style=\"--awb-bg-size:cover;--awb-width-large:100%;--awb-margin-top-large:0px;--awb-spacing-right-large:1.92%;--awb-margin-bottom-large:20px;--awb-spacing-left-large:1.92%;--awb-width-medium:100%;--awb-order-medium:0;--awb-spacing-right-medium:1.92%;--awb-spacing-left-medium:1.92%;--awb-width-small:100%;--awb-order-small:0;--awb-spacing-right-small:1.92%;--awb-spacing-left-small:1.92%;\"><div class=\"fusion-column-wrapper fusion-column-has-shadow fusion-flex-justify-content-flex-start fusion-content-layout-column\"><div class=\"fusion-image-element \" style=\"text-align:center;--awb-caption-title-font-family:var(--h2_typography-font-family);--awb-caption-title-font-weight:var(--h2_typography-font-weight);--awb-caption-title-font-style:var(--h2_typography-font-style);--awb-caption-title-size:var(--h2_typography-font-size);--awb-caption-title-transform:var(--h2_typography-text-transform);--awb-caption-title-line-height:var(--h2_typography-line-height);--awb-caption-title-letter-spacing:var(--h2_typography-letter-spacing);\"><span class=\" fusion-imageframe imageframe-none imageframe-1 hover-type-none\"><img decoding=\"async\" width=\"550\" height=\"64\" title=\"Buenos-Aires-Lacaniana-2\" src=\"http:\/\/enapol.com\/vi\/wp-content\/uploads\/sites\/8\/2021\/08\/Buenos-Aires-Lacaniana-2.png\" alt class=\"img-responsive wp-image-992\" srcset=\"https:\/\/enapol.com\/vi\/wp-content\/uploads\/sites\/8\/2021\/08\/Buenos-Aires-Lacaniana-2-200x23.png 200w, https:\/\/enapol.com\/vi\/wp-content\/uploads\/sites\/8\/2021\/08\/Buenos-Aires-Lacaniana-2-400x47.png 400w, https:\/\/enapol.com\/vi\/wp-content\/uploads\/sites\/8\/2021\/08\/Buenos-Aires-Lacaniana-2.png 550w\" sizes=\"(max-width: 1024px) 100vw, (max-width: 640px) 100vw, 550px\" \/><\/span><\/div><div class=\"fusion-separator fusion-full-width-sep\" style=\"align-self: center;margin-left: auto;margin-right: auto;margin-top:10px;margin-bottom:10px;width:100%;\"><\/div><div class=\"accordian fusion-accordian\" style=\"--awb-border-size:0px;--awb-icon-size:16px;--awb-content-font-size:15px;--awb-icon-alignment:left;--awb-hover-color:#bfae9f;--awb-border-color:#cccccc;--awb-background-color:#bfae9f;--awb-divider-color:rgba(224,222,222,0);--awb-divider-hover-color:rgba(224,222,222,0);--awb-icon-color:#ffffff;--awb-title-color:#c5161d;--awb-content-color:#333333;--awb-icon-box-color:#333333;--awb-toggle-hover-accent-color:#c5161d;--awb-title-font-family:&quot;Raleway&quot;;--awb-title-font-weight:600;--awb-title-font-style:normal;--awb-title-line-height:1.5;--awb-content-font-family:&quot;Montserrat&quot;;--awb-content-font-style:normal;--awb-content-font-weight:500;\"><div class=\"panel-group fusion-toggle-icon-boxed\" id=\"accordion-141-1\"><div class=\"fusion-panel panel-default panel-01db8ef4ecbb06126 fusion-toggle-no-divider fusion-toggle-boxed-mode\"><div class=\"panel-heading\"><h4 class=\"panel-title toggle\" id=\"toggle_01db8ef4ecbb06126\"><a aria-expanded=\"false\" aria-controls=\"01db8ef4ecbb06126\" role=\"button\" data-toggle=\"collapse\" data-parent=\"#accordion-141-1\" data-target=\"#01db8ef4ecbb06126\" href=\"#01db8ef4ecbb06126\"><span class=\"fusion-toggle-icon-wrapper\" aria-hidden=\"true\"><i class=\"fa-fusion-box active-icon awb-icon-minus\" aria-hidden=\"true\"><\/i><i class=\"fa-fusion-box inactive-icon awb-icon-plus\" aria-hidden=\"true\"><\/i><\/span><span class=\"fusion-toggle-heading\">Jueves 14 a Mi\u00e9rcoles 20\/11 - ACREDITACI\u00d3N ANTICIPADA<\/span><\/a><\/h4><\/div><div id=\"01db8ef4ecbb06126\" class=\"panel-collapse collapse \" aria-labelledby=\"toggle_01db8ef4ecbb06126\"><div class=\"panel-body toggle-content fusion-clearfix\">\n<p style=\"text-align: justify;\">Informamos que se podr\u00e1 realizar la acreditaci\u00f3n anticipada al VI ENAPOL y las XXII Jornadas Anuales de la EOL, a partir del d\u00eda jueves 14 y hasta el mi\u00e9rcoles 20 de noviembre de 10:00 a 20:00hs, y el jueves 21 de noviembre de 10:00 a 14:00hs, en la sede de la EOL. Av. Callao 1033,5to.piso CABA<\/p>\n<p style=\"text-align: justify;\">Luego de esas fechas, la acreditaci\u00f3n a ambos eventos se realizar\u00e1 en el Hotel Panamericano.<\/p>\n<p style=\"text-align: justify;\">Es aconsejable realizar la acreditaci\u00f3n de manera anticipada para una mejor organizaci\u00f3n de las actividades.<\/p>\n<p style=\"text-align: justify;\">Y junto con la acreditaci\u00f3n anticipada, recibir\u00e1 una invitaci\u00f3n (que deber\u00e1 tener en mano) para la <strong>Recepci\u00f3n y Brindis de Apertura del VI ENAPOL<\/strong>, el Jueves 21 de 20 a 22 hs, en el Museo de Artes Pl\u00e1sticas Eduardo Sivori (Av. Infanta Isabel 555, frente al puente del Rosedal de Palermo).<\/p>\n<\/div><\/div><\/div><div class=\"fusion-panel panel-default panel-2473cb67ecd1ab6e1 fusion-toggle-no-divider fusion-toggle-boxed-mode\"><div class=\"panel-heading\"><h4 class=\"panel-title toggle\" id=\"toggle_2473cb67ecd1ab6e1\"><a aria-expanded=\"false\" aria-controls=\"2473cb67ecd1ab6e1\" role=\"button\" data-toggle=\"collapse\" data-parent=\"#accordion-141-1\" data-target=\"#2473cb67ecd1ab6e1\" href=\"#2473cb67ecd1ab6e1\"><span class=\"fusion-toggle-icon-wrapper\" aria-hidden=\"true\"><i class=\"fa-fusion-box active-icon awb-icon-minus\" aria-hidden=\"true\"><\/i><i class=\"fa-fusion-box inactive-icon awb-icon-plus\" aria-hidden=\"true\"><\/i><\/span><span class=\"fusion-toggle-heading\">Martes 19\/11<\/span><\/a><\/h4><\/div><div id=\"2473cb67ecd1ab6e1\" class=\"panel-collapse collapse \" aria-labelledby=\"toggle_2473cb67ecd1ab6e1\"><div class=\"panel-body toggle-content fusion-clearfix\">\n<ul>\n<li>9 a 12 hs. &#8211; <strong>Conversaci\u00f3n Cl\u00ednica del ICdeBA<\/strong><br \/>\nHotel Panamericano &#8211; Carlos Pellegrini 551Con la presencia de <strong>Eric Laurent<\/strong>Presentaci\u00f3n de tres casos provenientes de Presentaciones de Enfermos de las Unidades Cl\u00ednicas del ICdeBA<\/li>\n<li>12:45 &#8211; <strong>Conferencia de Eric Laurent en la Facultad de Psicolog\u00eda de la Universidad de Buenos Aires (UBA)<\/strong><\/li>\n<\/ul>\n<p><img decoding=\"async\" class=\"size-full wp-image-971 aligncenter\" src=\"http:\/\/enapol.com\/vi\/wp-content\/uploads\/sites\/8\/2021\/08\/Conferencia-Eric-Laurent.jpg\" alt=\"\" width=\"441\" height=\"624\" srcset=\"https:\/\/enapol.com\/vi\/wp-content\/uploads\/sites\/8\/2021\/08\/Conferencia-Eric-Laurent-200x283.jpg 200w, https:\/\/enapol.com\/vi\/wp-content\/uploads\/sites\/8\/2021\/08\/Conferencia-Eric-Laurent-212x300.jpg 212w, https:\/\/enapol.com\/vi\/wp-content\/uploads\/sites\/8\/2021\/08\/Conferencia-Eric-Laurent-400x566.jpg 400w, https:\/\/enapol.com\/vi\/wp-content\/uploads\/sites\/8\/2021\/08\/Conferencia-Eric-Laurent.jpg 441w\" sizes=\"(max-width: 441px) 100vw, 441px\" \/><\/p>\n<\/div><\/div><\/div><div class=\"fusion-panel panel-default panel-997b486ad0ece86a1 fusion-toggle-no-divider fusion-toggle-boxed-mode\"><div class=\"panel-heading\"><h4 class=\"panel-title toggle\" id=\"toggle_997b486ad0ece86a1\"><a aria-expanded=\"false\" aria-controls=\"997b486ad0ece86a1\" role=\"button\" data-toggle=\"collapse\" data-parent=\"#accordion-141-1\" data-target=\"#997b486ad0ece86a1\" href=\"#997b486ad0ece86a1\"><span class=\"fusion-toggle-icon-wrapper\" aria-hidden=\"true\"><i class=\"fa-fusion-box active-icon awb-icon-minus\" aria-hidden=\"true\"><\/i><i class=\"fa-fusion-box inactive-icon awb-icon-plus\" aria-hidden=\"true\"><\/i><\/span><span class=\"fusion-toggle-heading\">Mi\u00e9rcoles 20\/11<\/span><\/a><\/h4><\/div><div id=\"997b486ad0ece86a1\" class=\"panel-collapse collapse \" aria-labelledby=\"toggle_997b486ad0ece86a1\"><div class=\"panel-body toggle-content fusion-clearfix\">\n<ul>\n<li>8:30 a 13:30 hs. &#8211; <strong>Jornada de la Nueva Red CEREDA Am\u00e9rica \u00abCuerpo, saber y secreto en la infancia\u00bb<\/strong>. Con la presencia de Eric Laurent<\/li>\n<\/ul>\n<p><img decoding=\"async\" class=\"size-full wp-image-974 aligncenter\" src=\"http:\/\/enapol.com\/vi\/wp-content\/uploads\/sites\/8\/2021\/08\/clip_image003.jpg\" alt=\"\" width=\"277\" height=\"333\" srcset=\"https:\/\/enapol.com\/vi\/wp-content\/uploads\/sites\/8\/2021\/08\/clip_image003-200x240.jpg 200w, https:\/\/enapol.com\/vi\/wp-content\/uploads\/sites\/8\/2021\/08\/clip_image003-250x300.jpg 250w, https:\/\/enapol.com\/vi\/wp-content\/uploads\/sites\/8\/2021\/08\/clip_image003.jpg 277w\" sizes=\"(max-width: 277px) 100vw, 277px\" \/><\/p>\n<ul>\n<li>14 a 19 hs \u2013 <strong>Jornada Internacional del CIEN<\/strong> (Hotel Panamericano &#8211; Carlos Pellegrini 551), con la presencia de Eric Laurent y Juan Carlos Indart<\/li>\n<\/ul>\n<p><img decoding=\"async\" class=\"size-full wp-image-975 aligncenter\" src=\"http:\/\/enapol.com\/vi\/wp-content\/uploads\/sites\/8\/2021\/08\/clip_image004.jpg\" alt=\"\" width=\"366\" height=\"527\" srcset=\"https:\/\/enapol.com\/vi\/wp-content\/uploads\/sites\/8\/2021\/08\/clip_image004-200x288.jpg 200w, https:\/\/enapol.com\/vi\/wp-content\/uploads\/sites\/8\/2021\/08\/clip_image004-208x300.jpg 208w, https:\/\/enapol.com\/vi\/wp-content\/uploads\/sites\/8\/2021\/08\/clip_image004.jpg 366w\" sizes=\"(max-width: 366px) 100vw, 366px\" \/><\/p>\n<p><b>Avances del programa Jornada INTERNACIONAL CIEN 2013<\/b><br \/>\n<b>13 horas<\/b>: Acreditaci\u00f3n<\/p>\n<p><b>14 horas:<\/b>\u00a0<i>Mesa de Apertura<\/i>\u00a0a cargo de:<br \/>\n&#8211; Graciela Chester, por la comisi\u00f3n organizadora de la JORNADA INTERNACIONAL del CIEN 2013<br \/>\n&#8211; Ana Martha Wilson Maia, por la Coordinadora del CIEN Brasil y el libro\u00a0<i>Crian\u00e7as falam! E tem o que dizer. A experi\u00eancia do Cien no Brasil<\/i><br \/>\n&#8211; Hern\u00e1n Vilar, por la presentaci\u00f3n de\u00a0<b>EL NI\u00d1O 13<\/b>, revista internacional del CIEN<\/p>\n<p><b>14.15 a 16.00 horas:<\/b>\u00a0<i>Primera Mesa<\/i><br \/>\nPresentaci\u00f3n de los laboratorios agrupados bajo las r\u00fabricas:<br \/>\n<i>&#8211; Impasses y salidas<\/i><br \/>\n<i>&#8211; Hacerse Interlocutores I<\/i><br \/>\nComentarios y discusi\u00f3n a cargo de E. Laurent \u2013 Coordina Elena Nicoletti<\/p>\n<p><b>16.00 a 17.45 horas:<\/b>\u00a0<i>Segunda Mesa<\/i><br \/>\nPresentaci\u00f3n de los laboratorios agrupados bajo las r\u00fabricas:<br \/>\n<i>&#8211; Invenciones<\/i><br \/>\n<i>&#8211; Hacerse Interlocutores II<\/i><br \/>\nComentarios y discusi\u00f3n a cargo de R\u00f3mulo Ferreira da Silva \u2013 Coordina Marita Manzotti<\/p>\n<p><b>17.45 horas:<\/b>\u00a0Puntuaciones y cierre a cargo de Juan Carlos Indart &#8211; Acompa\u00f1a B. Udenio<\/p>\n<p><b>18.45 horas:<\/b>\u00a0\u00a1SORPRESA!<\/p>\n<p><b>9 a 18:30 hs &#8211; Seminario INES de la NEL<\/b><br \/>\nSede EOL: Av. Callao 1033, 5\u00b0 piso<br \/>\ncon la presencia de Miquel Bassols<\/p>\n<p><img decoding=\"async\" class=\"size-full wp-image-979 aligncenter\" src=\"http:\/\/enapol.com\/vi\/wp-content\/uploads\/sites\/8\/2021\/08\/clip_image005.jpg\" alt=\"\" width=\"264\" height=\"408\" srcset=\"https:\/\/enapol.com\/vi\/wp-content\/uploads\/sites\/8\/2021\/08\/clip_image005-194x300.jpg 194w, https:\/\/enapol.com\/vi\/wp-content\/uploads\/sites\/8\/2021\/08\/clip_image005-200x309.jpg 200w, https:\/\/enapol.com\/vi\/wp-content\/uploads\/sites\/8\/2021\/08\/clip_image005.jpg 264w\" sizes=\"(max-width: 264px) 100vw, 264px\" \/><\/p>\n<p><b>20 hs. &#8211; Reuni\u00f3n FIBOL<\/b><br \/>\n<b>Sede EOL\u00a0<\/b><b>&#8211;\u00a0<\/b>Av. Callao 1033, 5\u00b0 piso<\/p>\n<p>A cargo de Adriana Testa y los Coordinadores de Bibliotecas:<br \/>\nTania Abreu (EBP), Adolfo Ru\u00edz Londo\u00f1o (NEL) y M\u00f3nica Wons (EOL).<\/p>\n<\/div><\/div><\/div><div class=\"fusion-panel panel-default panel-9065efe344d549639 fusion-toggle-no-divider fusion-toggle-boxed-mode\"><div class=\"panel-heading\"><h4 class=\"panel-title toggle\" id=\"toggle_9065efe344d549639\"><a aria-expanded=\"false\" aria-controls=\"9065efe344d549639\" role=\"button\" data-toggle=\"collapse\" data-parent=\"#accordion-141-1\" data-target=\"#9065efe344d549639\" href=\"#9065efe344d549639\"><span class=\"fusion-toggle-icon-wrapper\" aria-hidden=\"true\"><i class=\"fa-fusion-box active-icon awb-icon-minus\" aria-hidden=\"true\"><\/i><i class=\"fa-fusion-box inactive-icon awb-icon-plus\" aria-hidden=\"true\"><\/i><\/span><span class=\"fusion-toggle-heading\">Jueves 21\/11 - ACTIVIDADES, COCKTAIL DE APERTURA<\/span><\/a><\/h4><\/div><div id=\"9065efe344d549639\" class=\"panel-collapse collapse \" aria-labelledby=\"toggle_9065efe344d549639\"><div class=\"panel-body toggle-content fusion-clearfix\">\n<ul>\n<li>9 a 13 hs. &#8211; <strong>Seminario INES de la NEL<\/strong>, con la presencia de Miquel Bassols \u2013 Sede Pausa &#8211; Paraguay 1855<\/li>\n<\/ul>\n<p><img decoding=\"async\" class=\"size-full wp-image-979 aligncenter\" src=\"http:\/\/enapol.com\/vi\/wp-content\/uploads\/sites\/8\/2021\/08\/clip_image005.jpg\" alt=\"\" width=\"264\" height=\"408\" srcset=\"https:\/\/enapol.com\/vi\/wp-content\/uploads\/sites\/8\/2021\/08\/clip_image005-194x300.jpg 194w, https:\/\/enapol.com\/vi\/wp-content\/uploads\/sites\/8\/2021\/08\/clip_image005-200x309.jpg 200w, https:\/\/enapol.com\/vi\/wp-content\/uploads\/sites\/8\/2021\/08\/clip_image005.jpg 264w\" sizes=\"(max-width: 264px) 100vw, 264px\" \/><\/p>\n<ul>\n<li>9 a 12:30 hs. \u2013 <b>Primera Conversaci\u00f3n del TyA Am\u00e9rica \u2013 <\/b>Sede EOL &#8211; Av. Callao 1033, 5\u00b0 piso<\/li>\n<\/ul>\n<p><img decoding=\"async\" class=\"size-full wp-image-981 aligncenter\" src=\"http:\/\/enapol.com\/vi\/wp-content\/uploads\/sites\/8\/2021\/08\/TyA.jpg\" alt=\"\" width=\"248\" height=\"351\" srcset=\"https:\/\/enapol.com\/vi\/wp-content\/uploads\/sites\/8\/2021\/08\/TyA-200x283.jpg 200w, https:\/\/enapol.com\/vi\/wp-content\/uploads\/sites\/8\/2021\/08\/TyA-212x300.jpg 212w, https:\/\/enapol.com\/vi\/wp-content\/uploads\/sites\/8\/2021\/08\/TyA.jpg 248w\" sizes=\"(max-width: 248px) 100vw, 248px\" \/><\/p>\n<ul>\n<li>13 a 19 hs. &#8211; <strong>Seminario Haun de la EBP \u00abLecturas del Seminario 19 de Jacques Lacan\u00bb<\/strong>, con la presencia de Eric Laurent \u2013 Hotel Panamericano &#8211; Carlos Pellegrini 551<\/li>\n<\/ul>\n<p><img decoding=\"async\" class=\"size-full wp-image-982 aligncenter\" src=\"http:\/\/enapol.com\/vi\/wp-content\/uploads\/sites\/8\/2021\/08\/clip_image006-1.jpg\" alt=\"\" width=\"204\" height=\"269\" srcset=\"https:\/\/enapol.com\/vi\/wp-content\/uploads\/sites\/8\/2021\/08\/clip_image006-1-200x264.jpg 200w, https:\/\/enapol.com\/vi\/wp-content\/uploads\/sites\/8\/2021\/08\/clip_image006-1.jpg 204w\" sizes=\"(max-width: 204px) 100vw, 204px\" \/><\/p>\n<ul>\n<li>14 a 19 hs. &#8211; S<strong>eminario intensivo del IOM2<\/strong> \u2013 Sede EOL &#8211; Av. Callao 1033, 5\u00b0 piso<\/li>\n<\/ul>\n<p><img decoding=\"async\" class=\"size-full wp-image-983 aligncenter\" src=\"http:\/\/enapol.com\/vi\/wp-content\/uploads\/sites\/8\/2021\/08\/clip_image007.jpg\" alt=\"\" width=\"280\" height=\"138\" srcset=\"https:\/\/enapol.com\/vi\/wp-content\/uploads\/sites\/8\/2021\/08\/clip_image007-200x99.jpg 200w, https:\/\/enapol.com\/vi\/wp-content\/uploads\/sites\/8\/2021\/08\/clip_image007.jpg 280w\" sizes=\"(max-width: 280px) 100vw, 280px\" \/><\/p>\n<hr \/>\n<p><strong>Recepci\u00f3n y brindis de apertura<\/strong><\/p>\n<p>Por fin se va a encontrar con sus amigos<\/p>\n<p>Hace como dos a\u00f1os que no se ven!!<\/p>\n<p>Viven en distintos pa\u00edses, est\u00e1n muy ocupados, viven en distintas ciudades&#8230;<\/p>\n<p>Pero ahora podr\u00e1n encontrarse, y brindar por eso!<\/p>\n<p><img decoding=\"async\" class=\"size-full wp-image-984 aligncenter\" src=\"http:\/\/enapol.com\/vi\/wp-content\/uploads\/sites\/8\/2021\/08\/063_Obra.jpg\" alt=\"\" width=\"450\" height=\"358\" srcset=\"https:\/\/enapol.com\/vi\/wp-content\/uploads\/sites\/8\/2021\/08\/063_Obra-177x142.jpg 177w, https:\/\/enapol.com\/vi\/wp-content\/uploads\/sites\/8\/2021\/08\/063_Obra-200x159.jpg 200w, https:\/\/enapol.com\/vi\/wp-content\/uploads\/sites\/8\/2021\/08\/063_Obra-300x239.jpg 300w, https:\/\/enapol.com\/vi\/wp-content\/uploads\/sites\/8\/2021\/08\/063_Obra-400x318.jpg 400w, https:\/\/enapol.com\/vi\/wp-content\/uploads\/sites\/8\/2021\/08\/063_Obra.jpg 450w\" sizes=\"(max-width: 450px) 100vw, 450px\" \/><\/p>\n<p style=\"text-align: center;\"><i>Miguel Angel Ferreira. Alma del metegol<\/i><br \/>\n<i>(una de las obras en exposici\u00f3n en el Museo)<\/i><\/p>\n<p>El Museo de artes pl\u00e1sticas Eduardo Sivori\u00a0<a href=\"http:\/\/www.museosivori.org.ar\/\" target=\"_blank\" rel=\"noopener\">http:\/\/www.museosivori.org.ar<\/a><br \/>\nabre sus puertas el jueves 21 de noviembre de 20 a 22 hs<br \/>\npara realizar el brindis con el que daremos comienzo al VI ENAPOL.<br \/>\nEn los jardines del museo, un cocktail y la m\u00fasica en vivo de una banda de jazz\u00a0<a href=\"http:\/\/www.facebook.com\/GVjazzband\" target=\"_blank\" rel=\"noopener\">http:\/\/www.facebook.com\/GVjazzband<\/a><br \/>\nnos brindar\u00e1n el marco propicio para un encuentro \u00fanico.<\/p>\n<p>Los esperamos !!!<\/p>\n<p><b>Importante: Ser\u00e1 necesario contar con la invitaci\u00f3n que se entregar\u00e1 con la acreditaci\u00f3n al Enapol<\/b><\/p>\n<\/div><\/div><\/div><div class=\"fusion-panel panel-default panel-781244e4e9dc04b92 fusion-toggle-no-divider fusion-toggle-boxed-mode\"><div class=\"panel-heading\"><h4 class=\"panel-title toggle\" id=\"toggle_781244e4e9dc04b92\"><a aria-expanded=\"false\" aria-controls=\"781244e4e9dc04b92\" role=\"button\" data-toggle=\"collapse\" data-parent=\"#accordion-141-1\" data-target=\"#781244e4e9dc04b92\" href=\"#781244e4e9dc04b92\"><span class=\"fusion-toggle-icon-wrapper\" aria-hidden=\"true\"><i class=\"fa-fusion-box active-icon awb-icon-minus\" aria-hidden=\"true\"><\/i><i class=\"fa-fusion-box inactive-icon awb-icon-plus\" aria-hidden=\"true\"><\/i><\/span><span class=\"fusion-toggle-heading\">Viernes 22\/11 - MESAS PLENARIAS y SIMULT\u00c1NEAS<\/span><\/a><\/h4><\/div><div id=\"781244e4e9dc04b92\" class=\"panel-collapse collapse \" aria-labelledby=\"toggle_781244e4e9dc04b92\"><div class=\"panel-body toggle-content fusion-clearfix\">\n<div ><a class=\"fusion-button button-flat fusion-button-default-size button-default fusion-button-default button-1 fusion-button-default-span fusion-button-default-type\" target=\"_self\" href=\"http:\/\/enapol.com\/vi\/programa\/\"><span class=\"fusion-button-text\">PROGRAMA<\/span><\/a><\/div>\n<\/div><\/div><\/div><div class=\"fusion-panel panel-default panel-bc0ebfe1a7056bd3c fusion-toggle-no-divider fusion-toggle-boxed-mode\"><div class=\"panel-heading\"><h4 class=\"panel-title toggle\" id=\"toggle_bc0ebfe1a7056bd3c\"><a aria-expanded=\"false\" aria-controls=\"bc0ebfe1a7056bd3c\" role=\"button\" data-toggle=\"collapse\" data-parent=\"#accordion-141-1\" data-target=\"#bc0ebfe1a7056bd3c\" href=\"#bc0ebfe1a7056bd3c\"><span class=\"fusion-toggle-icon-wrapper\" aria-hidden=\"true\"><i class=\"fa-fusion-box active-icon awb-icon-minus\" aria-hidden=\"true\"><\/i><i class=\"fa-fusion-box inactive-icon awb-icon-plus\" aria-hidden=\"true\"><\/i><\/span><span class=\"fusion-toggle-heading\">S\u00e1bado 23\/11 - CONVERSACIONES, SIMULTANEAS y GRAN RECITAL DE CIERRE<\/span><\/a><\/h4><\/div><div id=\"bc0ebfe1a7056bd3c\" class=\"panel-collapse collapse \" aria-labelledby=\"toggle_bc0ebfe1a7056bd3c\"><div class=\"panel-body toggle-content fusion-clearfix\">\n<p><strong>La Gran Conversaci\u00f3n del s\u00e1bado<\/strong><\/p>\n<p>La Conversaci\u00f3n es una actividad programada para la ma\u00f1ana del s\u00e1bado 23 de noviembre.<\/p>\n<p>Se tratar\u00e1 de 14 conversaciones simult\u00e1neas, repartidas en dos bandas horarias de una hora y 45 minutos cada una.<\/p>\n<p>La Direcci\u00f3n Ejecutiva ha propuesto 14 miembros de cada Escuela para dirigir un trabajo de investigaci\u00f3n durante el a\u00f1o 2013, sobre un tema extra\u00eddo de los ejes y sub-ejes del VI ENAPOL.<\/p>\n<p>Cada Conversaci\u00f3n estar\u00e1 compuesta por un integrante de la EOL, uno de la EBP y uno de la NEL, que han estado en interlocuci\u00f3n durante este a\u00f1o.<\/p>\n<p>Cada uno de ellos a su vez, arm\u00f3 un peque\u00f1o grupo de trabajo de entre 5 a 10 personas, para investigar el tema.<\/p>\n<p>En el ENAPOL se encontrar\u00e1n por primera vez todos, y animar\u00e1n con los resultados de su trabajo la gran Conversaci\u00f3n.<\/p>\n<p>A su vez, dos Presidentes de mesa animar\u00e1n la interlocuci\u00f3n.<\/p>\n<p>Cada uno de los tres Relatores ha escrito el resultado de la investigaci\u00f3n realizada con su grupo.<\/p>\n<p>Los textos est\u00e1n publicados en la p\u00e1gina en <a href=\"http:\/\/enapol.com\/vi\/conversaciones\/\"><strong>Castellano<\/strong><\/a> y <a href=\"http:\/\/enapol.com\/vi\/pt\/conversacoes\/\"><strong>Portugu\u00e9s<\/strong><\/a>.<\/p>\n<p>Durante la Conversaci\u00f3n, los textos no ser\u00e1n le\u00eddos. Cada relator presentar\u00e1 un resumen del trabajo de cinco minutos. Los asistentes interesados en cada conversaci\u00f3n, deber\u00e1n haber le\u00eddo previamente el trabajo desde la p\u00e1gina.<\/p>\n<p>La Conversaci\u00f3n entre los Presidentes, los Relatores, los grupos de trabajo y el p\u00fablico asistente promete un muy interesante saldo de trabajo.<br \/>\nSer\u00e1 un nuevo dispositivo de investigaci\u00f3n. Sus resultados ser\u00e1n probados en el VI ENAPOL.<\/p>\n<div ><a class=\"fusion-button button-flat fusion-button-default-size button-default fusion-button-default button-2 fusion-button-default-span fusion-button-default-type\" target=\"_self\" href=\"http:\/\/enapol.com\/vi\/programa\/\"><span class=\"fusion-button-text\">PROGRAMA<\/span><\/a><\/div>\n<hr \/>\n<p><b>GRAN RECITAL DE CIERRE<\/b><\/p>\n<p><i>Tantas veces<br \/>\nse sinti\u00f3 tan s\u00f3lo y triste aqu\u00ed en este mundo abandonado<\/i><\/p>\n<p><i>Tantas veces<br \/>\ntuvo una idea, la de irse al lugar que m\u00e1s quiera<\/i><\/p>\n<p><i>Tantas veces<br \/>\nSe fue, porque dicen que viajando se fortalece el coraz\u00f3n<\/i><\/p>\n<p><i>Tantas veces<br \/>\nandar un nuevo camino le hizo olvidar al anterior<\/i><\/p>\n<p><i>Tantas veces<br \/>\nquiso volar, y volaaaaaar<\/i><\/p>\n<p><i>Le suena?<\/i><\/p>\n<p><i>Siiiiiiii, ya se dio cuenta<\/i><\/p>\n<p><i>Pero &#8230; \u00bfy esto?<\/i><\/p>\n<p><i>\u00bfqu\u00e9 tiene que ver con el ENAPOL??<\/i><\/p>\n<p><i>Siiiiii, ya se dio cuenta!!!!<\/i><\/p>\n<p class=\"Titulo2\">Litto Nebbia tocar\u00e1 sus canciones en el cierre del\u00a0<b>VI ENAPOL<\/b>!!!<\/p>\n<p class=\"Titulo2\">Puede creerlo?? nosotros tampoco!!!!<\/p>\n<p><img decoding=\"async\" class=\"size-full wp-image-989 aligncenter\" src=\"http:\/\/enapol.com\/vi\/wp-content\/uploads\/sites\/8\/2021\/08\/061_Litto-Nebia.jpg\" alt=\"\" width=\"508\" height=\"381\" srcset=\"https:\/\/enapol.com\/vi\/wp-content\/uploads\/sites\/8\/2021\/08\/061_Litto-Nebia-200x150.jpg 200w, https:\/\/enapol.com\/vi\/wp-content\/uploads\/sites\/8\/2021\/08\/061_Litto-Nebia-300x225.jpg 300w, https:\/\/enapol.com\/vi\/wp-content\/uploads\/sites\/8\/2021\/08\/061_Litto-Nebia-400x300.jpg 400w, https:\/\/enapol.com\/vi\/wp-content\/uploads\/sites\/8\/2021\/08\/061_Litto-Nebia.jpg 508w\" sizes=\"(max-width: 508px) 100vw, 508px\" \/><\/p>\n<p class=\"Titulo4\">Litto Nebbia &#8211; M\u00fasica para inconscientes<\/p>\n<p class=\"Titulo4\">El cierre del\u00a0<b>VI ENAPOL<\/b>\u00a0ser\u00e1 en el sal\u00f3n Gran Panamericano<br \/>\nel s\u00e1bado 23 de Noviembre al finalizar las mesas simult\u00e1neas<br \/>\nLitto Nebbia nos construir\u00e1 una balsa&#8230;<\/p>\n<\/div><\/div><\/div><div class=\"fusion-panel panel-default panel-e517cb426cf313269 fusion-toggle-no-divider fusion-toggle-boxed-mode\"><div class=\"panel-heading\"><h4 class=\"panel-title toggle\" id=\"toggle_e517cb426cf313269\"><a aria-expanded=\"false\" aria-controls=\"e517cb426cf313269\" role=\"button\" data-toggle=\"collapse\" data-parent=\"#accordion-141-1\" data-target=\"#e517cb426cf313269\" href=\"#e517cb426cf313269\"><span class=\"fusion-toggle-icon-wrapper\" aria-hidden=\"true\"><i class=\"fa-fusion-box active-icon awb-icon-minus\" aria-hidden=\"true\"><\/i><i class=\"fa-fusion-box inactive-icon awb-icon-plus\" aria-hidden=\"true\"><\/i><\/span><span class=\"fusion-toggle-heading\">Domingo 24 y Lunes 25\/11 - JORNADAS EOL<\/span><\/a><\/h4><\/div><div id=\"e517cb426cf313269\" class=\"panel-collapse collapse \" aria-labelledby=\"toggle_e517cb426cf313269\"><div class=\"panel-body toggle-content fusion-clearfix\">\n<div ><a class=\"fusion-button button-flat fusion-button-default-size button-default fusion-button-default button-3 fusion-button-default-span fusion-button-default-type\" target=\"_self\" href=\"http:\/\/www.eol.org.ar\/template.asp?Sec=jornadas&amp;SubSec=jornadas_eol&amp;File=jornadas_eol\/022\/inicio.html\"><span class=\"fusion-button-text\">ENLACE<\/span><\/a><\/div>\n<\/div><\/div><\/div><\/div><\/div><\/div><\/div><\/div><\/div>\n","protected":false},"excerpt":{"rendered":"","protected":false},"author":1,"featured_media":0,"parent":22,"menu_order":4,"comment_status":"closed","ping_status":"closed","template":"","meta":{"_monsterinsights_skip_tracking":false,"_monsterinsights_sitenote_active":false,"_monsterinsights_sitenote_note":"","_monsterinsights_sitenote_category":0,"footnotes":""},"_links":{"self":[{"href":"https:\/\/enapol.com\/vi\/wp-json\/wp\/v2\/pages\/141"}],"collection":[{"href":"https:\/\/enapol.com\/vi\/wp-json\/wp\/v2\/pages"}],"about":[{"href":"https:\/\/enapol.com\/vi\/wp-json\/wp\/v2\/types\/page"}],"author":[{"embeddable":true,"href":"https:\/\/enapol.com\/vi\/wp-json\/wp\/v2\/users\/1"}],"replies":[{"embeddable":true,"href":"https:\/\/enapol.com\/vi\/wp-json\/wp\/v2\/comments?post=141"}],"version-history":[{"count":20,"href":"https:\/\/enapol.com\/vi\/wp-json\/wp\/v2\/pages\/141\/revisions"}],"predecessor-version":[{"id":994,"href":"https:\/\/enapol.com\/vi\/wp-json\/wp\/v2\/pages\/141\/revisions\/994"}],"up":[{"embeddable":true,"href":"https:\/\/enapol.com\/vi\/wp-json\/wp\/v2\/pages\/22"}],"wp:attachment":[{"href":"https:\/\/enapol.com\/vi\/wp-json\/wp\/v2\/media?parent=141"}],"curies":[{"name":"wp","href":"https:\/\/api.w.org\/{rel}","templated":true}]}}