{"id":143,"date":"2021-08-13T00:19:37","date_gmt":"2021-08-13T03:19:37","guid":{"rendered":"http:\/\/x-enapol.org\/vi\/?page_id=143"},"modified":"2021-08-17T21:59:10","modified_gmt":"2021-08-18T00:59:10","slug":"buenos-aires-lacaniana","status":"publish","type":"page","link":"https:\/\/enapol.com\/vi\/pt\/encontro\/buenos-aires-lacaniana\/","title":{"rendered":"Buenos Aires Lacaniana"},"content":{"rendered":"<div class=\"fusion-fullwidth fullwidth-box fusion-builder-row-1 fusion-flex-container nonhundred-percent-fullwidth non-hundred-percent-height-scrolling\" style=\"--awb-border-radius-top-left:0px;--awb-border-radius-top-right:0px;--awb-border-radius-bottom-right:0px;--awb-border-radius-bottom-left:0px;--awb-flex-wrap:wrap;\" ><div class=\"fusion-builder-row fusion-row fusion-flex-align-items-flex-start fusion-flex-content-wrap\" style=\"max-width:1352px;margin-left: calc(-4% \/ 2 );margin-right: calc(-4% \/ 2 );\"><div class=\"fusion-layout-column fusion_builder_column fusion-builder-column-0 fusion_builder_column_1_1 1_1 fusion-flex-column\" style=\"--awb-bg-size:cover;--awb-width-large:100%;--awb-margin-top-large:0px;--awb-spacing-right-large:1.92%;--awb-margin-bottom-large:20px;--awb-spacing-left-large:1.92%;--awb-width-medium:100%;--awb-order-medium:0;--awb-spacing-right-medium:1.92%;--awb-spacing-left-medium:1.92%;--awb-width-small:100%;--awb-order-small:0;--awb-spacing-right-small:1.92%;--awb-spacing-left-small:1.92%;\"><div class=\"fusion-column-wrapper fusion-column-has-shadow fusion-flex-justify-content-flex-start fusion-content-layout-column\"><div class=\"fusion-image-element \" style=\"text-align:center;--awb-caption-title-font-family:var(--h2_typography-font-family);--awb-caption-title-font-weight:var(--h2_typography-font-weight);--awb-caption-title-font-style:var(--h2_typography-font-style);--awb-caption-title-size:var(--h2_typography-font-size);--awb-caption-title-transform:var(--h2_typography-text-transform);--awb-caption-title-line-height:var(--h2_typography-line-height);--awb-caption-title-letter-spacing:var(--h2_typography-letter-spacing);\"><span class=\" fusion-imageframe imageframe-none imageframe-1 hover-type-none\"><img decoding=\"async\" width=\"550\" height=\"64\" title=\"Buenos-Aires-Lacaniana-2\" src=\"http:\/\/enapol.com\/vi\/wp-content\/uploads\/sites\/8\/2021\/08\/Buenos-Aires-Lacaniana-2.png\" alt class=\"img-responsive wp-image-992\" srcset=\"https:\/\/enapol.com\/vi\/wp-content\/uploads\/sites\/8\/2021\/08\/Buenos-Aires-Lacaniana-2-200x23.png 200w, https:\/\/enapol.com\/vi\/wp-content\/uploads\/sites\/8\/2021\/08\/Buenos-Aires-Lacaniana-2-400x47.png 400w, https:\/\/enapol.com\/vi\/wp-content\/uploads\/sites\/8\/2021\/08\/Buenos-Aires-Lacaniana-2.png 550w\" sizes=\"(max-width: 1024px) 100vw, (max-width: 640px) 100vw, 550px\" \/><\/span><\/div><div class=\"fusion-separator fusion-full-width-sep\" style=\"align-self: center;margin-left: auto;margin-right: auto;margin-top:10px;margin-bottom:10px;width:100%;\"><\/div><div class=\"accordian fusion-accordian\" style=\"--awb-border-size:0px;--awb-icon-size:16px;--awb-content-font-size:15px;--awb-icon-alignment:left;--awb-hover-color:#bfae9f;--awb-border-color:#cccccc;--awb-background-color:#bfae9f;--awb-divider-color:rgba(224,222,222,0);--awb-divider-hover-color:rgba(224,222,222,0);--awb-icon-color:#ffffff;--awb-title-color:#c5161d;--awb-content-color:#333333;--awb-icon-box-color:#333333;--awb-toggle-hover-accent-color:#c5161d;--awb-title-font-family:&quot;Raleway&quot;;--awb-title-font-weight:600;--awb-title-font-style:normal;--awb-title-line-height:1.5;--awb-content-font-family:&quot;Montserrat&quot;;--awb-content-font-style:normal;--awb-content-font-weight:500;\"><div class=\"panel-group fusion-toggle-icon-boxed\" id=\"accordion-143-1\"><div class=\"fusion-panel panel-default panel-4dbb7beaf2cd5236b fusion-toggle-no-divider fusion-toggle-boxed-mode\"><div class=\"panel-heading\"><h4 class=\"panel-title toggle\" id=\"toggle_4dbb7beaf2cd5236b\"><a aria-expanded=\"false\" aria-controls=\"4dbb7beaf2cd5236b\" role=\"button\" data-toggle=\"collapse\" data-parent=\"#accordion-143-1\" data-target=\"#4dbb7beaf2cd5236b\" href=\"#4dbb7beaf2cd5236b\"><span class=\"fusion-toggle-icon-wrapper\" aria-hidden=\"true\"><i class=\"fa-fusion-box active-icon awb-icon-minus\" aria-hidden=\"true\"><\/i><i class=\"fa-fusion-box inactive-icon awb-icon-plus\" aria-hidden=\"true\"><\/i><\/span><span class=\"fusion-toggle-heading\">Quinta-feira 14\/11 al Quarta-feira 20\/11 - CREDENCIAMENTO ANTECIPADO<\/span><\/a><\/h4><\/div><div id=\"4dbb7beaf2cd5236b\" class=\"panel-collapse collapse \" aria-labelledby=\"toggle_4dbb7beaf2cd5236b\"><div class=\"panel-body toggle-content fusion-clearfix\">\n<p>Informamos que pode ser feita a certifica\u00e7\u00e3o inicial ao VI ENAPOL e \u00e1s XXII Jornadas Anuais da EOL, desde a quinta-feira 14 de novembro at\u00e9 a quarta-feira 20 de novembro, das 10:00 \u00e0s 20:00 horas, e quinta-feira, 21 novembro das 10:00 \u00e0s 14:00 horas, na sede da EOL: Callao 1033 5o. piso<\/p>\n<p>Ap\u00f3s estas datas, a acredita\u00e7\u00e3o para os dois eventos ser\u00e3o realizados no Hotel Panamericano.<\/p>\n<p>\u00c9 aconselh\u00e1vel fazer a acredita\u00e7\u00e3o com anteced\u00eancia para uma melhor organiza\u00e7\u00e3o das atividades.<\/p>\n<p>E junto com o registro antecipado, voc\u00ea receber\u00e1 um convite (que deve ter na m\u00e3o) para&#8230; <strong>Recep\u00e7\u00e3o e brinde da abertura VI ENAPOL<\/strong>\u00a0 (Museu de artes pl\u00e1sticas Eduardo Sivori)<\/p>\n<\/div><\/div><\/div><div class=\"fusion-panel panel-default panel-59238b04329e38d42 fusion-toggle-no-divider fusion-toggle-boxed-mode\"><div class=\"panel-heading\"><h4 class=\"panel-title toggle\" id=\"toggle_59238b04329e38d42\"><a aria-expanded=\"false\" aria-controls=\"59238b04329e38d42\" role=\"button\" data-toggle=\"collapse\" data-parent=\"#accordion-143-1\" data-target=\"#59238b04329e38d42\" href=\"#59238b04329e38d42\"><span class=\"fusion-toggle-icon-wrapper\" aria-hidden=\"true\"><i class=\"fa-fusion-box active-icon awb-icon-minus\" aria-hidden=\"true\"><\/i><i class=\"fa-fusion-box inactive-icon awb-icon-plus\" aria-hidden=\"true\"><\/i><\/span><span class=\"fusion-toggle-heading\">Ter\u00e7a-feira 19\/11<\/span><\/a><\/h4><\/div><div id=\"59238b04329e38d42\" class=\"panel-collapse collapse \" aria-labelledby=\"toggle_59238b04329e38d42\"><div class=\"panel-body toggle-content fusion-clearfix\">\n<ul>\n<li>9 a 12 hs. &#8211; Conversa\u00e7\u00e3o Cl\u00ednica do ICdeBA &#8211; Hotel Panamericano (Carlos Pellegrini 551).\u00a0 Com a presen\u00e7a de Eric Laurent<\/li>\n<li>12:45 &#8211; <strong>Confer\u00eancia de Eric Laurent na Faculdade de Psicologia da Universidade de Buenos Aires (UBA)<\/strong><\/li>\n<\/ul>\n<p><img decoding=\"async\" class=\"size-full wp-image-971 aligncenter\" src=\"http:\/\/enapol.com\/vi\/wp-content\/uploads\/sites\/8\/2021\/08\/Conferencia-Eric-Laurent.jpg\" alt=\"\" width=\"441\" height=\"624\" srcset=\"https:\/\/enapol.com\/vi\/wp-content\/uploads\/sites\/8\/2021\/08\/Conferencia-Eric-Laurent-200x283.jpg 200w, https:\/\/enapol.com\/vi\/wp-content\/uploads\/sites\/8\/2021\/08\/Conferencia-Eric-Laurent-212x300.jpg 212w, https:\/\/enapol.com\/vi\/wp-content\/uploads\/sites\/8\/2021\/08\/Conferencia-Eric-Laurent-400x566.jpg 400w, https:\/\/enapol.com\/vi\/wp-content\/uploads\/sites\/8\/2021\/08\/Conferencia-Eric-Laurent.jpg 441w\" sizes=\"(max-width: 441px) 100vw, 441px\" \/><\/p>\n<\/div><\/div><\/div><div class=\"fusion-panel panel-default panel-c153223b7a6088d82 fusion-toggle-no-divider fusion-toggle-boxed-mode\"><div class=\"panel-heading\"><h4 class=\"panel-title toggle\" id=\"toggle_c153223b7a6088d82\"><a aria-expanded=\"false\" aria-controls=\"c153223b7a6088d82\" role=\"button\" data-toggle=\"collapse\" data-parent=\"#accordion-143-1\" data-target=\"#c153223b7a6088d82\" href=\"#c153223b7a6088d82\"><span class=\"fusion-toggle-icon-wrapper\" aria-hidden=\"true\"><i class=\"fa-fusion-box active-icon awb-icon-minus\" aria-hidden=\"true\"><\/i><i class=\"fa-fusion-box inactive-icon awb-icon-plus\" aria-hidden=\"true\"><\/i><\/span><span class=\"fusion-toggle-heading\">Quarta-feira 20\/11<\/span><\/a><\/h4><\/div><div id=\"c153223b7a6088d82\" class=\"panel-collapse collapse \" aria-labelledby=\"toggle_c153223b7a6088d82\"><div class=\"panel-body toggle-content fusion-clearfix\">\n<ul>\n<li>8:30 a 13:30 hs. &#8211; <strong>Jornada CEREDA Am\u00e9rica \u00abCuerpo, saber y secreto en la infancia\u00bb<\/strong>.<\/li>\n<\/ul>\n<p><img decoding=\"async\" class=\"size-full wp-image-974 aligncenter\" src=\"http:\/\/enapol.com\/vi\/wp-content\/uploads\/sites\/8\/2021\/08\/clip_image003.jpg\" alt=\"\" width=\"277\" height=\"333\" srcset=\"https:\/\/enapol.com\/vi\/wp-content\/uploads\/sites\/8\/2021\/08\/clip_image003-200x240.jpg 200w, https:\/\/enapol.com\/vi\/wp-content\/uploads\/sites\/8\/2021\/08\/clip_image003-250x300.jpg 250w, https:\/\/enapol.com\/vi\/wp-content\/uploads\/sites\/8\/2021\/08\/clip_image003.jpg 277w\" sizes=\"(max-width: 277px) 100vw, 277px\" \/><\/p>\n<ul>\n<li>14 a 19 hs \u2013 <strong>Col\u00f3quio CIEN<\/strong> (Hotel Panamericano &#8211; Carlos Pellegrini 551), com a presen\u00e7a de Eric Laurent e Juan Carlos Indart<\/li>\n<\/ul>\n<p><img decoding=\"async\" class=\"size-full wp-image-975 aligncenter\" src=\"http:\/\/enapol.com\/vi\/wp-content\/uploads\/sites\/8\/2021\/08\/clip_image004.jpg\" alt=\"\" width=\"366\" height=\"527\" srcset=\"https:\/\/enapol.com\/vi\/wp-content\/uploads\/sites\/8\/2021\/08\/clip_image004-200x288.jpg 200w, https:\/\/enapol.com\/vi\/wp-content\/uploads\/sites\/8\/2021\/08\/clip_image004-208x300.jpg 208w, https:\/\/enapol.com\/vi\/wp-content\/uploads\/sites\/8\/2021\/08\/clip_image004.jpg 366w\" sizes=\"(max-width: 366px) 100vw, 366px\" \/><\/p>\n<p><b>9 a 18:30 hs &#8211; Semin\u00e1rio INES da NEL, na EOL<\/b><br \/>\nSede EOL: Av. Callao 1033, 5\u00b0 piso<br \/>\ncom a presen\u00e7a de Miquel Bassols<\/p>\n<p><img decoding=\"async\" class=\"size-full wp-image-979 aligncenter\" src=\"http:\/\/enapol.com\/vi\/wp-content\/uploads\/sites\/8\/2021\/08\/clip_image005.jpg\" alt=\"\" width=\"264\" height=\"408\" srcset=\"https:\/\/enapol.com\/vi\/wp-content\/uploads\/sites\/8\/2021\/08\/clip_image005-194x300.jpg 194w, https:\/\/enapol.com\/vi\/wp-content\/uploads\/sites\/8\/2021\/08\/clip_image005-200x309.jpg 200w, https:\/\/enapol.com\/vi\/wp-content\/uploads\/sites\/8\/2021\/08\/clip_image005.jpg 264w\" sizes=\"(max-width: 264px) 100vw, 264px\" \/><\/p>\n<p><b>20 hs. &#8211; Reuni\u00e3o FIBOL<br \/>\nSede EOL<\/b><b>&#8211;\u00a0<\/b>Av. Callao 1033, 5\u00b0 piso<\/p>\n<p>Preside Adriana Testa e os Coordinadores das Bibliotecas:<br \/>\nTania Abreu (EBP), Adolfo Ru\u00edz Londo\u00f1o (NEL) e M\u00f3nica Wons (EOL).<\/p>\n<\/div><\/div><\/div><div class=\"fusion-panel panel-default panel-25755dbfabcfa22e7 fusion-toggle-no-divider fusion-toggle-boxed-mode\"><div class=\"panel-heading\"><h4 class=\"panel-title toggle\" id=\"toggle_25755dbfabcfa22e7\"><a aria-expanded=\"false\" aria-controls=\"25755dbfabcfa22e7\" role=\"button\" data-toggle=\"collapse\" data-parent=\"#accordion-143-1\" data-target=\"#25755dbfabcfa22e7\" href=\"#25755dbfabcfa22e7\"><span class=\"fusion-toggle-icon-wrapper\" aria-hidden=\"true\"><i class=\"fa-fusion-box active-icon awb-icon-minus\" aria-hidden=\"true\"><\/i><i class=\"fa-fusion-box inactive-icon awb-icon-plus\" aria-hidden=\"true\"><\/i><\/span><span class=\"fusion-toggle-heading\">Quinta-feira 21\/11 - ACTIVIDADES, COCKTAIL DE APERTURA<\/span><\/a><\/h4><\/div><div id=\"25755dbfabcfa22e7\" class=\"panel-collapse collapse \" aria-labelledby=\"toggle_25755dbfabcfa22e7\"><div class=\"panel-body toggle-content fusion-clearfix\">\n<ul>\n<li>9 a 13 hs. &#8211; <strong>Semin\u00e1rio INES da NEL<\/strong>, com a presen\u00e7a de Miquel Bassols \u2013 Sede Pausa &#8211; Paraguay 1855<\/li>\n<\/ul>\n<p><img decoding=\"async\" class=\"size-full wp-image-979 aligncenter\" src=\"http:\/\/enapol.com\/vi\/wp-content\/uploads\/sites\/8\/2021\/08\/clip_image005.jpg\" alt=\"\" width=\"264\" height=\"408\" srcset=\"https:\/\/enapol.com\/vi\/wp-content\/uploads\/sites\/8\/2021\/08\/clip_image005-194x300.jpg 194w, https:\/\/enapol.com\/vi\/wp-content\/uploads\/sites\/8\/2021\/08\/clip_image005-200x309.jpg 200w, https:\/\/enapol.com\/vi\/wp-content\/uploads\/sites\/8\/2021\/08\/clip_image005.jpg 264w\" sizes=\"(max-width: 264px) 100vw, 264px\" \/><\/p>\n<ul>\n<li>9 a 12:30 hs. \u2013 <strong>Conversa\u00e7\u00e3o do TyA<\/strong><b>\u00a0\u2013 <\/b>Sede EOL &#8211; Av. Callao 1033, 5\u00b0 piso<\/li>\n<\/ul>\n<p><img decoding=\"async\" class=\"size-full wp-image-981 aligncenter\" src=\"http:\/\/enapol.com\/vi\/wp-content\/uploads\/sites\/8\/2021\/08\/TyA.jpg\" alt=\"\" width=\"248\" height=\"351\" srcset=\"https:\/\/enapol.com\/vi\/wp-content\/uploads\/sites\/8\/2021\/08\/TyA-200x283.jpg 200w, https:\/\/enapol.com\/vi\/wp-content\/uploads\/sites\/8\/2021\/08\/TyA-212x300.jpg 212w, https:\/\/enapol.com\/vi\/wp-content\/uploads\/sites\/8\/2021\/08\/TyA.jpg 248w\" sizes=\"(max-width: 248px) 100vw, 248px\" \/><\/p>\n<ul>\n<li>13 a 19 hs. &#8211; <strong>Semin\u00e1rio Haun da EBP \u00abLeituras do Semin\u00e1rio 19 de Jacques Lacan\u00bb<\/strong>, com a presen\u00e7a de Eric Laurent \u2013 Hotel Panamericano &#8211; Carlos Pellegrini 551<\/li>\n<\/ul>\n<p><img decoding=\"async\" class=\"size-full wp-image-982 aligncenter\" src=\"http:\/\/enapol.com\/vi\/wp-content\/uploads\/sites\/8\/2021\/08\/clip_image006-1.jpg\" alt=\"\" width=\"204\" height=\"269\" srcset=\"https:\/\/enapol.com\/vi\/wp-content\/uploads\/sites\/8\/2021\/08\/clip_image006-1-200x264.jpg 200w, https:\/\/enapol.com\/vi\/wp-content\/uploads\/sites\/8\/2021\/08\/clip_image006-1.jpg 204w\" sizes=\"(max-width: 204px) 100vw, 204px\" \/><\/p>\n<ul>\n<li>14 a 19 hs. &#8211; <strong>Semin\u00e1rio intensivo do IOM2 na EOL<\/strong>\u00a0&#8211; Av. Callao 1033, 5\u00b0 piso<\/li>\n<\/ul>\n<p><img decoding=\"async\" class=\"size-full wp-image-983 aligncenter\" src=\"http:\/\/enapol.com\/vi\/wp-content\/uploads\/sites\/8\/2021\/08\/clip_image007.jpg\" alt=\"\" width=\"280\" height=\"138\" srcset=\"https:\/\/enapol.com\/vi\/wp-content\/uploads\/sites\/8\/2021\/08\/clip_image007-200x99.jpg 200w, https:\/\/enapol.com\/vi\/wp-content\/uploads\/sites\/8\/2021\/08\/clip_image007.jpg 280w\" sizes=\"(max-width: 280px) 100vw, 280px\" \/><\/p>\n<hr \/>\n<p><strong>Recepci\u00f3n y brindis de apertura<\/strong><\/p>\n<p>Por fin se va a encontrar con sus amigos<\/p>\n<p>Hace como dos a\u00f1os que no se ven!!<\/p>\n<p>Viven en distintos pa\u00edses, est\u00e1n muy ocupados, viven en distintas ciudades&#8230;<\/p>\n<p>Pero ahora podr\u00e1n encontrarse, y brindar por eso!<\/p>\n<p><img decoding=\"async\" class=\"size-full wp-image-984 aligncenter\" src=\"http:\/\/enapol.com\/vi\/wp-content\/uploads\/sites\/8\/2021\/08\/063_Obra.jpg\" alt=\"\" width=\"450\" height=\"358\" srcset=\"https:\/\/enapol.com\/vi\/wp-content\/uploads\/sites\/8\/2021\/08\/063_Obra-177x142.jpg 177w, https:\/\/enapol.com\/vi\/wp-content\/uploads\/sites\/8\/2021\/08\/063_Obra-200x159.jpg 200w, https:\/\/enapol.com\/vi\/wp-content\/uploads\/sites\/8\/2021\/08\/063_Obra-300x239.jpg 300w, https:\/\/enapol.com\/vi\/wp-content\/uploads\/sites\/8\/2021\/08\/063_Obra-400x318.jpg 400w, https:\/\/enapol.com\/vi\/wp-content\/uploads\/sites\/8\/2021\/08\/063_Obra.jpg 450w\" sizes=\"(max-width: 450px) 100vw, 450px\" \/><\/p>\n<p style=\"text-align: center;\"><i>Miguel Angel Ferreira. Alma del metegol<\/i><br \/>\n<i>(una de las obras en exposici\u00f3n en el Museo)<\/i><\/p>\n<p>El Museo de artes pl\u00e1sticas Eduardo Sivori\u00a0<a href=\"http:\/\/www.museosivori.org.ar\/\" target=\"_blank\" rel=\"noopener\">http:\/\/www.museosivori.org.ar<\/a><br \/>\nabre sus puertas el jueves 21 de noviembre de 20 a 22 hs<br \/>\npara realizar el brindis con el que daremos comienzo al VI ENAPOL.<br \/>\nEn los jardines del museo, un cocktail y la m\u00fasica en vivo de una banda de jazz\u00a0<a href=\"http:\/\/www.facebook.com\/GVjazzband\" target=\"_blank\" rel=\"noopener\">http:\/\/www.facebook.com\/GVjazzband<\/a><br \/>\nnos brindar\u00e1n el marco propicio para un encuentro \u00fanico.<\/p>\n<p>Los esperamos !!!<\/p>\n<p><b>Importante: Ser\u00e1 necesario contar con la invitaci\u00f3n que se entregar\u00e1 con la acreditaci\u00f3n al Enapol<\/b><\/p>\n<\/div><\/div><\/div><div class=\"fusion-panel panel-default panel-a74a6eed2fd0252c2 fusion-toggle-no-divider fusion-toggle-boxed-mode\"><div class=\"panel-heading\"><h4 class=\"panel-title toggle\" id=\"toggle_a74a6eed2fd0252c2\"><a aria-expanded=\"false\" aria-controls=\"a74a6eed2fd0252c2\" role=\"button\" data-toggle=\"collapse\" data-parent=\"#accordion-143-1\" data-target=\"#a74a6eed2fd0252c2\" href=\"#a74a6eed2fd0252c2\"><span class=\"fusion-toggle-icon-wrapper\" aria-hidden=\"true\"><i class=\"fa-fusion-box active-icon awb-icon-minus\" aria-hidden=\"true\"><\/i><i class=\"fa-fusion-box inactive-icon awb-icon-plus\" aria-hidden=\"true\"><\/i><\/span><span class=\"fusion-toggle-heading\">Sexta-feira 22\/11 - PLEN\u00c1RIAS, SIMULT\u00c1NEAS<\/span><\/a><\/h4><\/div><div id=\"a74a6eed2fd0252c2\" class=\"panel-collapse collapse \" aria-labelledby=\"toggle_a74a6eed2fd0252c2\"><div class=\"panel-body toggle-content fusion-clearfix\">\n<div ><a class=\"fusion-button button-flat fusion-button-default-size button-default fusion-button-default button-1 fusion-button-default-span fusion-button-default-type\" target=\"_self\" href=\"http:\/\/enapol.com\/vi\/pt\/programa-2\/\"><span class=\"fusion-button-text\">PROGRAMA<\/span><\/a><\/div>\n<\/div><\/div><\/div><div class=\"fusion-panel panel-default panel-4e7f051498da63fd6 fusion-toggle-no-divider fusion-toggle-boxed-mode\"><div class=\"panel-heading\"><h4 class=\"panel-title toggle\" id=\"toggle_4e7f051498da63fd6\"><a aria-expanded=\"false\" aria-controls=\"4e7f051498da63fd6\" role=\"button\" data-toggle=\"collapse\" data-parent=\"#accordion-143-1\" data-target=\"#4e7f051498da63fd6\" href=\"#4e7f051498da63fd6\"><span class=\"fusion-toggle-icon-wrapper\" aria-hidden=\"true\"><i class=\"fa-fusion-box active-icon awb-icon-minus\" aria-hidden=\"true\"><\/i><i class=\"fa-fusion-box inactive-icon awb-icon-plus\" aria-hidden=\"true\"><\/i><\/span><span class=\"fusion-toggle-heading\">S\u00e1bado 23\/11 - CONVERSACIONES, SIMULTANEAS y GRAN RECITAL DE CIERRE<\/span><\/a><\/h4><\/div><div id=\"4e7f051498da63fd6\" class=\"panel-collapse collapse \" aria-labelledby=\"toggle_4e7f051498da63fd6\"><div class=\"panel-body toggle-content fusion-clearfix\">\n<p class=\"Titulo2\">A Grande Conversa\u00e7\u00e3o do s\u00e1bado<\/p>\n<p>A conversa\u00e7\u00e3o \u00e9 uma atividade marcada para a manh\u00e3 de s\u00e1bado 23 de novembro.<br \/>\nSer\u00e3o 14 conversas simult\u00e2neas, distribu\u00eddos em dois intervalos de tempo de uma hora e 45 minutos cada uma.<br \/>\nO Diret\u00f3rio Executivo prop\u00f4s 14 membros de cada Escola para realizar um projeto de pesquisa em 2013, sobre um tema desenhado a partir dos eixos e sub-eixos do VI ENAPOL .<br \/>\nCada conversa\u00e7\u00e3o ser\u00e1 composta por um membro da EOL, um da EBP e um da NEL, que estiveram em interlocu\u00e7\u00e3o durante este ano.<br \/>\nCada um deles, por sua vez, reuniu um pequeno grupo de trabalho entre 5-10 pessoas , para investigar o problema.<br \/>\nNo ENAPOL se reunir\u00e3o pela primeira vez todos, e animar\u00e3o com os resultados de seu trabalho a grande Conversa\u00e7\u00e3o.<br \/>\nPor sua vez, dois presidentes de mesa incentivar\u00e3o o di\u00e1logo.<br \/>\nCada um dos tr\u00eas relatores escreveu o resultado de pesquisa realizada com o seu grupo.<\/p>\n<p><span class=\"Titulo3\">Os textos s\u00e3o publicados na p\u00e1gina em <a href=\"http:\/\/enapol.com\/vi\/conversaciones\/\"><strong>Espanhol <\/strong><\/a><strong>e <a href=\"http:\/\/enapol.com\/vi\/pt\/conversacoes\/\">Portugu\u00eas<\/a><\/strong>.<\/span><\/p>\n<p>Durante a conversa, os textos n\u00e3o ser\u00e3o lidos. Cada relator resumir\u00e1 o seu trabalho em cinco minutos. Ent\u00e3o, os participantes interessados em cada conversa, devem ter lido previamente o trabalho desde a p\u00e1gina.<\/p>\n<p>A conversa\u00e7\u00e3o entre os Presidentes, os Relatores, os pequenos grupos e o p\u00fablico presente promete um trabalho muito interessante.<\/p>\n<p>Ser\u00e1 um novo dispositivo de investiga\u00e7\u00e3o. Seus resultados ser\u00e3o provados no VI ENAPOL.<\/p>\n<div ><a class=\"fusion-button button-flat fusion-button-default-size button-default fusion-button-default button-2 fusion-button-default-span fusion-button-default-type\" target=\"_self\" href=\"http:\/\/enapol.com\/vi\/programa\/\"><span class=\"fusion-button-text\">PROGRAMA<\/span><\/a><\/div>\n<hr \/>\n<p><b>GRAN RECITAL DE CIERRE<\/b><\/p>\n<p><b>GRAN RECITAL DE CIERRE<\/b><\/p>\n<p><i>Tantas vezes<br \/>\nvoc\u00ea se sentiu t\u00e3o sozinho e triste neste mundo abandonado<\/i><\/p>\n<p><i>Tantas vezes<br \/>\nvoc\u00ea teve uma id\u00e9ia, ir ao lugar que mais quera<\/i><\/p>\n<p><i>Tantas vezes<br \/>\nvoc\u00ea foi embora, porque dizem que viajando se fortalece o cora\u00e7\u00e3o<\/i><\/p>\n<p><i>Tantas vezes<br \/>\nqueria voar, e voaaaaaar<\/i><\/p>\n<p><i>Isso soa familiar?<\/i><\/p>\n<p><i>Siiiiiiiim, j\u00e1 percebeu!!!<\/i><\/p>\n<p><i>Mas &#8230; e isso?<\/i><\/p>\n<p><i>O que tem pra fazer com o ENAPOL?<\/i><\/p>\n<p><i>Siiim, j\u00e1 percebeu!!!<\/i><\/p>\n<p class=\"Titulo2\">Litto Nebbia ir\u00e1 cantar suas m\u00fasicas no final do\u00a0<b>VI ENAPOL<\/b>!<\/p>\n<p class=\"Titulo2\">Voc\u00ea pode acreditar? n\u00f3s tamb\u00e9m n\u00e3o!<\/p>\n<p><img decoding=\"async\" class=\"size-full wp-image-989 aligncenter\" src=\"http:\/\/enapol.com\/vi\/wp-content\/uploads\/sites\/8\/2021\/08\/061_Litto-Nebia.jpg\" alt=\"\" width=\"508\" height=\"381\" srcset=\"https:\/\/enapol.com\/vi\/wp-content\/uploads\/sites\/8\/2021\/08\/061_Litto-Nebia-200x150.jpg 200w, https:\/\/enapol.com\/vi\/wp-content\/uploads\/sites\/8\/2021\/08\/061_Litto-Nebia-300x225.jpg 300w, https:\/\/enapol.com\/vi\/wp-content\/uploads\/sites\/8\/2021\/08\/061_Litto-Nebia-400x300.jpg 400w, https:\/\/enapol.com\/vi\/wp-content\/uploads\/sites\/8\/2021\/08\/061_Litto-Nebia.jpg 508w\" sizes=\"(max-width: 508px) 100vw, 508px\" \/><\/p>\n<p class=\"Titulo4\">Litto Nebbia &#8211; M\u00fasica para inconscientes<\/p>\n<p class=\"Titulo4\">O final do\u00a0<b>VI ENAPOL<\/b>\u00a0vai ser no sal\u00e3o Gran Panamericano<br \/>\no dia s\u00e1bado 23 de Novembro, no final das mesas simult\u00e2neas<br \/>\nLitto Nebbia vai nos construir uma jangada&#8230;<\/p>\n<\/div><\/div><\/div><div class=\"fusion-panel panel-default panel-4b6d11388ed8a00e9 fusion-toggle-no-divider fusion-toggle-boxed-mode\"><div class=\"panel-heading\"><h4 class=\"panel-title toggle\" id=\"toggle_4b6d11388ed8a00e9\"><a aria-expanded=\"false\" aria-controls=\"4b6d11388ed8a00e9\" role=\"button\" data-toggle=\"collapse\" data-parent=\"#accordion-143-1\" data-target=\"#4b6d11388ed8a00e9\" href=\"#4b6d11388ed8a00e9\"><span class=\"fusion-toggle-icon-wrapper\" aria-hidden=\"true\"><i class=\"fa-fusion-box active-icon awb-icon-minus\" aria-hidden=\"true\"><\/i><i class=\"fa-fusion-box inactive-icon awb-icon-plus\" aria-hidden=\"true\"><\/i><\/span><span class=\"fusion-toggle-heading\">Domingo 24 y Lunes 25\/11 - JORNADAS EOL<\/span><\/a><\/h4><\/div><div id=\"4b6d11388ed8a00e9\" class=\"panel-collapse collapse \" aria-labelledby=\"toggle_4b6d11388ed8a00e9\"><div class=\"panel-body toggle-content fusion-clearfix\">\n<div ><a class=\"fusion-button button-flat fusion-button-default-size button-default fusion-button-default button-3 fusion-button-default-span fusion-button-default-type\" target=\"_self\" href=\"http:\/\/www.eol.org.ar\/template.asp?Sec=jornadas&amp;SubSec=jornadas_eol&amp;File=jornadas_eol\/022\/inicio.html\"><span class=\"fusion-button-text\">ENLACE<\/span><\/a><\/div>\n<\/div><\/div><\/div><\/div><\/div><\/div><\/div><\/div><\/div>\n","protected":false},"excerpt":{"rendered":"","protected":false},"author":1,"featured_media":0,"parent":45,"menu_order":4,"comment_status":"closed","ping_status":"closed","template":"","meta":{"_monsterinsights_skip_tracking":false,"_monsterinsights_sitenote_active":false,"_monsterinsights_sitenote_note":"","_monsterinsights_sitenote_category":0,"footnotes":""},"_links":{"self":[{"href":"https:\/\/enapol.com\/vi\/wp-json\/wp\/v2\/pages\/143"}],"collection":[{"href":"https:\/\/enapol.com\/vi\/wp-json\/wp\/v2\/pages"}],"about":[{"href":"https:\/\/enapol.com\/vi\/wp-json\/wp\/v2\/types\/page"}],"author":[{"embeddable":true,"href":"https:\/\/enapol.com\/vi\/wp-json\/wp\/v2\/users\/1"}],"replies":[{"embeddable":true,"href":"https:\/\/enapol.com\/vi\/wp-json\/wp\/v2\/comments?post=143"}],"version-history":[{"count":6,"href":"https:\/\/enapol.com\/vi\/wp-json\/wp\/v2\/pages\/143\/revisions"}],"predecessor-version":[{"id":999,"href":"https:\/\/enapol.com\/vi\/wp-json\/wp\/v2\/pages\/143\/revisions\/999"}],"up":[{"embeddable":true,"href":"https:\/\/enapol.com\/vi\/wp-json\/wp\/v2\/pages\/45"}],"wp:attachment":[{"href":"https:\/\/enapol.com\/vi\/wp-json\/wp\/v2\/media?parent=143"}],"curies":[{"name":"wp","href":"https:\/\/api.w.org\/{rel}","templated":true}]}}