{"id":1444,"date":"2021-08-19T03:58:04","date_gmt":"2021-08-19T06:58:04","guid":{"rendered":"http:\/\/x-enapol.org\/vi\/?page_id=1444"},"modified":"2021-08-19T04:03:10","modified_gmt":"2021-08-19T07:03:10","slug":"publicaciones","status":"publish","type":"page","link":"https:\/\/enapol.com\/vi\/encuentro\/publicaciones\/","title":{"rendered":"Publicaciones"},"content":{"rendered":"<p><div class=\"fusion-fullwidth fullwidth-box fusion-builder-row-1 fusion-flex-container nonhundred-percent-fullwidth non-hundred-percent-height-scrolling\" style=\"--awb-border-radius-top-left:0px;--awb-border-radius-top-right:0px;--awb-border-radius-bottom-right:0px;--awb-border-radius-bottom-left:0px;--awb-flex-wrap:wrap;\" ><div class=\"fusion-builder-row fusion-row fusion-flex-align-items-flex-start fusion-flex-content-wrap\" style=\"max-width:1352px;margin-left: calc(-4% \/ 2 );margin-right: calc(-4% \/ 2 );\"><div class=\"fusion-layout-column fusion_builder_column fusion-builder-column-0 fusion_builder_column_1_3 1_3 fusion-flex-column\" style=\"--awb-bg-size:cover;--awb-width-large:33.333333333333%;--awb-margin-top-large:0px;--awb-spacing-right-large:5.76%;--awb-margin-bottom-large:20px;--awb-spacing-left-large:5.76%;--awb-width-medium:100%;--awb-order-medium:0;--awb-spacing-right-medium:1.92%;--awb-spacing-left-medium:1.92%;--awb-width-small:100%;--awb-order-small:0;--awb-spacing-right-small:1.92%;--awb-spacing-left-small:1.92%;\"><div class=\"fusion-column-wrapper fusion-column-has-shadow fusion-flex-justify-content-flex-start fusion-content-layout-column\"><div class=\"fusion-image-element \" style=\"--awb-caption-title-font-family:var(--h2_typography-font-family);--awb-caption-title-font-weight:var(--h2_typography-font-weight);--awb-caption-title-font-style:var(--h2_typography-font-style);--awb-caption-title-size:var(--h2_typography-font-size);--awb-caption-title-transform:var(--h2_typography-text-transform);--awb-caption-title-line-height:var(--h2_typography-line-height);--awb-caption-title-letter-spacing:var(--h2_typography-letter-spacing);\"><span class=\" fusion-imageframe imageframe-none imageframe-1 hover-type-none\"><img decoding=\"async\" width=\"250\" height=\"394\" title=\"Colofon-33_th\" src=\"http:\/\/enapol.com\/vi\/wp-content\/uploads\/sites\/8\/2021\/08\/Colofon-33_th.jpg\" alt class=\"img-responsive wp-image-1449\" srcset=\"https:\/\/enapol.com\/vi\/wp-content\/uploads\/sites\/8\/2021\/08\/Colofon-33_th-200x315.jpg 200w, https:\/\/enapol.com\/vi\/wp-content\/uploads\/sites\/8\/2021\/08\/Colofon-33_th.jpg 250w\" sizes=\"(max-width: 1024px) 100vw, (max-width: 640px) 100vw, 250px\" \/><\/span><\/div><\/div><\/div><div class=\"fusion-layout-column fusion_builder_column fusion-builder-column-1 fusion_builder_column_2_3 2_3 fusion-flex-column\" style=\"--awb-bg-size:cover;--awb-width-large:66.666666666667%;--awb-margin-top-large:0px;--awb-spacing-right-large:2.88%;--awb-margin-bottom-large:20px;--awb-spacing-left-large:2.88%;--awb-width-medium:100%;--awb-order-medium:0;--awb-spacing-right-medium:1.92%;--awb-spacing-left-medium:1.92%;--awb-width-small:100%;--awb-order-small:0;--awb-spacing-right-small:1.92%;--awb-spacing-left-small:1.92%;\"><div class=\"fusion-column-wrapper fusion-column-has-shadow fusion-flex-justify-content-flex-start fusion-content-layout-column\"><div class=\"fusion-text fusion-text-1\"><p>\u00cdndice<\/p>\n<p>Editorial. Judith Miller<\/p>\n<p><b>El peso del cuerpo<\/b><\/p>\n<ul>\n<li>Silvia Salman. El cuerpo en la experiencia del an\u00e1lisis<\/li>\n<li>Bernard Porcheret. La ra\u00edz corporal del sinthome<\/li>\n<li>Patricio \u00c1lvarez. El cuerpo que habla<\/li>\n<li>Angelina Harari. Goce, cuerpo y pulsi\u00f3n<\/li>\n<li>Roxana Chiatti. El misterio del cuerpo que habla<\/li>\n<li>Domenico Cosenza. El higienismo anor\u00e9xico<\/li>\n<li>Vera Gorali. Decir con el cuerpo<\/li>\n<li>Elvira Guila\u00f1\u00e1 Palanques. Fen\u00f3menos de cuerpo en Schreber<\/li>\n<li>Evgeni Genchev. \u00bfC\u00f3mo gozar de un cuerpo?<\/li>\n<\/ul>\n<p><b>Arte y discurso<\/b><\/p>\n<ul>\n<li>Entrevista a ORLAN<\/li>\n<li>Vilma Coccoz. El cuerpo, sede del goce<\/li>\n<li>Mariana G\u00f3mez. Nip-Tuck: Cuerpos pr\u00eat-\u00e0-porter<\/li>\n<li>Montserrat Puig. La imagen y el cad\u00e1ver<\/li>\n<li>Marco Focchi. El cuerpo, el espacio, el p\u00e1nico<\/li>\n<li>Marcela Antelo. Cuerpo a cuerpo con Medusa<\/li>\n<\/ul>\n<p><b>Pol\u00edtica<\/b><\/p>\n<ul>\n<li>Esmeralda Miras. El cuerpo de una mujer, lo sagrado y lo sacr\u00edlego<\/li>\n<li>Alexandra Renault. Los malos olores del cuerpo social<\/li>\n<li>Jes\u00fas Ambel. El cuerpo electoral<\/li>\n<\/ul>\n<p><b>Un feliz acontecimiento: Otros escritos<\/b><\/p>\n<ul>\n<li>Entrevista a Graciela Esperanza<\/li>\n<li>Cuatro preguntas al vuelo a Antonio Di Ciaccia<\/li>\n<li>Carolina C\u00f3rdoba. Otros escritos. Poder de Ilectura<\/li>\n<\/ul>\n<p><b>El psicoan\u00e1lisis en la ciudad<\/b><\/p>\n<ul>\n<li>Patricia Heffes. Presentaci\u00f3n de Otros escritos en Barcelona<\/li>\n<li>Fernando Schutt. Tres direcciones y dos lenguas<\/li>\n<li>Carolina Tarrida. Cursus Del organismo al cuerpo<\/li>\n<li>Jimena Contreras B. El retorno de los padres migrantes y sus consecuencias<\/li>\n<li>Paula Alejandra Del Cioppo. Un lugar para leer con otros<\/li>\n<li>Mar\u00eda Cristina Giraldo. ORLAN: lo que se repite y lo que se re-inventa<\/li>\n<\/ul>\n<p><b>Lecturas cr\u00edticas<\/b><\/p>\n<ul>\n<li>Nathalie Georges-Lombics. Diario de un cuerpo, de Daniel Pennac<\/li>\n<li>Esperanza Molleda. La piel como superficie simb\u00f3lica, de Sandra Mart\u00ednez R.<\/li>\n<li>Margarita \u00c1lvarez. Los enredos del cuerpo, de J.-A. Miller y otros<\/li>\n<li>Noticias de las Bibliotecas<\/li>\n<li>Directorio de las Bibliotecas de la FIBOL<\/li>\n<li>Indicaciones para la presentaci\u00f3n de textos<\/li>\n<\/ul>\n<\/div><\/div><\/div><\/div><\/div><div class=\"fusion-fullwidth fullwidth-box fusion-builder-row-2 fusion-flex-container nonhundred-percent-fullwidth non-hundred-percent-height-scrolling\" style=\"--awb-border-radius-top-left:0px;--awb-border-radius-top-right:0px;--awb-border-radius-bottom-right:0px;--awb-border-radius-bottom-left:0px;--awb-flex-wrap:wrap;\" ><div class=\"fusion-builder-row fusion-row fusion-flex-align-items-flex-start fusion-flex-content-wrap\" style=\"max-width:1352px;margin-left: calc(-4% \/ 2 );margin-right: calc(-4% \/ 2 );\"><div class=\"fusion-layout-column fusion_builder_column fusion-builder-column-2 fusion_builder_column_1_3 1_3 fusion-flex-column\" style=\"--awb-bg-size:cover;--awb-width-large:33.333333333333%;--awb-margin-top-large:0px;--awb-spacing-right-large:5.76%;--awb-margin-bottom-large:20px;--awb-spacing-left-large:5.76%;--awb-width-medium:100%;--awb-order-medium:0;--awb-spacing-right-medium:1.92%;--awb-spacing-left-medium:1.92%;--awb-width-small:100%;--awb-order-small:0;--awb-spacing-right-small:1.92%;--awb-spacing-left-small:1.92%;\"><div class=\"fusion-column-wrapper fusion-column-has-shadow fusion-flex-justify-content-flex-start fusion-content-layout-column\"><div class=\"fusion-image-element \" style=\"--awb-caption-title-font-family:var(--h2_typography-font-family);--awb-caption-title-font-weight:var(--h2_typography-font-weight);--awb-caption-title-font-style:var(--h2_typography-font-style);--awb-caption-title-size:var(--h2_typography-font-size);--awb-caption-title-transform:var(--h2_typography-text-transform);--awb-caption-title-line-height:var(--h2_typography-line-height);--awb-caption-title-letter-spacing:var(--h2_typography-letter-spacing);\"><span class=\" fusion-imageframe imageframe-none imageframe-2 hover-type-none\"><img decoding=\"async\" width=\"250\" height=\"354\" title=\"Lacaniana-14_th\" src=\"http:\/\/enapol.com\/vi\/wp-content\/uploads\/sites\/8\/2021\/08\/Lacaniana-14_th.jpg\" alt class=\"img-responsive wp-image-1453\" srcset=\"https:\/\/enapol.com\/vi\/wp-content\/uploads\/sites\/8\/2021\/08\/Lacaniana-14_th-200x283.jpg 200w, https:\/\/enapol.com\/vi\/wp-content\/uploads\/sites\/8\/2021\/08\/Lacaniana-14_th.jpg 250w\" sizes=\"(max-width: 1024px) 100vw, (max-width: 640px) 100vw, 250px\" \/><\/span><\/div><\/div><\/div><div class=\"fusion-layout-column fusion_builder_column fusion-builder-column-3 fusion_builder_column_2_3 2_3 fusion-flex-column\" style=\"--awb-bg-size:cover;--awb-width-large:66.666666666667%;--awb-margin-top-large:0px;--awb-spacing-right-large:2.88%;--awb-margin-bottom-large:20px;--awb-spacing-left-large:2.88%;--awb-width-medium:100%;--awb-order-medium:0;--awb-spacing-right-medium:1.92%;--awb-spacing-left-medium:1.92%;--awb-width-small:100%;--awb-order-small:0;--awb-spacing-right-small:1.92%;--awb-spacing-left-small:1.92%;\"><div class=\"fusion-column-wrapper fusion-column-has-shadow fusion-flex-justify-content-flex-start fusion-content-layout-column\"><div class=\"fusion-text fusion-text-2\"><p><b>Revista Lacaniana de Psicoan\u00e1lisis<\/b><br \/>\nPublicaci\u00f3n de la Escuela de la Orientaci\u00f3n Lacaniana<br \/>\nA\u00f1o 10, N\u00famero 14, Junio 2013<\/p>\n<p>Directora: Marina Recalde<br \/>\nAsesores: Graciela Brodsky, Jacques-Alain Miller y Mauricio Tarrab<br \/>\nComit\u00e9 de Redacci\u00f3n: Claudia L\u00e1zaro, Cristina Nocera, Carlos Rossi, Raquel Vargas<br \/>\nColaboraci\u00f3n desde Francia: Victoria Paz<br \/>\nDirector Responsable de la publicaci\u00f3n: Daniel Millas<br \/>\nColaboraron en este n\u00famero: Damasia Amadeo de Freda, Gerardo Arenas, Vanesa Bartholomai, Domenico Cosenza, Antonio Di Ciaccia, Graciela Lucci, Adriana Testa, Silvia Tendlarz<br \/>\nDise\u00f1o de Tapa y Diagramaci\u00f3n interior: Detalle del dibujo de tapa: detalle del cuadro \u00abLo Indecible\u00bb de Diana Chorne (2010)<\/p>\n<p><span class=\"Titulo3\">\u00cdndice<\/span><\/p>\n<p><b>Nota Editorial<\/b><br \/>\nMarina Recalde<\/p>\n<p><b>La orientaci\u00f3n lacaniana<\/b><br \/>\nLa naturaleza y lo real Jacques-Alain Miller<\/p>\n<p><b>Sobre el deseo de saber y la anor\u00e9xica<\/b><br \/>\nJacques Lacan (fragmento in\u00e9dito del seminario Les non dupes errent)<\/p>\n<p><b>DOSSIER: El cuerpo y el psicoan\u00e1lisis<\/b><br \/>\n<i>Escriben:<\/i>\u00a0Gerardo Arenas, Jorge Assef, Gabriela Basz, Vera Gorali, Ricardo Nepomiachi, Ricardo Seldes, Ines Sotelo, Adele Succetti<\/p>\n<p><b>El pase<\/b><\/p>\n<ul>\n<li>Primer testimonio, Marcus Andre Vieira<\/li>\n<li>Testimonio 5, La estructura cl\u00ednica, Graciela Brodsky<\/li>\n<li>Pase Buenos Aires 2, Romulo Ferreira da Silva<\/li>\n<li>Ocuparse de la payasada, Gustavo Stiglitz<\/li>\n<li>Sutilezas de lo femenino, Silvia Salman<\/li>\n<li>Comentarios de Eric Laurent<\/li>\n<\/ul>\n<p><b>Actualidad de Jacques Lacan<\/b><\/p>\n<ul>\n<li>El camino de cresta sobre la duna. Entrevista de Judith Miller a Rosine Lefort<\/li>\n<\/ul>\n<p><b>Recorriendo la AMP<\/b><\/p>\n<ul>\n<li>Borges o Lacan, Patricia Moraga<\/li>\n<li>Lo real puede desbocarse, Manuel Zlotnik<\/li>\n<\/ul>\n<p><b>Mujeres<\/b><\/p>\n<ul>\n<li>La Madelaine de Gide, Marisa Chamizo<\/li>\n<li>La feminidad, \u00bfsin Edipo?, Alicia Arenas<\/li>\n<li>Las dos orillas de la femineidad, Dominique Miller<\/li>\n<li>Un problema de obediencia: Construcci\u00f3n del caso de Marie de la Trinit\u00e9, Claudia Lazaro<\/li>\n<\/ul>\n<p><b>Flashes cl\u00ednicos<\/b><\/p>\n<ul>\n<li>Todo sobre mi madre, Paula Gil<\/li>\n<li>Una mujer que no quer\u00eda ser gris, Irene Kuperwajs<\/li>\n<li>Otra loca mujer, Angelica Marchesini<\/li>\n<li>Hacerse la loca, Cecilia Rubinetti<\/li>\n<li>Tratame el coraz\u00f3n. Un caso de poetica corporal, Raquel Vargas<\/li>\n<li>Una mejor dictadora, Celeste Vi\u00f1al<\/li>\n<\/ul>\n<\/div><\/div><\/div><\/div><\/div><\/p>\n","protected":false},"excerpt":{"rendered":"","protected":false},"author":1,"featured_media":0,"parent":22,"menu_order":13,"comment_status":"closed","ping_status":"closed","template":"","meta":{"_monsterinsights_skip_tracking":false,"_monsterinsights_sitenote_active":false,"_monsterinsights_sitenote_note":"","_monsterinsights_sitenote_category":0,"footnotes":""},"_links":{"self":[{"href":"https:\/\/enapol.com\/vi\/wp-json\/wp\/v2\/pages\/1444"}],"collection":[{"href":"https:\/\/enapol.com\/vi\/wp-json\/wp\/v2\/pages"}],"about":[{"href":"https:\/\/enapol.com\/vi\/wp-json\/wp\/v2\/types\/page"}],"author":[{"embeddable":true,"href":"https:\/\/enapol.com\/vi\/wp-json\/wp\/v2\/users\/1"}],"replies":[{"embeddable":true,"href":"https:\/\/enapol.com\/vi\/wp-json\/wp\/v2\/comments?post=1444"}],"version-history":[{"count":6,"href":"https:\/\/enapol.com\/vi\/wp-json\/wp\/v2\/pages\/1444\/revisions"}],"predecessor-version":[{"id":1454,"href":"https:\/\/enapol.com\/vi\/wp-json\/wp\/v2\/pages\/1444\/revisions\/1454"}],"up":[{"embeddable":true,"href":"https:\/\/enapol.com\/vi\/wp-json\/wp\/v2\/pages\/22"}],"wp:attachment":[{"href":"https:\/\/enapol.com\/vi\/wp-json\/wp\/v2\/media?parent=1444"}],"curies":[{"name":"wp","href":"https:\/\/api.w.org\/{rel}","templated":true}]}}