{"id":145,"date":"2021-08-13T00:20:00","date_gmt":"2021-08-13T03:20:00","guid":{"rendered":"http:\/\/x-enapol.org\/vi\/?page_id=145"},"modified":"2021-08-17T22:03:05","modified_gmt":"2021-08-18T01:03:05","slug":"hospedaje-y-turismo","status":"publish","type":"page","link":"https:\/\/enapol.com\/vi\/encuentro\/hospedaje-y-turismo\/","title":{"rendered":"Hospedaje y turismo"},"content":{"rendered":"<div class=\"fusion-fullwidth fullwidth-box fusion-builder-row-1 fusion-flex-container nonhundred-percent-fullwidth non-hundred-percent-height-scrolling\" style=\"--awb-border-radius-top-left:0px;--awb-border-radius-top-right:0px;--awb-border-radius-bottom-right:0px;--awb-border-radius-bottom-left:0px;--awb-flex-wrap:wrap;\" ><div class=\"fusion-builder-row fusion-row fusion-flex-align-items-flex-start fusion-flex-content-wrap\" style=\"max-width:1352px;margin-left: calc(-4% \/ 2 );margin-right: calc(-4% \/ 2 );\"><div class=\"fusion-layout-column fusion_builder_column fusion-builder-column-0 fusion_builder_column_1_1 1_1 fusion-flex-column\" style=\"--awb-bg-size:cover;--awb-width-large:100%;--awb-margin-top-large:0px;--awb-spacing-right-large:1.92%;--awb-margin-bottom-large:20px;--awb-spacing-left-large:1.92%;--awb-width-medium:100%;--awb-order-medium:0;--awb-spacing-right-medium:1.92%;--awb-spacing-left-medium:1.92%;--awb-width-small:100%;--awb-order-small:0;--awb-spacing-right-small:1.92%;--awb-spacing-left-small:1.92%;\"><div class=\"fusion-column-wrapper fusion-column-has-shadow fusion-flex-justify-content-flex-start fusion-content-layout-column\"><div class=\"fusion-text fusion-text-1\"><p style=\"text-align: justify;\"><strong>Responsable<\/strong>: Anal\u00eda Trachter<\/p>\n<p style=\"text-align: justify;\">La Comisi\u00f3n de Hospedaje y Turismo est\u00e1 trabajando para recibir a todos nuestros colegas con una variedad de propuestas y servicios que los haga sentir como en su casa.<\/p>\n<p style=\"text-align: justify;\">Queremos ofrecerles una tarifa especial acordada con el Hotel Panamericano, con cupos limitados, para los inscriptos al Encuentro.<\/p>\n<p style=\"text-align: justify;\">Esta tarifa es para el per\u00edodo que abarca del 15 al 28\/11\/2013, es decir, desde el fin de semana anterior hasta tres d\u00edas despu\u00e9s del ENAPOL y las Jornadas de la EOL.Las habitaciones del Panamericano est\u00e1n muy bien equipadas, con dise\u00f1o italiano y cuentan con generosas vistas a la ciudad. El hotel alberga opciones gastron\u00f3micas como los restaurantes La Luci\u00e9rnaga y Tomo I, con elaboraci\u00f3n de platos regionales, comidas t\u00edpicas e internacionales.<\/p>\n<p style=\"text-align: justify;\">Las tarifas acordadas incluyen<\/p>\n<ul style=\"text-align: justify;\">\n<li>Desayuno Buffet<\/li>\n<li>Conexi\u00f3n Wi-Fi gratuita.<\/li>\n<li>Libre acceso al Health Club \u00abNivel 23 Panamericano Club &amp; Spa\u00bb, ubicado en el Piso 23 de la Torre Norte \u2012piscina climatizada, sauna seco y gimnasio de 3 salas de \u00faltima generaci\u00f3n\u2012, con una incomparable vista panor\u00e1mica de la ciudad: a la Avenida 9 de julio, al Obelisco y al Teatro Col\u00f3n.<\/li>\n<\/ul>\n<p style=\"text-align: justify;\">Para acceder a esta promoci\u00f3n deber\u00e1n ingresar al siguiente link desde donde podr\u00e1n hacer la reserva y encontrar\u00e1n las tarifas de todas las categor\u00edas de las habitaciones, seleccionando la semana de noviembre correspondiente:<\/p>\n<\/div><div style=\"text-align:right;\"><a class=\"fusion-button button-flat fusion-button-default-size button-default fusion-button-default button-1 fusion-button-default-span fusion-button-default-type\" target=\"_blank\" rel=\"noopener noreferrer\" href=\"#\"><span class=\"fusion-button-text\">HOTEL PANAMERICANO<\/span><\/a><\/div><div class=\"fusion-separator fusion-full-width-sep\" style=\"align-self: center;margin-left: auto;margin-right: auto;margin-top:10px;margin-bottom:10px;width:100%;\"><\/div><div class=\"fusion-text fusion-text-2\"><p style=\"text-align: justify;\">Adem\u00e1s para aquellos que se alojen en el hotel y quieran hacerse una escapada a Bariloche o Calafate tendr\u00e1n tambi\u00e9n una tarifa especial en los hoteles que la misma cadena tiene en esas hermosas ciudades.<\/p>\n<p style=\"text-align: justify;\">Para que puedan evaluar esa posibilidad los hoteles son:<\/p>\n<ul style=\"text-align: justify;\">\n<li>Panamericano Bariloche: U$S 130 + iva, con desayuno buffet<\/li>\n<li>Los Sauces Casa Patag\u00f3nica (Calafate): U$S 275 + iva, con desayuno Buffet y acceso al Spa.<\/li>\n<\/ul>\n<p style=\"text-align: justify;\">Entonces, una vez finalizado el Encuentro o unos d\u00edas antes, tendr\u00e1n la oportunidad de tomarse unos d\u00edas de descanso disfrutando de una bella estancia en alg\u00fan lugar de nuestro pa\u00eds.<\/p>\n<p style=\"text-align: justify;\">En caso de que est\u00e9n interesados podremos ayudarlos a organizar ese viaje contact\u00e1ndose a esta direcci\u00f3n:\u00a0<a href=\"mailto:analiat@arnet.com.ar\">analiat@arnet.com.ar<\/a>.<\/p>\n<\/div><\/div><\/div><\/div><\/div>\n","protected":false},"excerpt":{"rendered":"","protected":false},"author":1,"featured_media":0,"parent":22,"menu_order":5,"comment_status":"closed","ping_status":"closed","template":"","meta":{"_monsterinsights_skip_tracking":false,"_monsterinsights_sitenote_active":false,"_monsterinsights_sitenote_note":"","_monsterinsights_sitenote_category":0,"footnotes":""},"_links":{"self":[{"href":"https:\/\/enapol.com\/vi\/wp-json\/wp\/v2\/pages\/145"}],"collection":[{"href":"https:\/\/enapol.com\/vi\/wp-json\/wp\/v2\/pages"}],"about":[{"href":"https:\/\/enapol.com\/vi\/wp-json\/wp\/v2\/types\/page"}],"author":[{"embeddable":true,"href":"https:\/\/enapol.com\/vi\/wp-json\/wp\/v2\/users\/1"}],"replies":[{"embeddable":true,"href":"https:\/\/enapol.com\/vi\/wp-json\/wp\/v2\/comments?post=145"}],"version-history":[{"count":4,"href":"https:\/\/enapol.com\/vi\/wp-json\/wp\/v2\/pages\/145\/revisions"}],"predecessor-version":[{"id":1002,"href":"https:\/\/enapol.com\/vi\/wp-json\/wp\/v2\/pages\/145\/revisions\/1002"}],"up":[{"embeddable":true,"href":"https:\/\/enapol.com\/vi\/wp-json\/wp\/v2\/pages\/22"}],"wp:attachment":[{"href":"https:\/\/enapol.com\/vi\/wp-json\/wp\/v2\/media?parent=145"}],"curies":[{"name":"wp","href":"https:\/\/api.w.org\/{rel}","templated":true}]}}