{"id":1462,"date":"2021-08-19T17:48:22","date_gmt":"2021-08-19T20:48:22","guid":{"rendered":"http:\/\/x-enapol.org\/vi\/?page_id=1462"},"modified":"2021-08-19T17:54:03","modified_gmt":"2021-08-19T20:54:03","slug":"inscripcion","status":"publish","type":"page","link":"https:\/\/enapol.com\/vi\/encuentro\/inscripcion\/","title":{"rendered":"Inscripci\u00f3n"},"content":{"rendered":"<div class=\"fusion-fullwidth fullwidth-box fusion-builder-row-1 fusion-flex-container nonhundred-percent-fullwidth non-hundred-percent-height-scrolling\" style=\"--awb-border-radius-top-left:0px;--awb-border-radius-top-right:0px;--awb-border-radius-bottom-right:0px;--awb-border-radius-bottom-left:0px;--awb-flex-wrap:wrap;\" ><div class=\"fusion-builder-row fusion-row fusion-flex-align-items-flex-start fusion-flex-content-wrap\" style=\"max-width:1352px;margin-left: calc(-4% \/ 2 );margin-right: calc(-4% \/ 2 );\"><div class=\"fusion-layout-column fusion_builder_column fusion-builder-column-0 fusion_builder_column_1_1 1_1 fusion-flex-column\" style=\"--awb-bg-size:cover;--awb-width-large:100%;--awb-margin-top-large:0px;--awb-spacing-right-large:1.92%;--awb-margin-bottom-large:20px;--awb-spacing-left-large:1.92%;--awb-width-medium:100%;--awb-order-medium:0;--awb-spacing-right-medium:1.92%;--awb-spacing-left-medium:1.92%;--awb-width-small:100%;--awb-order-small:0;--awb-spacing-right-small:1.92%;--awb-spacing-left-small:1.92%;\"><div class=\"fusion-column-wrapper fusion-column-has-shadow fusion-flex-justify-content-flex-start fusion-content-layout-column\"><div class=\"fusion-title title fusion-title-1 fusion-sep-none fusion-title-text fusion-title-size-three\"><h3 class=\"fusion-title-heading title-heading-left fusion-responsive-typography-calculated\" style=\"margin:0;--fontSize:30;line-height:1.3;\">Costos de inscripci\u00f3n<\/h3><\/div><ul style=\"--awb-line-height:27.2px;--awb-icon-width:27.2px;--awb-icon-height:27.2px;--awb-icon-margin:11.2px;--awb-content-margin:38.4px;--awb-circlecolor:#c5161d;--awb-circle-yes-font-size:14.08px;\" class=\"fusion-checklist fusion-checklist-1 fusion-checklist-default type-icons\"><li class=\"fusion-li-item\" style=\"\"><span class=\"icon-wrapper circle-yes\"><i class=\"fusion-li-icon fa-angle-right fas\" aria-hidden=\"true\"><\/i><\/span><div class=\"fusion-li-item-content\">\n<p style=\"text-align: justify;\"><strong>Residentes argentinos<\/strong>: El costo se paga en pesos argentinos, seg\u00fan el valor del d\u00f3lar oficial al d\u00eda del pago.<\/p>\n<\/div><\/li><li class=\"fusion-li-item\" style=\"\"><span class=\"icon-wrapper circle-yes\"><i class=\"fusion-li-icon fa-angle-right fas\" aria-hidden=\"true\"><\/i><\/span><div class=\"fusion-li-item-content\">\n<p style=\"text-align: justify;\"><strong>Residentes extranjeros<\/strong>: El costo puede pagarse en d\u00f3lares o pesos argentinos seg\u00fan el valor del d\u00f3lar oficial al d\u00eda del pago.<\/p>\n<\/div><\/li><\/ul><div class=\"fusion-text fusion-text-1\"><table border=\"0\" width=\"100%\" cellspacing=\"1\" cellpadding=\"2\">\n<tbody>\n<tr class=\"Back1\">\n<td valign=\"top\"><\/td>\n<td align=\"center\" valign=\"top\" width=\"115\"><b>Hasta el VI ENAPOL<\/b><\/td>\n<\/tr>\n<tr class=\"Back2\">\n<td valign=\"top\">Miembros de las Escuelas<\/td>\n<td align=\"center\" valign=\"top\" width=\"115\">U$S 300<\/td>\n<\/tr>\n<tr class=\"Back2\">\n<td valign=\"top\">No miembros de las Escuelas\u00a0<span class=\"NotaPie\">[1]<\/span><\/td>\n<td align=\"center\" valign=\"top\" width=\"115\">U$S 250<\/td>\n<\/tr>\n<tr class=\"Back2\">\n<td valign=\"top\">Estudiantes\u00a0<span class=\"NotaPie\">[2]<\/span><\/td>\n<td align=\"center\" valign=\"top\" width=\"115\">Sin cupo<\/td>\n<\/tr>\n<\/tbody>\n<\/table>\n<p>Como el cupo es limitado, los alentamos a inscribirse con anticipaci\u00f3n.<\/p>\n<div id=\"CITAS\">\n<hr \/>\n<ol>\n<li style=\"text-align: justify;\"><b>No Miembros de las Escuelas\u00a0<\/b>se refiere a aquellos colegas que no sean Miembros de alguna de las Escuelas de la AMP (EBP, EOL, NEL, ECF, ELP, EEP, NLS, SLP), pero que est\u00e9n interesados en asistir al VI ENAPOL 2013.<\/li>\n<li style=\"text-align: justify;\"><b>Estudiantes\u00a0<\/b>con Cupo limitado. Tiempo limitado. Quedan incluidos aqu\u00ed los estudiantes universitarios (de PRE-GRADO, no de post-grado), concurrentes y residentes de hospitales y\/o centros de salud, que acrediten tal condici\u00f3n.<br \/>\nPAGO: en efectivo, tarjeta de cr\u00e9dito o transferencia bancaria en una cuota. Enviar a la EOL (por fax o por mail) la certificaci\u00f3n que acredite el estudio de pre-grado, residencia o concurrencia; s\u00f3lo as\u00ed se podr\u00e1 tomar como v\u00e1lida la inscripci\u00f3n.<\/li>\n<\/ol>\n<\/div>\n<\/div><\/div><\/div><\/div><\/div>\n","protected":false},"excerpt":{"rendered":"","protected":false},"author":1,"featured_media":0,"parent":22,"menu_order":14,"comment_status":"closed","ping_status":"closed","template":"","meta":{"_monsterinsights_skip_tracking":false,"_monsterinsights_sitenote_active":false,"_monsterinsights_sitenote_note":"","_monsterinsights_sitenote_category":0,"footnotes":""},"_links":{"self":[{"href":"https:\/\/enapol.com\/vi\/wp-json\/wp\/v2\/pages\/1462"}],"collection":[{"href":"https:\/\/enapol.com\/vi\/wp-json\/wp\/v2\/pages"}],"about":[{"href":"https:\/\/enapol.com\/vi\/wp-json\/wp\/v2\/types\/page"}],"author":[{"embeddable":true,"href":"https:\/\/enapol.com\/vi\/wp-json\/wp\/v2\/users\/1"}],"replies":[{"embeddable":true,"href":"https:\/\/enapol.com\/vi\/wp-json\/wp\/v2\/comments?post=1462"}],"version-history":[{"count":6,"href":"https:\/\/enapol.com\/vi\/wp-json\/wp\/v2\/pages\/1462\/revisions"}],"predecessor-version":[{"id":1470,"href":"https:\/\/enapol.com\/vi\/wp-json\/wp\/v2\/pages\/1462\/revisions\/1470"}],"up":[{"embeddable":true,"href":"https:\/\/enapol.com\/vi\/wp-json\/wp\/v2\/pages\/22"}],"wp:attachment":[{"href":"https:\/\/enapol.com\/vi\/wp-json\/wp\/v2\/media?parent=1462"}],"curies":[{"name":"wp","href":"https:\/\/api.w.org\/{rel}","templated":true}]}}