{"id":147,"date":"2021-08-13T00:20:11","date_gmt":"2021-08-13T03:20:11","guid":{"rendered":"http:\/\/x-enapol.org\/vi\/?page_id=147"},"modified":"2021-08-17T22:04:32","modified_gmt":"2021-08-18T01:04:32","slug":"hospedagem-e-turismo","status":"publish","type":"page","link":"https:\/\/enapol.com\/vi\/pt\/encontro\/hospedagem-e-turismo\/","title":{"rendered":"Hospedagem e turismo"},"content":{"rendered":"<div class=\"fusion-fullwidth fullwidth-box fusion-builder-row-1 fusion-flex-container nonhundred-percent-fullwidth non-hundred-percent-height-scrolling\" style=\"--awb-border-radius-top-left:0px;--awb-border-radius-top-right:0px;--awb-border-radius-bottom-right:0px;--awb-border-radius-bottom-left:0px;--awb-flex-wrap:wrap;\" ><div class=\"fusion-builder-row fusion-row fusion-flex-align-items-flex-start fusion-flex-content-wrap\" style=\"max-width:1352px;margin-left: calc(-4% \/ 2 );margin-right: calc(-4% \/ 2 );\"><div class=\"fusion-layout-column fusion_builder_column fusion-builder-column-0 fusion_builder_column_1_1 1_1 fusion-flex-column\" style=\"--awb-bg-size:cover;--awb-width-large:100%;--awb-margin-top-large:0px;--awb-spacing-right-large:1.92%;--awb-margin-bottom-large:20px;--awb-spacing-left-large:1.92%;--awb-width-medium:100%;--awb-order-medium:0;--awb-spacing-right-medium:1.92%;--awb-spacing-left-medium:1.92%;--awb-width-small:100%;--awb-order-small:0;--awb-spacing-right-small:1.92%;--awb-spacing-left-small:1.92%;\"><div class=\"fusion-column-wrapper fusion-column-has-shadow fusion-flex-justify-content-flex-start fusion-content-layout-column\"><div class=\"fusion-text fusion-text-1\"><p style=\"text-align: justify;\"><strong>Respons\u00e1vel<\/strong>: Anal\u00eda Trachter<\/p>\n<p>A Comiss\u00e3o de Hospedagem e Turismo est\u00e1 trabalhando para receber nossos colegas com uma variedade de propostas e servi\u00e7os que os fa\u00e7am sentir-se em casa.<\/p>\n<p>Queremos oferecer-lhes uma tarifa especial combinada com o Hotel Panamericano, com vagas limitadas, para os inscritos no Encontro.<\/p>\n<p>Essa tarifa \u00e9 para o per\u00edodo de 15 a 28\/11\/2013, isto \u00e9, desde o fim de semana anterior at\u00e9 tr\u00eas dias depois do ENAPOL e das Jornadas da EOL.<\/p>\n<p>Os apartamentos do Panamericano est\u00e3o muito bem equipados, t\u00eam design italiano, disp\u00f5em de generosas vistas da cidade de Buenos Aires. O hotel oferece, tamb\u00e9m, op\u00e7\u00f5es gastron\u00f4micas nos Restaurantes Luci\u00e9rnaga e Tomo I, que incluem a elabora\u00e7\u00e3o de pratos regionais, comidas t\u00edpicas e internacionais.<\/p>\n<p>As tarifas acordadas incluem:<\/p>\n<ul>\n<li>Buffet de Caf\u00e9 da manh\u00e3<\/li>\n<li>Conex\u00e3o Wi-fi gratuita<\/li>\n<li>Livre acesso ao Health Club \u00abN\u00edvel 23 Panamericano Club &amp; SPA\u00bb, situado no 23\u00ba andar da Torre Norte, com piscina climatizada, sauna a seco e sal\u00e3o de gin\u00e1stica com 3 salas de \u00faltima gera\u00e7\u00e3o &#8211; com vista incompar\u00e1vel da cidade: a Avenida 9 de julho, o Obelisco e o Teatro Col\u00f3n.<\/li>\n<\/ul>\n<p>Para acessar essa promo\u00e7\u00e3o ingressem a partir do link abaixo, no qual poder\u00e3o fazer suas reservas e encontrar\u00e3o tarifas relacionadas \u00e0s categorias dos apartamentos selecionando a semana de novembro correspondente:<\/p>\n<\/div><div style=\"text-align:right;\"><a class=\"fusion-button button-flat fusion-button-default-size button-default fusion-button-default button-1 fusion-button-default-span fusion-button-default-type\" target=\"_blank\" rel=\"noopener noreferrer\" href=\"#\"><span class=\"fusion-button-text\">HOTEL PANAMERICANO<\/span><\/a><\/div><div class=\"fusion-separator fusion-full-width-sep\" style=\"align-self: center;margin-left: auto;margin-right: auto;margin-top:10px;margin-bottom:10px;width:100%;\"><\/div><div class=\"fusion-text fusion-text-2\"><p style=\"text-align: justify;\">Al\u00e9m disso, para aqueles que se hospedam no Hotel e queiram dar uma escapada at\u00e9 Bariloche ou Calafate, ter\u00e3o, tamb\u00e9m, uma tarifa especial nos hot\u00e9is de que essa mesma cadeia disp\u00f5e nessas formosas cidades.<\/p>\n<p style=\"text-align: justify;\">Para que possam avaliar essas possibilidades, os hot\u00e9is s\u00e3o:<\/p>\n<ul style=\"text-align: justify;\">\n<li>Panamericano Bariloche &#8211; di\u00e1ria de U$S 130 + iva &#8211; inclui caf\u00e9 da manh\u00e3-buffet<\/li>\n<li>Los Sauces Casa Patag\u00f4nica (Calafate) &#8211; di\u00e1ria de U$S 275 + iva &#8211; inclui caf\u00e9 da manh\u00e3-buffet e acesso \u00e0 SPA.<\/li>\n<\/ul>\n<p style=\"text-align: justify;\">Uma vez finalizado o Encontro ou dias antes, ter\u00e3o a oportunidade de dispor de dias descanso, desfrutando uma bela estadia em algum lugar de nosso pa\u00eds.<\/p>\n<p style=\"text-align: justify;\">Caso estejam interessados podemos ajud\u00e1-los a organizar essa viagem, contate-nos:\u00a0<a href=\"mailto:analiat@arnet.com.ar\">analiat@arnet.com.ar<\/a><\/p>\n<\/div><\/div><\/div><\/div><\/div>\n","protected":false},"excerpt":{"rendered":"","protected":false},"author":1,"featured_media":0,"parent":45,"menu_order":5,"comment_status":"closed","ping_status":"closed","template":"","meta":{"_monsterinsights_skip_tracking":false,"_monsterinsights_sitenote_active":false,"_monsterinsights_sitenote_note":"","_monsterinsights_sitenote_category":0,"footnotes":""},"_links":{"self":[{"href":"https:\/\/enapol.com\/vi\/wp-json\/wp\/v2\/pages\/147"}],"collection":[{"href":"https:\/\/enapol.com\/vi\/wp-json\/wp\/v2\/pages"}],"about":[{"href":"https:\/\/enapol.com\/vi\/wp-json\/wp\/v2\/types\/page"}],"author":[{"embeddable":true,"href":"https:\/\/enapol.com\/vi\/wp-json\/wp\/v2\/users\/1"}],"replies":[{"embeddable":true,"href":"https:\/\/enapol.com\/vi\/wp-json\/wp\/v2\/comments?post=147"}],"version-history":[{"count":4,"href":"https:\/\/enapol.com\/vi\/wp-json\/wp\/v2\/pages\/147\/revisions"}],"predecessor-version":[{"id":1005,"href":"https:\/\/enapol.com\/vi\/wp-json\/wp\/v2\/pages\/147\/revisions\/1005"}],"up":[{"embeddable":true,"href":"https:\/\/enapol.com\/vi\/wp-json\/wp\/v2\/pages\/45"}],"wp:attachment":[{"href":"https:\/\/enapol.com\/vi\/wp-json\/wp\/v2\/media?parent=147"}],"curies":[{"name":"wp","href":"https:\/\/api.w.org\/{rel}","templated":true}]}}