{"id":1471,"date":"2021-08-19T17:56:08","date_gmt":"2021-08-19T20:56:08","guid":{"rendered":"http:\/\/x-enapol.org\/vi\/?page_id=1471"},"modified":"2021-08-19T17:57:12","modified_gmt":"2021-08-19T20:57:12","slug":"inscricao","status":"publish","type":"page","link":"https:\/\/enapol.com\/vi\/pt\/encontro\/inscricao\/","title":{"rendered":"Inscri\u00e7\u00e3o"},"content":{"rendered":"<div class=\"fusion-fullwidth fullwidth-box fusion-builder-row-1 fusion-flex-container nonhundred-percent-fullwidth non-hundred-percent-height-scrolling\" style=\"--awb-border-radius-top-left:0px;--awb-border-radius-top-right:0px;--awb-border-radius-bottom-right:0px;--awb-border-radius-bottom-left:0px;--awb-flex-wrap:wrap;\" ><div class=\"fusion-builder-row fusion-row fusion-flex-align-items-flex-start fusion-flex-content-wrap\" style=\"max-width:1352px;margin-left: calc(-4% \/ 2 );margin-right: calc(-4% \/ 2 );\"><div class=\"fusion-layout-column fusion_builder_column fusion-builder-column-0 fusion_builder_column_1_1 1_1 fusion-flex-column\" style=\"--awb-bg-size:cover;--awb-width-large:100%;--awb-margin-top-large:0px;--awb-spacing-right-large:1.92%;--awb-margin-bottom-large:20px;--awb-spacing-left-large:1.92%;--awb-width-medium:100%;--awb-order-medium:0;--awb-spacing-right-medium:1.92%;--awb-spacing-left-medium:1.92%;--awb-width-small:100%;--awb-order-small:0;--awb-spacing-right-small:1.92%;--awb-spacing-left-small:1.92%;\"><div class=\"fusion-column-wrapper fusion-column-has-shadow fusion-flex-justify-content-flex-start fusion-content-layout-column\"><div class=\"fusion-title title fusion-title-1 fusion-sep-none fusion-title-text fusion-title-size-three\"><h3 class=\"fusion-title-heading title-heading-left fusion-responsive-typography-calculated\" style=\"margin:0;--fontSize:30;line-height:1.3;\">Pre\u00e7os<\/h3><\/div><ul style=\"--awb-line-height:27.2px;--awb-icon-width:27.2px;--awb-icon-height:27.2px;--awb-icon-margin:11.2px;--awb-content-margin:38.4px;--awb-circlecolor:#c5161d;--awb-circle-yes-font-size:14.08px;\" class=\"fusion-checklist fusion-checklist-1 fusion-checklist-default type-icons\"><li class=\"fusion-li-item\" style=\"\"><span class=\"icon-wrapper circle-yes\"><i class=\"fusion-li-icon fa-angle-right fas\" aria-hidden=\"true\"><\/i><\/span><div class=\"fusion-li-item-content\">\n<p style=\"text-align: justify;\"><strong>Residentes argentinos<\/strong>: o\u00a0custo se paga em pesos argentinos de acordo ao valor do d\u00f3lar oficial no dia do pagamento.<\/p>\n<\/div><\/li><li class=\"fusion-li-item\" style=\"\"><span class=\"icon-wrapper circle-yes\"><i class=\"fusion-li-icon fa-angle-right fas\" aria-hidden=\"true\"><\/i><\/span><div class=\"fusion-li-item-content\">\n<p style=\"text-align: justify;\"><strong>Residentes estrangeiros<\/strong>: o\u00a0custo pode ser pago em d\u00f3lares ou pesos argentinos de acordo ao valor do d\u00f3lar oficial no dia do pagamento.<\/p>\n<\/div><\/li><\/ul><div class=\"fusion-text fusion-text-1\"><table border=\"0\" width=\"100%\" cellspacing=\"1\" cellpadding=\"2\">\n<tbody>\n<tr class=\"Back1\">\n<td valign=\"top\"><\/td>\n<td align=\"center\" valign=\"top\" width=\"115\"><b>At\u00e9 o VI ENAPOL<\/b><\/td>\n<\/tr>\n<tr class=\"Back2\">\n<td valign=\"top\">Membros AMP<\/td>\n<td align=\"center\" valign=\"top\" width=\"115\">U$S 300<\/td>\n<\/tr>\n<tr class=\"Back2\">\n<td valign=\"top\">N\u00e3o membros AMP\u00a0<span class=\"NotaPie\">[1]<\/span><\/td>\n<td align=\"center\" valign=\"top\" width=\"115\">U$S 250<\/td>\n<\/tr>\n<tr class=\"Back2\">\n<td valign=\"top\">Estudantes\u00a0<span class=\"NotaPie\">[2]<\/span><\/td>\n<td align=\"center\" valign=\"top\" width=\"115\">Sin cupo<\/td>\n<\/tr>\n<\/tbody>\n<\/table>\n<p>Como as vagas s\u00e3o limitadas, sugerimos que se inscrevam com anteced\u00eancia.<\/p>\n<div id=\"CITAS\">\n<hr \/>\n<ol>\n<li style=\"text-align: justify;\"><b>N\u00e3o membros AMP\u00a0<\/b>se refere \u00e0queles colegas que n\u00e3o s\u00e3o Membros de alguma das Escolas da AMP (EOL, EBP, NEL, ECF, ELP, EEP, NLS, SLP), mas que estejam interessados em comparecer ao VI ENAPOL 2013.<\/li>\n<li style=\"text-align: justify;\"><b>Estudantes\u00a0<\/b>Vagas limitadas. Tempo limitado. Aqui s\u00e3o inclu\u00eddos os estudantes universit\u00e1rios de\u00a0<b>Gradua\u00e7\u00e3o\u00a0<\/b>(n\u00e3o de P\u00f3s-gradua\u00e7\u00e3o), participantes e residentes de hospitais e\/ou centros de sa\u00fade, que comprovem tal condi\u00e7\u00e3o.<br \/>\nPAGAMENTO: em dinheiro, cart\u00e3o de cr\u00e9dito ou transfer\u00eancia banc\u00e1ria em uma parcela. Enviar a EOL (por fax ou e-mail) o certificado que comprove seu estudo na gradua\u00e7\u00e3o, na resid\u00eancia ou sua presen\u00e7a; somente assim poderemos tomar como v\u00e1lida a inscri\u00e7\u00e3o.<\/li>\n<\/ol>\n<\/div>\n<\/div><\/div><\/div><\/div><\/div>\n","protected":false},"excerpt":{"rendered":"","protected":false},"author":1,"featured_media":0,"parent":45,"menu_order":14,"comment_status":"closed","ping_status":"closed","template":"","meta":{"_monsterinsights_skip_tracking":false,"_monsterinsights_sitenote_active":false,"_monsterinsights_sitenote_note":"","_monsterinsights_sitenote_category":0,"footnotes":""},"_links":{"self":[{"href":"https:\/\/enapol.com\/vi\/wp-json\/wp\/v2\/pages\/1471"}],"collection":[{"href":"https:\/\/enapol.com\/vi\/wp-json\/wp\/v2\/pages"}],"about":[{"href":"https:\/\/enapol.com\/vi\/wp-json\/wp\/v2\/types\/page"}],"author":[{"embeddable":true,"href":"https:\/\/enapol.com\/vi\/wp-json\/wp\/v2\/users\/1"}],"replies":[{"embeddable":true,"href":"https:\/\/enapol.com\/vi\/wp-json\/wp\/v2\/comments?post=1471"}],"version-history":[{"count":2,"href":"https:\/\/enapol.com\/vi\/wp-json\/wp\/v2\/pages\/1471\/revisions"}],"predecessor-version":[{"id":1475,"href":"https:\/\/enapol.com\/vi\/wp-json\/wp\/v2\/pages\/1471\/revisions\/1475"}],"up":[{"embeddable":true,"href":"https:\/\/enapol.com\/vi\/wp-json\/wp\/v2\/pages\/45"}],"wp:attachment":[{"href":"https:\/\/enapol.com\/vi\/wp-json\/wp\/v2\/media?parent=1471"}],"curies":[{"name":"wp","href":"https:\/\/api.w.org\/{rel}","templated":true}]}}