{"id":149,"date":"2021-08-13T00:20:32","date_gmt":"2021-08-13T03:20:32","guid":{"rendered":"http:\/\/x-enapol.org\/vi\/?page_id=149"},"modified":"2021-08-19T02:59:31","modified_gmt":"2021-08-19T05:59:31","slug":"prensa-y-difusion","status":"publish","type":"page","link":"https:\/\/enapol.com\/vi\/encuentro\/prensa-y-difusion\/","title":{"rendered":"Prensa y difusi\u00f3n"},"content":{"rendered":"<div class=\"fusion-fullwidth fullwidth-box fusion-builder-row-1 fusion-flex-container nonhundred-percent-fullwidth non-hundred-percent-height-scrolling\" style=\"--awb-border-radius-top-left:0px;--awb-border-radius-top-right:0px;--awb-border-radius-bottom-right:0px;--awb-border-radius-bottom-left:0px;--awb-flex-wrap:wrap;\" ><div class=\"fusion-builder-row fusion-row fusion-flex-align-items-flex-start fusion-flex-content-wrap\" style=\"max-width:1352px;margin-left: calc(-4% \/ 2 );margin-right: calc(-4% \/ 2 );\"><div class=\"fusion-layout-column fusion_builder_column fusion-builder-column-0 fusion_builder_column_1_1 1_1 fusion-flex-column\" style=\"--awb-bg-size:cover;--awb-width-large:100%;--awb-margin-top-large:0px;--awb-spacing-right-large:1.92%;--awb-margin-bottom-large:20px;--awb-spacing-left-large:1.92%;--awb-width-medium:100%;--awb-order-medium:0;--awb-spacing-right-medium:1.92%;--awb-spacing-left-medium:1.92%;--awb-width-small:100%;--awb-order-small:0;--awb-spacing-right-small:1.92%;--awb-spacing-left-small:1.92%;\"><div class=\"fusion-column-wrapper fusion-column-has-shadow fusion-flex-justify-content-flex-start fusion-content-layout-column\"><div class=\"fusion-text fusion-text-1\"><p><strong>Responsable<\/strong>: Andrea Brunstein<\/p>\n<p>La Comisi\u00f3n de Prensa y Difusi\u00f3n anuncia el pr\u00f3ximo Encuentro Americano y ya se encuentra trabajando para dar a conocer la difusi\u00f3n del mismo.<\/p>\n<p>Para eso estamos en pleno proceso de b\u00fasqueda de auspicios y contactos de prensa.<\/p>\n<\/div><div class=\"fusion-title title fusion-title-1 fusion-sep-none fusion-title-text fusion-title-size-three\"><h3 class=\"fusion-title-heading title-heading-left fusion-responsive-typography-calculated\" style=\"margin:0;--fontSize:30;line-height:1.3;\"><p class=\"Titulo4\">Acontecimientos de prensa<\/p><\/h3><\/div><style type='text\/css'>.reading-box-container-1 .element-bottomshadow:before,.reading-box-container-1 .element-bottomshadow:after{opacity:0.7;}<\/style><div class=\"fusion-reading-box-container reading-box-container-1\" style=\"--awb-title-color:#c5161d;--awb-margin-top:0px;--awb-margin-bottom:20px;\"><div class=\"reading-box\" style=\"background-color:#ccb9a9;border-width:1px;border-color:#ccb9a9;border-left-width:3px;border-left-color:var(--primary_color);border-style:solid;\"><div class=\"reading-box-additional\">\n<p>17\/10\/13 &#8211; <strong>Entrevista a Patricio Alvarez<\/strong> en Radio del Plata AM con Romina Calderaro en el programa \u00abLo que el d\u00eda nos dej\u00f3\u00bb<\/p>\n<\/div><div class=\"fusion-clearfix\"><\/div><\/div><\/div><style type='text\/css'>.reading-box-container-2 .element-bottomshadow:before,.reading-box-container-2 .element-bottomshadow:after{opacity:0.7;}<\/style><div class=\"fusion-reading-box-container reading-box-container-2\" style=\"--awb-title-color:#c5161d;--awb-margin-top:0px;--awb-margin-bottom:20px;\"><div class=\"reading-box\" style=\"background-color:#ccb9a9;border-width:1px;border-color:#ccb9a9;border-left-width:3px;border-left-color:var(--primary_color);border-style:solid;\"><a class=\"button fusion-button button-default fusion-button-small button-small button-flat fusion-desktop-button fusion-tagline-button continue fusion-desktop-button-margin continue-right\" style=\"-webkit-box-shadow:none;-moz-box-shadow:none;box-shadow:none;border-radius:0px 0px 0px 0px\" href=\"https:\/\/www.telam.com.ar\/notas\/201310\/38225-la-lazo-social-promovido-por-la-experiencia-analitica-despierta-a-los-sujetos-del-sueno-de-la-eternidad.html\" target=\"_blank\" rel=\"noopener noreferrer\"><span>AMPLIAR<\/span><\/a><div class=\"reading-box-additional\">\n<p>27\/10\/13 &#8211; <strong>Entrevista a Ricardo Seldes<\/strong> en Telam Cultura. Entrevistado por Pablo E. Chac\u00f3n<\/p>\n<\/div><div class=\"fusion-clearfix\"><\/div><a class=\"button fusion-button button-default fusion-button-small button-small button-flat fusion-mobile-button continue-right\" style=\"-webkit-box-shadow:none;-moz-box-shadow:none;box-shadow:none;border-radius:0px 0px 0px 0px\" href=\"https:\/\/www.telam.com.ar\/notas\/201310\/38225-la-lazo-social-promovido-por-la-experiencia-analitica-despierta-a-los-sujetos-del-sueno-de-la-eternidad.html\" target=\"_blank\" rel=\"noopener noreferrer\"><span>AMPLIAR<\/span><\/a><\/div><\/div><style type='text\/css'>.reading-box-container-3 .element-bottomshadow:before,.reading-box-container-3 .element-bottomshadow:after{opacity:0.7;}<\/style><div class=\"fusion-reading-box-container reading-box-container-3\" style=\"--awb-title-color:#c5161d;--awb-margin-top:0px;--awb-margin-bottom:20px;\"><div class=\"reading-box\" style=\"background-color:#ccb9a9;border-width:1px;border-color:#ccb9a9;border-left-width:3px;border-left-color:var(--primary_color);border-style:solid;\"><a class=\"button fusion-button button-default fusion-button-small button-small button-flat fusion-desktop-button fusion-tagline-button continue fusion-desktop-button-margin continue-right\" style=\"-webkit-box-shadow:none;-moz-box-shadow:none;box-shadow:none;border-radius:0px 0px 0px 0px\" href=\"http:\/\/ampblog2006.blogspot.com\/2013\/11\/ricardo-seldes-presenta-el-vi-enapol-en.html\" target=\"_blank\" rel=\"noopener noreferrer\"><span>AMPLIAR<\/span><\/a><div class=\"reading-box-additional\">\n<p>2\/11\/13 &#8211; <strong>Entrevista a Ricardo Seldes<\/strong> en Revista \u00d1. Entrevistado por H\u00e9ctor Pav\u00f3n<\/p>\n<\/div><div class=\"fusion-clearfix\"><\/div><a class=\"button fusion-button button-default fusion-button-small button-small button-flat fusion-mobile-button continue-right\" style=\"-webkit-box-shadow:none;-moz-box-shadow:none;box-shadow:none;border-radius:0px 0px 0px 0px\" href=\"http:\/\/ampblog2006.blogspot.com\/2013\/11\/ricardo-seldes-presenta-el-vi-enapol-en.html\" target=\"_blank\" rel=\"noopener noreferrer\"><span>AMPLIAR<\/span><\/a><\/div><\/div><style type='text\/css'>.reading-box-container-4 .element-bottomshadow:before,.reading-box-container-4 .element-bottomshadow:after{opacity:0.7;}<\/style><div class=\"fusion-reading-box-container reading-box-container-4\" style=\"--awb-title-color:#c5161d;--awb-margin-top:0px;--awb-margin-bottom:20px;\"><div class=\"reading-box\" style=\"background-color:#ccb9a9;border-width:1px;border-color:#ccb9a9;border-left-width:3px;border-left-color:var(--primary_color);border-style:solid;\"><a class=\"button fusion-button button-default fusion-button-small button-small button-flat fusion-desktop-button fusion-tagline-button continue fusion-desktop-button-margin continue-right\" style=\"-webkit-box-shadow:none;-moz-box-shadow:none;box-shadow:none;border-radius:0px 0px 0px 0px\" href=\"https:\/\/www.pagina12.com.ar\/diario\/suplementos\/rosario\/21-41425-2013-11-14.html\" target=\"_blank\" rel=\"noopener noreferrer\"><span>AMPLIAR<\/span><\/a><div class=\"reading-box-additional\">\n<p>14\/11\/13 &#8211; <strong>Entrevista a Ricardo Seldes<\/strong> en Rosario 12. Entrevistado por: Jos\u00e9 Manuel Ramirez<\/p>\n<\/div><div class=\"fusion-clearfix\"><\/div><a class=\"button fusion-button button-default fusion-button-small button-small button-flat fusion-mobile-button continue-right\" style=\"-webkit-box-shadow:none;-moz-box-shadow:none;box-shadow:none;border-radius:0px 0px 0px 0px\" href=\"https:\/\/www.pagina12.com.ar\/diario\/suplementos\/rosario\/21-41425-2013-11-14.html\" target=\"_blank\" rel=\"noopener noreferrer\"><span>AMPLIAR<\/span><\/a><\/div><\/div><style type='text\/css'>.reading-box-container-5 .element-bottomshadow:before,.reading-box-container-5 .element-bottomshadow:after{opacity:0.7;}<\/style><div class=\"fusion-reading-box-container reading-box-container-5\" style=\"--awb-title-color:#c5161d;--awb-margin-top:0px;--awb-margin-bottom:20px;\"><div class=\"reading-box\" style=\"background-color:#ccb9a9;border-width:1px;border-color:#ccb9a9;border-left-width:3px;border-left-color:var(--primary_color);border-style:solid;\"><a class=\"button fusion-button button-default fusion-button-small button-small button-flat fusion-desktop-button fusion-tagline-button continue fusion-desktop-button-margin continue-right\" style=\"-webkit-box-shadow:none;-moz-box-shadow:none;box-shadow:none;border-radius:0px 0px 0px 0px\" href=\"https:\/\/www.telam.com.ar\/notas\/201311\/41125-la-epoca-vive-una-fascinacion-por-la-violencia-contra-uno-mismo-y-contra-los-otros.html\" target=\"_blank\" rel=\"noopener noreferrer\"><span>AMPLIAR<\/span><\/a><div class=\"reading-box-additional\">\n<p>17\/11\/13 &#8211; <strong>Entrevista a Eric Laurent<\/strong> en Telam Cultura. Entrevistado por Pablo E. Chac\u00f3n<\/p>\n<\/div><div class=\"fusion-clearfix\"><\/div><a class=\"button fusion-button button-default fusion-button-small button-small button-flat fusion-mobile-button continue-right\" style=\"-webkit-box-shadow:none;-moz-box-shadow:none;box-shadow:none;border-radius:0px 0px 0px 0px\" href=\"https:\/\/www.telam.com.ar\/notas\/201311\/41125-la-epoca-vive-una-fascinacion-por-la-violencia-contra-uno-mismo-y-contra-los-otros.html\" target=\"_blank\" rel=\"noopener noreferrer\"><span>AMPLIAR<\/span><\/a><\/div><\/div><style type='text\/css'>.reading-box-container-6 .element-bottomshadow:before,.reading-box-container-6 .element-bottomshadow:after{opacity:0.7;}<\/style><div class=\"fusion-reading-box-container reading-box-container-6\" style=\"--awb-title-color:#c5161d;--awb-margin-top:0px;--awb-margin-bottom:20px;\"><div class=\"reading-box\" style=\"background-color:#ccb9a9;border-width:1px;border-color:#ccb9a9;border-left-width:3px;border-left-color:var(--primary_color);border-style:solid;\"><a class=\"button fusion-button button-default fusion-button-small button-small button-flat fusion-desktop-button fusion-tagline-button continue fusion-desktop-button-margin continue-right\" style=\"-webkit-box-shadow:none;-moz-box-shadow:none;box-shadow:none;border-radius:0px 0px 0px 0px\" href=\"https:\/\/www.tvpublica.com.ar\/articulo\/entrevista-a-eric-laurant\/\" target=\"_blank\" rel=\"noopener noreferrer\"><span>AMPLIAR<\/span><\/a><div class=\"reading-box-additional\">\n<p>20\/11\/13 &#8211; <strong>Entrevista a Eric Laurent<\/strong> en Canal 7. Entrevistado por Osvaldo Quiroga. Programa \u00abLa Otra trama\u00bb<\/p>\n<\/div><div class=\"fusion-clearfix\"><\/div><a class=\"button fusion-button button-default fusion-button-small button-small button-flat fusion-mobile-button continue-right\" style=\"-webkit-box-shadow:none;-moz-box-shadow:none;box-shadow:none;border-radius:0px 0px 0px 0px\" href=\"https:\/\/www.tvpublica.com.ar\/articulo\/entrevista-a-eric-laurant\/\" target=\"_blank\" rel=\"noopener noreferrer\"><span>AMPLIAR<\/span><\/a><\/div><\/div><style type='text\/css'>.reading-box-container-7 .element-bottomshadow:before,.reading-box-container-7 .element-bottomshadow:after{opacity:0.7;}<\/style><div class=\"fusion-reading-box-container reading-box-container-7\" style=\"--awb-title-color:#c5161d;--awb-margin-top:0px;--awb-margin-bottom:20px;\"><div class=\"reading-box\" style=\"background-color:#ccb9a9;border-width:1px;border-color:#ccb9a9;border-left-width:3px;border-left-color:var(--primary_color);border-style:solid;\"><a class=\"button fusion-button button-default fusion-button-small button-small button-flat fusion-desktop-button fusion-tagline-button continue fusion-desktop-button-margin continue-right\" style=\"-webkit-box-shadow:none;-moz-box-shadow:none;box-shadow:none;border-radius:0px 0px 0px 0px\" href=\"http:\/\/enapol.com\/vi\/wp-content\/uploads\/sites\/8\/2021\/08\/13-12-06_Entrevista-a-Miquel-Bassols.pdf\" target=\"_blank\" rel=\"noopener noreferrer\"><span>AMPLIAR<\/span><\/a><div class=\"reading-box-additional\">\n<p>6\/12\/13 &#8211; <strong>Entrevista a Miquel Bassols, \u00abLa vigencia del Psicoan\u00e1lisis\u00bb<\/strong> Revista Noticias. Entrevistado por Juan Manuel Bordon<\/p>\n<\/div><div class=\"fusion-clearfix\"><\/div><a class=\"button fusion-button button-default fusion-button-small button-small button-flat fusion-mobile-button continue-right\" style=\"-webkit-box-shadow:none;-moz-box-shadow:none;box-shadow:none;border-radius:0px 0px 0px 0px\" href=\"http:\/\/enapol.com\/vi\/wp-content\/uploads\/sites\/8\/2021\/08\/13-12-06_Entrevista-a-Miquel-Bassols.pdf\" target=\"_blank\" rel=\"noopener noreferrer\"><span>AMPLIAR<\/span><\/a><\/div><\/div><\/div><\/div><\/div><\/div>\n","protected":false},"excerpt":{"rendered":"","protected":false},"author":1,"featured_media":0,"parent":22,"menu_order":6,"comment_status":"closed","ping_status":"closed","template":"","meta":{"_monsterinsights_skip_tracking":false,"_monsterinsights_sitenote_active":false,"_monsterinsights_sitenote_note":"","_monsterinsights_sitenote_category":0,"footnotes":""},"_links":{"self":[{"href":"https:\/\/enapol.com\/vi\/wp-json\/wp\/v2\/pages\/149"}],"collection":[{"href":"https:\/\/enapol.com\/vi\/wp-json\/wp\/v2\/pages"}],"about":[{"href":"https:\/\/enapol.com\/vi\/wp-json\/wp\/v2\/types\/page"}],"author":[{"embeddable":true,"href":"https:\/\/enapol.com\/vi\/wp-json\/wp\/v2\/users\/1"}],"replies":[{"embeddable":true,"href":"https:\/\/enapol.com\/vi\/wp-json\/wp\/v2\/comments?post=149"}],"version-history":[{"count":7,"href":"https:\/\/enapol.com\/vi\/wp-json\/wp\/v2\/pages\/149\/revisions"}],"predecessor-version":[{"id":1412,"href":"https:\/\/enapol.com\/vi\/wp-json\/wp\/v2\/pages\/149\/revisions\/1412"}],"up":[{"embeddable":true,"href":"https:\/\/enapol.com\/vi\/wp-json\/wp\/v2\/pages\/22"}],"wp:attachment":[{"href":"https:\/\/enapol.com\/vi\/wp-json\/wp\/v2\/media?parent=149"}],"curies":[{"name":"wp","href":"https:\/\/api.w.org\/{rel}","templated":true}]}}