{"id":153,"date":"2021-08-13T00:21:20","date_gmt":"2021-08-13T03:21:20","guid":{"rendered":"http:\/\/x-enapol.org\/vi\/?page_id=153"},"modified":"2021-08-18T10:56:27","modified_gmt":"2021-08-18T13:56:27","slug":"eventos-y-relaciones-publicas","status":"publish","type":"page","link":"https:\/\/enapol.com\/vi\/encuentro\/eventos-y-relaciones-publicas\/","title":{"rendered":"Eventos y relaciones p\u00fablicas"},"content":{"rendered":"<div class=\"fusion-fullwidth fullwidth-box fusion-builder-row-1 fusion-flex-container nonhundred-percent-fullwidth non-hundred-percent-height-scrolling\" style=\"--awb-border-radius-top-left:0px;--awb-border-radius-top-right:0px;--awb-border-radius-bottom-right:0px;--awb-border-radius-bottom-left:0px;--awb-flex-wrap:wrap;\" ><div class=\"fusion-builder-row fusion-row fusion-flex-align-items-flex-start fusion-flex-content-wrap\" style=\"max-width:1352px;margin-left: calc(-4% \/ 2 );margin-right: calc(-4% \/ 2 );\"><div class=\"fusion-layout-column fusion_builder_column fusion-builder-column-0 fusion_builder_column_1_1 1_1 fusion-flex-column\" style=\"--awb-bg-size:cover;--awb-width-large:100%;--awb-margin-top-large:0px;--awb-spacing-right-large:1.92%;--awb-margin-bottom-large:20px;--awb-spacing-left-large:1.92%;--awb-width-medium:100%;--awb-order-medium:0;--awb-spacing-right-medium:1.92%;--awb-spacing-left-medium:1.92%;--awb-width-small:100%;--awb-order-small:0;--awb-spacing-right-small:1.92%;--awb-spacing-left-small:1.92%;\"><div class=\"fusion-column-wrapper fusion-column-has-shadow fusion-flex-justify-content-flex-start fusion-content-layout-column\"><div class=\"fusion-text fusion-text-1\"><p style=\"text-align: justify;\"><strong>Responsables<\/strong>: Paula Szabo y Betty Nagorny<\/p>\n<p style=\"text-align: justify;\">Ya estamos preparando el evento inicial, para muchos: un reencuentro, en el marco del Encuentro Americano!<\/p>\n<p style=\"text-align: justify;\">Un cocktail de bienvenida ser\u00e1 la oportunidad para recibir y agasajar a los colegas; interactuar y festejar as\u00ed, una nueva oportunidad de reunirnos -psicoanalistas de diferentes lugares de Am\u00e9rica- convocados por el trabajo com\u00fan.<\/p>\n<p style=\"text-align: justify;\">Iremos anticipando las novedades en los pr\u00f3ximos meses.<\/p>\n<p style=\"text-align: justify;\">Los esperamos para disfrutar de una velada \u00fanica.<\/p>\n<\/div><\/div><\/div><div class=\"fusion-layout-column fusion_builder_column fusion-builder-column-1 fusion_builder_column_1_2 1_2 fusion-flex-column\" style=\"--awb-bg-size:cover;--awb-width-large:50%;--awb-margin-top-large:0px;--awb-spacing-right-large:3.84%;--awb-margin-bottom-large:20px;--awb-spacing-left-large:3.84%;--awb-width-medium:100%;--awb-order-medium:0;--awb-spacing-right-medium:1.92%;--awb-spacing-left-medium:1.92%;--awb-width-small:100%;--awb-order-small:0;--awb-spacing-right-small:1.92%;--awb-spacing-left-small:1.92%;\"><div class=\"fusion-column-wrapper fusion-column-has-shadow fusion-flex-justify-content-flex-start fusion-content-layout-column\"><div class=\"fusion-title title fusion-title-1 fusion-sep-none fusion-title-text fusion-title-size-three\"><h3 class=\"fusion-title-heading title-heading-left fusion-responsive-typography-calculated\" style=\"margin:0;--fontSize:30;line-height:1.3;\">Recepci\u00f3n y brindis de apertura<\/h3><\/div><div class=\"fusion-image-element \" style=\"text-align:center;--awb-caption-title-font-family:var(--h2_typography-font-family);--awb-caption-title-font-weight:var(--h2_typography-font-weight);--awb-caption-title-font-style:var(--h2_typography-font-style);--awb-caption-title-size:var(--h2_typography-font-size);--awb-caption-title-transform:var(--h2_typography-text-transform);--awb-caption-title-line-height:var(--h2_typography-line-height);--awb-caption-title-letter-spacing:var(--h2_typography-letter-spacing);\"><span class=\" fusion-imageframe imageframe-none imageframe-1 hover-type-none\"><img decoding=\"async\" width=\"450\" height=\"358\" title=\"063_Obra\" src=\"http:\/\/enapol.com\/vi\/wp-content\/uploads\/sites\/8\/2021\/08\/063_Obra.jpg\" alt class=\"img-responsive wp-image-984\" srcset=\"https:\/\/enapol.com\/vi\/wp-content\/uploads\/sites\/8\/2021\/08\/063_Obra-200x159.jpg 200w, https:\/\/enapol.com\/vi\/wp-content\/uploads\/sites\/8\/2021\/08\/063_Obra-400x318.jpg 400w, https:\/\/enapol.com\/vi\/wp-content\/uploads\/sites\/8\/2021\/08\/063_Obra.jpg 450w\" sizes=\"(max-width: 1024px) 100vw, (max-width: 640px) 100vw, 450px\" \/><\/span><\/div><div class=\"fusion-separator fusion-full-width-sep\" style=\"align-self: center;margin-left: auto;margin-right: auto;margin-top:5px;margin-bottom:5px;width:100%;\"><\/div><div class=\"fusion-text fusion-text-2\"><p style=\"text-align: center;\"><em>Miguel Angel Ferreira. Alma del metegol<\/em><br \/>\n<em>(una de las obras en exposici\u00f3n en el Museo)<\/em><\/p>\n<p>Por fin se va a encontrar con sus amigos<br \/>\nHace como dos a\u00f1os que no se ven!!<br \/>\nViven en distintos pa\u00edses, est\u00e1n muy ocupados, viven en distintas ciudades&#8230;<br \/>\nPero ahora podr\u00e1n encontrarse, y brindar por eso!<\/p>\n<p>El Museo de artes pl\u00e1sticas Eduardo Sivori\u00a0<a href=\"http:\/\/www.museosivori.org.ar\/\" target=\"_blank\" rel=\"noopener\">http:\/\/www.museosivori.org.ar<\/a> abre sus puertas el jueves 21 de noviembre de 20 a 22 hs para realizar el brindis con el que daremos comienzo al VI ENAPOL.<\/p>\n<p>En los jardines del museo, un cocktail y la m\u00fasica en vivo de una banda de jazz\u00a0<a href=\"http:\/\/www.facebook.com\/GVjazzband\" target=\"_blank\" rel=\"noopener\">http:\/\/www.facebook.com\/GVjazzband<\/a>\u00a0nos brindar\u00e1n el marco propicio para un encuentro \u00fanico.<\/p>\n<p>Los esperamos !!!<\/p>\n<p><b>Importante: Ser\u00e1 necesario contar con la invitaci\u00f3n que se entregar\u00e1 con la acreditaci\u00f3n al Enapol<\/b><\/p>\n<\/div><\/div><\/div><div class=\"fusion-layout-column fusion_builder_column fusion-builder-column-2 fusion_builder_column_1_2 1_2 fusion-flex-column\" style=\"--awb-bg-size:cover;--awb-width-large:50%;--awb-margin-top-large:0px;--awb-spacing-right-large:3.84%;--awb-margin-bottom-large:20px;--awb-spacing-left-large:3.84%;--awb-width-medium:100%;--awb-order-medium:0;--awb-spacing-right-medium:1.92%;--awb-spacing-left-medium:1.92%;--awb-width-small:100%;--awb-order-small:0;--awb-spacing-right-small:1.92%;--awb-spacing-left-small:1.92%;\"><div class=\"fusion-column-wrapper fusion-column-has-shadow fusion-flex-justify-content-flex-start fusion-content-layout-column\"><div class=\"fusion-title title fusion-title-2 fusion-sep-none fusion-title-text fusion-title-size-three\"><h3 class=\"fusion-title-heading title-heading-left fusion-responsive-typography-calculated\" style=\"margin:0;--fontSize:30;line-height:1.3;\">Los acontecimientos del ENAPOL<\/h3><\/div><div class=\"fusion-image-element \" style=\"text-align:center;--awb-caption-title-font-family:var(--h2_typography-font-family);--awb-caption-title-font-weight:var(--h2_typography-font-weight);--awb-caption-title-font-style:var(--h2_typography-font-style);--awb-caption-title-size:var(--h2_typography-font-size);--awb-caption-title-transform:var(--h2_typography-text-transform);--awb-caption-title-line-height:var(--h2_typography-line-height);--awb-caption-title-letter-spacing:var(--h2_typography-letter-spacing);\"><span class=\" fusion-imageframe imageframe-none imageframe-2 hover-type-none\"><img decoding=\"async\" width=\"508\" height=\"381\" title=\"061_Litto-Nebia\" src=\"http:\/\/enapol.com\/vi\/wp-content\/uploads\/sites\/8\/2021\/08\/061_Litto-Nebia.jpg\" alt class=\"img-responsive wp-image-989\" srcset=\"https:\/\/enapol.com\/vi\/wp-content\/uploads\/sites\/8\/2021\/08\/061_Litto-Nebia-200x150.jpg 200w, https:\/\/enapol.com\/vi\/wp-content\/uploads\/sites\/8\/2021\/08\/061_Litto-Nebia-400x300.jpg 400w, https:\/\/enapol.com\/vi\/wp-content\/uploads\/sites\/8\/2021\/08\/061_Litto-Nebia.jpg 508w\" sizes=\"(max-width: 1024px) 100vw, (max-width: 640px) 100vw, 508px\" \/><\/span><\/div><div class=\"fusion-separator fusion-full-width-sep\" style=\"align-self: center;margin-left: auto;margin-right: auto;margin-top:10px;margin-bottom:10px;width:100%;\"><\/div><div class=\"fusion-text fusion-text-3\"><p style=\"text-align: center;\"><i>Tantas veces<br \/>\nse sinti\u00f3 tan s\u00f3lo y triste aqu\u00ed en este mundo abandonado<\/i><\/p>\n<p style=\"text-align: center;\"><i>Tantas veces<br \/>\ntuvo una idea, la de irse al lugar que m\u00e1s quiera<\/i><\/p>\n<p style=\"text-align: center;\"><i>Tantas veces<br \/>\nSe fue, porque dicen que viajando se fortalece el coraz\u00f3n<\/i><\/p>\n<p style=\"text-align: center;\"><i>Tantas veces<br \/>\nandar un nuevo camino le hizo olvidar al anterior<\/i><\/p>\n<p style=\"text-align: center;\"><i>Tantas veces<br \/>\nquiso volar, y volaaaaaar<\/i><\/p>\n<p>Le suena?<br \/>\nSiiiiiiii, ya se dio cuenta<br \/>\nPero &#8230; \u00bfy esto?<br \/>\n\u00bfqu\u00e9 tiene que ver con el ENAPOL??<br \/>\nSiiiiii, ya se dio cuenta!!!!<\/p>\n<p class=\"Titulo2\"><strong>Litto Nebbia tocar\u00e1 sus canciones en el cierre del\u00a0VI ENAPOL!!!<\/strong><\/p>\n<p class=\"Titulo2\"><strong>Puede creerlo?? nosotros tampoco!!!!<\/strong><\/p>\n<p>El cierre del VI ENAPOL ser\u00e1 en el sal\u00f3n Gran Panamericano el s\u00e1bado 23 de Noviembre al finalizar las mesas simult\u00e1neas Litto Nebbia nos construir\u00e1 una balsa&#8230;<\/p>\n<\/div><\/div><\/div><\/div><\/div>\n","protected":false},"excerpt":{"rendered":"","protected":false},"author":1,"featured_media":0,"parent":22,"menu_order":7,"comment_status":"closed","ping_status":"closed","template":"","meta":{"_monsterinsights_skip_tracking":false,"_monsterinsights_sitenote_active":false,"_monsterinsights_sitenote_note":"","_monsterinsights_sitenote_category":0,"footnotes":""},"_links":{"self":[{"href":"https:\/\/enapol.com\/vi\/wp-json\/wp\/v2\/pages\/153"}],"collection":[{"href":"https:\/\/enapol.com\/vi\/wp-json\/wp\/v2\/pages"}],"about":[{"href":"https:\/\/enapol.com\/vi\/wp-json\/wp\/v2\/types\/page"}],"author":[{"embeddable":true,"href":"https:\/\/enapol.com\/vi\/wp-json\/wp\/v2\/users\/1"}],"replies":[{"embeddable":true,"href":"https:\/\/enapol.com\/vi\/wp-json\/wp\/v2\/comments?post=153"}],"version-history":[{"count":9,"href":"https:\/\/enapol.com\/vi\/wp-json\/wp\/v2\/pages\/153\/revisions"}],"predecessor-version":[{"id":1022,"href":"https:\/\/enapol.com\/vi\/wp-json\/wp\/v2\/pages\/153\/revisions\/1022"}],"up":[{"embeddable":true,"href":"https:\/\/enapol.com\/vi\/wp-json\/wp\/v2\/pages\/22"}],"wp:attachment":[{"href":"https:\/\/enapol.com\/vi\/wp-json\/wp\/v2\/media?parent=153"}],"curies":[{"name":"wp","href":"https:\/\/api.w.org\/{rel}","templated":true}]}}