{"id":155,"date":"2021-08-13T00:21:31","date_gmt":"2021-08-13T03:21:31","guid":{"rendered":"http:\/\/x-enapol.org\/vi\/?page_id=155"},"modified":"2021-08-18T11:01:41","modified_gmt":"2021-08-18T14:01:41","slug":"eventos-e-relacoes-publicas","status":"publish","type":"page","link":"https:\/\/enapol.com\/vi\/pt\/encontro\/eventos-e-relacoes-publicas\/","title":{"rendered":"Eventos e rela\u00e7\u00f5es p\u00fablicas"},"content":{"rendered":"<div class=\"fusion-fullwidth fullwidth-box fusion-builder-row-1 fusion-flex-container nonhundred-percent-fullwidth non-hundred-percent-height-scrolling\" style=\"--awb-border-radius-top-left:0px;--awb-border-radius-top-right:0px;--awb-border-radius-bottom-right:0px;--awb-border-radius-bottom-left:0px;--awb-flex-wrap:wrap;\" ><div class=\"fusion-builder-row fusion-row fusion-flex-align-items-flex-start fusion-flex-content-wrap\" style=\"max-width:1352px;margin-left: calc(-4% \/ 2 );margin-right: calc(-4% \/ 2 );\"><div class=\"fusion-layout-column fusion_builder_column fusion-builder-column-0 fusion_builder_column_1_1 1_1 fusion-flex-column\" style=\"--awb-bg-size:cover;--awb-width-large:100%;--awb-margin-top-large:0px;--awb-spacing-right-large:1.92%;--awb-margin-bottom-large:20px;--awb-spacing-left-large:1.92%;--awb-width-medium:100%;--awb-order-medium:0;--awb-spacing-right-medium:1.92%;--awb-spacing-left-medium:1.92%;--awb-width-small:100%;--awb-order-small:0;--awb-spacing-right-small:1.92%;--awb-spacing-left-small:1.92%;\"><div class=\"fusion-column-wrapper fusion-column-has-shadow fusion-flex-justify-content-flex-start fusion-content-layout-column\"><div class=\"fusion-text fusion-text-1\"><p style=\"text-align: justify;\"><strong>Respons\u00e1veis<\/strong>: Paula Szabo e Betty Nagorny<\/p>\n<p style=\"text-align: justify;\">J\u00e1 estamos preparando o evento inicial, para muitos um reencontro, no marco do Encontro Americano!<\/p>\n<p style=\"text-align: justify;\">Um cocktail de boas vindas ser\u00e1 a oportunidade para receber e acolher os colegas, interatuar e comemorar a oportunidade de nos reunirmos psicanalistas de diferentes lugares de America convocados pelo trabalho comum.<\/p>\n<p style=\"text-align: justify;\">Iremos antecipando as novidades nos pr\u00f3ximos meses.<\/p>\n<p style=\"text-align: justify;\">Estamos esperando a todos, para nos deleitarmos com uma velada \u00fanica.<\/p>\n<\/div><\/div><\/div><div class=\"fusion-layout-column fusion_builder_column fusion-builder-column-1 fusion_builder_column_1_2 1_2 fusion-flex-column\" style=\"--awb-bg-size:cover;--awb-width-large:50%;--awb-margin-top-large:0px;--awb-spacing-right-large:3.84%;--awb-margin-bottom-large:20px;--awb-spacing-left-large:3.84%;--awb-width-medium:100%;--awb-order-medium:0;--awb-spacing-right-medium:1.92%;--awb-spacing-left-medium:1.92%;--awb-width-small:100%;--awb-order-small:0;--awb-spacing-right-small:1.92%;--awb-spacing-left-small:1.92%;\"><div class=\"fusion-column-wrapper fusion-column-has-shadow fusion-flex-justify-content-flex-start fusion-content-layout-column\"><div class=\"fusion-title title fusion-title-1 fusion-sep-none fusion-title-text fusion-title-size-three\"><h3 class=\"fusion-title-heading title-heading-left fusion-responsive-typography-calculated\" style=\"margin:0;--fontSize:30;line-height:1.3;\">Recep\u00e7\u00e3o e brinde da abertura<\/h3><\/div><div class=\"fusion-image-element \" style=\"text-align:center;--awb-caption-title-font-family:var(--h2_typography-font-family);--awb-caption-title-font-weight:var(--h2_typography-font-weight);--awb-caption-title-font-style:var(--h2_typography-font-style);--awb-caption-title-size:var(--h2_typography-font-size);--awb-caption-title-transform:var(--h2_typography-text-transform);--awb-caption-title-line-height:var(--h2_typography-line-height);--awb-caption-title-letter-spacing:var(--h2_typography-letter-spacing);\"><span class=\" fusion-imageframe imageframe-none imageframe-1 hover-type-none\"><img decoding=\"async\" width=\"450\" height=\"358\" title=\"063_Obra\" src=\"http:\/\/enapol.com\/vi\/wp-content\/uploads\/sites\/8\/2021\/08\/063_Obra.jpg\" alt class=\"img-responsive wp-image-984\" srcset=\"https:\/\/enapol.com\/vi\/wp-content\/uploads\/sites\/8\/2021\/08\/063_Obra-200x159.jpg 200w, https:\/\/enapol.com\/vi\/wp-content\/uploads\/sites\/8\/2021\/08\/063_Obra-400x318.jpg 400w, https:\/\/enapol.com\/vi\/wp-content\/uploads\/sites\/8\/2021\/08\/063_Obra.jpg 450w\" sizes=\"(max-width: 1024px) 100vw, (max-width: 640px) 100vw, 450px\" \/><\/span><\/div><div class=\"fusion-separator fusion-full-width-sep\" style=\"align-self: center;margin-left: auto;margin-right: auto;margin-top:5px;margin-bottom:5px;width:100%;\"><\/div><div class=\"fusion-text fusion-text-2\"><p style=\"text-align: center;\"><em>Miguel Angel Ferreira. Alma do pebolim<\/em><br \/>\n<em>(uma das obras em exposi\u00e7\u00e3o no Museu)<\/em><\/p>\n<p>Por fim v\u00e3o encontrar-se com seus amigos<br \/>\nFaz dois anos que n\u00e3o se v\u00eaem!!<br \/>\nVivem em diferentes pa\u00edses, est\u00e3o muito ocupados, vivem em diferentes cidades&#8230;<br \/>\nMas agora poder\u00e3o se encontrar, e brindar por isso!<\/p>\n<p>O Museu de artes pl\u00e1sticas Eduardo Sivori\u00a0<a href=\"http:\/\/www.museosivori.org.ar\/\" target=\"_blank\" rel=\"noopener\">http:\/\/www.museosivori.org.ar<\/a> abre suas portas na quinta-feira 21 de novembro de 20 a 22 hs para realizar o brinde com o que daremos come\u00e7o ao VI ENAPOL.<\/p>\n<p>Nos jardins do museu, um cocktail e a m\u00fasica ao vivo de uma banda de jazz<a href=\"http:\/\/www.facebook.com\/GVjazzband\" target=\"_blank\" rel=\"noopener\"> http:\/\/www.facebook.com\/GVjazzband<\/a>\u00a0nos ofereceram o marco o marco prop\u00edcio para um encontro \u00fanico.<\/p>\n<p>Esperamos voc\u00eas!!!<\/p>\n<p><b>Importante: Voc\u00ea precisa ter o convite que ser\u00e1 entregue com acredita\u00e7\u00e3o ao Enapol<\/b><\/p>\n<\/div><\/div><\/div><div class=\"fusion-layout-column fusion_builder_column fusion-builder-column-2 fusion_builder_column_1_2 1_2 fusion-flex-column\" style=\"--awb-bg-size:cover;--awb-width-large:50%;--awb-margin-top-large:0px;--awb-spacing-right-large:3.84%;--awb-margin-bottom-large:20px;--awb-spacing-left-large:3.84%;--awb-width-medium:100%;--awb-order-medium:0;--awb-spacing-right-medium:1.92%;--awb-spacing-left-medium:1.92%;--awb-width-small:100%;--awb-order-small:0;--awb-spacing-right-small:1.92%;--awb-spacing-left-small:1.92%;\"><div class=\"fusion-column-wrapper fusion-column-has-shadow fusion-flex-justify-content-flex-start fusion-content-layout-column\"><div class=\"fusion-title title fusion-title-2 fusion-sep-none fusion-title-text fusion-title-size-three\"><h3 class=\"fusion-title-heading title-heading-left fusion-responsive-typography-calculated\" style=\"margin:0;--fontSize:30;line-height:1.3;\">Os acontecimentos do ENAPOL<\/h3><\/div><div class=\"fusion-image-element \" style=\"text-align:center;--awb-caption-title-font-family:var(--h2_typography-font-family);--awb-caption-title-font-weight:var(--h2_typography-font-weight);--awb-caption-title-font-style:var(--h2_typography-font-style);--awb-caption-title-size:var(--h2_typography-font-size);--awb-caption-title-transform:var(--h2_typography-text-transform);--awb-caption-title-line-height:var(--h2_typography-line-height);--awb-caption-title-letter-spacing:var(--h2_typography-letter-spacing);\"><span class=\" fusion-imageframe imageframe-none imageframe-2 hover-type-none\"><img decoding=\"async\" width=\"508\" height=\"381\" title=\"061_Litto-Nebia\" src=\"http:\/\/enapol.com\/vi\/wp-content\/uploads\/sites\/8\/2021\/08\/061_Litto-Nebia.jpg\" alt class=\"img-responsive wp-image-989\" srcset=\"https:\/\/enapol.com\/vi\/wp-content\/uploads\/sites\/8\/2021\/08\/061_Litto-Nebia-200x150.jpg 200w, https:\/\/enapol.com\/vi\/wp-content\/uploads\/sites\/8\/2021\/08\/061_Litto-Nebia-400x300.jpg 400w, https:\/\/enapol.com\/vi\/wp-content\/uploads\/sites\/8\/2021\/08\/061_Litto-Nebia.jpg 508w\" sizes=\"(max-width: 1024px) 100vw, (max-width: 640px) 100vw, 508px\" \/><\/span><\/div><div class=\"fusion-separator fusion-full-width-sep\" style=\"align-self: center;margin-left: auto;margin-right: auto;margin-top:10px;margin-bottom:10px;width:100%;\"><\/div><div class=\"fusion-text fusion-text-3\"><p style=\"text-align: center;\"><i>Tantas vezes<br \/>\nvoc\u00ea se sentiu t\u00e3o sozinho e triste neste mundo abandonado<\/i><\/p>\n<p style=\"text-align: center;\"><i>Tantas vezes<br \/>\nvoc\u00ea teve uma id\u00e9ia, ir ao lugar que mais quera<\/i><\/p>\n<p style=\"text-align: center;\"><i>Tantas vezes<br \/>\nvoc\u00ea foi embora, porque dizem que viajando se fortalece o cora\u00e7\u00e3o<\/i><\/p>\n<p style=\"text-align: center;\"><i>Tantas vezes<br \/>\nqueria voar, e voaaaaaar<\/i><\/p>\n<p>Isso soa familiar?<br \/>\nSiiiiiiiim, j\u00e1 percebeu!!!<br \/>\nMas &#8230; e isso?<br \/>\nO que tem pra fazer com o ENAPOL?<br \/>\nSiiim, j\u00e1 percebeu!!!<\/p>\n<p class=\"Titulo2\">Litto Nebbia ir\u00e1 cantar suas m\u00fasicas no final do\u00a0<b>VI ENAPOL<\/b>!<\/p>\n<p class=\"Titulo2\">Voc\u00ea pode acreditar? n\u00f3s tamb\u00e9m n\u00e3o!<\/p>\n<p>O final do\u00a0<b>VI ENAPOL<\/b> vai ser no sal\u00e3o Gran Panamericano o dia s\u00e1bado 23 de Novembro, no final das mesas simult\u00e2neas Litto Nebbia vai nos construir uma jangada&#8230;<\/p>\n<\/div><\/div><\/div><\/div><\/div>\n","protected":false},"excerpt":{"rendered":"","protected":false},"author":1,"featured_media":0,"parent":45,"menu_order":7,"comment_status":"closed","ping_status":"closed","template":"","meta":{"_monsterinsights_skip_tracking":false,"_monsterinsights_sitenote_active":false,"_monsterinsights_sitenote_note":"","_monsterinsights_sitenote_category":0,"footnotes":""},"_links":{"self":[{"href":"https:\/\/enapol.com\/vi\/wp-json\/wp\/v2\/pages\/155"}],"collection":[{"href":"https:\/\/enapol.com\/vi\/wp-json\/wp\/v2\/pages"}],"about":[{"href":"https:\/\/enapol.com\/vi\/wp-json\/wp\/v2\/types\/page"}],"author":[{"embeddable":true,"href":"https:\/\/enapol.com\/vi\/wp-json\/wp\/v2\/users\/1"}],"replies":[{"embeddable":true,"href":"https:\/\/enapol.com\/vi\/wp-json\/wp\/v2\/comments?post=155"}],"version-history":[{"count":5,"href":"https:\/\/enapol.com\/vi\/wp-json\/wp\/v2\/pages\/155\/revisions"}],"predecessor-version":[{"id":1026,"href":"https:\/\/enapol.com\/vi\/wp-json\/wp\/v2\/pages\/155\/revisions\/1026"}],"up":[{"embeddable":true,"href":"https:\/\/enapol.com\/vi\/wp-json\/wp\/v2\/pages\/45"}],"wp:attachment":[{"href":"https:\/\/enapol.com\/vi\/wp-json\/wp\/v2\/media?parent=155"}],"curies":[{"name":"wp","href":"https:\/\/api.w.org\/{rel}","templated":true}]}}