{"id":161,"date":"2021-08-13T00:22:31","date_gmt":"2021-08-13T03:22:31","guid":{"rendered":"http:\/\/x-enapol.org\/vi\/?page_id=161"},"modified":"2021-08-18T11:04:20","modified_gmt":"2021-08-18T14:04:20","slug":"salas-y-sonido","status":"publish","type":"page","link":"https:\/\/enapol.com\/vi\/encuentro\/salas-y-sonido\/","title":{"rendered":"Salas y sonido"},"content":{"rendered":"<div class=\"fusion-fullwidth fullwidth-box fusion-builder-row-1 fusion-flex-container nonhundred-percent-fullwidth non-hundred-percent-height-scrolling\" style=\"--awb-border-radius-top-left:0px;--awb-border-radius-top-right:0px;--awb-border-radius-bottom-right:0px;--awb-border-radius-bottom-left:0px;--awb-flex-wrap:wrap;\" ><div class=\"fusion-builder-row fusion-row fusion-flex-align-items-flex-start fusion-flex-content-wrap\" style=\"max-width:1352px;margin-left: calc(-4% \/ 2 );margin-right: calc(-4% \/ 2 );\"><div class=\"fusion-layout-column fusion_builder_column fusion-builder-column-0 fusion_builder_column_1_1 1_1 fusion-flex-column\" style=\"--awb-bg-size:cover;--awb-width-large:100%;--awb-margin-top-large:0px;--awb-spacing-right-large:1.92%;--awb-margin-bottom-large:20px;--awb-spacing-left-large:1.92%;--awb-width-medium:100%;--awb-order-medium:0;--awb-spacing-right-medium:1.92%;--awb-spacing-left-medium:1.92%;--awb-width-small:100%;--awb-order-small:0;--awb-spacing-right-small:1.92%;--awb-spacing-left-small:1.92%;\"><div class=\"fusion-column-wrapper fusion-column-has-shadow fusion-flex-justify-content-flex-start fusion-content-layout-column\"><div class=\"fusion-text fusion-text-1\"><p style=\"text-align: justify;\"><strong>Responsables<\/strong>: Mar\u00eda Eugenia Cora, Leticia Varga y Laura Petrosino<br \/><strong>Colaboradores<\/strong>: Zulema Buend\u00eda<\/p>\n<p style=\"text-align: justify;\">En la Comisi\u00f3n de Salas y Sonido estamos trabajando para que, haciendo uso de las tecnolog\u00edas actuales, contemos en las salas simult\u00e1neas con formas de traducci\u00f3n escrita que faciliten el intercambio entre las lenguas de nuestro Encuentro Americano.<\/p>\n<p style=\"text-align: justify;\">M\u00e1s adelante iremos compartiendo la informaci\u00f3n sobre la distribuci\u00f3n de las diversas actividades en las 10 salas del Hotel.<\/p>\n<\/div><\/div><\/div><\/div><\/div>\n","protected":false},"excerpt":{"rendered":"","protected":false},"author":1,"featured_media":0,"parent":22,"menu_order":9,"comment_status":"closed","ping_status":"closed","template":"","meta":{"_monsterinsights_skip_tracking":false,"_monsterinsights_sitenote_active":false,"_monsterinsights_sitenote_note":"","_monsterinsights_sitenote_category":0,"footnotes":""},"_links":{"self":[{"href":"https:\/\/enapol.com\/vi\/wp-json\/wp\/v2\/pages\/161"}],"collection":[{"href":"https:\/\/enapol.com\/vi\/wp-json\/wp\/v2\/pages"}],"about":[{"href":"https:\/\/enapol.com\/vi\/wp-json\/wp\/v2\/types\/page"}],"author":[{"embeddable":true,"href":"https:\/\/enapol.com\/vi\/wp-json\/wp\/v2\/users\/1"}],"replies":[{"embeddable":true,"href":"https:\/\/enapol.com\/vi\/wp-json\/wp\/v2\/comments?post=161"}],"version-history":[{"count":2,"href":"https:\/\/enapol.com\/vi\/wp-json\/wp\/v2\/pages\/161\/revisions"}],"predecessor-version":[{"id":1027,"href":"https:\/\/enapol.com\/vi\/wp-json\/wp\/v2\/pages\/161\/revisions\/1027"}],"up":[{"embeddable":true,"href":"https:\/\/enapol.com\/vi\/wp-json\/wp\/v2\/pages\/22"}],"wp:attachment":[{"href":"https:\/\/enapol.com\/vi\/wp-json\/wp\/v2\/media?parent=161"}],"curies":[{"name":"wp","href":"https:\/\/api.w.org\/{rel}","templated":true}]}}