{"id":163,"date":"2021-08-13T00:22:42","date_gmt":"2021-08-13T03:22:42","guid":{"rendered":"http:\/\/x-enapol.org\/vi\/?page_id=163"},"modified":"2021-08-18T11:05:00","modified_gmt":"2021-08-18T14:05:00","slug":"salas-e-sons","status":"publish","type":"page","link":"https:\/\/enapol.com\/vi\/pt\/encontro\/salas-e-sons\/","title":{"rendered":"Salas e sons"},"content":{"rendered":"<div class=\"fusion-fullwidth fullwidth-box fusion-builder-row-1 fusion-flex-container nonhundred-percent-fullwidth non-hundred-percent-height-scrolling\" style=\"--awb-border-radius-top-left:0px;--awb-border-radius-top-right:0px;--awb-border-radius-bottom-right:0px;--awb-border-radius-bottom-left:0px;--awb-flex-wrap:wrap;\" ><div class=\"fusion-builder-row fusion-row fusion-flex-align-items-flex-start fusion-flex-content-wrap\" style=\"max-width:1352px;margin-left: calc(-4% \/ 2 );margin-right: calc(-4% \/ 2 );\"><div class=\"fusion-layout-column fusion_builder_column fusion-builder-column-0 fusion_builder_column_1_1 1_1 fusion-flex-column\" style=\"--awb-bg-size:cover;--awb-width-large:100%;--awb-margin-top-large:0px;--awb-spacing-right-large:1.92%;--awb-margin-bottom-large:20px;--awb-spacing-left-large:1.92%;--awb-width-medium:100%;--awb-order-medium:0;--awb-spacing-right-medium:1.92%;--awb-spacing-left-medium:1.92%;--awb-width-small:100%;--awb-order-small:0;--awb-spacing-right-small:1.92%;--awb-spacing-left-small:1.92%;\"><div class=\"fusion-column-wrapper fusion-column-has-shadow fusion-flex-justify-content-flex-start fusion-content-layout-column\"><div class=\"fusion-text fusion-text-1\"><p style=\"text-align: justify;\"><strong>Respons\u00e1veis<\/strong>: Mar\u00eda Eugenia Cora, Leticia Varga e Laura Petrosino<br \/>\n<strong>Colaboradores<\/strong>: Zulema Buend\u00eda<\/p>\n<p style=\"text-align: justify;\">Na Comiss\u00e3o de Salas e Som estamos trabalhando para que, fazendo uso das tecnologias atuais, contemos nas salas simult\u00e2neas com formas de tradu\u00e7\u00e3o escrita que facilitem o interc\u00e2mbio entre as l\u00ednguas de nosso Encontro Americano.<\/p>\n<p style=\"text-align: justify;\">Mais adiante iremos compartilhando a informa\u00e7\u00e3o sobre a distribui\u00e7\u00e3o das diversas atividades nas 10 salas do Hotel.<\/p>\n<\/div><\/div><\/div><\/div><\/div>\n","protected":false},"excerpt":{"rendered":"","protected":false},"author":1,"featured_media":0,"parent":45,"menu_order":9,"comment_status":"closed","ping_status":"closed","template":"","meta":{"_monsterinsights_skip_tracking":false,"_monsterinsights_sitenote_active":false,"_monsterinsights_sitenote_note":"","_monsterinsights_sitenote_category":0,"footnotes":""},"_links":{"self":[{"href":"https:\/\/enapol.com\/vi\/wp-json\/wp\/v2\/pages\/163"}],"collection":[{"href":"https:\/\/enapol.com\/vi\/wp-json\/wp\/v2\/pages"}],"about":[{"href":"https:\/\/enapol.com\/vi\/wp-json\/wp\/v2\/types\/page"}],"author":[{"embeddable":true,"href":"https:\/\/enapol.com\/vi\/wp-json\/wp\/v2\/users\/1"}],"replies":[{"embeddable":true,"href":"https:\/\/enapol.com\/vi\/wp-json\/wp\/v2\/comments?post=163"}],"version-history":[{"count":2,"href":"https:\/\/enapol.com\/vi\/wp-json\/wp\/v2\/pages\/163\/revisions"}],"predecessor-version":[{"id":1028,"href":"https:\/\/enapol.com\/vi\/wp-json\/wp\/v2\/pages\/163\/revisions\/1028"}],"up":[{"embeddable":true,"href":"https:\/\/enapol.com\/vi\/wp-json\/wp\/v2\/pages\/45"}],"wp:attachment":[{"href":"https:\/\/enapol.com\/vi\/wp-json\/wp\/v2\/media?parent=163"}],"curies":[{"name":"wp","href":"https:\/\/api.w.org\/{rel}","templated":true}]}}