{"id":165,"date":"2021-08-13T00:22:59","date_gmt":"2021-08-13T03:22:59","guid":{"rendered":"http:\/\/x-enapol.org\/vi\/?page_id=165"},"modified":"2021-08-18T11:05:51","modified_gmt":"2021-08-18T14:05:51","slug":"auspicios","status":"publish","type":"page","link":"https:\/\/enapol.com\/vi\/encuentro\/auspicios\/","title":{"rendered":"Auspicios"},"content":{"rendered":"<div class=\"fusion-fullwidth fullwidth-box fusion-builder-row-1 fusion-flex-container nonhundred-percent-fullwidth non-hundred-percent-height-scrolling\" style=\"--awb-border-radius-top-left:0px;--awb-border-radius-top-right:0px;--awb-border-radius-bottom-right:0px;--awb-border-radius-bottom-left:0px;--awb-flex-wrap:wrap;\" ><div class=\"fusion-builder-row fusion-row fusion-flex-align-items-flex-start fusion-flex-content-wrap\" style=\"max-width:1352px;margin-left: calc(-4% \/ 2 );margin-right: calc(-4% \/ 2 );\"><div class=\"fusion-layout-column fusion_builder_column fusion-builder-column-0 fusion_builder_column_1_1 1_1 fusion-flex-column\" style=\"--awb-bg-size:cover;--awb-width-large:100%;--awb-margin-top-large:0px;--awb-spacing-right-large:1.92%;--awb-margin-bottom-large:20px;--awb-spacing-left-large:1.92%;--awb-width-medium:100%;--awb-order-medium:0;--awb-spacing-right-medium:1.92%;--awb-spacing-left-medium:1.92%;--awb-width-small:100%;--awb-order-small:0;--awb-spacing-right-small:1.92%;--awb-spacing-left-small:1.92%;\"><div class=\"fusion-column-wrapper fusion-column-has-shadow fusion-flex-justify-content-flex-start fusion-content-layout-column\"><div class=\"fusion-text fusion-text-1\"><p><b>Declarado de Inter\u00e9s Cultural por la Secretar\u00eda de Cultura de la Presidencia de la Naci\u00f3n.<\/b><\/p>\n<p><b>Declarado de Inter\u00e9s Cultural por la Legislatura de la Ciudad Aut\u00f3noma de Buenos Aires.<\/b><\/p>\n<hr \/>\n<ul>\n<li>Ministerio de Educaci\u00f3n de la Naci\u00f3n Argentina<\/li>\n<li>Secretar\u00eda de Cultura de la Presidencia de la Naci\u00f3n<\/li>\n<li>Biblioteca Nacional<\/li>\n<li>Ministerio de Cultura de la Ciudad Aut\u00f3noma de Buenos Aires<\/li>\n<li>Universidad Nacional de Buenos Aires<\/li>\n<li>Universidad Nacional de San Mart\u00edn<\/li>\n<li>Embajada de Francia en Argentina<\/li>\n<li>Embajada de la Rep\u00fablica Argentina en Espa\u00f1a<\/li>\n<li>Instituto de Altos Estudios Sociales (Idaes)<\/li>\n<li>Alianza Francesa<\/li>\n<\/ul>\n<\/div><\/div><\/div><\/div><\/div>\n","protected":false},"excerpt":{"rendered":"","protected":false},"author":1,"featured_media":0,"parent":22,"menu_order":10,"comment_status":"closed","ping_status":"closed","template":"","meta":{"_monsterinsights_skip_tracking":false,"_monsterinsights_sitenote_active":false,"_monsterinsights_sitenote_note":"","_monsterinsights_sitenote_category":0,"footnotes":""},"_links":{"self":[{"href":"https:\/\/enapol.com\/vi\/wp-json\/wp\/v2\/pages\/165"}],"collection":[{"href":"https:\/\/enapol.com\/vi\/wp-json\/wp\/v2\/pages"}],"about":[{"href":"https:\/\/enapol.com\/vi\/wp-json\/wp\/v2\/types\/page"}],"author":[{"embeddable":true,"href":"https:\/\/enapol.com\/vi\/wp-json\/wp\/v2\/users\/1"}],"replies":[{"embeddable":true,"href":"https:\/\/enapol.com\/vi\/wp-json\/wp\/v2\/comments?post=165"}],"version-history":[{"count":2,"href":"https:\/\/enapol.com\/vi\/wp-json\/wp\/v2\/pages\/165\/revisions"}],"predecessor-version":[{"id":1029,"href":"https:\/\/enapol.com\/vi\/wp-json\/wp\/v2\/pages\/165\/revisions\/1029"}],"up":[{"embeddable":true,"href":"https:\/\/enapol.com\/vi\/wp-json\/wp\/v2\/pages\/22"}],"wp:attachment":[{"href":"https:\/\/enapol.com\/vi\/wp-json\/wp\/v2\/media?parent=165"}],"curies":[{"name":"wp","href":"https:\/\/api.w.org\/{rel}","templated":true}]}}