{"id":167,"date":"2021-08-13T00:23:09","date_gmt":"2021-08-13T03:23:09","guid":{"rendered":"http:\/\/x-enapol.org\/vi\/?page_id=167"},"modified":"2021-08-18T11:06:35","modified_gmt":"2021-08-18T14:06:35","slug":"auspicios","status":"publish","type":"page","link":"https:\/\/enapol.com\/vi\/pt\/encontro\/auspicios\/","title":{"rendered":"Ausp\u00edcios"},"content":{"rendered":"<div class=\"fusion-fullwidth fullwidth-box fusion-builder-row-1 fusion-flex-container nonhundred-percent-fullwidth non-hundred-percent-height-scrolling\" style=\"--awb-border-radius-top-left:0px;--awb-border-radius-top-right:0px;--awb-border-radius-bottom-right:0px;--awb-border-radius-bottom-left:0px;--awb-flex-wrap:wrap;\" ><div class=\"fusion-builder-row fusion-row fusion-flex-align-items-flex-start fusion-flex-content-wrap\" style=\"max-width:1352px;margin-left: calc(-4% \/ 2 );margin-right: calc(-4% \/ 2 );\"><div class=\"fusion-layout-column fusion_builder_column fusion-builder-column-0 fusion_builder_column_1_1 1_1 fusion-flex-column\" style=\"--awb-bg-size:cover;--awb-width-large:100%;--awb-margin-top-large:0px;--awb-spacing-right-large:1.92%;--awb-margin-bottom-large:20px;--awb-spacing-left-large:1.92%;--awb-width-medium:100%;--awb-order-medium:0;--awb-spacing-right-medium:1.92%;--awb-spacing-left-medium:1.92%;--awb-width-small:100%;--awb-order-small:0;--awb-spacing-right-small:1.92%;--awb-spacing-left-small:1.92%;\"><div class=\"fusion-column-wrapper fusion-column-has-shadow fusion-flex-justify-content-flex-start fusion-content-layout-column\"><div class=\"fusion-text fusion-text-1\"><p><b>Declarado de Interesse Cultural pela Secretaria de Cultura da Presid\u00eancia da Na\u00e7\u00e3o Argentina.<\/b><\/p>\n<p><b>Declarado de Interesse Cultural pela Legislatura da Cidade Aut\u00f4noma de Buenos Aires.<\/b><\/p>\n<hr \/>\n<ul>\n<li>Minist\u00e9rio da Educa\u00e7\u00e3o da Na\u00e7\u00e3o Argentina<\/li>\n<li>Secretaria de Cultura da Presid\u00eancia da Na\u00e7\u00e3o Argentina<\/li>\n<li>Biblioteca Nacional<\/li>\n<li>Minist\u00e9rio de Cultura da Cidade Aut\u00f4noma de Buenos Aires<\/li>\n<li>Universidade Nacional de Buenos Aires<\/li>\n<li>Universidade Nacional de San Mart\u00edn<\/li>\n<li>Embaixada da Fran\u00e7a na Argentina<\/li>\n<li>Embaixada da Rep\u00fablica Argentina em Espa\u00f1a<\/li>\n<li>Instituto de Altos Estudos Sociais (Idaes)<\/li>\n<li>Alian\u00e7a Francesa<\/li>\n<\/ul>\n<\/div><\/div><\/div><\/div><\/div>\n","protected":false},"excerpt":{"rendered":"","protected":false},"author":1,"featured_media":0,"parent":45,"menu_order":10,"comment_status":"closed","ping_status":"closed","template":"","meta":{"_monsterinsights_skip_tracking":false,"_monsterinsights_sitenote_active":false,"_monsterinsights_sitenote_note":"","_monsterinsights_sitenote_category":0,"footnotes":""},"_links":{"self":[{"href":"https:\/\/enapol.com\/vi\/wp-json\/wp\/v2\/pages\/167"}],"collection":[{"href":"https:\/\/enapol.com\/vi\/wp-json\/wp\/v2\/pages"}],"about":[{"href":"https:\/\/enapol.com\/vi\/wp-json\/wp\/v2\/types\/page"}],"author":[{"embeddable":true,"href":"https:\/\/enapol.com\/vi\/wp-json\/wp\/v2\/users\/1"}],"replies":[{"embeddable":true,"href":"https:\/\/enapol.com\/vi\/wp-json\/wp\/v2\/comments?post=167"}],"version-history":[{"count":2,"href":"https:\/\/enapol.com\/vi\/wp-json\/wp\/v2\/pages\/167\/revisions"}],"predecessor-version":[{"id":1030,"href":"https:\/\/enapol.com\/vi\/wp-json\/wp\/v2\/pages\/167\/revisions\/1030"}],"up":[{"embeddable":true,"href":"https:\/\/enapol.com\/vi\/wp-json\/wp\/v2\/pages\/45"}],"wp:attachment":[{"href":"https:\/\/enapol.com\/vi\/wp-json\/wp\/v2\/media?parent=167"}],"curies":[{"name":"wp","href":"https:\/\/api.w.org\/{rel}","templated":true}]}}