{"id":45,"date":"2021-08-11T21:10:57","date_gmt":"2021-08-12T00:10:57","guid":{"rendered":"http:\/\/x-enapol.org\/vi\/?page_id=45"},"modified":"2021-08-16T21:16:04","modified_gmt":"2021-08-17T00:16:04","slug":"encontro","status":"publish","type":"page","link":"https:\/\/enapol.com\/vi\/pt\/encontro\/","title":{"rendered":"ENCONTRO"},"content":{"rendered":"<p><div class=\"fusion-fullwidth fullwidth-box fusion-builder-row-1 fusion-flex-container nonhundred-percent-fullwidth non-hundred-percent-height-scrolling\" style=\"--awb-border-radius-top-left:0px;--awb-border-radius-top-right:0px;--awb-border-radius-bottom-right:0px;--awb-border-radius-bottom-left:0px;--awb-flex-wrap:wrap;\" ><div class=\"fusion-builder-row fusion-row fusion-flex-align-items-flex-start fusion-flex-content-wrap\" style=\"max-width:1352px;margin-left: calc(-4% \/ 2 );margin-right: calc(-4% \/ 2 );\"><div class=\"fusion-layout-column fusion_builder_column fusion-builder-column-0 fusion_builder_column_1_1 1_1 fusion-flex-column\" style=\"--awb-bg-size:cover;--awb-width-large:100%;--awb-margin-top-large:0px;--awb-spacing-right-large:1.92%;--awb-margin-bottom-large:20px;--awb-spacing-left-large:1.92%;--awb-width-medium:100%;--awb-order-medium:0;--awb-spacing-right-medium:1.92%;--awb-spacing-left-medium:1.92%;--awb-width-small:100%;--awb-order-small:0;--awb-spacing-right-small:1.92%;--awb-spacing-left-small:1.92%;\"><div class=\"fusion-column-wrapper fusion-column-has-shadow fusion-flex-justify-content-flex-start fusion-content-layout-column\"><div class=\"fusion-video fusion-youtube\" style=\"--awb-max-width:600px;--awb-max-height:360px;--awb-align-self:center;--awb-width:100%;\"><div class=\"video-shortcode\"><div class=\"fluid-width-video-wrapper\" style=\"padding-top:60%;\" ><iframe title=\"YouTube video player 1\" src=\"https:\/\/www.youtube.com\/embed\/nFp8znMLDQY?wmode=transparent&autoplay=0\" width=\"600\" height=\"360\" allowfullscreen allow=\"autoplay; fullscreen\"><\/iframe><\/div><\/div><\/div><\/div><\/div><\/div><\/div><div class=\"fusion-fullwidth fullwidth-box fusion-builder-row-2 fusion-flex-container hundred-percent-fullwidth non-hundred-percent-height-scrolling\" style=\"--awb-background-position:left top;--awb-border-sizes-top:0px;--awb-border-sizes-bottom:0px;--awb-border-sizes-left:0px;--awb-border-sizes-right:0px;--awb-border-radius-top-left:0px;--awb-border-radius-top-right:0px;--awb-border-radius-bottom-right:0px;--awb-border-radius-bottom-left:0px;--awb-padding-top:10px;--awb-padding-right:0px;--awb-padding-bottom:10px;--awb-padding-left:0px;--awb-margin-top:40PX;--awb-background-color:#c5161d;--awb-flex-wrap:wrap;\" ><div class=\"fusion-builder-row fusion-row fusion-flex-align-items-stretch fusion-flex-content-wrap\" style=\"width:104% !important;max-width:104% !important;margin-left: calc(-4% \/ 2 );margin-right: calc(-4% \/ 2 );\"><div class=\"fusion-layout-column fusion_builder_column fusion-builder-column-1 fusion_builder_column_1_1 1_1 fusion-flex-column fusion-flex-align-self-flex-start fusion-column-no-min-height\" style=\"--awb-bg-size:cover;--awb-width-large:100%;--awb-margin-top-large:0px;--awb-spacing-right-large:1.92%;--awb-margin-bottom-large:0px;--awb-spacing-left-large:1.92%;--awb-width-medium:100%;--awb-spacing-right-medium:1.92%;--awb-spacing-left-medium:1.92%;--awb-width-small:100%;--awb-spacing-right-small:1.92%;--awb-spacing-left-small:1.92%;\"><div class=\"fusion-column-wrapper fusion-flex-justify-content-flex-start fusion-content-layout-column\"><div class=\"fusion-text fusion-text-1\"><p style=\"font-family: Raleway; letter-spacing: 4px; font-size: 20px; font-weight: 500; margin-bottom: 0px; text-align: center;\"><span style=\"color: #ffffff;\">APRESENTA\u00c7\u00c3O<\/span><\/p>\n<\/div><\/div><\/div><\/div><\/div><div class=\"fusion-fullwidth fullwidth-box fusion-builder-row-3 fusion-flex-container nonhundred-percent-fullwidth non-hundred-percent-height-scrolling\" style=\"--awb-border-radius-top-left:0px;--awb-border-radius-top-right:0px;--awb-border-radius-bottom-right:0px;--awb-border-radius-bottom-left:0px;--awb-margin-top:40px;--awb-flex-wrap:wrap;\" ><div class=\"fusion-builder-row fusion-row fusion-flex-align-items-flex-start fusion-flex-content-wrap\" style=\"max-width:1352px;margin-left: calc(-4% \/ 2 );margin-right: calc(-4% \/ 2 );\"><div class=\"fusion-layout-column fusion_builder_column fusion-builder-column-2 fusion_builder_column_1_1 1_1 fusion-flex-column\" style=\"--awb-bg-size:cover;--awb-width-large:100%;--awb-margin-top-large:0px;--awb-spacing-right-large:1.92%;--awb-margin-bottom-large:20px;--awb-spacing-left-large:1.92%;--awb-width-medium:100%;--awb-order-medium:0;--awb-spacing-right-medium:1.92%;--awb-spacing-left-medium:1.92%;--awb-width-small:100%;--awb-order-small:0;--awb-spacing-right-small:1.92%;--awb-spacing-left-small:1.92%;\"><div class=\"fusion-column-wrapper fusion-column-has-shadow fusion-flex-justify-content-flex-start fusion-content-layout-column\"><style type=\"text\/css\">.fusion-portfolio-wrapper#fusion-portfolio-1 .fusion-portfolio-content{ padding: 25px 25px 25px 25px; text-align: center; }<\/style><div class=\"fusion-recent-works fusion-portfolio-element fusion-portfolio fusion-portfolio-1 fusion-portfolio-grid fusion-portfolio-paging-pagination fusion-portfolio-three fusion-portfolio-boxed fusion-portfolio-text fusion-portfolio-equal-heights fusion-portfolio-rollover\" data-id=\"-rw-1\" data-columns=\"three\"><style type=\"text\/css\">.fusion-portfolio-1 .fusion-portfolio-wrapper .fusion-col-spacing{padding:16.5px;}<\/style><div class=\"fusion-portfolio-wrapper\" id=\"fusion-portfolio-1\" data-picturesize=\"fixed\" data-pages=\"0\" style=\"margin:-16.5px;\"><article id=\"portfolio-1-post-261\" class=\"fusion-portfolio-post presentacion-pt fusion-col-spacing post-261\"><div class=\"fusion-portfolio-content-wrapper\" style=\"border:none;background-color:rgba(255,255,255,1);\"><span class=\"vcard rich-snippet-hidden\"><span class=\"fn\"><a href=\"https:\/\/enapol.com\/vi\/author\/gonzalozabala\/\" title=\"Entradas de gonzalozabala\" rel=\"author\">gonzalozabala<\/a><\/span><\/span><span class=\"updated rich-snippet-hidden\">2021-08-15T03:18:12-03:00<\/span><div  class=\"fusion-image-wrapper fusion-image-size-fixed\" aria-haspopup=\"true\">\n\t\t\t\t<img decoding=\"async\" width=\"300\" height=\"200\" src=\"https:\/\/enapol.com\/vi\/wp-content\/uploads\/sites\/8\/2021\/08\/Elisa-Alvarenga.jpg\" class=\"attachment-portfolio-three size-portfolio-three wp-post-image\" alt=\"\" srcset=\"https:\/\/enapol.com\/vi\/wp-content\/uploads\/sites\/8\/2021\/08\/Elisa-Alvarenga-200x133.jpg 200w, https:\/\/enapol.com\/vi\/wp-content\/uploads\/sites\/8\/2021\/08\/Elisa-Alvarenga.jpg 300w\" sizes=\"(max-width: 300px) 100vw, 300px\" \/><div class=\"fusion-rollover\">\n\t<div class=\"fusion-rollover-content\">\n\n\t\t\t\t\t\t\t\t\t\t\t\t\t\t<a class=\"fusion-rollover-link\" href=\"https:\/\/enapol.com\/vi\/pt\/portfolio-items\/falar-com-o-corpo-a-crise-das-normas-e-a-agitacao-do-real\/?portfolioCats=52\">Falar com o corpo A crise das normas e a agita\u00e7\u00e3o do real<\/a>\n\t\t\t\n\t\t\t\t\t\t\t\t\n\t\t\n\t\t\t\t\t\t\t\t\n\t\t\t\t\t\t\t\t\n\t\t\n\t\t\t\t\t\t<a class=\"fusion-link-wrapper\" href=\"https:\/\/enapol.com\/vi\/pt\/portfolio-items\/falar-com-o-corpo-a-crise-das-normas-e-a-agitacao-do-real\/?portfolioCats=52\" aria-label=\"Falar com o corpo A crise das normas e a agita\u00e7\u00e3o do real\"><\/a>\n\t<\/div>\n<\/div>\n<\/div>\n<div class=\"fusion-portfolio-content\" style=\"background-color:rgba(255,255,255,1);\"><h2 class=\"entry-title fusion-post-title\"><a href=\"https:\/\/enapol.com\/vi\/pt\/portfolio-items\/falar-com-o-corpo-a-crise-das-normas-e-a-agitacao-do-real\/?portfolioCats=52\">Falar com o corpo A crise das normas e a agita\u00e7\u00e3o do real<\/a><\/h2><div class=\"fusion-content-sep sep-none\" style=\"border-color:#ebeaea;\"><\/div><div class=\"fusion-post-content\"><p><strong>Elisa Alvarenga<\/strong><br>\r\nPresidente da FAPOL<\/p><\/div><\/div><\/div><\/article><article id=\"portfolio-1-post-296\" class=\"fusion-portfolio-post presentacion-pt fusion-col-spacing post-296\"><div class=\"fusion-portfolio-content-wrapper\" style=\"border:none;background-color:rgba(255,255,255,1);\"><span class=\"vcard rich-snippet-hidden\"><span class=\"fn\"><a href=\"https:\/\/enapol.com\/vi\/author\/gonzalozabala\/\" title=\"Entradas de gonzalozabala\" rel=\"author\">gonzalozabala<\/a><\/span><\/span><span class=\"updated rich-snippet-hidden\">2021-08-15T03:18:08-03:00<\/span><div  class=\"fusion-image-wrapper fusion-image-size-fixed\" aria-haspopup=\"true\">\n\t\t\t\t<img decoding=\"async\" width=\"300\" height=\"200\" src=\"https:\/\/enapol.com\/vi\/wp-content\/uploads\/sites\/8\/2021\/08\/Miquel-Bassols.jpg\" class=\"attachment-portfolio-three size-portfolio-three wp-post-image\" alt=\"\" srcset=\"https:\/\/enapol.com\/vi\/wp-content\/uploads\/sites\/8\/2021\/08\/Miquel-Bassols-200x133.jpg 200w, https:\/\/enapol.com\/vi\/wp-content\/uploads\/sites\/8\/2021\/08\/Miquel-Bassols.jpg 300w\" sizes=\"(max-width: 300px) 100vw, 300px\" \/><div class=\"fusion-rollover\">\n\t<div class=\"fusion-rollover-content\">\n\n\t\t\t\t\t\t\t\t\t\t\t\t\t\t<a class=\"fusion-rollover-link\" href=\"https:\/\/enapol.com\/vi\/pt\/portfolio-items\/falar-com-o-corpo-sem-saber\/?portfolioCats=52\">Falar com o corpo, sem saber<\/a>\n\t\t\t\n\t\t\t\t\t\t\t\t\n\t\t\n\t\t\t\t\t\t\t\t\n\t\t\t\t\t\t\t\t\n\t\t\n\t\t\t\t\t\t<a class=\"fusion-link-wrapper\" href=\"https:\/\/enapol.com\/vi\/pt\/portfolio-items\/falar-com-o-corpo-sem-saber\/?portfolioCats=52\" aria-label=\"Falar com o corpo, sem saber\"><\/a>\n\t<\/div>\n<\/div>\n<\/div>\n<div class=\"fusion-portfolio-content\" style=\"background-color:rgba(255,255,255,1);\"><h2 class=\"entry-title fusion-post-title\"><a href=\"https:\/\/enapol.com\/vi\/pt\/portfolio-items\/falar-com-o-corpo-sem-saber\/?portfolioCats=52\">Falar com o corpo, sem saber<\/a><\/h2><div class=\"fusion-content-sep sep-none\" style=\"border-color:#ebeaea;\"><\/div><div class=\"fusion-post-content\"><p><strong>Miquel Bassols<\/strong>\r\nVicepresidente AMP<\/p><\/div><\/div><\/div><\/article><article id=\"portfolio-1-post-342\" class=\"fusion-portfolio-post presentacion-pt fusion-col-spacing post-342\"><div class=\"fusion-portfolio-content-wrapper\" style=\"border:none;background-color:rgba(255,255,255,1);\"><span class=\"vcard rich-snippet-hidden\"><span class=\"fn\"><a href=\"https:\/\/enapol.com\/vi\/author\/gonzalozabala\/\" title=\"Entradas de gonzalozabala\" rel=\"author\">gonzalozabala<\/a><\/span><\/span><span class=\"updated rich-snippet-hidden\">2021-08-15T03:18:54-03:00<\/span><div  class=\"fusion-image-wrapper fusion-image-size-fixed\" aria-haspopup=\"true\">\n\t\t\t\t<img decoding=\"async\" width=\"300\" height=\"200\" src=\"https:\/\/enapol.com\/vi\/wp-content\/uploads\/sites\/8\/2021\/08\/Ricardo-Seldes.jpg\" class=\"attachment-portfolio-three size-portfolio-three wp-post-image\" alt=\"\" srcset=\"https:\/\/enapol.com\/vi\/wp-content\/uploads\/sites\/8\/2021\/08\/Ricardo-Seldes-200x133.jpg 200w, https:\/\/enapol.com\/vi\/wp-content\/uploads\/sites\/8\/2021\/08\/Ricardo-Seldes.jpg 300w\" sizes=\"(max-width: 300px) 100vw, 300px\" \/><div class=\"fusion-rollover\">\n\t<div class=\"fusion-rollover-content\">\n\n\t\t\t\t\t\t\t\t\t\t\t\t\t\t<a class=\"fusion-rollover-link\" href=\"https:\/\/enapol.com\/vi\/pt\/portfolio-items\/apresentar-o-corpo\/?portfolioCats=52\">Apresentar o corpo<\/a>\n\t\t\t\n\t\t\t\t\t\t\t\t\n\t\t\n\t\t\t\t\t\t\t\t\n\t\t\t\t\t\t\t\t\n\t\t\n\t\t\t\t\t\t<a class=\"fusion-link-wrapper\" href=\"https:\/\/enapol.com\/vi\/pt\/portfolio-items\/apresentar-o-corpo\/?portfolioCats=52\" aria-label=\"Apresentar o corpo\"><\/a>\n\t<\/div>\n<\/div>\n<\/div>\n<div class=\"fusion-portfolio-content\" style=\"background-color:rgba(255,255,255,1);\"><h2 class=\"entry-title fusion-post-title\"><a href=\"https:\/\/enapol.com\/vi\/pt\/portfolio-items\/apresentar-o-corpo\/?portfolioCats=52\">Apresentar o corpo<\/a><\/h2><div class=\"fusion-content-sep sep-none\" style=\"border-color:#ebeaea;\"><\/div><div class=\"fusion-post-content\"><p>  Ricardo Seldes  Presidente do VI ENAPOL <\/p><\/div><\/div><\/div><\/article><article id=\"portfolio-1-post-348\" class=\"fusion-portfolio-post presentacion-pt fusion-col-spacing post-348\"><div class=\"fusion-portfolio-content-wrapper\" style=\"border:none;background-color:rgba(255,255,255,1);\"><span class=\"vcard rich-snippet-hidden\"><span class=\"fn\"><a href=\"https:\/\/enapol.com\/vi\/author\/gonzalozabala\/\" title=\"Entradas de gonzalozabala\" rel=\"author\">gonzalozabala<\/a><\/span><\/span><span class=\"updated rich-snippet-hidden\">2021-08-15T03:25:12-03:00<\/span><div  class=\"fusion-image-wrapper fusion-image-size-fixed\" aria-haspopup=\"true\">\n\t\t\t\t<img decoding=\"async\" width=\"300\" height=\"200\" src=\"https:\/\/enapol.com\/vi\/wp-content\/uploads\/sites\/8\/2021\/08\/Sergio-Laia.jpg\" class=\"attachment-portfolio-three size-portfolio-three wp-post-image\" alt=\"\" srcset=\"https:\/\/enapol.com\/vi\/wp-content\/uploads\/sites\/8\/2021\/08\/Sergio-Laia-200x133.jpg 200w, https:\/\/enapol.com\/vi\/wp-content\/uploads\/sites\/8\/2021\/08\/Sergio-Laia.jpg 300w\" sizes=\"(max-width: 300px) 100vw, 300px\" \/><div class=\"fusion-rollover\">\n\t<div class=\"fusion-rollover-content\">\n\n\t\t\t\t\t\t\t\t\t\t\t\t\t\t<a class=\"fusion-rollover-link\" href=\"https:\/\/enapol.com\/vi\/pt\/portfolio-items\/falar-com-o-corpo-um-soliloquio-e-a-experiencia-analitica\/?portfolioCats=52\">Falar com o corpo, um solil\u00f3quio e a experi\u00eancia anal\u00edtica<\/a>\n\t\t\t\n\t\t\t\t\t\t\t\t\n\t\t\n\t\t\t\t\t\t\t\t\n\t\t\t\t\t\t\t\t\n\t\t\n\t\t\t\t\t\t<a class=\"fusion-link-wrapper\" href=\"https:\/\/enapol.com\/vi\/pt\/portfolio-items\/falar-com-o-corpo-um-soliloquio-e-a-experiencia-analitica\/?portfolioCats=52\" aria-label=\"Falar com o corpo, um solil\u00f3quio e a experi\u00eancia anal\u00edtica\"><\/a>\n\t<\/div>\n<\/div>\n<\/div>\n<div class=\"fusion-portfolio-content\" style=\"background-color:rgba(255,255,255,1);\"><h2 class=\"entry-title fusion-post-title\"><a href=\"https:\/\/enapol.com\/vi\/pt\/portfolio-items\/falar-com-o-corpo-um-soliloquio-e-a-experiencia-analitica\/?portfolioCats=52\">Falar com o corpo, um solil\u00f3quio e a experi\u00eancia anal\u00edtica<\/a><\/h2><div class=\"fusion-content-sep sep-none\" style=\"border-color:#ebeaea;\"><\/div><div class=\"fusion-post-content\"><p><strong>S\u00e9rgio Laia<\/strong><br>\r\nDiretor Executivo ENAPOL<\/p><\/div><\/div><\/div><\/article><article id=\"portfolio-1-post-354\" class=\"fusion-portfolio-post presentacion-pt fusion-col-spacing post-354\"><div class=\"fusion-portfolio-content-wrapper\" style=\"border:none;background-color:rgba(255,255,255,1);\"><span class=\"vcard rich-snippet-hidden\"><span class=\"fn\"><a href=\"https:\/\/enapol.com\/vi\/author\/gonzalozabala\/\" title=\"Entradas de gonzalozabala\" rel=\"author\">gonzalozabala<\/a><\/span><\/span><span class=\"updated rich-snippet-hidden\">2021-08-15T03:31:53-03:00<\/span><div  class=\"fusion-image-wrapper fusion-image-size-fixed\" aria-haspopup=\"true\">\n\t\t\t\t<img decoding=\"async\" width=\"300\" height=\"200\" src=\"https:\/\/enapol.com\/vi\/wp-content\/uploads\/sites\/8\/2021\/08\/Patricio-Alvarez.jpg\" class=\"attachment-portfolio-three size-portfolio-three wp-post-image\" alt=\"\" srcset=\"https:\/\/enapol.com\/vi\/wp-content\/uploads\/sites\/8\/2021\/08\/Patricio-Alvarez-200x133.jpg 200w, https:\/\/enapol.com\/vi\/wp-content\/uploads\/sites\/8\/2021\/08\/Patricio-Alvarez.jpg 300w\" sizes=\"(max-width: 300px) 100vw, 300px\" \/><div class=\"fusion-rollover\">\n\t<div class=\"fusion-rollover-content\">\n\n\t\t\t\t\t\t\t\t\t\t\t\t\t\t<a class=\"fusion-rollover-link\" href=\"https:\/\/enapol.com\/vi\/pt\/portfolio-items\/falar-com-qual-corpo\/?portfolioCats=52\">Falar com qual corpo?<\/a>\n\t\t\t\n\t\t\t\t\t\t\t\t\n\t\t\n\t\t\t\t\t\t\t\t\n\t\t\t\t\t\t\t\t\n\t\t\n\t\t\t\t\t\t<a class=\"fusion-link-wrapper\" href=\"https:\/\/enapol.com\/vi\/pt\/portfolio-items\/falar-com-qual-corpo\/?portfolioCats=52\" aria-label=\"Falar com qual corpo?\"><\/a>\n\t<\/div>\n<\/div>\n<\/div>\n<div class=\"fusion-portfolio-content\" style=\"background-color:rgba(255,255,255,1);\"><h2 class=\"entry-title fusion-post-title\"><a href=\"https:\/\/enapol.com\/vi\/pt\/portfolio-items\/falar-com-qual-corpo\/?portfolioCats=52\">Falar com qual corpo?<\/a><\/h2><div class=\"fusion-content-sep sep-none\" style=\"border-color:#ebeaea;\"><\/div><div class=\"fusion-post-content\"><p><strong>Patricio Alvarez<\/strong><br>\r\nDiretor do VI ENAPOL<\/p><\/div><\/div><\/div><\/article><article id=\"portfolio-1-post-360\" class=\"fusion-portfolio-post presentacion-pt fusion-col-spacing post-360\"><div class=\"fusion-portfolio-content-wrapper\" style=\"border:none;background-color:rgba(255,255,255,1);\"><span class=\"vcard rich-snippet-hidden\"><span class=\"fn\"><a href=\"https:\/\/enapol.com\/vi\/author\/gonzalozabala\/\" title=\"Entradas de gonzalozabala\" rel=\"author\">gonzalozabala<\/a><\/span><\/span><span class=\"updated rich-snippet-hidden\">2021-08-15T03:33:53-03:00<\/span><div  class=\"fusion-image-wrapper fusion-image-size-fixed\" aria-haspopup=\"true\">\n\t\t\t\t<img decoding=\"async\" width=\"300\" height=\"200\" src=\"https:\/\/enapol.com\/vi\/wp-content\/uploads\/sites\/8\/2021\/08\/Piedad-Ortega-de-Spurrier.jpg\" class=\"attachment-portfolio-three size-portfolio-three wp-post-image\" alt=\"\" srcset=\"https:\/\/enapol.com\/vi\/wp-content\/uploads\/sites\/8\/2021\/08\/Piedad-Ortega-de-Spurrier-200x133.jpg 200w, https:\/\/enapol.com\/vi\/wp-content\/uploads\/sites\/8\/2021\/08\/Piedad-Ortega-de-Spurrier.jpg 300w\" sizes=\"(max-width: 300px) 100vw, 300px\" \/><div class=\"fusion-rollover\">\n\t<div class=\"fusion-rollover-content\">\n\n\t\t\t\t\t\t\t\t\t\t\t\t\t\t<a class=\"fusion-rollover-link\" href=\"https:\/\/enapol.com\/vi\/pt\/portfolio-items\/o-corpo-entre-a-certeza-do-gozo-e-as-servidoes-da-epoca\/?portfolioCats=52\">O corpo entre a certeza do gozo e as servid\u00f5es da \u00e9poca<\/a>\n\t\t\t\n\t\t\t\t\t\t\t\t\n\t\t\n\t\t\t\t\t\t\t\t\n\t\t\t\t\t\t\t\t\n\t\t\n\t\t\t\t\t\t<a class=\"fusion-link-wrapper\" href=\"https:\/\/enapol.com\/vi\/pt\/portfolio-items\/o-corpo-entre-a-certeza-do-gozo-e-as-servidoes-da-epoca\/?portfolioCats=52\" aria-label=\"O corpo entre a certeza do gozo e as servid\u00f5es da \u00e9poca\"><\/a>\n\t<\/div>\n<\/div>\n<\/div>\n<div class=\"fusion-portfolio-content\" style=\"background-color:rgba(255,255,255,1);\"><h2 class=\"entry-title fusion-post-title\"><a href=\"https:\/\/enapol.com\/vi\/pt\/portfolio-items\/o-corpo-entre-a-certeza-do-gozo-e-as-servidoes-da-epoca\/?portfolioCats=52\">O corpo entre a certeza do gozo e as servid\u00f5es da \u00e9poca<\/a><\/h2><div class=\"fusion-content-sep sep-none\" style=\"border-color:#ebeaea;\"><\/div><div class=\"fusion-post-content\"><p><strong>Piedad Ortega de Spurrier<\/strong><br>\r\nDiretora Executiva do VI ENAPOL (NEL)<\/p><\/div><\/div><\/div><\/article><\/div><\/div><\/div><\/div><\/div><\/div><\/p>\n","protected":false},"excerpt":{"rendered":"","protected":false},"author":1,"featured_media":0,"parent":0,"menu_order":3,"comment_status":"closed","ping_status":"closed","template":"","meta":{"_monsterinsights_skip_tracking":false,"_monsterinsights_sitenote_active":false,"_monsterinsights_sitenote_note":"","_monsterinsights_sitenote_category":0,"footnotes":""},"_links":{"self":[{"href":"https:\/\/enapol.com\/vi\/wp-json\/wp\/v2\/pages\/45"}],"collection":[{"href":"https:\/\/enapol.com\/vi\/wp-json\/wp\/v2\/pages"}],"about":[{"href":"https:\/\/enapol.com\/vi\/wp-json\/wp\/v2\/types\/page"}],"author":[{"embeddable":true,"href":"https:\/\/enapol.com\/vi\/wp-json\/wp\/v2\/users\/1"}],"replies":[{"embeddable":true,"href":"https:\/\/enapol.com\/vi\/wp-json\/wp\/v2\/comments?post=45"}],"version-history":[{"count":4,"href":"https:\/\/enapol.com\/vi\/wp-json\/wp\/v2\/pages\/45\/revisions"}],"predecessor-version":[{"id":943,"href":"https:\/\/enapol.com\/vi\/wp-json\/wp\/v2\/pages\/45\/revisions\/943"}],"wp:attachment":[{"href":"https:\/\/enapol.com\/vi\/wp-json\/wp\/v2\/media?parent=45"}],"curies":[{"name":"wp","href":"https:\/\/api.w.org\/{rel}","templated":true}]}}