{"id":96,"date":"2021-08-12T23:57:47","date_gmt":"2021-08-13T02:57:47","guid":{"rendered":"http:\/\/x-enapol.org\/vi\/?page_id=96"},"modified":"2021-08-19T01:20:41","modified_gmt":"2021-08-19T04:20:41","slug":"conversaciones","status":"publish","type":"page","link":"https:\/\/enapol.com\/vi\/conversaciones\/","title":{"rendered":"CONVERSACIONES"},"content":{"rendered":"<div class=\"fusion-fullwidth fullwidth-box fusion-builder-row-1 fusion-flex-container nonhundred-percent-fullwidth non-hundred-percent-height-scrolling\" style=\"--awb-border-radius-top-left:0px;--awb-border-radius-top-right:0px;--awb-border-radius-bottom-right:0px;--awb-border-radius-bottom-left:0px;--awb-flex-wrap:wrap;\" ><div class=\"fusion-builder-row fusion-row fusion-flex-align-items-flex-start fusion-flex-content-wrap\" style=\"max-width:1352px;margin-left: calc(-4% \/ 2 );margin-right: calc(-4% \/ 2 );\"><div class=\"fusion-layout-column fusion_builder_column fusion-builder-column-0 fusion_builder_column_1_1 1_1 fusion-flex-column\" style=\"--awb-bg-size:cover;--awb-width-large:100%;--awb-margin-top-large:0px;--awb-spacing-right-large:1.92%;--awb-margin-bottom-large:20px;--awb-spacing-left-large:1.92%;--awb-width-medium:100%;--awb-order-medium:0;--awb-spacing-right-medium:1.92%;--awb-spacing-left-medium:1.92%;--awb-width-small:100%;--awb-order-small:0;--awb-spacing-right-small:1.92%;--awb-spacing-left-small:1.92%;\"><div class=\"fusion-column-wrapper fusion-column-has-shadow fusion-flex-justify-content-flex-start fusion-content-layout-column\"><div class=\"fusion-text fusion-text-1\"><p style=\"text-align: justify;\">La Conversaci\u00f3n es una actividad programada para la ma\u00f1ana del s\u00e1bado 23 de noviembre.<\/p>\n<p style=\"text-align: justify;\">Se tratar\u00e1 de 14 conversaciones simult\u00e1neas, repartidas en dos bandas horarias de una hora y 45 minutos cada una.<\/p>\n<p style=\"text-align: justify;\">La Direcci\u00f3n Ejecutiva ha propuesto 14 miembros de cada Escuela para dirigir un trabajo de investigaci\u00f3n durante el a\u00f1o 2013, sobre un tema extra\u00eddo de los ejes y sub-ejes del VI ENAPOL.<\/p>\n<p style=\"text-align: justify;\">Cada Conversaci\u00f3n estar\u00e1 compuesta por un integrante de la EOL, uno de la EBP y uno de la NEL, que han estado en interlocuci\u00f3n durante este a\u00f1o.<\/p>\n<p style=\"text-align: justify;\">Cada uno de ellos a su vez, arm\u00f3 un peque\u00f1o grupo de trabajo de entre 5 a 10 personas, para investigar el tema.<\/p>\n<p style=\"text-align: justify;\">En el ENAPOL se encontrar\u00e1n por primera vez todos, y animar\u00e1n con los resultados de su trabajo la gran Conversaci\u00f3n.<\/p>\n<p style=\"text-align: justify;\">A su vez, dos Presidentes de mesa animar\u00e1n la interlocuci\u00f3n.<\/p>\n<p style=\"text-align: justify;\">Cada uno de los tres Relatores ha escrito el resultado de la investigaci\u00f3n realizada con su grupo.<\/p>\n<\/div><\/div><\/div><\/div><\/div>\n","protected":false},"excerpt":{"rendered":"","protected":false},"author":1,"featured_media":0,"parent":0,"menu_order":5,"comment_status":"closed","ping_status":"closed","template":"","meta":{"_monsterinsights_skip_tracking":false,"_monsterinsights_sitenote_active":false,"_monsterinsights_sitenote_note":"","_monsterinsights_sitenote_category":0,"footnotes":""},"_links":{"self":[{"href":"https:\/\/enapol.com\/vi\/wp-json\/wp\/v2\/pages\/96"}],"collection":[{"href":"https:\/\/enapol.com\/vi\/wp-json\/wp\/v2\/pages"}],"about":[{"href":"https:\/\/enapol.com\/vi\/wp-json\/wp\/v2\/types\/page"}],"author":[{"embeddable":true,"href":"https:\/\/enapol.com\/vi\/wp-json\/wp\/v2\/users\/1"}],"replies":[{"embeddable":true,"href":"https:\/\/enapol.com\/vi\/wp-json\/wp\/v2\/comments?post=96"}],"version-history":[{"count":23,"href":"https:\/\/enapol.com\/vi\/wp-json\/wp\/v2\/pages\/96\/revisions"}],"predecessor-version":[{"id":1306,"href":"https:\/\/enapol.com\/vi\/wp-json\/wp\/v2\/pages\/96\/revisions\/1306"}],"wp:attachment":[{"href":"https:\/\/enapol.com\/vi\/wp-json\/wp\/v2\/media?parent=96"}],"curies":[{"name":"wp","href":"https:\/\/api.w.org\/{rel}","templated":true}]}}