{"id":98,"date":"2021-08-12T23:57:54","date_gmt":"2021-08-13T02:57:54","guid":{"rendered":"http:\/\/x-enapol.org\/vi\/?page_id=98"},"modified":"2021-08-19T01:38:13","modified_gmt":"2021-08-19T04:38:13","slug":"conversacoes","status":"publish","type":"page","link":"https:\/\/enapol.com\/vi\/pt\/conversacoes\/","title":{"rendered":"CONVERSA\u00c7\u00d5ES"},"content":{"rendered":"<div class=\"fusion-fullwidth fullwidth-box fusion-builder-row-1 fusion-flex-container nonhundred-percent-fullwidth non-hundred-percent-height-scrolling\" style=\"--awb-border-radius-top-left:0px;--awb-border-radius-top-right:0px;--awb-border-radius-bottom-right:0px;--awb-border-radius-bottom-left:0px;--awb-flex-wrap:wrap;\" ><div class=\"fusion-builder-row fusion-row fusion-flex-align-items-flex-start fusion-flex-content-wrap\" style=\"max-width:1352px;margin-left: calc(-4% \/ 2 );margin-right: calc(-4% \/ 2 );\"><div class=\"fusion-layout-column fusion_builder_column fusion-builder-column-0 fusion_builder_column_1_1 1_1 fusion-flex-column\" style=\"--awb-bg-size:cover;--awb-width-large:100%;--awb-margin-top-large:0px;--awb-spacing-right-large:1.92%;--awb-margin-bottom-large:20px;--awb-spacing-left-large:1.92%;--awb-width-medium:100%;--awb-order-medium:0;--awb-spacing-right-medium:1.92%;--awb-spacing-left-medium:1.92%;--awb-width-small:100%;--awb-order-small:0;--awb-spacing-right-small:1.92%;--awb-spacing-left-small:1.92%;\"><div class=\"fusion-column-wrapper fusion-column-has-shadow fusion-flex-justify-content-flex-start fusion-content-layout-column\"><div class=\"fusion-text fusion-text-1\"><p style=\"text-align: justify;\">A conversa\u00e7\u00e3o \u00e9 uma atividade marcada para a manh\u00e3 de s\u00e1bado 23 de novembro.<\/p>\n<p style=\"text-align: justify;\">Ser\u00e3o 14 conversas simult\u00e2neas, distribu\u00eddos em dois intervalos de tempo de uma hora e 45 minutos cada uma.<\/p>\n<p style=\"text-align: justify;\">O Diret\u00f3rio Executivo prop\u00f4s 14 membros de cada Escola para realizar um projeto de pesquisa em 2013, sobre um tema desenhado a partir dos eixos e sub-eixos do VI ENAPOL.<\/p>\n<p style=\"text-align: justify;\">Cada conversa\u00e7\u00e3o ser\u00e1 composta por um membro da EOL, um da EBP e um da NEL, que estiveram em interlocu\u00e7\u00e3o durante este ano.<\/p>\n<p style=\"text-align: justify;\">Cada um deles, por sua vez, reuniu um pequeno grupo de trabalho entre 5-10 pessoas , para investigar o problema.<\/p>\n<p style=\"text-align: justify;\">No ENAPOL se reunir\u00e3o pela primeira vez todos, e animar\u00e3o com os resultados de seu trabalho a grande Conversa\u00e7\u00e3o.<\/p>\n<p style=\"text-align: justify;\">Por sua vez, dois presidentes de mesa incentivar\u00e3o o di\u00e1logo.<\/p>\n<p style=\"text-align: justify;\">Cada um dos tr\u00eas relatores escreveu o resultado de pesquisa realizada com o seu grupo.<\/p>\n<\/div><\/div><\/div><\/div><\/div>\n","protected":false},"excerpt":{"rendered":"","protected":false},"author":1,"featured_media":0,"parent":0,"menu_order":5,"comment_status":"closed","ping_status":"closed","template":"","meta":{"_monsterinsights_skip_tracking":false,"_monsterinsights_sitenote_active":false,"_monsterinsights_sitenote_note":"","_monsterinsights_sitenote_category":0,"footnotes":""},"_links":{"self":[{"href":"https:\/\/enapol.com\/vi\/wp-json\/wp\/v2\/pages\/98"}],"collection":[{"href":"https:\/\/enapol.com\/vi\/wp-json\/wp\/v2\/pages"}],"about":[{"href":"https:\/\/enapol.com\/vi\/wp-json\/wp\/v2\/types\/page"}],"author":[{"embeddable":true,"href":"https:\/\/enapol.com\/vi\/wp-json\/wp\/v2\/users\/1"}],"replies":[{"embeddable":true,"href":"https:\/\/enapol.com\/vi\/wp-json\/wp\/v2\/comments?post=98"}],"version-history":[{"count":2,"href":"https:\/\/enapol.com\/vi\/wp-json\/wp\/v2\/pages\/98\/revisions"}],"predecessor-version":[{"id":1307,"href":"https:\/\/enapol.com\/vi\/wp-json\/wp\/v2\/pages\/98\/revisions\/1307"}],"wp:attachment":[{"href":"https:\/\/enapol.com\/vi\/wp-json\/wp\/v2\/media?parent=98"}],"curies":[{"name":"wp","href":"https:\/\/api.w.org\/{rel}","templated":true}]}}