{"id":1353,"date":"2021-09-02T20:54:32","date_gmt":"2021-09-02T23:54:32","guid":{"rendered":"http:\/\/x-enapol.org\/vii\/?page_id=1353"},"modified":"2021-09-03T10:50:56","modified_gmt":"2021-09-03T13:50:56","slug":"nel","status":"publish","type":"page","link":"https:\/\/enapol.com\/vii\/pt\/encontro\/atividades-preparatorias\/nel\/","title":{"rendered":"NEL"},"content":{"rendered":"<div class=\"fusion-fullwidth fullwidth-box fusion-builder-row-1 fusion-flex-container nonhundred-percent-fullwidth non-hundred-percent-height-scrolling\" style=\"--awb-border-radius-top-left:0px;--awb-border-radius-top-right:0px;--awb-border-radius-bottom-right:0px;--awb-border-radius-bottom-left:0px;--awb-flex-wrap:wrap;\" ><div class=\"fusion-builder-row fusion-row fusion-flex-align-items-flex-start fusion-flex-content-wrap\" style=\"max-width:1352px;margin-left: calc(-4% \/ 2 );margin-right: calc(-4% \/ 2 );\"><div class=\"fusion-layout-column fusion_builder_column fusion-builder-column-0 fusion_builder_column_1_1 1_1 fusion-flex-column\" style=\"--awb-bg-size:cover;--awb-width-large:100%;--awb-margin-top-large:0px;--awb-spacing-right-large:1.92%;--awb-margin-bottom-large:20px;--awb-spacing-left-large:1.92%;--awb-width-medium:100%;--awb-order-medium:0;--awb-spacing-right-medium:1.92%;--awb-spacing-left-medium:1.92%;--awb-width-small:100%;--awb-order-small:0;--awb-spacing-right-small:1.92%;--awb-spacing-left-small:1.92%;\"><div class=\"fusion-column-wrapper fusion-column-has-shadow fusion-flex-justify-content-flex-start fusion-content-layout-column\"><div class=\"accordian fusion-accordian\" style=\"--awb-border-size:0px;--awb-icon-size:16px;--awb-content-font-size:15px;--awb-icon-alignment:left;--awb-hover-color:#f9f9f9;--awb-border-color:#cccccc;--awb-background-color:#ffffff;--awb-divider-color:rgba(224,222,222,0);--awb-divider-hover-color:rgba(224,222,222,0);--awb-icon-color:#ffffff;--awb-title-color:#0075a8;--awb-content-color:#222222;--awb-icon-box-color:#333333;--awb-toggle-hover-accent-color:#46b1fd;--awb-title-font-family:&quot;Raleway&quot;;--awb-title-font-weight:600;--awb-title-font-style:normal;--awb-title-line-height:1.5;--awb-content-font-family:&quot;Open Sans&quot;;--awb-content-font-style:normal;--awb-content-font-weight:400;\"><div class=\"panel-group fusion-toggle-icon-boxed\" id=\"accordion-1353-1\"><div class=\"fusion-panel panel-default panel-62d7e1eb9b3a09192 fusion-toggle-no-divider\"><div class=\"panel-heading\"><h4 class=\"panel-title toggle\" id=\"toggle_62d7e1eb9b3a09192\"><a aria-expanded=\"false\" aria-controls=\"62d7e1eb9b3a09192\" role=\"button\" data-toggle=\"collapse\" data-parent=\"#accordion-1353-1\" data-target=\"#62d7e1eb9b3a09192\" href=\"#62d7e1eb9b3a09192\"><span class=\"fusion-toggle-icon-wrapper\" aria-hidden=\"true\"><i class=\"fa-fusion-box active-icon awb-icon-minus\" aria-hidden=\"true\"><\/i><i class=\"fa-fusion-box inactive-icon awb-icon-plus\" aria-hidden=\"true\"><\/i><\/span><span class=\"fusion-toggle-heading\">\u00bfQue anudamientos entre cuerpo, imagen y lenguaje, posibilitan los conceptos de narcisismo y estad\u00edo del espejo?<\/span><\/a><\/h4><\/div><div id=\"62d7e1eb9b3a09192\" class=\"panel-collapse collapse \" aria-labelledby=\"toggle_62d7e1eb9b3a09192\"><div class=\"panel-body toggle-content fusion-clearfix\">\n<p>Presenta \u2013 Graciela Brodsky<\/p>\n<p>\u2013 data \u2013 28 de marzo<\/p>\n<p>\u2013 Bogot\u00e1, Cochabamba<\/p>\n<\/div><\/div><\/div><div class=\"fusion-panel panel-default panel-d5490e01f77a98eed fusion-toggle-no-divider\"><div class=\"panel-heading\"><h4 class=\"panel-title toggle\" id=\"toggle_d5490e01f77a98eed\"><a aria-expanded=\"false\" aria-controls=\"d5490e01f77a98eed\" role=\"button\" data-toggle=\"collapse\" data-parent=\"#accordion-1353-1\" data-target=\"#d5490e01f77a98eed\" href=\"#d5490e01f77a98eed\"><span class=\"fusion-toggle-icon-wrapper\" aria-hidden=\"true\"><i class=\"fa-fusion-box active-icon awb-icon-minus\" aria-hidden=\"true\"><\/i><i class=\"fa-fusion-box inactive-icon awb-icon-plus\" aria-hidden=\"true\"><\/i><\/span><span class=\"fusion-toggle-heading\">\u00bfQue anudamientos entre cuerpo, imagen y lenguaje, possibilita el concepto de fantasma?<\/span><\/a><\/h4><\/div><div id=\"d5490e01f77a98eed\" class=\"panel-collapse collapse \" aria-labelledby=\"toggle_d5490e01f77a98eed\"><div class=\"panel-body toggle-content fusion-clearfix\">\n<p>Presenta \u2013 Juan Fernando P\u00e9rez<\/p>\n<p>\u2013 data \u2013 9 de mayo<\/p>\n<p>\u2013 Miami, Medell\u00edn<\/p>\n<\/div><\/div><\/div><div class=\"fusion-panel panel-default panel-a37776d2f76c5dbbe fusion-toggle-no-divider\"><div class=\"panel-heading\"><h4 class=\"panel-title toggle\" id=\"toggle_a37776d2f76c5dbbe\"><a aria-expanded=\"false\" aria-controls=\"a37776d2f76c5dbbe\" role=\"button\" data-toggle=\"collapse\" data-parent=\"#accordion-1353-1\" data-target=\"#a37776d2f76c5dbbe\" href=\"#a37776d2f76c5dbbe\"><span class=\"fusion-toggle-icon-wrapper\" aria-hidden=\"true\"><i class=\"fa-fusion-box active-icon awb-icon-minus\" aria-hidden=\"true\"><\/i><i class=\"fa-fusion-box inactive-icon awb-icon-plus\" aria-hidden=\"true\"><\/i><\/span><span class=\"fusion-toggle-heading\">\u00bfQue anudamientos entre cuerpo, imagen y lenguaje, posibilita el concepto de imagen reina?<\/span><\/a><\/h4><\/div><div id=\"a37776d2f76c5dbbe\" class=\"panel-collapse collapse \" aria-labelledby=\"toggle_a37776d2f76c5dbbe\"><div class=\"panel-body toggle-content fusion-clearfix\">\n<p>Presenta \u2013 Maria Hortensia C\u00e1rdenas<\/p>\n<p>-data \u2013 11 de julio<\/p>\n<p>\u2013 Guatemala, Maracaibo<\/p>\n<\/div><\/div><\/div><div class=\"fusion-panel panel-default panel-791d49fffc40a6cf0 fusion-toggle-no-divider\"><div class=\"panel-heading\"><h4 class=\"panel-title toggle\" id=\"toggle_791d49fffc40a6cf0\"><a aria-expanded=\"false\" aria-controls=\"791d49fffc40a6cf0\" role=\"button\" data-toggle=\"collapse\" data-parent=\"#accordion-1353-1\" data-target=\"#791d49fffc40a6cf0\" href=\"#791d49fffc40a6cf0\"><span class=\"fusion-toggle-icon-wrapper\" aria-hidden=\"true\"><i class=\"fa-fusion-box active-icon awb-icon-minus\" aria-hidden=\"true\"><\/i><i class=\"fa-fusion-box inactive-icon awb-icon-plus\" aria-hidden=\"true\"><\/i><\/span><span class=\"fusion-toggle-heading\">Anudamientos entre cuerpo, imagen y linguaje durante la adolesc\u00eancia<\/span><\/a><\/h4><\/div><div id=\"791d49fffc40a6cf0\" class=\"panel-collapse collapse \" aria-labelledby=\"toggle_791d49fffc40a6cf0\"><div class=\"panel-body toggle-content fusion-clearfix\">\n<p>Presenta \u2013 Philiph Lacad\u00e9e<\/p>\n<p>\u2013 data \u2013 1 de agosto<\/p>\n<p>\u2013 Lima, Caracas<\/p>\n<\/div><\/div><\/div><div class=\"fusion-panel panel-default panel-13e393c19059cb23a fusion-toggle-no-divider\"><div class=\"panel-heading\"><h4 class=\"panel-title toggle\" id=\"toggle_13e393c19059cb23a\"><a aria-expanded=\"false\" aria-controls=\"13e393c19059cb23a\" role=\"button\" data-toggle=\"collapse\" data-parent=\"#accordion-1353-1\" data-target=\"#13e393c19059cb23a\" href=\"#13e393c19059cb23a\"><span class=\"fusion-toggle-icon-wrapper\" aria-hidden=\"true\"><i class=\"fa-fusion-box active-icon awb-icon-minus\" aria-hidden=\"true\"><\/i><i class=\"fa-fusion-box inactive-icon awb-icon-plus\" aria-hidden=\"true\"><\/i><\/span><span class=\"fusion-toggle-heading\">Carteles tipo flash y ampliados que funcionar\u00e1n entre marzo y agosto<\/span><\/a><\/h4><\/div><div id=\"13e393c19059cb23a\" class=\"panel-collapse collapse \" aria-labelledby=\"toggle_13e393c19059cb23a\"><div class=\"panel-body toggle-content fusion-clearfix\">\n<p><strong>Malestar de la cultura\u00a0\u00a0\u00a0\u00a0\u00a0\u00a0\u00a0\u00a0\u00a0\u00a0\u00a0\u00a0\u00a0\u00a0\u00a0\u00a0\u00a0\u00a0\u00a0\u00a0\u00a0\u00a0\u00a0\u00a0\u00a0\u00a0\u00a0\u00a0\u00a0\u00a0\u00a0\u00a0<\/strong><\/p>\n<p>Gloria Luz Toro (M\u00e1s Uno), Susana Schaer, Patricia Montoya, Marta Ileana Idrovo, Gloria Mar\u00eda Ruiz<\/p>\n<p>________________________________________<\/p>\n<p><strong>Malestar de la Cultura<\/strong><\/p>\n<p>Susana Strozzi (M\u00e1s Uno), Mario Uribe, Isabel Vel\u00e1squez, Hugo Lock, Luis L\u00f3pez<\/p>\n<p>________________________________________<\/p>\n<p><strong>Malestar de la Cultura<\/strong><\/p>\n<p>Ana Vigano (M\u00e1s Uno), Roberto Galv\u00e1n, Jos\u00e9 Armando Garc\u00eda, Ingrid Pe\u00f1aloza, Ana Surichaqui<\/p>\n<p>________________________________________<\/p>\n<p><strong>Malestar de la cultura<\/strong><\/p>\n<p>Beatriz Garc\u00eda Moreno (M\u00e1s Uno), Constanza Ram\u00edrez, Luz Adriana Mantilla, Vanesa Londo\u00f1o, Germ\u00e1n Carvajal<\/p>\n<p>________________________________________<\/p>\n<p><strong>Nuestro Conceptos Revisitados<\/strong><\/p>\n<p>Aliana Santana (M\u00e1s Uno), Eduardo Barboza, Igor Valderrama, Luis Valladares, Thamer Prieto, Ana Cristina Ram\u00edrez, Liliana Bastidas, Claudia Rodr\u00edguez<\/p>\n<p>________________________________________<\/p>\n<p><strong>Nuestros Conceptos Revisitados<\/strong><\/p>\n<p>Orlando Mej\u00eda (M\u00e1s Uno), Stella Cort\u00e9s, Mar\u00eda del Pilar L\u00f3pez; Florencia Reali, Luisa Fernanda Ca\u00f1as, Beatriz Garc\u00eda<\/p>\n<p>________________________________________<\/p>\n<p><strong>Nuestros Conceptos Revisitados<\/strong><\/p>\n<p>\u00c1ngela Fischer (Mas Uno), Gladys Mart\u00ednez, Eugenia Fl\u00f3rez, Cris Borda, Fernanda G\u00f3mez de la Torre<\/p>\n<p>________________________________________<\/p>\n<p><strong>Hacia una cl\u00ednica nueva<\/strong><\/p>\n<p>Gustavo Zapata (M\u00e1s Uno), Francisco Pisani, Dennis Ram\u00edrez, Roxana Fautfer, Beatriz Escalera, Eliana L\u00f3pez, Rosa Lagos<\/p>\n<p>________________________________________<\/p>\n<p><strong>Hacia una cl\u00ednica nueva<\/strong><\/p>\n<p>Mackling Limache (M\u00e1s Uno), Heidi Gehler, M\u00f3nica Larrahondo, Edna G\u00f3mez, F\u00e9liz Monta\u00f1o, Adriana P\u00e9rez<\/p>\n<p>________________________________________<\/p>\n<p><strong>Hacia una cl\u00ednica nueva<\/strong><\/p>\n<p>Elena Sper (M\u00e1s Uno), Jos\u00e9 Miguel R\u00edos, Carmen Robell\u00f3n, Jos\u00e9 Miguel R\u00edos, Claudia Pe\u00f1aloza, Silvia Macri<\/p>\n<p>________________________________________<\/p>\n<p><strong>Hacia una cl\u00ednica nueva<\/strong><\/p>\n<p>Giancarla Antezala (M\u00e1s Uno), Carolina Vignoli, Evangelina Fuentes, Ang\u00e9lica Ball\u00f3n, Tatiana Lyton, Fernando L Espa\u00f1a, Giorgina izquierdo<\/p>\n<p>________________________________________<\/p>\n<p>Cada sede y delegaci\u00f3n ha construido y planificado diferentes actividades hacia la preparaci\u00f3n del ENAPOL: seminarios locales, conferencias, foros, cine foros, discusi\u00f3n de casos cl\u00ednicos y otras actividades que giran todas en torno al tema del cuerpo y su anudamiento con otros conceptos como imagen y lenguaje.<\/p>\n<p>Las tem\u00e1ticas vienen siendo abordadas principalmente como tema de las Jornadas que se desarrollan en cada localidad.<\/p>\n<\/div><\/div><\/div><\/div><\/div><\/div><\/div><\/div><\/div>\n","protected":false},"excerpt":{"rendered":"","protected":false},"author":1,"featured_media":0,"parent":98,"menu_order":3,"comment_status":"closed","ping_status":"closed","template":"","meta":{"_monsterinsights_skip_tracking":false,"_monsterinsights_sitenote_active":false,"_monsterinsights_sitenote_note":"","_monsterinsights_sitenote_category":0,"footnotes":""},"_links":{"self":[{"href":"https:\/\/enapol.com\/vii\/wp-json\/wp\/v2\/pages\/1353"}],"collection":[{"href":"https:\/\/enapol.com\/vii\/wp-json\/wp\/v2\/pages"}],"about":[{"href":"https:\/\/enapol.com\/vii\/wp-json\/wp\/v2\/types\/page"}],"author":[{"embeddable":true,"href":"https:\/\/enapol.com\/vii\/wp-json\/wp\/v2\/users\/1"}],"replies":[{"embeddable":true,"href":"https:\/\/enapol.com\/vii\/wp-json\/wp\/v2\/comments?post=1353"}],"version-history":[{"count":2,"href":"https:\/\/enapol.com\/vii\/wp-json\/wp\/v2\/pages\/1353\/revisions"}],"predecessor-version":[{"id":1382,"href":"https:\/\/enapol.com\/vii\/wp-json\/wp\/v2\/pages\/1353\/revisions\/1382"}],"up":[{"embeddable":true,"href":"https:\/\/enapol.com\/vii\/wp-json\/wp\/v2\/pages\/98"}],"wp:attachment":[{"href":"https:\/\/enapol.com\/vii\/wp-json\/wp\/v2\/media?parent=1353"}],"curies":[{"name":"wp","href":"https:\/\/api.w.org\/{rel}","templated":true}]}}