{"id":257,"date":"2021-08-29T18:40:23","date_gmt":"2021-08-29T21:40:23","guid":{"rendered":"http:\/\/x-enapol.org\/vii\/?page_id=257"},"modified":"2021-08-29T19:16:52","modified_gmt":"2021-08-29T22:16:52","slug":"comissao-de-pesquisa-bibliografica","status":"publish","type":"page","link":"https:\/\/enapol.com\/vii\/pt\/encontro\/comissao-organizadora\/comissao-de-pesquisa-bibliografica\/","title":{"rendered":"Comiss\u00e3o de Pesquisa Bibliogr\u00e1fica"},"content":{"rendered":"<div class=\"fusion-fullwidth fullwidth-box fusion-builder-row-1 fusion-flex-container nonhundred-percent-fullwidth non-hundred-percent-height-scrolling\" style=\"--awb-border-radius-top-left:0px;--awb-border-radius-top-right:0px;--awb-border-radius-bottom-right:0px;--awb-border-radius-bottom-left:0px;--awb-flex-wrap:wrap;\" ><div class=\"fusion-builder-row fusion-row fusion-flex-align-items-flex-start fusion-flex-content-wrap\" style=\"max-width:1352px;margin-left: calc(-4% \/ 2 );margin-right: calc(-4% \/ 2 );\"><div class=\"fusion-layout-column fusion_builder_column fusion-builder-column-0 fusion_builder_column_1_4 1_4 fusion-flex-column\" style=\"--awb-bg-size:cover;--awb-width-large:25%;--awb-margin-top-large:0px;--awb-spacing-right-large:7.68%;--awb-margin-bottom-large:20px;--awb-spacing-left-large:7.68%;--awb-width-medium:100%;--awb-order-medium:0;--awb-spacing-right-medium:1.92%;--awb-spacing-left-medium:1.92%;--awb-width-small:100%;--awb-order-small:0;--awb-spacing-right-small:1.92%;--awb-spacing-left-small:1.92%;\"><div class=\"fusion-column-wrapper fusion-column-has-shadow fusion-flex-justify-content-flex-start fusion-content-layout-column\"><\/div><\/div><div class=\"fusion-layout-column fusion_builder_column fusion-builder-column-1 fusion_builder_column_1_2 1_2 fusion-flex-column\" style=\"--awb-bg-size:cover;--awb-width-large:50%;--awb-margin-top-large:0px;--awb-spacing-right-large:3.84%;--awb-margin-bottom-large:20px;--awb-spacing-left-large:3.84%;--awb-width-medium:100%;--awb-order-medium:0;--awb-spacing-right-medium:1.92%;--awb-spacing-left-medium:1.92%;--awb-width-small:100%;--awb-order-small:0;--awb-spacing-right-small:1.92%;--awb-spacing-left-small:1.92%;\"><div class=\"fusion-column-wrapper fusion-column-has-shadow fusion-flex-justify-content-flex-start fusion-content-layout-column\"><div class=\"fusion-image-element \" style=\"text-align:center;--awb-caption-title-font-family:var(--h2_typography-font-family);--awb-caption-title-font-weight:var(--h2_typography-font-weight);--awb-caption-title-font-style:var(--h2_typography-font-style);--awb-caption-title-size:var(--h2_typography-font-size);--awb-caption-title-transform:var(--h2_typography-text-transform);--awb-caption-title-line-height:var(--h2_typography-line-height);--awb-caption-title-letter-spacing:var(--h2_typography-letter-spacing);\"><span class=\" fusion-imageframe imageframe-none imageframe-1 hover-type-none\"><a href=\"http:\/\/enapol.com\/vii\/wp-content\/uploads\/sites\/7\/2021\/08\/Painel_bibliografia.jpg\" class=\"fusion-lightbox\" data-rel=\"iLightbox[11d422346ddd91c1fd4]\" data-title=\"Painel_bibliografia\" title=\"Painel_bibliografia\"><img decoding=\"async\" width=\"1510\" height=\"787\" src=\"http:\/\/enapol.com\/vii\/wp-content\/uploads\/sites\/7\/2021\/08\/Painel_bibliografia.jpg\" alt class=\"img-responsive wp-image-243\" srcset=\"https:\/\/enapol.com\/vii\/wp-content\/uploads\/sites\/7\/2021\/08\/Painel_bibliografia-200x104.jpg 200w, https:\/\/enapol.com\/vii\/wp-content\/uploads\/sites\/7\/2021\/08\/Painel_bibliografia-400x208.jpg 400w, https:\/\/enapol.com\/vii\/wp-content\/uploads\/sites\/7\/2021\/08\/Painel_bibliografia-600x313.jpg 600w, https:\/\/enapol.com\/vii\/wp-content\/uploads\/sites\/7\/2021\/08\/Painel_bibliografia-800x417.jpg 800w, https:\/\/enapol.com\/vii\/wp-content\/uploads\/sites\/7\/2021\/08\/Painel_bibliografia-1200x625.jpg 1200w, https:\/\/enapol.com\/vii\/wp-content\/uploads\/sites\/7\/2021\/08\/Painel_bibliografia.jpg 1510w\" sizes=\"(max-width: 1024px) 100vw, (max-width: 640px) 100vw, 800px\" \/><\/a><\/span><\/div><\/div><\/div><div class=\"fusion-layout-column fusion_builder_column fusion-builder-column-2 fusion_builder_column_1_4 1_4 fusion-flex-column\" style=\"--awb-bg-size:cover;--awb-width-large:25%;--awb-margin-top-large:0px;--awb-spacing-right-large:7.68%;--awb-margin-bottom-large:20px;--awb-spacing-left-large:7.68%;--awb-width-medium:100%;--awb-order-medium:0;--awb-spacing-right-medium:1.92%;--awb-spacing-left-medium:1.92%;--awb-width-small:100%;--awb-order-small:0;--awb-spacing-right-small:1.92%;--awb-spacing-left-small:1.92%;\"><div class=\"fusion-column-wrapper fusion-column-has-shadow fusion-flex-justify-content-flex-start fusion-content-layout-column\"><\/div><\/div><div class=\"fusion-layout-column fusion_builder_column fusion-builder-column-3 fusion_builder_column_1_1 1_1 fusion-flex-column\" style=\"--awb-bg-size:cover;--awb-width-large:100%;--awb-margin-top-large:0px;--awb-spacing-right-large:1.92%;--awb-margin-bottom-large:20px;--awb-spacing-left-large:1.92%;--awb-width-medium:100%;--awb-order-medium:0;--awb-spacing-right-medium:1.92%;--awb-spacing-left-medium:1.92%;--awb-width-small:100%;--awb-order-small:0;--awb-spacing-right-small:1.92%;--awb-spacing-left-small:1.92%;\"><div class=\"fusion-column-wrapper fusion-column-has-shadow fusion-flex-justify-content-flex-start fusion-content-layout-column\"><div class=\"fusion-text fusion-text-1\"><p style=\"text-align: justify;\">A comiss\u00e3o de Pesquisa Bibliogr\u00e1fica est\u00e1 a trabalho buscando refer\u00eancias para nosso estudo e produ\u00e7\u00e3o de textos para o VII ENAPOL. Ser\u00e1 uma constru\u00e7\u00e3o progressiva que se estender\u00e1 ao longo dos pr\u00f3ximos meses. Queremos que seja interativa tamb\u00e9m, assim quem tiver sugest\u00f5es pode nos enviar. Est\u00e3o todos convidados a fazer parte da Comiss\u00e3o!<\/p>\n<p><strong>Coordena\u00e7\u00e3o<\/strong>: M\u00f4nica Bueno de Camargo: EBP\/AMP\/SP (<a href=\"mailto:mbcamargo23@gmail.com\">mbcamargo23@gmail.com<\/a>)<\/p>\n<p><strong>Colabora\u00e7\u00e3o<\/strong>: Simone Bianchi RJ<\/p>\n<\/div><div class=\"fusion-title title fusion-title-1 sep-underline sep-solid fusion-title-text fusion-title-size-four\" style=\"--awb-margin-top:20px;\"><h4 class=\"fusion-title-heading title-heading-left fusion-responsive-typography-calculated\" style=\"margin:0;--fontSize:24;line-height:1.5;\">Subcomiss\u00f5es<\/h4><\/div><div class=\"fusion-text fusion-text-2\"><p style=\"text-align: justify;\"><strong>FREUD<\/strong><\/p>\n<ul>\n<li style=\"text-align: justify;\">Ana Paula Lorenzi: SP (coordena\u00e7\u00e3o)<\/li>\n<li style=\"text-align: justify;\">Raquel Amin de Freitas: EBP\/AMP\/RJ<\/li>\n<li style=\"text-align: justify;\">Silvana de Oliveira: SP<\/li>\n<\/ul>\n<p style=\"text-align: justify;\"><strong>LACAN<\/strong><\/p>\n<ul>\n<li style=\"text-align: justify;\">Mirta Zbrun: EBP\/AMP\/RJ (coordena\u00e7\u00e3o)<\/li>\n<li style=\"text-align: justify;\">Anna Carolina Nogueira: RJ<\/li>\n<li style=\"text-align: justify;\">Christiano Mendes de Lima: CLIN-a\/SP<\/li>\n<li style=\"text-align: justify;\">Cristiana Gallo: EBP\/AMP\/SP<\/li>\n<li style=\"text-align: justify;\">Deborah L. Klajnman: RJ<\/li>\n<li style=\"text-align: justify;\">Rosa Maria Rodrigues \u2013 SP<\/li>\n<\/ul>\n<p style=\"text-align: justify;\"><strong>J.-A. MILLER<\/strong><\/p>\n<ul>\n<li style=\"text-align: justify;\">Eliana Figueiredo: CLIN-a\/SP (coordena\u00e7\u00e3o)<\/li>\n<li style=\"text-align: justify;\">Daisy Oliani: SP<\/li>\n<li style=\"text-align: justify;\">Elisangela Miras: SP<\/li>\n<li style=\"text-align: justify;\">Marilice dos Santos Guerra: CLIN-a\/SP<\/li>\n<li style=\"text-align: justify;\">Paula Moreau: Clin-a\/SP<\/li>\n<li style=\"text-align: justify;\">Perp\u00e9tua Medrado Gon\u00e7alves: EBP\/SP<\/li>\n<li style=\"text-align: justify;\">Silvia Jacobo: SP<\/li>\n<\/ul>\n<p><strong>OUTROS AUTORES<\/strong><\/p>\n<ul>\n<li style=\"text-align: justify;\">Laureci Nunes: EBP\/AMP\/ SC (coordena\u00e7\u00e3o)<\/li>\n<li style=\"text-align: justify;\">Jussara Jovita: SC<\/li>\n<li style=\"text-align: justify;\">Silvia Ghizzo: SC<\/li>\n<li style=\"text-align: justify;\">Armi Cardoso: SC<\/li>\n<\/ul>\n<p style=\"text-align: justify;\"><strong>FILOSOFIA E CI\u00caNCIAS SOCIAIS<\/strong><\/p>\n<ul>\n<li style=\"text-align: justify;\">Maria de Lourdes Mattos: CLIN-a\/SP (coordena\u00e7\u00e3o)<\/li>\n<li style=\"text-align: justify;\">Adriana Marques: SP<\/li>\n<li style=\"text-align: justify;\">Eugenio Cervellini: CLIN-a\/SP<\/li>\n<li style=\"text-align: justify;\">Hugo Gonzales: CLIN-a\/SP<\/li>\n<li style=\"text-align: justify;\">Marcelo Ferretti: SP<\/li>\n<li style=\"text-align: justify;\">Mariana Galletti Ferretti: SP<\/li>\n<\/ul>\n<p style=\"text-align: justify;\"><strong>ARTES E CULTURA<\/strong><\/p>\n<ul>\n<li style=\"text-align: justify;\">Marcia Stival Onyszkiewicz: PR (coordena\u00e7\u00e3o)<\/li>\n<li style=\"text-align: justify;\">Fabiola Ramon: CLIN-a\/SP<\/li>\n<li style=\"text-align: justify;\">Fl\u00e1via Cera: SC<\/li>\n<li style=\"text-align: justify;\">Juliana Radaelli: PR<\/li>\n<li style=\"text-align: justify;\">Louise Amaral Lhullier: EBP\/AMP\/SC<\/li>\n<li style=\"text-align: justify;\">Maria F\u00e1tima Gon\u00e7alves Pinheiro: EBP\/AMP\/RJ<\/li>\n<li style=\"text-align: justify;\">Val\u00e9ria Beatriz de Ara\u00fajo: PR<\/li>\n<\/ul>\n<p style=\"text-align: justify;\"><strong>EOL<\/strong><\/p>\n<ul>\n<li style=\"text-align: justify;\">Esteban Klainer: EOL\/AMP (coordena\u00e7\u00e3o)<\/li>\n<li style=\"text-align: justify;\">Eugenia Serrano<\/li>\n<li style=\"text-align: justify;\">Lucas Leserre: EOL\/AMP<\/li>\n<\/ul>\n<p style=\"text-align: justify;\"><strong>NEL<\/strong><\/p>\n<ul>\n<li style=\"text-align: justify;\">Claudia Velasquez: NEL\/AMP (coordena\u00e7\u00e3o)<\/li>\n<li style=\"text-align: justify;\">Gerardo R\u00e9quiz: NEL\/AMP<\/li>\n<li style=\"text-align: justify;\">Gloria Gonz\u00e1lez: NEL\/AMP<\/li>\n<li style=\"text-align: justify;\">Martha Carolina Forero: NEL\/AMP<\/li>\n<\/ul>\n<\/div><\/div><\/div><\/div><\/div>\n","protected":false},"excerpt":{"rendered":"","protected":false},"author":1,"featured_media":0,"parent":90,"menu_order":2,"comment_status":"closed","ping_status":"closed","template":"","meta":{"_monsterinsights_skip_tracking":false,"_monsterinsights_sitenote_active":false,"_monsterinsights_sitenote_note":"","_monsterinsights_sitenote_category":0,"footnotes":""},"_links":{"self":[{"href":"https:\/\/enapol.com\/vii\/wp-json\/wp\/v2\/pages\/257"}],"collection":[{"href":"https:\/\/enapol.com\/vii\/wp-json\/wp\/v2\/pages"}],"about":[{"href":"https:\/\/enapol.com\/vii\/wp-json\/wp\/v2\/types\/page"}],"author":[{"embeddable":true,"href":"https:\/\/enapol.com\/vii\/wp-json\/wp\/v2\/users\/1"}],"replies":[{"embeddable":true,"href":"https:\/\/enapol.com\/vii\/wp-json\/wp\/v2\/comments?post=257"}],"version-history":[{"count":3,"href":"https:\/\/enapol.com\/vii\/wp-json\/wp\/v2\/pages\/257\/revisions"}],"predecessor-version":[{"id":344,"href":"https:\/\/enapol.com\/vii\/wp-json\/wp\/v2\/pages\/257\/revisions\/344"}],"up":[{"embeddable":true,"href":"https:\/\/enapol.com\/vii\/wp-json\/wp\/v2\/pages\/90"}],"wp:attachment":[{"href":"https:\/\/enapol.com\/vii\/wp-json\/wp\/v2\/media?parent=257"}],"curies":[{"name":"wp","href":"https:\/\/api.w.org\/{rel}","templated":true}]}}