{"id":261,"date":"2021-08-29T18:41:22","date_gmt":"2021-08-29T21:41:22","guid":{"rendered":"http:\/\/x-enapol.org\/vii\/?page_id=261"},"modified":"2021-08-29T19:17:30","modified_gmt":"2021-08-29T22:17:30","slug":"comissao-de-midias-digitais","status":"publish","type":"page","link":"https:\/\/enapol.com\/vii\/pt\/encontro\/comissao-organizadora\/comissao-de-midias-digitais\/","title":{"rendered":"Comiss\u00e3o de M\u00eddias Digitais"},"content":{"rendered":"<div class=\"fusion-fullwidth fullwidth-box fusion-builder-row-1 fusion-flex-container nonhundred-percent-fullwidth non-hundred-percent-height-scrolling\" style=\"--awb-border-radius-top-left:0px;--awb-border-radius-top-right:0px;--awb-border-radius-bottom-right:0px;--awb-border-radius-bottom-left:0px;--awb-flex-wrap:wrap;\" ><div class=\"fusion-builder-row fusion-row fusion-flex-align-items-flex-start fusion-flex-content-wrap\" style=\"max-width:1352px;margin-left: calc(-4% \/ 2 );margin-right: calc(-4% \/ 2 );\"><div class=\"fusion-layout-column fusion_builder_column fusion-builder-column-0 fusion_builder_column_1_1 1_1 fusion-flex-column\" style=\"--awb-bg-size:cover;--awb-width-large:100%;--awb-margin-top-large:0px;--awb-spacing-right-large:1.92%;--awb-margin-bottom-large:20px;--awb-spacing-left-large:1.92%;--awb-width-medium:100%;--awb-order-medium:0;--awb-spacing-right-medium:1.92%;--awb-spacing-left-medium:1.92%;--awb-width-small:100%;--awb-order-small:0;--awb-spacing-right-small:1.92%;--awb-spacing-left-small:1.92%;\"><div class=\"fusion-column-wrapper fusion-column-has-shadow fusion-flex-justify-content-flex-start fusion-content-layout-column\"><div class=\"fusion-text fusion-text-1\"><p style=\"text-align: justify;\">As m\u00eddias digitais s\u00e3o a forma mais poderosa de comunica\u00e7\u00e3o j\u00e1 inventada na hist\u00f3ria humana. \u00c0 psican\u00e1lise e aos psicanalistas n\u00e3o \u00e9 dado furtar-se do que ocorre no mundo, o que faz com que usemos as m\u00eddias para divulgar a prepara\u00e7\u00e3o do VII ENAPOL, a acontecer em 2015. Recebemos o apoio das diferentes se\u00e7\u00f5es e delega\u00e7\u00f5es da EBP, al\u00e9m da EOL e da NEL, que nomearam seus representantes para compor a \u201ccomiss\u00e3o de m\u00eddias\u201d.<\/p>\n<p style=\"text-align: right;\"><a href=\"mailto:m_bernadettep@yahoo.com.br\">m_bernadettep@yahoo.com.br<\/a><\/p>\n<ul>\n<li>Ana Stela \u2013 (Bahia)<\/li>\n<li>Bibiana Poggi \u2013 (Pernambuco)<\/li>\n<li>Camila Popadiuk (SP)<\/li>\n<li>Cassandra Dias \u2013 (Para\u00edba)<\/li>\n<li>Carmen Damous \u2013 (Maranh\u00e3o)<\/li>\n<li>Cl\u00e1udia Formiga \u2013 Rio Grande do Norte<\/li>\n<li>Cristiane Barreto \u2013 (Minas Gerais)<\/li>\n<li>Denizye Aleksandra Zacharias \u2013 (Goi\u00e1s\/DF)<\/li>\n<li>Doris Diogo \u2013 (Rio de Janeiro)<\/li>\n<li>Fernanda Azevedo da Silva (SP)<\/li>\n<li>Fl\u00e1via Cera \u2013 (Santa Catarina)<\/li>\n<li>Gabriel Coimbra \u2013 (Esp\u00edrito Santo)<\/li>\n<li>J\u00falia Jones \u2013 Bahia<\/li>\n<li>Katiuscia Kintschey \u2013 (MS\/MT)<\/li>\n<li>Maria Bernadette Soares de Sant\u2019Ana Pitteri \u2013 Coordinaci\u00f3n<\/li>\n<li>Maria Marta Rodrigues \u2013 (S\u00e3o Paulo)<\/li>\n<li>Maria Eug\u00eania Cora \u2013 (EOL)<\/li>\n<li>Renato Andrade<\/li>\n<li>Teresa Pavone \u2013 (Paran\u00e1)<\/li>\n<li>Viviana Berger \u2013 (NEL)<\/li>\n<li>Maria Victoira Clavijo \u2013 NEL<\/li>\n<li>Niraldo Santos \u2013 CLIPP-SP<\/li>\n<li>Priscila Pricheli (SP)<\/li>\n<\/ul>\n<\/div><\/div><\/div><\/div><\/div>\n","protected":false},"excerpt":{"rendered":"","protected":false},"author":1,"featured_media":0,"parent":90,"menu_order":3,"comment_status":"closed","ping_status":"closed","template":"","meta":{"_monsterinsights_skip_tracking":false,"_monsterinsights_sitenote_active":false,"_monsterinsights_sitenote_note":"","_monsterinsights_sitenote_category":0,"footnotes":""},"_links":{"self":[{"href":"https:\/\/enapol.com\/vii\/wp-json\/wp\/v2\/pages\/261"}],"collection":[{"href":"https:\/\/enapol.com\/vii\/wp-json\/wp\/v2\/pages"}],"about":[{"href":"https:\/\/enapol.com\/vii\/wp-json\/wp\/v2\/types\/page"}],"author":[{"embeddable":true,"href":"https:\/\/enapol.com\/vii\/wp-json\/wp\/v2\/users\/1"}],"replies":[{"embeddable":true,"href":"https:\/\/enapol.com\/vii\/wp-json\/wp\/v2\/comments?post=261"}],"version-history":[{"count":3,"href":"https:\/\/enapol.com\/vii\/wp-json\/wp\/v2\/pages\/261\/revisions"}],"predecessor-version":[{"id":345,"href":"https:\/\/enapol.com\/vii\/wp-json\/wp\/v2\/pages\/261\/revisions\/345"}],"up":[{"embeddable":true,"href":"https:\/\/enapol.com\/vii\/wp-json\/wp\/v2\/pages\/90"}],"wp:attachment":[{"href":"https:\/\/enapol.com\/vii\/wp-json\/wp\/v2\/media?parent=261"}],"curies":[{"name":"wp","href":"https:\/\/api.w.org\/{rel}","templated":true}]}}