{"id":263,"date":"2021-08-29T18:41:53","date_gmt":"2021-08-29T21:41:53","guid":{"rendered":"http:\/\/x-enapol.org\/vii\/?page_id=263"},"modified":"2021-08-29T19:05:11","modified_gmt":"2021-08-29T22:05:11","slug":"comision-de-salas-y-sonido","status":"publish","type":"page","link":"https:\/\/enapol.com\/vii\/encuentro\/comision-organizadora\/comision-de-salas-y-sonido\/","title":{"rendered":"Comisi\u00f3n de salas y sonido"},"content":{"rendered":"<div class=\"fusion-fullwidth fullwidth-box fusion-builder-row-1 fusion-flex-container nonhundred-percent-fullwidth non-hundred-percent-height-scrolling\" style=\"--awb-border-radius-top-left:0px;--awb-border-radius-top-right:0px;--awb-border-radius-bottom-right:0px;--awb-border-radius-bottom-left:0px;--awb-flex-wrap:wrap;\" ><div class=\"fusion-builder-row fusion-row fusion-flex-align-items-flex-start fusion-flex-content-wrap\" style=\"max-width:1352px;margin-left: calc(-4% \/ 2 );margin-right: calc(-4% \/ 2 );\"><div class=\"fusion-layout-column fusion_builder_column fusion-builder-column-0 fusion_builder_column_1_4 1_4 fusion-flex-column\" style=\"--awb-bg-size:cover;--awb-width-large:25%;--awb-margin-top-large:0px;--awb-spacing-right-large:7.68%;--awb-margin-bottom-large:20px;--awb-spacing-left-large:7.68%;--awb-width-medium:100%;--awb-order-medium:0;--awb-spacing-right-medium:1.92%;--awb-spacing-left-medium:1.92%;--awb-width-small:100%;--awb-order-small:0;--awb-spacing-right-small:1.92%;--awb-spacing-left-small:1.92%;\"><div class=\"fusion-column-wrapper fusion-column-has-shadow fusion-flex-justify-content-flex-start fusion-content-layout-column\"><\/div><\/div><div class=\"fusion-layout-column fusion_builder_column fusion-builder-column-1 fusion_builder_column_1_2 1_2 fusion-flex-column\" style=\"--awb-bg-size:cover;--awb-width-large:50%;--awb-margin-top-large:0px;--awb-spacing-right-large:3.84%;--awb-margin-bottom-large:20px;--awb-spacing-left-large:3.84%;--awb-width-medium:100%;--awb-order-medium:0;--awb-spacing-right-medium:1.92%;--awb-spacing-left-medium:1.92%;--awb-width-small:100%;--awb-order-small:0;--awb-spacing-right-small:1.92%;--awb-spacing-left-small:1.92%;\"><div class=\"fusion-column-wrapper fusion-column-has-shadow fusion-flex-justify-content-flex-start fusion-content-layout-column\"><div class=\"fusion-image-element \" style=\"text-align:center;--awb-caption-title-font-family:var(--h2_typography-font-family);--awb-caption-title-font-weight:var(--h2_typography-font-weight);--awb-caption-title-font-style:var(--h2_typography-font-style);--awb-caption-title-size:var(--h2_typography-font-size);--awb-caption-title-transform:var(--h2_typography-text-transform);--awb-caption-title-line-height:var(--h2_typography-line-height);--awb-caption-title-letter-spacing:var(--h2_typography-letter-spacing);\"><span class=\" fusion-imageframe imageframe-none imageframe-1 hover-type-none\"><a href=\"http:\/\/enapol.com\/vii\/wp-content\/uploads\/sites\/7\/2021\/08\/Painel-Sala-e-Som.jpg\" class=\"fusion-lightbox\" data-rel=\"iLightbox[c0639cc6be8d4a6007c]\" data-title=\"Painel-Sala-e-Som\" title=\"Painel-Sala-e-Som\"><img decoding=\"async\" width=\"1456\" height=\"623\" src=\"http:\/\/enapol.com\/vii\/wp-content\/uploads\/sites\/7\/2021\/08\/Painel-Sala-e-Som.jpg\" alt class=\"img-responsive wp-image-248\" srcset=\"https:\/\/enapol.com\/vii\/wp-content\/uploads\/sites\/7\/2021\/08\/Painel-Sala-e-Som-200x86.jpg 200w, https:\/\/enapol.com\/vii\/wp-content\/uploads\/sites\/7\/2021\/08\/Painel-Sala-e-Som-400x171.jpg 400w, https:\/\/enapol.com\/vii\/wp-content\/uploads\/sites\/7\/2021\/08\/Painel-Sala-e-Som-600x257.jpg 600w, https:\/\/enapol.com\/vii\/wp-content\/uploads\/sites\/7\/2021\/08\/Painel-Sala-e-Som-800x342.jpg 800w, https:\/\/enapol.com\/vii\/wp-content\/uploads\/sites\/7\/2021\/08\/Painel-Sala-e-Som-1200x513.jpg 1200w, https:\/\/enapol.com\/vii\/wp-content\/uploads\/sites\/7\/2021\/08\/Painel-Sala-e-Som.jpg 1456w\" sizes=\"(max-width: 1024px) 100vw, (max-width: 640px) 100vw, 800px\" \/><\/a><\/span><\/div><\/div><\/div><div class=\"fusion-layout-column fusion_builder_column fusion-builder-column-2 fusion_builder_column_1_4 1_4 fusion-flex-column\" style=\"--awb-bg-size:cover;--awb-width-large:25%;--awb-margin-top-large:0px;--awb-spacing-right-large:7.68%;--awb-margin-bottom-large:20px;--awb-spacing-left-large:7.68%;--awb-width-medium:100%;--awb-order-medium:0;--awb-spacing-right-medium:1.92%;--awb-spacing-left-medium:1.92%;--awb-width-small:100%;--awb-order-small:0;--awb-spacing-right-small:1.92%;--awb-spacing-left-small:1.92%;\"><div class=\"fusion-column-wrapper fusion-column-has-shadow fusion-flex-justify-content-flex-start fusion-content-layout-column\"><\/div><\/div><div class=\"fusion-layout-column fusion_builder_column fusion-builder-column-3 fusion_builder_column_1_1 1_1 fusion-flex-column\" style=\"--awb-bg-size:cover;--awb-width-large:100%;--awb-margin-top-large:0px;--awb-spacing-right-large:1.92%;--awb-margin-bottom-large:20px;--awb-spacing-left-large:1.92%;--awb-width-medium:100%;--awb-order-medium:0;--awb-spacing-right-medium:1.92%;--awb-spacing-left-medium:1.92%;--awb-width-small:100%;--awb-order-small:0;--awb-spacing-right-small:1.92%;--awb-spacing-left-small:1.92%;\"><div class=\"fusion-column-wrapper fusion-column-has-shadow fusion-flex-justify-content-flex-start fusion-content-layout-column\"><div class=\"fusion-text fusion-text-1\"><p style=\"text-align: justify;\">Desde ya, queremos darles la bienvenida e invitarlos al trabajo. Trabajo vivo y animado que comenz\u00f3 a nacer, hace m\u00e1s de un a\u00f1o, pre VII ENAPOL. Tenemos un espacio acogedor y queremos lograr que est\u00e9n muy bien instalados en nuestra casa, San Pablo. El Sheraton San Pablo WTC alojar\u00e1 a nuestros trabajadores decididos por el psicoan\u00e1lisis de la orientaci\u00f3n lacaniana. Ser\u00e1n d\u00edas de intensa producci\u00f3n en plenarias, conversaciones, trabajos en salas simult\u00e1neas y otras invenciones. Vamos a proponer un espacio integrado y confortable, con traducci\u00f3n simult\u00e1nea en las principales actividades. Produciendo textos, discusiones, formando una red bibliogr\u00e1fica, diseminando las redes sociales \u201cEl Imperio de las Im\u00e1genes\u201d. Esperamos a todos ustedes, desde ya, dici\u00e9ndoles a cada uno: la casa es toda suya! A disfrutar!<\/p>\n<p style=\"text-align: right;\"><a href=\"mailto:lepecego@hotmail.com\">lepecego@hotmail.com<\/a><\/p>\n<ul>\n<li>Alessandra Sartorello Pecego \u2013 EBP-SP (coordinaci\u00f3n)<\/li>\n<li>Ana Stela Sande (EBP\/BA)<\/li>\n<li>Andr\u00e9 Antunes da Costa<\/li>\n<li>Bianca Vitullo Bedin<\/li>\n<li>Camila Popadiuk<\/li>\n<li>Cristiana Maria Lopes Chacon Gallo \u2013 EBP-SP<\/li>\n<li>Diva Rubim Parentoni<\/li>\n<li>Eduardo Camargo Bueno<\/li>\n<li>Eliana Machado Figueiredo<\/li>\n<li>Emelice Pereira Prado Bagnola<\/li>\n<li>Emmanuel Nunes de Mello<\/li>\n<li>Fernanda Turbat<\/li>\n<li>Gustavo Menezes (Clin-a\/SP)<\/li>\n<li>Jose Danilo C. Canesin<\/li>\n<li>Jovita Carneiro de Lima<\/li>\n<li>Lilian Belgueiman<\/li>\n<li>Lucila Maiorino Darrigo<\/li>\n<li>Luiz Fernando Carrijo da Cunha- EBP- AMP-SP<\/li>\n<li>Maria C\u00e9lia Reinaldo Kato \u2013 EBP-SP<\/li>\n<li>Maria Marta Ferreira<\/li>\n<li>Marilice dos Santos Guerra<\/li>\n<li>Marilsa Basso (Clin-a SP)<\/li>\n<li>Milena Vicari Crastelo<\/li>\n<li>Mirmila Alves Musse<\/li>\n<li>Paola Alejandra Salinas Martinez Estev\u00e3o \u2013 EBP-SP<\/li>\n<li>Patr\u00edcia Bichara \u2013 EBP-SP<\/li>\n<li>Renata de Carvalho Duarte<\/li>\n<li>Ros\u00e2ngela Aparecida dos Santos<\/li>\n<li>Siglia Cruz de S\u00e1 Le\u00e3o<\/li>\n<li>Silvia Jacobo (Clin-a\/SP)<\/li>\n<li>Silvia Sato \u2013 EBP-SP<\/li>\n<li>Veridiana Maruccio \u2013 EBP-SP<\/li>\n<li>Roxana Vogler \u2013 NR CEREDA\/ Argentina<\/li>\n<li>Maria Eugenia Cora \u2013 NR CEREDA\/ Argentina<\/li>\n<li>Jazmin Torregiani \u2013 TyA\/ Argentina<\/li>\n<\/ul>\n<\/div><\/div><\/div><\/div><\/div>\n","protected":false},"excerpt":{"rendered":"","protected":false},"author":1,"featured_media":0,"parent":88,"menu_order":4,"comment_status":"closed","ping_status":"closed","template":"","meta":{"_monsterinsights_skip_tracking":false,"_monsterinsights_sitenote_active":false,"_monsterinsights_sitenote_note":"","_monsterinsights_sitenote_category":0,"footnotes":""},"_links":{"self":[{"href":"https:\/\/enapol.com\/vii\/wp-json\/wp\/v2\/pages\/263"}],"collection":[{"href":"https:\/\/enapol.com\/vii\/wp-json\/wp\/v2\/pages"}],"about":[{"href":"https:\/\/enapol.com\/vii\/wp-json\/wp\/v2\/types\/page"}],"author":[{"embeddable":true,"href":"https:\/\/enapol.com\/vii\/wp-json\/wp\/v2\/users\/1"}],"replies":[{"embeddable":true,"href":"https:\/\/enapol.com\/vii\/wp-json\/wp\/v2\/comments?post=263"}],"version-history":[{"count":3,"href":"https:\/\/enapol.com\/vii\/wp-json\/wp\/v2\/pages\/263\/revisions"}],"predecessor-version":[{"id":326,"href":"https:\/\/enapol.com\/vii\/wp-json\/wp\/v2\/pages\/263\/revisions\/326"}],"up":[{"embeddable":true,"href":"https:\/\/enapol.com\/vii\/wp-json\/wp\/v2\/pages\/88"}],"wp:attachment":[{"href":"https:\/\/enapol.com\/vii\/wp-json\/wp\/v2\/media?parent=263"}],"curies":[{"name":"wp","href":"https:\/\/api.w.org\/{rel}","templated":true}]}}