{"id":265,"date":"2021-08-29T18:42:08","date_gmt":"2021-08-29T21:42:08","guid":{"rendered":"http:\/\/x-enapol.org\/vii\/?page_id=265"},"modified":"2021-08-29T19:18:04","modified_gmt":"2021-08-29T22:18:04","slug":"comissao-de-salas-e-som","status":"publish","type":"page","link":"https:\/\/enapol.com\/vii\/pt\/encontro\/comissao-organizadora\/comissao-de-salas-e-som\/","title":{"rendered":"Comiss\u00e3o de salas e som"},"content":{"rendered":"<div class=\"fusion-fullwidth fullwidth-box fusion-builder-row-1 fusion-flex-container nonhundred-percent-fullwidth non-hundred-percent-height-scrolling\" style=\"--awb-border-radius-top-left:0px;--awb-border-radius-top-right:0px;--awb-border-radius-bottom-right:0px;--awb-border-radius-bottom-left:0px;--awb-flex-wrap:wrap;\" ><div class=\"fusion-builder-row fusion-row fusion-flex-align-items-flex-start fusion-flex-content-wrap\" style=\"max-width:1352px;margin-left: calc(-4% \/ 2 );margin-right: calc(-4% \/ 2 );\"><div class=\"fusion-layout-column fusion_builder_column fusion-builder-column-0 fusion_builder_column_1_4 1_4 fusion-flex-column\" style=\"--awb-bg-size:cover;--awb-width-large:25%;--awb-margin-top-large:0px;--awb-spacing-right-large:7.68%;--awb-margin-bottom-large:20px;--awb-spacing-left-large:7.68%;--awb-width-medium:100%;--awb-order-medium:0;--awb-spacing-right-medium:1.92%;--awb-spacing-left-medium:1.92%;--awb-width-small:100%;--awb-order-small:0;--awb-spacing-right-small:1.92%;--awb-spacing-left-small:1.92%;\"><div class=\"fusion-column-wrapper fusion-column-has-shadow fusion-flex-justify-content-flex-start fusion-content-layout-column\"><\/div><\/div><div class=\"fusion-layout-column fusion_builder_column fusion-builder-column-1 fusion_builder_column_1_2 1_2 fusion-flex-column\" style=\"--awb-bg-size:cover;--awb-width-large:50%;--awb-margin-top-large:0px;--awb-spacing-right-large:3.84%;--awb-margin-bottom-large:20px;--awb-spacing-left-large:3.84%;--awb-width-medium:100%;--awb-order-medium:0;--awb-spacing-right-medium:1.92%;--awb-spacing-left-medium:1.92%;--awb-width-small:100%;--awb-order-small:0;--awb-spacing-right-small:1.92%;--awb-spacing-left-small:1.92%;\"><div class=\"fusion-column-wrapper fusion-column-has-shadow fusion-flex-justify-content-flex-start fusion-content-layout-column\"><div class=\"fusion-image-element \" style=\"text-align:center;--awb-caption-title-font-family:var(--h2_typography-font-family);--awb-caption-title-font-weight:var(--h2_typography-font-weight);--awb-caption-title-font-style:var(--h2_typography-font-style);--awb-caption-title-size:var(--h2_typography-font-size);--awb-caption-title-transform:var(--h2_typography-text-transform);--awb-caption-title-line-height:var(--h2_typography-line-height);--awb-caption-title-letter-spacing:var(--h2_typography-letter-spacing);\"><span class=\" fusion-imageframe imageframe-none imageframe-1 hover-type-none\"><a href=\"http:\/\/enapol.com\/vii\/wp-content\/uploads\/sites\/7\/2021\/08\/Painel-Sala-e-Som.jpg\" class=\"fusion-lightbox\" data-rel=\"iLightbox[c0639cc6be8d4a6007c]\" data-title=\"Painel-Sala-e-Som\" title=\"Painel-Sala-e-Som\"><img decoding=\"async\" width=\"1456\" height=\"623\" src=\"http:\/\/enapol.com\/vii\/wp-content\/uploads\/sites\/7\/2021\/08\/Painel-Sala-e-Som.jpg\" alt class=\"img-responsive wp-image-248\" srcset=\"https:\/\/enapol.com\/vii\/wp-content\/uploads\/sites\/7\/2021\/08\/Painel-Sala-e-Som-200x86.jpg 200w, https:\/\/enapol.com\/vii\/wp-content\/uploads\/sites\/7\/2021\/08\/Painel-Sala-e-Som-400x171.jpg 400w, https:\/\/enapol.com\/vii\/wp-content\/uploads\/sites\/7\/2021\/08\/Painel-Sala-e-Som-600x257.jpg 600w, https:\/\/enapol.com\/vii\/wp-content\/uploads\/sites\/7\/2021\/08\/Painel-Sala-e-Som-800x342.jpg 800w, https:\/\/enapol.com\/vii\/wp-content\/uploads\/sites\/7\/2021\/08\/Painel-Sala-e-Som-1200x513.jpg 1200w, https:\/\/enapol.com\/vii\/wp-content\/uploads\/sites\/7\/2021\/08\/Painel-Sala-e-Som.jpg 1456w\" sizes=\"(max-width: 1024px) 100vw, (max-width: 640px) 100vw, 800px\" \/><\/a><\/span><\/div><\/div><\/div><div class=\"fusion-layout-column fusion_builder_column fusion-builder-column-2 fusion_builder_column_1_4 1_4 fusion-flex-column\" style=\"--awb-bg-size:cover;--awb-width-large:25%;--awb-margin-top-large:0px;--awb-spacing-right-large:7.68%;--awb-margin-bottom-large:20px;--awb-spacing-left-large:7.68%;--awb-width-medium:100%;--awb-order-medium:0;--awb-spacing-right-medium:1.92%;--awb-spacing-left-medium:1.92%;--awb-width-small:100%;--awb-order-small:0;--awb-spacing-right-small:1.92%;--awb-spacing-left-small:1.92%;\"><div class=\"fusion-column-wrapper fusion-column-has-shadow fusion-flex-justify-content-flex-start fusion-content-layout-column\"><\/div><\/div><div class=\"fusion-layout-column fusion_builder_column fusion-builder-column-3 fusion_builder_column_1_1 1_1 fusion-flex-column\" style=\"--awb-bg-size:cover;--awb-width-large:100%;--awb-margin-top-large:0px;--awb-spacing-right-large:1.92%;--awb-margin-bottom-large:20px;--awb-spacing-left-large:1.92%;--awb-width-medium:100%;--awb-order-medium:0;--awb-spacing-right-medium:1.92%;--awb-spacing-left-medium:1.92%;--awb-width-small:100%;--awb-order-small:0;--awb-spacing-right-small:1.92%;--awb-spacing-left-small:1.92%;\"><div class=\"fusion-column-wrapper fusion-column-has-shadow fusion-flex-justify-content-flex-start fusion-content-layout-column\"><div class=\"fusion-text fusion-text-1\"><p style=\"text-align: justify;\">Desde j\u00e1, queremos dar-lhes as boas vindas e convid\u00e1-los ao trabalho. Trabalho vivo e animado que come\u00e7ou a nascer, h\u00e1 mais de um ano, pr\u00e9 VII ENAPOL. Temos um espa\u00e7o acolhedor, e queremos fazer com que fiquem muito bem instalados em nossa casa \u2013 S\u00e3o Paulo. O Sheraton S\u00e3o Paulo WTC acomodar\u00e1 nossos trabalhadores decididos pela psican\u00e1lise de orienta\u00e7\u00e3o lacaniana. Ser\u00e3o dias de intensa produ\u00e7\u00e3o em plen\u00e1rias, conversa\u00e7\u00f5es, trabalhos em salas simult\u00e2neas e outras inven\u00e7\u00f5es. Vamos propor um espa\u00e7o integrado e confort\u00e1vel, com tradu\u00e7\u00e3o simult\u00e2nea nas principais atividades. Textos sendo produzidos, discuss\u00f5es, rede de bibliografia se formando, redes sociais disseminando \u201cO Imp\u00e9rio das Imagens\u201d. Esperamos todos voc\u00eas e, desde j\u00e1, dizendo a cada um: a casa \u00e9 toda sua! Desfrute!<\/p>\n<p style=\"text-align: right;\"><a href=\"mailto:lepecego@hotmail.com\">lepecego@hotmail.com<\/a><\/p>\n<ul>\n<li>Alessandra Sartorello Pecego \u2013 EBP-SP (coordena\u00e7\u00e3o)<\/li>\n<li>Ana Stela Sande (EBP\/BA)<\/li>\n<li>Andr\u00e9 Antunes da Costa<\/li>\n<li>Bianca Vitullo Bedin<\/li>\n<li>Camila Popadiuk<\/li>\n<li>Cristiana Maria Lopes Chacon Gallo \u2013 EBP-SP<\/li>\n<li>Diva Rubim Parentoni<\/li>\n<li>Eduardo Camargo Bueno<\/li>\n<li>Eliana Machado Figueiredo<\/li>\n<li>Emelice Pereira Prado Bagnola<\/li>\n<li>Emmanuel Nunes de Mello<\/li>\n<li>Fernanda Turbat<\/li>\n<li>Gustavo Menezes (Clin-a\/SP)<\/li>\n<li>Jose Danilo C. Canesin<\/li>\n<li>Jovita Carneiro de Lima<\/li>\n<li>Lilian Belgueiman<\/li>\n<li>Lucila Maiorino Darrigo<\/li>\n<li>Luiz Fernando Carrijo da Cunha- EBP- AMP-SP<\/li>\n<li>Maria C\u00e9lia Reinaldo Kato \u2013 EBP-SP<\/li>\n<li>Maria Marta Ferreira<\/li>\n<li>Marilice dos Santos Guerra<\/li>\n<li>Marilsa Basso (Clin-a SP)<\/li>\n<li>Milena Vicari Crastelo<\/li>\n<li>Mirmila Alves Musse<\/li>\n<li>Paola Alejandra Salinas Martinez Estev\u00e3o \u2013 EBP-SP<\/li>\n<li>Patr\u00edcia Bichara \u2013 EBP-SP<\/li>\n<li>Renata de Carvalho Duarte<\/li>\n<li>Ros\u00e2ngela Aparecida dos Santos<\/li>\n<li>Siglia Cruz de S\u00e1 Le\u00e3o<\/li>\n<li>Silvia Jacobo (Clin-a\/SP)<\/li>\n<li>Silvia Sato \u2013 EBP-SP<\/li>\n<li>Veridiana Maruccio \u2013 EBP-SP<\/li>\n<li>Roxana Vogler \u2013 NR CEREDA\/ Argentina<\/li>\n<li>Maria Eugenia Cora \u2013 NR CEREDA\/ Argentina<\/li>\n<li>Jazmin Torregiani \u2013 TyA\/ Argentina<\/li>\n<\/ul>\n<\/div><\/div><\/div><\/div><\/div>\n","protected":false},"excerpt":{"rendered":"","protected":false},"author":1,"featured_media":0,"parent":90,"menu_order":4,"comment_status":"closed","ping_status":"closed","template":"","meta":{"_monsterinsights_skip_tracking":false,"_monsterinsights_sitenote_active":false,"_monsterinsights_sitenote_note":"","_monsterinsights_sitenote_category":0,"footnotes":""},"_links":{"self":[{"href":"https:\/\/enapol.com\/vii\/wp-json\/wp\/v2\/pages\/265"}],"collection":[{"href":"https:\/\/enapol.com\/vii\/wp-json\/wp\/v2\/pages"}],"about":[{"href":"https:\/\/enapol.com\/vii\/wp-json\/wp\/v2\/types\/page"}],"author":[{"embeddable":true,"href":"https:\/\/enapol.com\/vii\/wp-json\/wp\/v2\/users\/1"}],"replies":[{"embeddable":true,"href":"https:\/\/enapol.com\/vii\/wp-json\/wp\/v2\/comments?post=265"}],"version-history":[{"count":3,"href":"https:\/\/enapol.com\/vii\/wp-json\/wp\/v2\/pages\/265\/revisions"}],"predecessor-version":[{"id":346,"href":"https:\/\/enapol.com\/vii\/wp-json\/wp\/v2\/pages\/265\/revisions\/346"}],"up":[{"embeddable":true,"href":"https:\/\/enapol.com\/vii\/wp-json\/wp\/v2\/pages\/90"}],"wp:attachment":[{"href":"https:\/\/enapol.com\/vii\/wp-json\/wp\/v2\/media?parent=265"}],"curies":[{"name":"wp","href":"https:\/\/api.w.org\/{rel}","templated":true}]}}