{"id":273,"date":"2021-08-29T18:43:46","date_gmt":"2021-08-29T21:43:46","guid":{"rendered":"http:\/\/x-enapol.org\/vii\/?page_id=273"},"modified":"2021-08-29T19:19:20","modified_gmt":"2021-08-29T22:19:20","slug":"comissao-de-tesouraria-secretaria","status":"publish","type":"page","link":"https:\/\/enapol.com\/vii\/pt\/encontro\/comissao-organizadora\/comissao-de-tesouraria-secretaria\/","title":{"rendered":"Comiss\u00e3o de Tesouraria\/Secretaria"},"content":{"rendered":"<div class=\"fusion-fullwidth fullwidth-box fusion-builder-row-1 fusion-flex-container nonhundred-percent-fullwidth non-hundred-percent-height-scrolling\" style=\"--awb-border-radius-top-left:0px;--awb-border-radius-top-right:0px;--awb-border-radius-bottom-right:0px;--awb-border-radius-bottom-left:0px;--awb-flex-wrap:wrap;\" ><div class=\"fusion-builder-row fusion-row fusion-flex-align-items-flex-start fusion-flex-content-wrap\" style=\"max-width:1352px;margin-left: calc(-4% \/ 2 );margin-right: calc(-4% \/ 2 );\"><div class=\"fusion-layout-column fusion_builder_column fusion-builder-column-0 fusion_builder_column_1_1 1_1 fusion-flex-column\" style=\"--awb-bg-size:cover;--awb-width-large:100%;--awb-margin-top-large:0px;--awb-spacing-right-large:1.92%;--awb-margin-bottom-large:20px;--awb-spacing-left-large:1.92%;--awb-width-medium:100%;--awb-order-medium:0;--awb-spacing-right-medium:1.92%;--awb-spacing-left-medium:1.92%;--awb-width-small:100%;--awb-order-small:0;--awb-spacing-right-small:1.92%;--awb-spacing-left-small:1.92%;\"><div class=\"fusion-column-wrapper fusion-column-has-shadow fusion-flex-justify-content-flex-start fusion-content-layout-column\"><div class=\"fusion-text fusion-text-1\"><p style=\"text-align: justify;\">Poder\u00e3o contar conosco para obter as informa\u00e7\u00f5es que necessitarem: 7enapol2015@gmail.com. Cuidaremos do recebimento das inscri\u00e7\u00f5es, pagamentos, arquivos, secretaria e patroc\u00ednio.<\/p>\n<ul>\n<li style=\"text-align: justify;\">Ana Elo\u00e1 Cerqueira (RGN)<\/li>\n<li style=\"text-align: justify;\">Andr\u00e9 Antunes da Costa (Clin-a\/SP)<\/li>\n<li style=\"text-align: justify;\">Carmen Silvia Cervelatti (EBP\/AMP\/SP) \u2013 coordena\u00e7\u00e3o<\/li>\n<li style=\"text-align: justify;\">Daniela de Camargo Barros Affonso (CLIPP\/SP)<\/li>\n<li style=\"text-align: justify;\">Helenice de Castro (EBP\/AMP\/MG)<\/li>\n<li style=\"text-align: justify;\">Iordan Gurgel (EBP\/AMP\/Ba)<\/li>\n<li><span style=\"text-align: justify;\">Jaqueline Moreira Coelho (GO\/DF)<\/span><\/li>\n<li>K\u00e1tia Ribeiro (CLIPP\/SP)<\/li>\n<li>Kelly Trigueiro Flor\u00eancio (Pe)<\/li>\n<li>Luiz Francisco Esp\u00edndola Camargo (EBP\/AMP\/SC)<\/li>\n<li>Leny Mrech -EBP\/AMP\/SP (patroc\u00ednio)<\/li>\n<li>M\u00e1rcia Maria de Campos (MS\/MT)<\/li>\n<li>M\u00e1rcia Stival Onyszkiewicz (Pr)<\/li>\n<li>M\u00e1rcia Zucchi (EBP\/AMP\/RJ)<\/li>\n<li>Maria de Lourdes Arag\u00e3o (Pb)<\/li>\n<li>Milena Crastelo (Clin-a \/SP) (patroc\u00ednio)<\/li>\n<li>M\u00f3nica Febres Cordero (NEL\/AMP)<\/li>\n<li>Ruth Gorenberg (EOL\/AMP\/BsAs)<\/li>\n<li>Tania Martins (EBP\/AMP\/ES)<\/li>\n<\/ul>\n<\/div><\/div><\/div><\/div><\/div>\n","protected":false},"excerpt":{"rendered":"","protected":false},"author":1,"featured_media":0,"parent":90,"menu_order":6,"comment_status":"closed","ping_status":"closed","template":"","meta":{"_monsterinsights_skip_tracking":false,"_monsterinsights_sitenote_active":false,"_monsterinsights_sitenote_note":"","_monsterinsights_sitenote_category":0,"footnotes":""},"_links":{"self":[{"href":"https:\/\/enapol.com\/vii\/wp-json\/wp\/v2\/pages\/273"}],"collection":[{"href":"https:\/\/enapol.com\/vii\/wp-json\/wp\/v2\/pages"}],"about":[{"href":"https:\/\/enapol.com\/vii\/wp-json\/wp\/v2\/types\/page"}],"author":[{"embeddable":true,"href":"https:\/\/enapol.com\/vii\/wp-json\/wp\/v2\/users\/1"}],"replies":[{"embeddable":true,"href":"https:\/\/enapol.com\/vii\/wp-json\/wp\/v2\/comments?post=273"}],"version-history":[{"count":3,"href":"https:\/\/enapol.com\/vii\/wp-json\/wp\/v2\/pages\/273\/revisions"}],"predecessor-version":[{"id":348,"href":"https:\/\/enapol.com\/vii\/wp-json\/wp\/v2\/pages\/273\/revisions\/348"}],"up":[{"embeddable":true,"href":"https:\/\/enapol.com\/vii\/wp-json\/wp\/v2\/pages\/90"}],"wp:attachment":[{"href":"https:\/\/enapol.com\/vii\/wp-json\/wp\/v2\/media?parent=273"}],"curies":[{"name":"wp","href":"https:\/\/api.w.org\/{rel}","templated":true}]}}