{"id":277,"date":"2021-08-29T18:44:27","date_gmt":"2021-08-29T21:44:27","guid":{"rendered":"http:\/\/x-enapol.org\/vii\/?page_id=277"},"modified":"2021-08-29T19:20:00","modified_gmt":"2021-08-29T22:20:00","slug":"comissao-de-traducao","status":"publish","type":"page","link":"https:\/\/enapol.com\/vii\/pt\/encontro\/comissao-organizadora\/comissao-de-traducao\/","title":{"rendered":"Comiss\u00e3o de Tradu\u00e7\u00e3o"},"content":{"rendered":"<div class=\"fusion-fullwidth fullwidth-box fusion-builder-row-1 fusion-flex-container nonhundred-percent-fullwidth non-hundred-percent-height-scrolling\" style=\"--awb-border-radius-top-left:0px;--awb-border-radius-top-right:0px;--awb-border-radius-bottom-right:0px;--awb-border-radius-bottom-left:0px;--awb-flex-wrap:wrap;\" ><div class=\"fusion-builder-row fusion-row fusion-flex-align-items-flex-start fusion-flex-content-wrap\" style=\"max-width:1352px;margin-left: calc(-4% \/ 2 );margin-right: calc(-4% \/ 2 );\"><div class=\"fusion-layout-column fusion_builder_column fusion-builder-column-0 fusion_builder_column_1_1 1_1 fusion-flex-column\" style=\"--awb-bg-size:cover;--awb-width-large:100%;--awb-margin-top-large:0px;--awb-spacing-right-large:1.92%;--awb-margin-bottom-large:20px;--awb-spacing-left-large:1.92%;--awb-width-medium:100%;--awb-order-medium:0;--awb-spacing-right-medium:1.92%;--awb-spacing-left-medium:1.92%;--awb-width-small:100%;--awb-order-small:0;--awb-spacing-right-small:1.92%;--awb-spacing-left-small:1.92%;\"><div class=\"fusion-column-wrapper fusion-column-has-shadow fusion-flex-justify-content-flex-start fusion-content-layout-column\"><div class=\"fusion-text fusion-text-1\"><p style=\"text-align: justify;\">A Comiss\u00e3o tem como objetivo fazer vers\u00f5es do portugu\u00eas para o espanhol e o franc\u00eas, bem como revis\u00e1-las. Tradu\u00e7\u00f5es de textos em espanhol e franc\u00eas para o portugu\u00eas tamb\u00e9m s\u00e3o seu mister. Esses textos ser\u00e3o integrados aos diferentes meios de divulga\u00e7\u00e3o e comunica\u00e7\u00e3o do VII ENAPOL.<\/p>\n<p style=\"text-align: right;\"><a href=\"mailto:diasbatista@uol.com.br\">diasbatista@uol.com.br<\/a><\/p>\n<ul>\n<li>Aliana Santana \u2013 NEL Caracas<\/li>\n<li>Ana Paula Sartori Lorenzi<\/li>\n<li>Antonia Claudete Amaral Livramento Prado \u2013 EBP-SP (adherente)<\/li>\n<li>Blanca Musachi \u2013 EBP-SP<\/li>\n<li>Cristina Maia \u2013 EBP-Delega\u00e7\u00e3o Para\u00edba<\/li>\n<li>Eucy de Mello \u2013 EBP-Bahia<\/li>\n<li>Juan Luis Delmont \u2013 NEL Caracas<\/li>\n<li>Maria Bernadette Soares de Sant\u2019ana Pitteri \u2013 EBP-SP<\/li>\n<li>Maria do Carmo Dias Batista \u2013 EBP-SP (coordinaci\u00f3n general)<\/li>\n<li>Nohem\u00ed Brown \u2013 EBP-Delega\u00e7\u00e3o Paran\u00e1<\/li>\n<li>Oscar Raymundo \u2013 EBP-Santa Catarina<\/li>\n<li>Paola Salinas \u2013 EBP-SP<\/li>\n<li>Pablo Russo \u2013 EOL (coordinaci\u00f3n) [Colaboraci\u00f3n: Cecilia Parrillo, Jos\u00e9 Ioskyn (La Plata) y Mercedes \u00c1vila (La Plata) \/ Asesor\u00eda: Marina Recalde, Alejandra Antu\u00f1a y Flavia Machado Seidinger]<\/li>\n<li>Ruskaya Maia \u2013 EBP-Delega\u00e7\u00e3o Geral Goi\u00e1s\/Distrito Federal<\/li>\n<li>Silvia Emilia Esp\u00f3sito \u2013 EBP-Santa Catarina<\/li>\n<li>Zelma Abdalla Galesi \u2013 EBP-Delega\u00e7\u00e3o Paran\u00e1<\/li>\n<li>Fernanda de Azevedo Turbat \u2013 S\u00e3o Paulo<\/li>\n<li>Ishtar Rinc\u00f3n \u2013 NEL Maracaibo<\/li>\n<li>Pablo Sauce \u2013 EBP\/AMP\/Bahia<\/li>\n<\/ul>\n<\/div><\/div><\/div><\/div><\/div>\n","protected":false},"excerpt":{"rendered":"","protected":false},"author":1,"featured_media":0,"parent":90,"menu_order":7,"comment_status":"closed","ping_status":"closed","template":"","meta":{"_monsterinsights_skip_tracking":false,"_monsterinsights_sitenote_active":false,"_monsterinsights_sitenote_note":"","_monsterinsights_sitenote_category":0,"footnotes":""},"_links":{"self":[{"href":"https:\/\/enapol.com\/vii\/wp-json\/wp\/v2\/pages\/277"}],"collection":[{"href":"https:\/\/enapol.com\/vii\/wp-json\/wp\/v2\/pages"}],"about":[{"href":"https:\/\/enapol.com\/vii\/wp-json\/wp\/v2\/types\/page"}],"author":[{"embeddable":true,"href":"https:\/\/enapol.com\/vii\/wp-json\/wp\/v2\/users\/1"}],"replies":[{"embeddable":true,"href":"https:\/\/enapol.com\/vii\/wp-json\/wp\/v2\/comments?post=277"}],"version-history":[{"count":3,"href":"https:\/\/enapol.com\/vii\/wp-json\/wp\/v2\/pages\/277\/revisions"}],"predecessor-version":[{"id":349,"href":"https:\/\/enapol.com\/vii\/wp-json\/wp\/v2\/pages\/277\/revisions\/349"}],"up":[{"embeddable":true,"href":"https:\/\/enapol.com\/vii\/wp-json\/wp\/v2\/pages\/90"}],"wp:attachment":[{"href":"https:\/\/enapol.com\/vii\/wp-json\/wp\/v2\/media?parent=277"}],"curies":[{"name":"wp","href":"https:\/\/api.w.org\/{rel}","templated":true}]}}