{"id":281,"date":"2021-08-29T18:45:05","date_gmt":"2021-08-29T21:45:05","guid":{"rendered":"http:\/\/x-enapol.org\/vii\/?page_id=281"},"modified":"2021-08-29T19:20:23","modified_gmt":"2021-08-29T22:20:23","slug":"comissao-boletim","status":"publish","type":"page","link":"https:\/\/enapol.com\/vii\/pt\/encontro\/comissao-organizadora\/comissao-boletim\/","title":{"rendered":"Comiss\u00e3o Boletim"},"content":{"rendered":"<div class=\"fusion-fullwidth fullwidth-box fusion-builder-row-1 fusion-flex-container nonhundred-percent-fullwidth non-hundred-percent-height-scrolling\" style=\"--awb-border-radius-top-left:0px;--awb-border-radius-top-right:0px;--awb-border-radius-bottom-right:0px;--awb-border-radius-bottom-left:0px;--awb-flex-wrap:wrap;\" ><div class=\"fusion-builder-row fusion-row fusion-flex-align-items-flex-start fusion-flex-content-wrap\" style=\"max-width:1352px;margin-left: calc(-4% \/ 2 );margin-right: calc(-4% \/ 2 );\"><div class=\"fusion-layout-column fusion_builder_column fusion-builder-column-0 fusion_builder_column_1_1 1_1 fusion-flex-column\" style=\"--awb-bg-size:cover;--awb-width-large:100%;--awb-margin-top-large:0px;--awb-spacing-right-large:1.92%;--awb-margin-bottom-large:20px;--awb-spacing-left-large:1.92%;--awb-width-medium:100%;--awb-order-medium:0;--awb-spacing-right-medium:1.92%;--awb-spacing-left-medium:1.92%;--awb-width-small:100%;--awb-order-small:0;--awb-spacing-right-small:1.92%;--awb-spacing-left-small:1.92%;\"><div class=\"fusion-column-wrapper fusion-column-has-shadow fusion-flex-justify-content-flex-start fusion-content-layout-column\"><div class=\"fusion-text fusion-text-1\"><p style=\"text-align: justify;\">A l\u00f3gica utilizada na constitui\u00e7\u00e3o desta Comiss\u00e3o foi a de escolher colegas da EBP, da EOL e da NEL que, de alguma maneira, estejam comprometidos em tornar p\u00fablico o que pensa o conjunto da AMP-Am\u00e9rica sobre o tema do Imagin\u00e1rio, tal qual ele \u00e9 atualmente, visando preparar esta comunidade e alguns outros para o Encontro de 2015.<\/p>\n<p style=\"text-align: right;\"><a href=\"mailto:sgrostein@uol.com.br\">sgrostein@uol.com.br<\/a><\/p>\n<ul>\n<li style=\"text-align: justify;\">Perpetua Medrado \u2013 EBP-SP (aderente)<\/li>\n<li style=\"text-align: justify;\">Paula Pimenta \u2013 EBP-MG<\/li>\n<li style=\"text-align: justify;\">Ana Tereza Groisman \u2013 EBP-RJ<\/li>\n<li style=\"text-align: justify;\">Marcelo Veras \u2013 EBP-Bahia<\/li>\n<li style=\"text-align: justify;\">Adela Fryd \u2013 EOL<\/li>\n<li style=\"text-align: justify;\">Ernesto Derezensky \u2013 EOL<\/li>\n<li style=\"text-align: justify;\">Marcela Almanza \u2013 NEL<\/li>\n<li style=\"text-align: justify;\">Sandra Arruda Grostein \u2013 EBP-SP (coordinaci\u00f3n)<\/li>\n<\/ul>\n<\/div><\/div><\/div><\/div><\/div>\n","protected":false},"excerpt":{"rendered":"","protected":false},"author":1,"featured_media":0,"parent":90,"menu_order":8,"comment_status":"closed","ping_status":"closed","template":"","meta":{"_monsterinsights_skip_tracking":false,"_monsterinsights_sitenote_active":false,"_monsterinsights_sitenote_note":"","_monsterinsights_sitenote_category":0,"footnotes":""},"_links":{"self":[{"href":"https:\/\/enapol.com\/vii\/wp-json\/wp\/v2\/pages\/281"}],"collection":[{"href":"https:\/\/enapol.com\/vii\/wp-json\/wp\/v2\/pages"}],"about":[{"href":"https:\/\/enapol.com\/vii\/wp-json\/wp\/v2\/types\/page"}],"author":[{"embeddable":true,"href":"https:\/\/enapol.com\/vii\/wp-json\/wp\/v2\/users\/1"}],"replies":[{"embeddable":true,"href":"https:\/\/enapol.com\/vii\/wp-json\/wp\/v2\/comments?post=281"}],"version-history":[{"count":3,"href":"https:\/\/enapol.com\/vii\/wp-json\/wp\/v2\/pages\/281\/revisions"}],"predecessor-version":[{"id":350,"href":"https:\/\/enapol.com\/vii\/wp-json\/wp\/v2\/pages\/281\/revisions\/350"}],"up":[{"embeddable":true,"href":"https:\/\/enapol.com\/vii\/wp-json\/wp\/v2\/pages\/90"}],"wp:attachment":[{"href":"https:\/\/enapol.com\/vii\/wp-json\/wp\/v2\/media?parent=281"}],"curies":[{"name":"wp","href":"https:\/\/api.w.org\/{rel}","templated":true}]}}