{"id":285,"date":"2021-08-29T18:45:46","date_gmt":"2021-08-29T21:45:46","guid":{"rendered":"http:\/\/x-enapol.org\/vii\/?page_id=285"},"modified":"2021-08-29T19:20:46","modified_gmt":"2021-08-29T22:20:46","slug":"comissao-de-eventos-satelite","status":"publish","type":"page","link":"https:\/\/enapol.com\/vii\/pt\/encontro\/comissao-organizadora\/comissao-de-eventos-satelite\/","title":{"rendered":"Comiss\u00e3o de Eventos Sat\u00e9lite"},"content":{"rendered":"<div class=\"fusion-fullwidth fullwidth-box fusion-builder-row-1 fusion-flex-container nonhundred-percent-fullwidth non-hundred-percent-height-scrolling\" style=\"--awb-border-radius-top-left:0px;--awb-border-radius-top-right:0px;--awb-border-radius-bottom-right:0px;--awb-border-radius-bottom-left:0px;--awb-flex-wrap:wrap;\" ><div class=\"fusion-builder-row fusion-row fusion-flex-align-items-flex-start fusion-flex-content-wrap\" style=\"max-width:1352px;margin-left: calc(-4% \/ 2 );margin-right: calc(-4% \/ 2 );\"><div class=\"fusion-layout-column fusion_builder_column fusion-builder-column-0 fusion_builder_column_1_1 1_1 fusion-flex-column\" style=\"--awb-bg-size:cover;--awb-width-large:100%;--awb-margin-top-large:0px;--awb-spacing-right-large:1.92%;--awb-margin-bottom-large:20px;--awb-spacing-left-large:1.92%;--awb-width-medium:100%;--awb-order-medium:0;--awb-spacing-right-medium:1.92%;--awb-spacing-left-medium:1.92%;--awb-width-small:100%;--awb-order-small:0;--awb-spacing-right-small:1.92%;--awb-spacing-left-small:1.92%;\"><div class=\"fusion-column-wrapper fusion-column-has-shadow fusion-flex-justify-content-flex-start fusion-content-layout-column\"><div class=\"fusion-text fusion-text-1\"><p style=\"text-align: justify;\">A Comiss\u00e3o de Eventos Sat\u00e9lites tem por fun\u00e7\u00e3o promover as condi\u00e7\u00f5es necess\u00e1rias para que estes eventos transcorram da melhor forma poss\u00edvel. Vale lembrar que um sat\u00e9lite est\u00e1 intimamente ligado a um corpo maior e assim os significantes CIEN, NR CEREDA e TyA se articulam ao Campo Freudiano, mas n\u00e3o se configuram como institui\u00e7\u00f5es dentro da institui\u00e7\u00e3o. S\u00e3o significantes sustentados por cada um que est\u00e1 transferencialmente ligado a estas inst\u00e2ncias.<\/p>\n<p style=\"text-align: right;\"><a href=\"mailto:vm.ferranti@gmail.com\">vm.ferranti@gmail.com<\/a><\/p>\n<ul>\n<li>Cristiana Gallo (NR CEREDA\/ EBP\/AMP\/ SP)<\/li>\n<li>Jazmin Torregiani (TyA\/EOL\/AMP\/BsAs)<\/li>\n<li>Maria C\u00e9lia Reinaldo Kato (TyA\/EBP\/AMP\/SP)<\/li>\n<li>Maria Eugenia Cora (NR CEREDA\/EOL\/AMP\/BsAs)<\/li>\n<li>Maria Luiza Ricupero (NRCEREDA\/SP)<\/li>\n<li>Raquel Degenszajn (NRCEREDA\/SP)<\/li>\n<li>Roxana Vogler (NRCEREDA\/BsAs)<\/li>\n<li>Siglia Le\u00e3o (CIEN\/Clin-a\/SP)<\/li>\n<li>Silvia Jacobo (NRCEREDA\/SP)<\/li>\n<li>Val\u00e9ria Ferranti \u2013 NRCEREDA\/EBP\/AMP\/SP (coordinaci\u00f3n)<\/li>\n<\/ul>\n<\/div><\/div><\/div><\/div><\/div>\n","protected":false},"excerpt":{"rendered":"","protected":false},"author":1,"featured_media":0,"parent":90,"menu_order":9,"comment_status":"closed","ping_status":"closed","template":"","meta":{"_monsterinsights_skip_tracking":false,"_monsterinsights_sitenote_active":false,"_monsterinsights_sitenote_note":"","_monsterinsights_sitenote_category":0,"footnotes":""},"_links":{"self":[{"href":"https:\/\/enapol.com\/vii\/wp-json\/wp\/v2\/pages\/285"}],"collection":[{"href":"https:\/\/enapol.com\/vii\/wp-json\/wp\/v2\/pages"}],"about":[{"href":"https:\/\/enapol.com\/vii\/wp-json\/wp\/v2\/types\/page"}],"author":[{"embeddable":true,"href":"https:\/\/enapol.com\/vii\/wp-json\/wp\/v2\/users\/1"}],"replies":[{"embeddable":true,"href":"https:\/\/enapol.com\/vii\/wp-json\/wp\/v2\/comments?post=285"}],"version-history":[{"count":3,"href":"https:\/\/enapol.com\/vii\/wp-json\/wp\/v2\/pages\/285\/revisions"}],"predecessor-version":[{"id":351,"href":"https:\/\/enapol.com\/vii\/wp-json\/wp\/v2\/pages\/285\/revisions\/351"}],"up":[{"embeddable":true,"href":"https:\/\/enapol.com\/vii\/wp-json\/wp\/v2\/pages\/90"}],"wp:attachment":[{"href":"https:\/\/enapol.com\/vii\/wp-json\/wp\/v2\/media?parent=285"}],"curies":[{"name":"wp","href":"https:\/\/api.w.org\/{rel}","templated":true}]}}